{"id":24610,"date":"2021-04-08T17:03:54","date_gmt":"2021-04-08T16:03:54","guid":{"rendered":"https:\/\/aspres-thuir.com\/nos-communes\/"},"modified":"2023-01-05T17:18:47","modified_gmt":"2023-01-05T16:18:47","slug":"municipis","status":"publish","type":"page","link":"https:\/\/aspres-thuir.com\/ca\/municipis\/","title":{"rendered":"Municipis"},"content":{"rendered":"<p>Situades als primers contraforts del Canig\u00f3, aquestes poblacions estan formades per valls cobertes d&#8217;espessos boscos en altitud i menys vegetaci\u00f3 a la plana. Cadascun dels municipis d&#8217;aquesta zona est\u00e0 vinculat per la pres\u00e8ncia d&#8217;una capella o d&#8217;una esgl\u00e9sia carregada d&#8217;hist\u00f2ria. Avui, els Aspres recorren al &#8220;turisme verd&#8221;, el seu aut\u00e8ntic patrimoni, tant cultural com gastron\u00f2mic, est\u00e0 preparat per revelar-vos totes les riqueses del pa\u00eds catal\u00e0.<\/p>\n","protected":false},"excerpt":{"rendered":"<p>Situades als primers contraforts del Canig\u00f3, aquestes poblacions estan formades per valls cobertes d&#8217;espessos boscos en altitud i menys vegetaci\u00f3 a la plana. Cadascun dels municipis d&#8217;aquesta zona est\u00e0 vinculat per la pres\u00e8ncia d&#8217;una capella o d&#8217;una esgl\u00e9sia carregada d&#8217;hist\u00f2ria. Avui, els Aspres recorren al &#8220;turisme verd&#8221;, el seu aut\u00e8ntic patrimoni, tant cultural com gastron\u00f2mic, [&hellip;]<\/p>\n","protected":false},"author":2,"featured_media":30096,"parent":0,"menu_order":0,"comment_status":"closed","ping_status":"closed","template":"","meta":{"_acf_changed":false,"_et_pb_use_builder":"","_et_pb_old_content":"","_et_gb_content_width":"","footnotes":""},"class_list":["post-24610","page","type-page","status-publish","has-post-thumbnail","hentry"],"acf":[],"yoast_head":"<!-- This site is optimized with the Yoast SEO plugin v26.9 - https:\/\/yoast.com\/product\/yoast-seo-wordpress\/ -->\n<title>Municipis - Office de Tourisme Aspres-Thuir<\/title>\n<meta name=\"robots\" content=\"index, follow, max-snippet:-1, max-image-preview:large, max-video-preview:-1\" \/>\n<link rel=\"canonical\" href=\"https:\/\/aspres-thuir.com\/ca\/municipis\/\" \/>\n<meta property=\"og:locale\" content=\"ca_ES\" \/>\n<meta property=\"og:type\" content=\"article\" \/>\n<meta property=\"og:title\" content=\"Municipis - Office de Tourisme Aspres-Thuir\" \/>\n<meta property=\"og:description\" content=\"Situades als primers contraforts del Canig\u00f3, aquestes poblacions estan formades per valls cobertes d&#8217;espessos boscos en altitud i menys vegetaci\u00f3 a la plana. Cadascun dels municipis d&#8217;aquesta zona est\u00e0 vinculat per la pres\u00e8ncia d&#8217;una capella o d&#8217;una esgl\u00e9sia carregada d&#8217;hist\u00f2ria. Avui, els Aspres recorren al &#8220;turisme verd&#8221;, el seu aut\u00e8ntic patrimoni, tant cultural com gastron\u00f2mic, [&hellip;]\" \/>\n<meta property=\"og:site_name\" content=\"Office de Tourisme Aspres-Thuir\" \/>\n<meta property=\"article:modified_time\" content=\"2023-01-05T16:18:47+00:00\" \/>\n<meta property=\"og:image\" content=\"https:\/\/aspres-thuir.com\/wp-content\/uploads\/2022\/02\/Ste-colombe-de-la-commanderie-8-scaled-e1645455085712.jpg\" \/>\n\t<meta property=\"og:image:width\" content=\"2880\" \/>\n\t<meta property=\"og:image:height\" content=\"894\" \/>\n\t<meta property=\"og:image:type\" content=\"image\/jpeg\" \/>\n<meta name=\"twitter:card\" content=\"summary_large_image\" \/>\n<meta name=\"twitter:label1\" content=\"Est. reading time\" \/>\n\t<meta name=\"twitter:data1\" content=\"1 minute\" \/>\n<script type=\"application\/ld+json\" class=\"yoast-schema-graph\">{\"@context\":\"https:\/\/schema.org\",\"@graph\":[{\"@type\":\"WebPage\",\"@id\":\"https:\/\/aspres-thuir.com\/ca\/municipis\/\",\"url\":\"https:\/\/aspres-thuir.com\/ca\/municipis\/\",\"name\":\"Municipis - Office de Tourisme Aspres-Thuir\",\"isPartOf\":{\"@id\":\"https:\/\/aspres-thuir.com\/ca\/#website\"},\"primaryImageOfPage\":{\"@id\":\"https:\/\/aspres-thuir.com\/ca\/municipis\/#primaryimage\"},\"image\":{\"@id\":\"https:\/\/aspres-thuir.com\/ca\/municipis\/#primaryimage\"},\"thumbnailUrl\":\"https:\/\/aspres-thuir.com\/wp-content\/uploads\/2022\/02\/Ste-colombe-de-la-commanderie-8-scaled-e1645455085712.jpg\",\"datePublished\":\"2021-04-08T16:03:54+00:00\",\"dateModified\":\"2023-01-05T16:18:47+00:00\",\"breadcrumb\":{\"@id\":\"https:\/\/aspres-thuir.com\/ca\/municipis\/#breadcrumb\"},\"inLanguage\":\"ca\",\"potentialAction\":[{\"@type\":\"ReadAction\",\"target\":[\"https:\/\/aspres-thuir.com\/ca\/municipis\/\"]}]},{\"@type\":\"ImageObject\",\"inLanguage\":\"ca\",\"@id\":\"https:\/\/aspres-thuir.com\/ca\/municipis\/#primaryimage\",\"url\":\"https:\/\/aspres-thuir.com\/wp-content\/uploads\/2022\/02\/Ste-colombe-de-la-commanderie-8-scaled-e1645455085712.jpg\",\"contentUrl\":\"https:\/\/aspres-thuir.com\/wp-content\/uploads\/2022\/02\/Ste-colombe-de-la-commanderie-8-scaled-e1645455085712.jpg\",\"width\":2880,\"height\":894},{\"@type\":\"BreadcrumbList\",\"@id\":\"https:\/\/aspres-thuir.com\/ca\/municipis\/#breadcrumb\",\"itemListElement\":[{\"@type\":\"ListItem\",\"position\":1,\"name\":\"\",\"item\":\"https:\/\/aspres-thuir.com\/ca\/\"},{\"@type\":\"ListItem\",\"position\":2,\"name\":\"Municipis\"}]},{\"@type\":\"WebSite\",\"@id\":\"https:\/\/aspres-thuir.com\/ca\/#website\",\"url\":\"https:\/\/aspres-thuir.com\/ca\/\",\"name\":\"Office de Tourisme Aspres-Thuir\",\"description\":\"\",\"potentialAction\":[{\"@type\":\"SearchAction\",\"target\":{\"@type\":\"EntryPoint\",\"urlTemplate\":\"https:\/\/aspres-thuir.com\/ca\/?s={search_term_string}\"},\"query-input\":{\"@type\":\"PropertyValueSpecification\",\"valueRequired\":true,\"valueName\":\"search_term_string\"}}],\"inLanguage\":\"ca\"}]}<\/script>\n<!-- \/ Yoast SEO plugin. -->","yoast_head_json":{"title":"Municipis - Office de Tourisme Aspres-Thuir","robots":{"index":"index","follow":"follow","max-snippet":"max-snippet:-1","max-image-preview":"max-image-preview:large","max-video-preview":"max-video-preview:-1"},"canonical":"https:\/\/aspres-thuir.com\/ca\/municipis\/","og_locale":"ca_ES","og_type":"article","og_title":"Municipis - Office de Tourisme Aspres-Thuir","og_description":"Situades als primers contraforts del Canig\u00f3, aquestes poblacions estan formades per valls cobertes d&#8217;espessos boscos en altitud i menys vegetaci\u00f3 a la plana. Cadascun dels municipis d&#8217;aquesta zona est\u00e0 vinculat per la pres\u00e8ncia d&#8217;una capella o d&#8217;una esgl\u00e9sia carregada d&#8217;hist\u00f2ria. Avui, els Aspres recorren al &#8220;turisme verd&#8221;, el seu aut\u00e8ntic patrimoni, tant cultural com gastron\u00f2mic, [&hellip;]","og_site_name":"Office de Tourisme Aspres-Thuir","article_modified_time":"2023-01-05T16:18:47+00:00","og_image":[{"width":2880,"height":894,"url":"https:\/\/aspres-thuir.com\/wp-content\/uploads\/2022\/02\/Ste-colombe-de-la-commanderie-8-scaled-e1645455085712.jpg","type":"image\/jpeg"}],"twitter_card":"summary_large_image","twitter_misc":{"Est. reading time":"1 minute"},"schema":{"@context":"https:\/\/schema.org","@graph":[{"@type":"WebPage","@id":"https:\/\/aspres-thuir.com\/ca\/municipis\/","url":"https:\/\/aspres-thuir.com\/ca\/municipis\/","name":"Municipis - Office de Tourisme Aspres-Thuir","isPartOf":{"@id":"https:\/\/aspres-thuir.com\/ca\/#website"},"primaryImageOfPage":{"@id":"https:\/\/aspres-thuir.com\/ca\/municipis\/#primaryimage"},"image":{"@id":"https:\/\/aspres-thuir.com\/ca\/municipis\/#primaryimage"},"thumbnailUrl":"https:\/\/aspres-thuir.com\/wp-content\/uploads\/2022\/02\/Ste-colombe-de-la-commanderie-8-scaled-e1645455085712.jpg","datePublished":"2021-04-08T16:03:54+00:00","dateModified":"2023-01-05T16:18:47+00:00","breadcrumb":{"@id":"https:\/\/aspres-thuir.com\/ca\/municipis\/#breadcrumb"},"inLanguage":"ca","potentialAction":[{"@type":"ReadAction","target":["https:\/\/aspres-thuir.com\/ca\/municipis\/"]}]},{"@type":"ImageObject","inLanguage":"ca","@id":"https:\/\/aspres-thuir.com\/ca\/municipis\/#primaryimage","url":"https:\/\/aspres-thuir.com\/wp-content\/uploads\/2022\/02\/Ste-colombe-de-la-commanderie-8-scaled-e1645455085712.jpg","contentUrl":"https:\/\/aspres-thuir.com\/wp-content\/uploads\/2022\/02\/Ste-colombe-de-la-commanderie-8-scaled-e1645455085712.jpg","width":2880,"height":894},{"@type":"BreadcrumbList","@id":"https:\/\/aspres-thuir.com\/ca\/municipis\/#breadcrumb","itemListElement":[{"@type":"ListItem","position":1,"name":"","item":"https:\/\/aspres-thuir.com\/ca\/"},{"@type":"ListItem","position":2,"name":"Municipis"}]},{"@type":"WebSite","@id":"https:\/\/aspres-thuir.com\/ca\/#website","url":"https:\/\/aspres-thuir.com\/ca\/","name":"Office de Tourisme Aspres-Thuir","description":"","potentialAction":[{"@type":"SearchAction","target":{"@type":"EntryPoint","urlTemplate":"https:\/\/aspres-thuir.com\/ca\/?s={search_term_string}"},"query-input":{"@type":"PropertyValueSpecification","valueRequired":true,"valueName":"search_term_string"}}],"inLanguage":"ca"}]}},"_links":{"self":[{"href":"https:\/\/aspres-thuir.com\/ca\/wp-json\/wp\/v2\/pages\/24610","targetHints":{"allow":["GET"]}}],"collection":[{"href":"https:\/\/aspres-thuir.com\/ca\/wp-json\/wp\/v2\/pages"}],"about":[{"href":"https:\/\/aspres-thuir.com\/ca\/wp-json\/wp\/v2\/types\/page"}],"author":[{"embeddable":true,"href":"https:\/\/aspres-thuir.com\/ca\/wp-json\/wp\/v2\/users\/2"}],"replies":[{"embeddable":true,"href":"https:\/\/aspres-thuir.com\/ca\/wp-json\/wp\/v2\/comments?post=24610"}],"version-history":[{"count":0,"href":"https:\/\/aspres-thuir.com\/ca\/wp-json\/wp\/v2\/pages\/24610\/revisions"}],"wp:featuredmedia":[{"embeddable":true,"href":"https:\/\/aspres-thuir.com\/ca\/wp-json\/wp\/v2\/media\/30096"}],"wp:attachment":[{"href":"https:\/\/aspres-thuir.com\/ca\/wp-json\/wp\/v2\/media?parent=24610"}],"curies":[{"name":"wp","href":"https:\/\/api.w.org\/{rel}","templated":true}]}}