{"id":24631,"date":"2021-04-08T17:05:31","date_gmt":"2021-04-08T16:05:31","guid":{"rendered":"https:\/\/aspres-thuir.com\/caves-byrrh\/"},"modified":"2024-10-29T09:54:07","modified_gmt":"2024-10-29T08:54:07","slug":"caves-byrrh","status":"publish","type":"page","link":"https:\/\/aspres-thuir.com\/ca\/caves-byrrh\/","title":{"rendered":"Caves Byrrh"},"content":{"rendered":"<p>El 30 de novembre de 2011, el circuit tur\u00edstic dels Caves Byrrh va integrar oficialment el patrimoni de la Comunitat de Comars d&#8217;Aspres, que va dur a terme grans obres per al desenvolupament d&#8217;un nou circuit tur\u00edstic.<\/p>\n<h5>Les Caves Byrrh \u00e0 Tu\u00efr<\/h5>\n<p>Establits a Tu\u00efr des de fa m\u00e9s de cent anys, els Caves Byrrh s\u00f3n el bressol de Byrrh, un elixir inventat pels germans Simon i Pallade Violet el 1866.<\/p>\n<p>La hist\u00f2ria de Byrrh comen\u00e7a com un conte de fades. Els creadors d&#8217;aquesta marca, que s&#8217;ha convertit en un dels negocis m\u00e9s potents del m\u00f3n, van comen\u00e7ar la seva vida com a simples pastors.<br \/>\nProcedents d&#8217;una fam\u00edlia modesta del Vallespir, baixaven a la plana del Rossell\u00f3 per fer un comer\u00e7 itinerant de teixits i merceria.<\/p>\n<p>S&#8217;instal\u00b7len a Tu\u00efr on obren una botiga.<\/p>\n<p>Simon Violet, servit per la seva ci\u00e8ncia del gust i el seu profund coneixement dels vins, desenvolupa la meravellosa f\u00f3rmula de Byrrh, &#8220;vi t\u00f2nic i higi\u00e8nic&#8221;.<\/p>\n<p>La seva notorietat s&#8217;estendr\u00e0 r\u00e0pidament m\u00e9s enll\u00e0 del marc regional i la seva fama ser\u00e0 mundial a la d\u00e8cada de 1930.<\/p>\n<p>Mentre passegeu per aquest innovador recorregut pels Caves Byrrh, us sorprendr\u00e0 en cada moment per :<br \/>\n&#8211; Aquest magn\u00edfic i gegant\u00ed patrimoni industrial,<br \/>\n&#8211; La descoberta del patrimoni cultural que s\u00f3n els cartells de 1903, exposats per primera vegada a Tu\u00efr<br \/>\n&#8211; La hist\u00f2ria de la fam\u00edlia fundadora i de l&#8217;empresa, que s&#8217;explicar\u00e0, a trav\u00e9s de les aparicions en el cam\u00ed, gr\u00e0cies a les noves tecnologies que hi ha, posades al servei del patrimoni.<\/p>\n<p>Testimoni de les ambicions de la fam\u00edlia Violet pel Byrrh, la tina de roure m\u00e9s gran del m\u00f3n, s&#8217;afirmar\u00e0 com una aut\u00e8ntica proesa t\u00e8cnica amb una capacitat d&#8217;un mili\u00f3 dos-cents litres.<\/p>\n","protected":false},"excerpt":{"rendered":"<p>El 30 de novembre de 2011, el circuit tur\u00edstic dels Caves Byrrh va integrar oficialment el patrimoni de la Comunitat de Comars d&#8217;Aspres, que va dur a terme grans obres per al desenvolupament d&#8217;un nou circuit tur\u00edstic. Les Caves Byrrh \u00e0 Tu\u00efr Establits a Tu\u00efr des de fa m\u00e9s de cent anys, els Caves Byrrh [&hellip;]<\/p>\n","protected":false},"author":2,"featured_media":29619,"parent":0,"menu_order":0,"comment_status":"closed","ping_status":"closed","template":"","meta":{"_acf_changed":false,"_et_pb_use_builder":"","_et_pb_old_content":"","_et_gb_content_width":"","footnotes":""},"class_list":["post-24631","page","type-page","status-publish","has-post-thumbnail","hentry"],"acf":[],"yoast_head":"<!-- This site is optimized with the Yoast SEO plugin v26.9 - https:\/\/yoast.com\/product\/yoast-seo-wordpress\/ -->\n<title>Caves Byrrh - Office de Tourisme Aspres-Thuir<\/title>\n<meta name=\"robots\" content=\"index, follow, max-snippet:-1, max-image-preview:large, max-video-preview:-1\" \/>\n<link rel=\"canonical\" href=\"https:\/\/aspres-thuir.com\/ca\/caves-byrrh\/\" \/>\n<meta property=\"og:locale\" content=\"ca_ES\" \/>\n<meta property=\"og:type\" content=\"article\" \/>\n<meta property=\"og:title\" content=\"Caves Byrrh - Office de Tourisme Aspres-Thuir\" \/>\n<meta property=\"og:description\" content=\"El 30 de novembre de 2011, el circuit tur\u00edstic dels Caves Byrrh va integrar oficialment el patrimoni de la Comunitat de Comars d&#8217;Aspres, que va dur a terme grans obres per al desenvolupament d&#8217;un nou circuit tur\u00edstic. Les Caves Byrrh \u00e0 Tu\u00efr Establits a Tu\u00efr des de fa m\u00e9s de cent anys, els Caves Byrrh [&hellip;]\" \/>\n<meta property=\"og:site_name\" content=\"Office de Tourisme Aspres-Thuir\" \/>\n<meta property=\"article:modified_time\" content=\"2024-10-29T08:54:07+00:00\" \/>\n<meta property=\"og:image\" content=\"https:\/\/aspres-thuir.com\/wp-content\/uploads\/2022\/02\/IMG_0508-scaled-e1643993653296.jpg\" \/>\n\t<meta property=\"og:image:width\" content=\"2880\" \/>\n\t<meta property=\"og:image:height\" content=\"1874\" \/>\n\t<meta property=\"og:image:type\" content=\"image\/jpeg\" \/>\n<meta name=\"twitter:card\" content=\"summary_large_image\" \/>\n<meta name=\"twitter:label1\" content=\"Est. reading time\" \/>\n\t<meta name=\"twitter:data1\" content=\"2 minutes\" \/>\n<script type=\"application\/ld+json\" class=\"yoast-schema-graph\">{\"@context\":\"https:\/\/schema.org\",\"@graph\":[{\"@type\":\"WebPage\",\"@id\":\"https:\/\/aspres-thuir.com\/ca\/caves-byrrh\/\",\"url\":\"https:\/\/aspres-thuir.com\/ca\/caves-byrrh\/\",\"name\":\"Caves Byrrh - Office de Tourisme Aspres-Thuir\",\"isPartOf\":{\"@id\":\"https:\/\/aspres-thuir.com\/ca\/#website\"},\"primaryImageOfPage\":{\"@id\":\"https:\/\/aspres-thuir.com\/ca\/caves-byrrh\/#primaryimage\"},\"image\":{\"@id\":\"https:\/\/aspres-thuir.com\/ca\/caves-byrrh\/#primaryimage\"},\"thumbnailUrl\":\"https:\/\/aspres-thuir.com\/wp-content\/uploads\/2022\/02\/IMG_0508-scaled-e1643993653296.jpg\",\"datePublished\":\"2021-04-08T16:05:31+00:00\",\"dateModified\":\"2024-10-29T08:54:07+00:00\",\"breadcrumb\":{\"@id\":\"https:\/\/aspres-thuir.com\/ca\/caves-byrrh\/#breadcrumb\"},\"inLanguage\":\"ca\",\"potentialAction\":[{\"@type\":\"ReadAction\",\"target\":[\"https:\/\/aspres-thuir.com\/ca\/caves-byrrh\/\"]}]},{\"@type\":\"ImageObject\",\"inLanguage\":\"ca\",\"@id\":\"https:\/\/aspres-thuir.com\/ca\/caves-byrrh\/#primaryimage\",\"url\":\"https:\/\/aspres-thuir.com\/wp-content\/uploads\/2022\/02\/IMG_0508-scaled-e1643993653296.jpg\",\"contentUrl\":\"https:\/\/aspres-thuir.com\/wp-content\/uploads\/2022\/02\/IMG_0508-scaled-e1643993653296.jpg\",\"width\":2880,\"height\":1874},{\"@type\":\"BreadcrumbList\",\"@id\":\"https:\/\/aspres-thuir.com\/ca\/caves-byrrh\/#breadcrumb\",\"itemListElement\":[{\"@type\":\"ListItem\",\"position\":1,\"name\":\"\",\"item\":\"https:\/\/aspres-thuir.com\/ca\/\"},{\"@type\":\"ListItem\",\"position\":2,\"name\":\"Caves Byrrh\"}]},{\"@type\":\"WebSite\",\"@id\":\"https:\/\/aspres-thuir.com\/ca\/#website\",\"url\":\"https:\/\/aspres-thuir.com\/ca\/\",\"name\":\"Office de Tourisme Aspres-Thuir\",\"description\":\"\",\"potentialAction\":[{\"@type\":\"SearchAction\",\"target\":{\"@type\":\"EntryPoint\",\"urlTemplate\":\"https:\/\/aspres-thuir.com\/ca\/?s={search_term_string}\"},\"query-input\":{\"@type\":\"PropertyValueSpecification\",\"valueRequired\":true,\"valueName\":\"search_term_string\"}}],\"inLanguage\":\"ca\"}]}<\/script>\n<!-- \/ Yoast SEO plugin. -->","yoast_head_json":{"title":"Caves Byrrh - Office de Tourisme Aspres-Thuir","robots":{"index":"index","follow":"follow","max-snippet":"max-snippet:-1","max-image-preview":"max-image-preview:large","max-video-preview":"max-video-preview:-1"},"canonical":"https:\/\/aspres-thuir.com\/ca\/caves-byrrh\/","og_locale":"ca_ES","og_type":"article","og_title":"Caves Byrrh - Office de Tourisme Aspres-Thuir","og_description":"El 30 de novembre de 2011, el circuit tur\u00edstic dels Caves Byrrh va integrar oficialment el patrimoni de la Comunitat de Comars d&#8217;Aspres, que va dur a terme grans obres per al desenvolupament d&#8217;un nou circuit tur\u00edstic. Les Caves Byrrh \u00e0 Tu\u00efr Establits a Tu\u00efr des de fa m\u00e9s de cent anys, els Caves Byrrh [&hellip;]","og_site_name":"Office de Tourisme Aspres-Thuir","article_modified_time":"2024-10-29T08:54:07+00:00","og_image":[{"width":2880,"height":1874,"url":"https:\/\/aspres-thuir.com\/wp-content\/uploads\/2022\/02\/IMG_0508-scaled-e1643993653296.jpg","type":"image\/jpeg"}],"twitter_card":"summary_large_image","twitter_misc":{"Est. reading time":"2 minutes"},"schema":{"@context":"https:\/\/schema.org","@graph":[{"@type":"WebPage","@id":"https:\/\/aspres-thuir.com\/ca\/caves-byrrh\/","url":"https:\/\/aspres-thuir.com\/ca\/caves-byrrh\/","name":"Caves Byrrh - Office de Tourisme Aspres-Thuir","isPartOf":{"@id":"https:\/\/aspres-thuir.com\/ca\/#website"},"primaryImageOfPage":{"@id":"https:\/\/aspres-thuir.com\/ca\/caves-byrrh\/#primaryimage"},"image":{"@id":"https:\/\/aspres-thuir.com\/ca\/caves-byrrh\/#primaryimage"},"thumbnailUrl":"https:\/\/aspres-thuir.com\/wp-content\/uploads\/2022\/02\/IMG_0508-scaled-e1643993653296.jpg","datePublished":"2021-04-08T16:05:31+00:00","dateModified":"2024-10-29T08:54:07+00:00","breadcrumb":{"@id":"https:\/\/aspres-thuir.com\/ca\/caves-byrrh\/#breadcrumb"},"inLanguage":"ca","potentialAction":[{"@type":"ReadAction","target":["https:\/\/aspres-thuir.com\/ca\/caves-byrrh\/"]}]},{"@type":"ImageObject","inLanguage":"ca","@id":"https:\/\/aspres-thuir.com\/ca\/caves-byrrh\/#primaryimage","url":"https:\/\/aspres-thuir.com\/wp-content\/uploads\/2022\/02\/IMG_0508-scaled-e1643993653296.jpg","contentUrl":"https:\/\/aspres-thuir.com\/wp-content\/uploads\/2022\/02\/IMG_0508-scaled-e1643993653296.jpg","width":2880,"height":1874},{"@type":"BreadcrumbList","@id":"https:\/\/aspres-thuir.com\/ca\/caves-byrrh\/#breadcrumb","itemListElement":[{"@type":"ListItem","position":1,"name":"","item":"https:\/\/aspres-thuir.com\/ca\/"},{"@type":"ListItem","position":2,"name":"Caves Byrrh"}]},{"@type":"WebSite","@id":"https:\/\/aspres-thuir.com\/ca\/#website","url":"https:\/\/aspres-thuir.com\/ca\/","name":"Office de Tourisme Aspres-Thuir","description":"","potentialAction":[{"@type":"SearchAction","target":{"@type":"EntryPoint","urlTemplate":"https:\/\/aspres-thuir.com\/ca\/?s={search_term_string}"},"query-input":{"@type":"PropertyValueSpecification","valueRequired":true,"valueName":"search_term_string"}}],"inLanguage":"ca"}]}},"_links":{"self":[{"href":"https:\/\/aspres-thuir.com\/ca\/wp-json\/wp\/v2\/pages\/24631","targetHints":{"allow":["GET"]}}],"collection":[{"href":"https:\/\/aspres-thuir.com\/ca\/wp-json\/wp\/v2\/pages"}],"about":[{"href":"https:\/\/aspres-thuir.com\/ca\/wp-json\/wp\/v2\/types\/page"}],"author":[{"embeddable":true,"href":"https:\/\/aspres-thuir.com\/ca\/wp-json\/wp\/v2\/users\/2"}],"replies":[{"embeddable":true,"href":"https:\/\/aspres-thuir.com\/ca\/wp-json\/wp\/v2\/comments?post=24631"}],"version-history":[{"count":0,"href":"https:\/\/aspres-thuir.com\/ca\/wp-json\/wp\/v2\/pages\/24631\/revisions"}],"wp:featuredmedia":[{"embeddable":true,"href":"https:\/\/aspres-thuir.com\/ca\/wp-json\/wp\/v2\/media\/29619"}],"wp:attachment":[{"href":"https:\/\/aspres-thuir.com\/ca\/wp-json\/wp\/v2\/media?parent=24631"}],"curies":[{"name":"wp","href":"https:\/\/api.w.org\/{rel}","templated":true}]}}