{"id":24642,"date":"2021-04-08T17:06:19","date_gmt":"2021-04-08T16:06:19","guid":{"rendered":"https:\/\/aspres-thuir.com\/theatre\/"},"modified":"2024-10-29T09:51:07","modified_gmt":"2024-10-29T08:51:07","slug":"teatre","status":"publish","type":"page","link":"https:\/\/aspres-thuir.com\/ca\/teatre\/","title":{"rendered":"Teatre"},"content":{"rendered":"<p>El Th\u00e9\u00e2tre des Aspres, situat al centre de la ciutat davant dels Caves Byrrh, es va inaugurar l&#8217;abril de 2013.<br \/>\nEquipat amb una c\u00f2moda sala de 500 places i un equipament esc\u00e8nic d&#8217;\u00faltima generaci\u00f3, cada temporada cultural acull m\u00e9s d&#8217;una vintena d&#8217;espectacles professionals, gaireb\u00e9 la meitat dels quals es dediquen a la creaci\u00f3 per al p\u00fablic jove. Tamb\u00e9 es posa a disposici\u00f3 de les associacions culturals de Tu\u00efr, que aix\u00ed poden oferir els seus espectacles de final de curs en molt bones condicions t\u00e8cniques.<\/p>\n<p>La programaci\u00f3 del teatre inclou nombroses projeccions per a nens de les escoles Tu\u00efr i Aspres, i la Ligue de l&#8217;Enseignement 66 hi organitza projeccions escolars a nivell departamental.<br \/>\nTamb\u00e9 es lloga el Teatre des Aspres per a reunions o confer\u00e8ncies.<br \/>\nGr\u00e0cies a una pol\u00edtica cultural que permet oferir espectacles d&#8217;alta qualitat art\u00edstica a preus accessibles al m\u00e0xim de p\u00fablic, el Teatre des Aspres s&#8217;ha consolidat al seu territori i ha conquerit un p\u00fablic cada cop m\u00e9s nombr\u00f3s. Presenta aix\u00ed un \u00edndex d&#8217;ocupaci\u00f3 del 91%, amb un 60% de la ciutadania resident a Thuir o Les Aspres.<br \/>\nEl Teatre des Aspres tamb\u00e9 est\u00e0 equipat amb pantalla i ofereix projeccions de cinema.<\/p>\n","protected":false},"excerpt":{"rendered":"<p>El Th\u00e9\u00e2tre des Aspres, situat al centre de la ciutat davant dels Caves Byrrh, es va inaugurar l&#8217;abril de 2013. Equipat amb una c\u00f2moda sala de 500 places i un equipament esc\u00e8nic d&#8217;\u00faltima generaci\u00f3, cada temporada cultural acull m\u00e9s d&#8217;una vintena d&#8217;espectacles professionals, gaireb\u00e9 la meitat dels quals es dediquen a la creaci\u00f3 per al [&hellip;]<\/p>\n","protected":false},"author":2,"featured_media":40818,"parent":0,"menu_order":0,"comment_status":"closed","ping_status":"closed","template":"","meta":{"_acf_changed":false,"_et_pb_use_builder":"","_et_pb_old_content":"","_et_gb_content_width":"","footnotes":""},"class_list":["post-24642","page","type-page","status-publish","has-post-thumbnail","hentry"],"acf":[],"yoast_head":"<!-- This site is optimized with the Yoast SEO plugin v26.9 - https:\/\/yoast.com\/product\/yoast-seo-wordpress\/ -->\n<title>Teatre - Office de Tourisme Aspres-Thuir<\/title>\n<meta name=\"robots\" content=\"index, follow, max-snippet:-1, max-image-preview:large, max-video-preview:-1\" \/>\n<link rel=\"canonical\" href=\"https:\/\/aspres-thuir.com\/ca\/teatre\/\" \/>\n<meta property=\"og:locale\" content=\"ca_ES\" \/>\n<meta property=\"og:type\" content=\"article\" \/>\n<meta property=\"og:title\" content=\"Teatre - Office de Tourisme Aspres-Thuir\" \/>\n<meta property=\"og:description\" content=\"El Th\u00e9\u00e2tre des Aspres, situat al centre de la ciutat davant dels Caves Byrrh, es va inaugurar l&#8217;abril de 2013. Equipat amb una c\u00f2moda sala de 500 places i un equipament esc\u00e8nic d&#8217;\u00faltima generaci\u00f3, cada temporada cultural acull m\u00e9s d&#8217;una vintena d&#8217;espectacles professionals, gaireb\u00e9 la meitat dels quals es dediquen a la creaci\u00f3 per al [&hellip;]\" \/>\n<meta property=\"og:site_name\" content=\"Office de Tourisme Aspres-Thuir\" \/>\n<meta property=\"article:modified_time\" content=\"2024-10-29T08:51:07+00:00\" \/>\n<meta property=\"og:image\" content=\"https:\/\/aspres-thuir.com\/wp-content\/uploads\/2022\/10\/1V0A1795-scaled.jpg\" \/>\n\t<meta property=\"og:image:width\" content=\"2880\" \/>\n\t<meta property=\"og:image:height\" content=\"1920\" \/>\n\t<meta property=\"og:image:type\" content=\"image\/jpeg\" \/>\n<meta name=\"twitter:card\" content=\"summary_large_image\" \/>\n<meta name=\"twitter:label1\" content=\"Est. reading time\" \/>\n\t<meta name=\"twitter:data1\" content=\"2 minutes\" \/>\n<script type=\"application\/ld+json\" class=\"yoast-schema-graph\">{\"@context\":\"https:\/\/schema.org\",\"@graph\":[{\"@type\":\"WebPage\",\"@id\":\"https:\/\/aspres-thuir.com\/ca\/teatre\/\",\"url\":\"https:\/\/aspres-thuir.com\/ca\/teatre\/\",\"name\":\"Teatre - Office de Tourisme Aspres-Thuir\",\"isPartOf\":{\"@id\":\"https:\/\/aspres-thuir.com\/ca\/#website\"},\"primaryImageOfPage\":{\"@id\":\"https:\/\/aspres-thuir.com\/ca\/teatre\/#primaryimage\"},\"image\":{\"@id\":\"https:\/\/aspres-thuir.com\/ca\/teatre\/#primaryimage\"},\"thumbnailUrl\":\"https:\/\/aspres-thuir.com\/wp-content\/uploads\/2022\/10\/1V0A1795-scaled.jpg\",\"datePublished\":\"2021-04-08T16:06:19+00:00\",\"dateModified\":\"2024-10-29T08:51:07+00:00\",\"breadcrumb\":{\"@id\":\"https:\/\/aspres-thuir.com\/ca\/teatre\/#breadcrumb\"},\"inLanguage\":\"ca\",\"potentialAction\":[{\"@type\":\"ReadAction\",\"target\":[\"https:\/\/aspres-thuir.com\/ca\/teatre\/\"]}]},{\"@type\":\"ImageObject\",\"inLanguage\":\"ca\",\"@id\":\"https:\/\/aspres-thuir.com\/ca\/teatre\/#primaryimage\",\"url\":\"https:\/\/aspres-thuir.com\/wp-content\/uploads\/2022\/10\/1V0A1795-scaled.jpg\",\"contentUrl\":\"https:\/\/aspres-thuir.com\/wp-content\/uploads\/2022\/10\/1V0A1795-scaled.jpg\",\"width\":2880,\"height\":1920},{\"@type\":\"BreadcrumbList\",\"@id\":\"https:\/\/aspres-thuir.com\/ca\/teatre\/#breadcrumb\",\"itemListElement\":[{\"@type\":\"ListItem\",\"position\":1,\"name\":\"\",\"item\":\"https:\/\/aspres-thuir.com\/ca\/\"},{\"@type\":\"ListItem\",\"position\":2,\"name\":\"Teatre\"}]},{\"@type\":\"WebSite\",\"@id\":\"https:\/\/aspres-thuir.com\/ca\/#website\",\"url\":\"https:\/\/aspres-thuir.com\/ca\/\",\"name\":\"Office de Tourisme Aspres-Thuir\",\"description\":\"\",\"potentialAction\":[{\"@type\":\"SearchAction\",\"target\":{\"@type\":\"EntryPoint\",\"urlTemplate\":\"https:\/\/aspres-thuir.com\/ca\/?s={search_term_string}\"},\"query-input\":{\"@type\":\"PropertyValueSpecification\",\"valueRequired\":true,\"valueName\":\"search_term_string\"}}],\"inLanguage\":\"ca\"}]}<\/script>\n<!-- \/ Yoast SEO plugin. -->","yoast_head_json":{"title":"Teatre - Office de Tourisme Aspres-Thuir","robots":{"index":"index","follow":"follow","max-snippet":"max-snippet:-1","max-image-preview":"max-image-preview:large","max-video-preview":"max-video-preview:-1"},"canonical":"https:\/\/aspres-thuir.com\/ca\/teatre\/","og_locale":"ca_ES","og_type":"article","og_title":"Teatre - Office de Tourisme Aspres-Thuir","og_description":"El Th\u00e9\u00e2tre des Aspres, situat al centre de la ciutat davant dels Caves Byrrh, es va inaugurar l&#8217;abril de 2013. Equipat amb una c\u00f2moda sala de 500 places i un equipament esc\u00e8nic d&#8217;\u00faltima generaci\u00f3, cada temporada cultural acull m\u00e9s d&#8217;una vintena d&#8217;espectacles professionals, gaireb\u00e9 la meitat dels quals es dediquen a la creaci\u00f3 per al [&hellip;]","og_site_name":"Office de Tourisme Aspres-Thuir","article_modified_time":"2024-10-29T08:51:07+00:00","og_image":[{"width":2880,"height":1920,"url":"https:\/\/aspres-thuir.com\/wp-content\/uploads\/2022\/10\/1V0A1795-scaled.jpg","type":"image\/jpeg"}],"twitter_card":"summary_large_image","twitter_misc":{"Est. reading time":"2 minutes"},"schema":{"@context":"https:\/\/schema.org","@graph":[{"@type":"WebPage","@id":"https:\/\/aspres-thuir.com\/ca\/teatre\/","url":"https:\/\/aspres-thuir.com\/ca\/teatre\/","name":"Teatre - Office de Tourisme Aspres-Thuir","isPartOf":{"@id":"https:\/\/aspres-thuir.com\/ca\/#website"},"primaryImageOfPage":{"@id":"https:\/\/aspres-thuir.com\/ca\/teatre\/#primaryimage"},"image":{"@id":"https:\/\/aspres-thuir.com\/ca\/teatre\/#primaryimage"},"thumbnailUrl":"https:\/\/aspres-thuir.com\/wp-content\/uploads\/2022\/10\/1V0A1795-scaled.jpg","datePublished":"2021-04-08T16:06:19+00:00","dateModified":"2024-10-29T08:51:07+00:00","breadcrumb":{"@id":"https:\/\/aspres-thuir.com\/ca\/teatre\/#breadcrumb"},"inLanguage":"ca","potentialAction":[{"@type":"ReadAction","target":["https:\/\/aspres-thuir.com\/ca\/teatre\/"]}]},{"@type":"ImageObject","inLanguage":"ca","@id":"https:\/\/aspres-thuir.com\/ca\/teatre\/#primaryimage","url":"https:\/\/aspres-thuir.com\/wp-content\/uploads\/2022\/10\/1V0A1795-scaled.jpg","contentUrl":"https:\/\/aspres-thuir.com\/wp-content\/uploads\/2022\/10\/1V0A1795-scaled.jpg","width":2880,"height":1920},{"@type":"BreadcrumbList","@id":"https:\/\/aspres-thuir.com\/ca\/teatre\/#breadcrumb","itemListElement":[{"@type":"ListItem","position":1,"name":"","item":"https:\/\/aspres-thuir.com\/ca\/"},{"@type":"ListItem","position":2,"name":"Teatre"}]},{"@type":"WebSite","@id":"https:\/\/aspres-thuir.com\/ca\/#website","url":"https:\/\/aspres-thuir.com\/ca\/","name":"Office de Tourisme Aspres-Thuir","description":"","potentialAction":[{"@type":"SearchAction","target":{"@type":"EntryPoint","urlTemplate":"https:\/\/aspres-thuir.com\/ca\/?s={search_term_string}"},"query-input":{"@type":"PropertyValueSpecification","valueRequired":true,"valueName":"search_term_string"}}],"inLanguage":"ca"}]}},"_links":{"self":[{"href":"https:\/\/aspres-thuir.com\/ca\/wp-json\/wp\/v2\/pages\/24642","targetHints":{"allow":["GET"]}}],"collection":[{"href":"https:\/\/aspres-thuir.com\/ca\/wp-json\/wp\/v2\/pages"}],"about":[{"href":"https:\/\/aspres-thuir.com\/ca\/wp-json\/wp\/v2\/types\/page"}],"author":[{"embeddable":true,"href":"https:\/\/aspres-thuir.com\/ca\/wp-json\/wp\/v2\/users\/2"}],"replies":[{"embeddable":true,"href":"https:\/\/aspres-thuir.com\/ca\/wp-json\/wp\/v2\/comments?post=24642"}],"version-history":[{"count":0,"href":"https:\/\/aspres-thuir.com\/ca\/wp-json\/wp\/v2\/pages\/24642\/revisions"}],"wp:featuredmedia":[{"embeddable":true,"href":"https:\/\/aspres-thuir.com\/ca\/wp-json\/wp\/v2\/media\/40818"}],"wp:attachment":[{"href":"https:\/\/aspres-thuir.com\/ca\/wp-json\/wp\/v2\/media?parent=24642"}],"curies":[{"name":"wp","href":"https:\/\/api.w.org\/{rel}","templated":true}]}}