{"id":24687,"date":"2021-04-08T17:07:22","date_gmt":"2021-04-08T16:07:22","guid":{"rendered":"https:\/\/aspres-thuir.com\/taxe-de-sejour\/"},"modified":"2023-01-05T17:19:47","modified_gmt":"2023-01-05T16:19:47","slug":"taxa-turistica","status":"publish","type":"page","link":"https:\/\/aspres-thuir.com\/ca\/taxa-turistica\/","title":{"rendered":"Taxa tur\u00edstica"},"content":{"rendered":"<blockquote><p>Tens allotjament ? Troba en aquesta p\u00e0gina diverses informacions que et preocupen.<\/p><\/blockquote>\n<h2>Una p\u00e0gina pr\u00e0ctica per als amfitrions<\/h2>\n<p>La taxa tur\u00edstica va ser institu\u00efda a Fran\u00e7a per la llei del 13 d&#8217;abril de 1910 per contribuir al desenvolupament tur\u00edstic local.<\/p>\n<p>En aquest context, la Comunitat de municipis d&#8217;Aspres ha deliberat la constituci\u00f3 de la taxa tur\u00edstica a partir de l&#8217;1 de gener de 2011. La deliberaci\u00f3 de la Comunitat de municipis indica, d&#8217;acord amb la llei, que el producte de la taxa tur\u00edstica es paga \u00edntegrament a l&#8217;Oficina Intercomunal de Turisme Aspres-Thuir per a l&#8217;acollida i la promoci\u00f3 tur\u00edstica de la zona. la recaptaci\u00f3 de la taxa tur\u00edstica \u00e9s obligat\u00f2ria a tots els allotjaments tur\u00edstics.<\/p>\n<p>Per als allotjaments a la comunitat de municipis d&#8217;Aspres a partir de l&#8217;1 de gener de 2020, la taxa tur\u00edstica es recapta en termes reals per a tot tipus d&#8217;allotjament.<\/p>\n<p>Si sou propietari d&#8217;un allotjament tur\u00edstic, heu de cobrar la taxa tur\u00edstica. Troba a continuaci\u00f3 la guia pr\u00e0ctica de la taxa tur\u00edstica, aix\u00ed com tots els documents necessaris per fer la teva declaraci\u00f3.<\/p>\n<p>Per a m\u00e9s informaci\u00f3, els textos legals que regulen la taxa tur\u00edstica es troben a: Codi General de Comunitats Territorials: L2333-26 a L2333-40; R2333-43 a R2333-64; D2333-45 El Codi de Turisme: L422-3 al 422-5<\/p>\n<p>La taxe de s\u00e9jour a \u00e9t\u00e9 institu\u00e9e en France par la loi du 13 Avril 1910 pour contribuer au d\u00e9veloppement touristique local.<\/p>\n<p>Dans ce cadre la Communaut\u00e9 de Communes des Aspres a d\u00e9lib\u00e9r\u00e9 pour mettre en place la taxe de s\u00e9jour \u00e0 partir du 1er janvier 2011. La d\u00e9lib\u00e9ration de la Communaut\u00e9 de Communes indique conform\u00e9ment \u00e0 la loi, que le produit de la taxe de s\u00e9jour est int\u00e9gralement revers\u00e9 \u00e0 l\u2019Office du Tourisme Intercommunal Aspres-Thuir pour l\u2019accueil et la promotion touristique du territoire. la collecte de la taxe de s\u00e9jour est obligatoire dans tous les h\u00e9bergements touristiques .<\/p>\n<p>Pour les h\u00e9bergements de la communaut\u00e9 de Communes des Aspres \u00e0 compter du 1er janvier 2020, la taxe de s\u00e9jour est collect\u00e9e au r\u00e9el pour tous types d\u2019h\u00e9bergements.<\/p>\n<p>Si vous \u00eates propri\u00e9taires d\u2019un h\u00e9bergement touristique, vous devez percevoir la taxe de s\u00e9jour. Retrouvez ci-dessous le guide pratique de la taxe de s\u00e9jour, ainsi que tous les documents n\u00e9cessaires pour \u00e9tablir votre d\u00e9claration.<\/p>\n<p><em>Pour plus d\u2019informations, les textes de lois encadrant la taxe de s\u00e9jour sont r\u00e9pertori\u00e9s dans : Le Code G\u00e9n\u00e9ral des Collectivit\u00e9s Territoriales : L2333-26 \u00e0 L2333-40 ; R2333- 43 \u00e0 R2333-64 ; D2333-45 Le Code du tourisme : L422-3 \u00e0 422-5<\/em><\/p>\n","protected":false},"excerpt":{"rendered":"<p>Tens allotjament ? Troba en aquesta p\u00e0gina diverses informacions que et preocupen. Una p\u00e0gina pr\u00e0ctica per als amfitrions La taxa tur\u00edstica va ser institu\u00efda a Fran\u00e7a per la llei del 13 d&#8217;abril de 1910 per contribuir al desenvolupament tur\u00edstic local. En aquest context, la Comunitat de municipis d&#8217;Aspres ha deliberat la constituci\u00f3 de la taxa [&hellip;]<\/p>\n","protected":false},"author":2,"featured_media":30203,"parent":0,"menu_order":0,"comment_status":"closed","ping_status":"closed","template":"","meta":{"_acf_changed":false,"_et_pb_use_builder":"","_et_pb_old_content":"","_et_gb_content_width":"","footnotes":""},"class_list":["post-24687","page","type-page","status-publish","has-post-thumbnail","hentry"],"acf":[],"yoast_head":"<!-- This site is optimized with the Yoast SEO plugin v26.9 - https:\/\/yoast.com\/product\/yoast-seo-wordpress\/ -->\n<title>Taxa tur\u00edstica - Office de Tourisme Aspres-Thuir<\/title>\n<meta name=\"robots\" content=\"index, follow, max-snippet:-1, max-image-preview:large, max-video-preview:-1\" \/>\n<link rel=\"canonical\" href=\"https:\/\/aspres-thuir.com\/ca\/taxa-turistica\/\" \/>\n<meta property=\"og:locale\" content=\"ca_ES\" \/>\n<meta property=\"og:type\" content=\"article\" \/>\n<meta property=\"og:title\" content=\"Taxa tur\u00edstica - Office de Tourisme Aspres-Thuir\" \/>\n<meta property=\"og:description\" content=\"Tens allotjament ? Troba en aquesta p\u00e0gina diverses informacions que et preocupen. Una p\u00e0gina pr\u00e0ctica per als amfitrions La taxa tur\u00edstica va ser institu\u00efda a Fran\u00e7a per la llei del 13 d&#8217;abril de 1910 per contribuir al desenvolupament tur\u00edstic local. En aquest context, la Comunitat de municipis d&#8217;Aspres ha deliberat la constituci\u00f3 de la taxa [&hellip;]\" \/>\n<meta property=\"og:site_name\" content=\"Office de Tourisme Aspres-Thuir\" \/>\n<meta property=\"article:modified_time\" content=\"2023-01-05T16:19:47+00:00\" \/>\n<meta property=\"og:image\" content=\"https:\/\/aspres-thuir.com\/wp-content\/uploads\/2022\/02\/recha-oktaviani-h2aDKwigQeA-unsplash-scaled-e1645529548457.jpg\" \/>\n\t<meta property=\"og:image:width\" content=\"2880\" \/>\n\t<meta property=\"og:image:height\" content=\"1920\" \/>\n\t<meta property=\"og:image:type\" content=\"image\/jpeg\" \/>\n<meta name=\"twitter:card\" content=\"summary_large_image\" \/>\n<meta name=\"twitter:label1\" content=\"Est. reading time\" \/>\n\t<meta name=\"twitter:data1\" content=\"3 minutes\" \/>\n<script type=\"application\/ld+json\" class=\"yoast-schema-graph\">{\"@context\":\"https:\/\/schema.org\",\"@graph\":[{\"@type\":\"WebPage\",\"@id\":\"https:\/\/aspres-thuir.com\/ca\/taxa-turistica\/\",\"url\":\"https:\/\/aspres-thuir.com\/ca\/taxa-turistica\/\",\"name\":\"Taxa tur\u00edstica - Office de Tourisme Aspres-Thuir\",\"isPartOf\":{\"@id\":\"https:\/\/aspres-thuir.com\/ca\/#website\"},\"primaryImageOfPage\":{\"@id\":\"https:\/\/aspres-thuir.com\/ca\/taxa-turistica\/#primaryimage\"},\"image\":{\"@id\":\"https:\/\/aspres-thuir.com\/ca\/taxa-turistica\/#primaryimage\"},\"thumbnailUrl\":\"https:\/\/aspres-thuir.com\/wp-content\/uploads\/2022\/02\/recha-oktaviani-h2aDKwigQeA-unsplash-scaled-e1645529548457.jpg\",\"datePublished\":\"2021-04-08T16:07:22+00:00\",\"dateModified\":\"2023-01-05T16:19:47+00:00\",\"breadcrumb\":{\"@id\":\"https:\/\/aspres-thuir.com\/ca\/taxa-turistica\/#breadcrumb\"},\"inLanguage\":\"ca\",\"potentialAction\":[{\"@type\":\"ReadAction\",\"target\":[\"https:\/\/aspres-thuir.com\/ca\/taxa-turistica\/\"]}]},{\"@type\":\"ImageObject\",\"inLanguage\":\"ca\",\"@id\":\"https:\/\/aspres-thuir.com\/ca\/taxa-turistica\/#primaryimage\",\"url\":\"https:\/\/aspres-thuir.com\/wp-content\/uploads\/2022\/02\/recha-oktaviani-h2aDKwigQeA-unsplash-scaled-e1645529548457.jpg\",\"contentUrl\":\"https:\/\/aspres-thuir.com\/wp-content\/uploads\/2022\/02\/recha-oktaviani-h2aDKwigQeA-unsplash-scaled-e1645529548457.jpg\",\"width\":2880,\"height\":1920},{\"@type\":\"BreadcrumbList\",\"@id\":\"https:\/\/aspres-thuir.com\/ca\/taxa-turistica\/#breadcrumb\",\"itemListElement\":[{\"@type\":\"ListItem\",\"position\":1,\"name\":\"\",\"item\":\"https:\/\/aspres-thuir.com\/ca\/\"},{\"@type\":\"ListItem\",\"position\":2,\"name\":\"Taxa tur\u00edstica\"}]},{\"@type\":\"WebSite\",\"@id\":\"https:\/\/aspres-thuir.com\/ca\/#website\",\"url\":\"https:\/\/aspres-thuir.com\/ca\/\",\"name\":\"Office de Tourisme Aspres-Thuir\",\"description\":\"\",\"potentialAction\":[{\"@type\":\"SearchAction\",\"target\":{\"@type\":\"EntryPoint\",\"urlTemplate\":\"https:\/\/aspres-thuir.com\/ca\/?s={search_term_string}\"},\"query-input\":{\"@type\":\"PropertyValueSpecification\",\"valueRequired\":true,\"valueName\":\"search_term_string\"}}],\"inLanguage\":\"ca\"}]}<\/script>\n<!-- \/ Yoast SEO plugin. -->","yoast_head_json":{"title":"Taxa tur\u00edstica - Office de Tourisme Aspres-Thuir","robots":{"index":"index","follow":"follow","max-snippet":"max-snippet:-1","max-image-preview":"max-image-preview:large","max-video-preview":"max-video-preview:-1"},"canonical":"https:\/\/aspres-thuir.com\/ca\/taxa-turistica\/","og_locale":"ca_ES","og_type":"article","og_title":"Taxa tur\u00edstica - Office de Tourisme Aspres-Thuir","og_description":"Tens allotjament ? Troba en aquesta p\u00e0gina diverses informacions que et preocupen. Una p\u00e0gina pr\u00e0ctica per als amfitrions La taxa tur\u00edstica va ser institu\u00efda a Fran\u00e7a per la llei del 13 d&#8217;abril de 1910 per contribuir al desenvolupament tur\u00edstic local. En aquest context, la Comunitat de municipis d&#8217;Aspres ha deliberat la constituci\u00f3 de la taxa [&hellip;]","og_site_name":"Office de Tourisme Aspres-Thuir","article_modified_time":"2023-01-05T16:19:47+00:00","og_image":[{"width":2880,"height":1920,"url":"https:\/\/aspres-thuir.com\/wp-content\/uploads\/2022\/02\/recha-oktaviani-h2aDKwigQeA-unsplash-scaled-e1645529548457.jpg","type":"image\/jpeg"}],"twitter_card":"summary_large_image","twitter_misc":{"Est. reading time":"3 minutes"},"schema":{"@context":"https:\/\/schema.org","@graph":[{"@type":"WebPage","@id":"https:\/\/aspres-thuir.com\/ca\/taxa-turistica\/","url":"https:\/\/aspres-thuir.com\/ca\/taxa-turistica\/","name":"Taxa tur\u00edstica - Office de Tourisme Aspres-Thuir","isPartOf":{"@id":"https:\/\/aspres-thuir.com\/ca\/#website"},"primaryImageOfPage":{"@id":"https:\/\/aspres-thuir.com\/ca\/taxa-turistica\/#primaryimage"},"image":{"@id":"https:\/\/aspres-thuir.com\/ca\/taxa-turistica\/#primaryimage"},"thumbnailUrl":"https:\/\/aspres-thuir.com\/wp-content\/uploads\/2022\/02\/recha-oktaviani-h2aDKwigQeA-unsplash-scaled-e1645529548457.jpg","datePublished":"2021-04-08T16:07:22+00:00","dateModified":"2023-01-05T16:19:47+00:00","breadcrumb":{"@id":"https:\/\/aspres-thuir.com\/ca\/taxa-turistica\/#breadcrumb"},"inLanguage":"ca","potentialAction":[{"@type":"ReadAction","target":["https:\/\/aspres-thuir.com\/ca\/taxa-turistica\/"]}]},{"@type":"ImageObject","inLanguage":"ca","@id":"https:\/\/aspres-thuir.com\/ca\/taxa-turistica\/#primaryimage","url":"https:\/\/aspres-thuir.com\/wp-content\/uploads\/2022\/02\/recha-oktaviani-h2aDKwigQeA-unsplash-scaled-e1645529548457.jpg","contentUrl":"https:\/\/aspres-thuir.com\/wp-content\/uploads\/2022\/02\/recha-oktaviani-h2aDKwigQeA-unsplash-scaled-e1645529548457.jpg","width":2880,"height":1920},{"@type":"BreadcrumbList","@id":"https:\/\/aspres-thuir.com\/ca\/taxa-turistica\/#breadcrumb","itemListElement":[{"@type":"ListItem","position":1,"name":"","item":"https:\/\/aspres-thuir.com\/ca\/"},{"@type":"ListItem","position":2,"name":"Taxa tur\u00edstica"}]},{"@type":"WebSite","@id":"https:\/\/aspres-thuir.com\/ca\/#website","url":"https:\/\/aspres-thuir.com\/ca\/","name":"Office de Tourisme Aspres-Thuir","description":"","potentialAction":[{"@type":"SearchAction","target":{"@type":"EntryPoint","urlTemplate":"https:\/\/aspres-thuir.com\/ca\/?s={search_term_string}"},"query-input":{"@type":"PropertyValueSpecification","valueRequired":true,"valueName":"search_term_string"}}],"inLanguage":"ca"}]}},"_links":{"self":[{"href":"https:\/\/aspres-thuir.com\/ca\/wp-json\/wp\/v2\/pages\/24687","targetHints":{"allow":["GET"]}}],"collection":[{"href":"https:\/\/aspres-thuir.com\/ca\/wp-json\/wp\/v2\/pages"}],"about":[{"href":"https:\/\/aspres-thuir.com\/ca\/wp-json\/wp\/v2\/types\/page"}],"author":[{"embeddable":true,"href":"https:\/\/aspres-thuir.com\/ca\/wp-json\/wp\/v2\/users\/2"}],"replies":[{"embeddable":true,"href":"https:\/\/aspres-thuir.com\/ca\/wp-json\/wp\/v2\/comments?post=24687"}],"version-history":[{"count":0,"href":"https:\/\/aspres-thuir.com\/ca\/wp-json\/wp\/v2\/pages\/24687\/revisions"}],"wp:featuredmedia":[{"embeddable":true,"href":"https:\/\/aspres-thuir.com\/ca\/wp-json\/wp\/v2\/media\/30203"}],"wp:attachment":[{"href":"https:\/\/aspres-thuir.com\/ca\/wp-json\/wp\/v2\/media?parent=24687"}],"curies":[{"name":"wp","href":"https:\/\/api.w.org\/{rel}","templated":true}]}}