{"id":24697,"date":"2021-04-08T17:04:11","date_gmt":"2021-04-08T16:04:11","guid":{"rendered":"https:\/\/aspres-thuir.com\/notre-patrimoine\/"},"modified":"2026-03-19T10:47:57","modified_gmt":"2026-03-19T09:47:57","slug":"patrimoni","status":"publish","type":"page","link":"https:\/\/aspres-thuir.com\/ca\/patrimoni\/","title":{"rendered":"Patrimoni"},"content":{"rendered":"\n<p>A peu, en cotxe o en bicicleta, sol, en fam\u00edlia o amb amics, passejar pels pobles i pobles dels Aspres \u00e9s la millor manera de descobrir el ric i variat patrimoni del nostre territori.<\/p>\n\n\n\n<p>Durant les teves passejades, descobrir\u00e0s petites meravelles, all\u00e0 una esgl\u00e9sia rom\u00e0nica perduda enmig d&#8217;una surera, en un altre lloc un poble t\u00edpic de genovesos pintats, o un poble medieval classificat entre els pobles m\u00e9s bonics de Fran\u00e7a.<\/p>\n\n\n\n<p>Vaga, perd&#8217;t i sorpr\u00e8n!<\/p>\n\n\n\n<p><\/p>\n\n\n\n<div class=\"tsc-listing-wrap\" data-feed=\"services\" data-per-page=\"12\" data-columns=\"3\" data-listing-mode=\"infinite\"  data-locked-category=\"chateaux-et-sites-de-defense,lieux-de-memoire,musees-centres-dinterpretation-et-collections,sites-religieux\">\n\n    <!-- \u2550\u2550\u2550 MODE WIDGET \u2550\u2550\u2550 -->\n    \n            <div class=\"tsc-filters\">\n        <div class=\"tsc-filters-bar\">\n\n            <!-- Recherche -->\n            <div class=\"tsc-filter-group tsc-filter-search\">\n                <input type=\"text\" class=\"tsc-filter-input\" data-filter=\"search\" placeholder=\"Cercar...\">\n                <i class=\"fa-solid fa-magnifying-glass\"><\/i>\n            <\/div>\n\n            <!-- Cat\u00e9gorie (dropdown multi-s\u00e9lection) -->\n                        <div class=\"tsc-filter-group tsc-multi-drop\">\n                <input type=\"hidden\" data-filter=\"category\" value=\"\">\n                <button type=\"button\" class=\"tsc-md-trigger\">\n                    <span class=\"tsc-md-label\">Totes les categories<\/span>\n                    <i class=\"fa-solid fa-chevron-down tsc-md-arrow\"><\/i>\n                <\/button>\n                <div class=\"tsc-md-panel\" hidden\n                     data-all-label=\"Totes les categories\"\n                     data-count-tpl=\"%d categories\">\n                    <label class=\"tsc-md-item tsc-md-item-all\">\n                        <input type=\"checkbox\" class=\"tsc-md-check-all\"  checked='checked'>\n                        <span>Totes les categories<\/span>\n                    <\/label>\n                                                            <label class=\"tsc-md-item\">\n                        <input type=\"checkbox\" class=\"tsc-md-check\" value=\"chateaux-et-sites-de-defense\"\n                               data-label=\"Ch\u00e2teaux et sites de d\u00e9fense\"\n                               >\n                        <span>Ch\u00e2teaux et sites de d\u00e9fense <span class=\"tsc-md-count\">(1)<\/span><\/span>\n                    <\/label>\n                                        <label class=\"tsc-md-item\">\n                        <input type=\"checkbox\" class=\"tsc-md-check\" value=\"lieux-de-memoire\"\n                               data-label=\"Lieux de m\u00e9moire\"\n                               >\n                        <span>Lieux de m\u00e9moire <span class=\"tsc-md-count\">(1)<\/span><\/span>\n                    <\/label>\n                                        <label class=\"tsc-md-item\">\n                        <input type=\"checkbox\" class=\"tsc-md-check\" value=\"musees-centres-dinterpretation-et-collections\"\n                               data-label=\"Mus\u00e9es, centres d&#039;interpr\u00e9tation et collections\"\n                               >\n                        <span>Mus\u00e9es, centres d&#039;interpr\u00e9tation et collections <span class=\"tsc-md-count\">(2)<\/span><\/span>\n                    <\/label>\n                                        <label class=\"tsc-md-item\">\n                        <input type=\"checkbox\" class=\"tsc-md-check\" value=\"sites-religieux\"\n                               data-label=\"Sites religieux\"\n                               >\n                        <span>Sites religieux <span class=\"tsc-md-count\">(32)<\/span><\/span>\n                    <\/label>\n                                    <\/div>\n            <\/div>\n            \n            <!-- Classement \u00e9toiles\/\u00e9pis (h\u00e9bergements) \u2014 dropdown multi-s\u00e9lection -->\n            \n            <!-- Commune -->\n            \n\n            <!-- Label (h\u00e9bergements) -->\n            \n            <!-- Tri \u2014 ic\u00f4ne en fin de barre (PAS pour les \u00e9v\u00e9nements) -->\n                        <div class=\"tsc-filter-group tsc-sort-wrap\">\n                <input type=\"hidden\" data-filter=\"orderby\" value=\"default\">\n                <button type=\"button\" class=\"tsc-sort-trigger\" title=\"Ordenar\">\n                    <i class=\"fa-light fa-arrow-up-wide-short\"><\/i>\n                <\/button>\n                <div class=\"tsc-sort-panel\" hidden>\n                    <div class=\"tsc-sort-item tsc-sort-active\" data-value=\"default\">\n                        Aleatori                    <\/div>\n                    <div class=\"tsc-sort-item\" data-value=\"title\">A \u2192 Z<\/div>\n                    <div class=\"tsc-sort-item\" data-value=\"title-desc\">Z \u2192 A<\/div>\n                    <div class=\"tsc-sort-item\" data-value=\"date\">M\u00e9s recents<\/div>\n                                        <div class=\"tsc-sort-item\" data-value=\"rand\">Aleatori<\/div>\n                                    <\/div>\n            <\/div>\n                    <\/div>\n\n        <!-- Filtres avanc\u00e9s (h\u00e9bergements) -->\n        \n        <!-- Filtres avanc\u00e9s (services : type de cuisine) -->\n                            <\/div>\n    \n    <!-- \u2550\u2550\u2550 CONTENU \u2550\u2550\u2550 -->\n                <!-- MODE NORMAL -->\n        <div class=\"tsc-results-count\">\n            <span class=\"tsc-count-number\">0<\/span> resultat(s)        <\/div>\n        <div class=\"tsc-cards-grid tsc-cols-3\">\n            <div class=\"tsc-no-results\"><p>Cap resultat.<\/p><\/div>        <\/div>\n\n                \n    <div class=\"tsc-loader\" style=\"display:none;\">\n        <div class=\"tsc-spinner\"><\/div>\n    <\/div>\n<\/div>\n\n","protected":false},"excerpt":{"rendered":"<p>A peu, en cotxe o en bicicleta, sol, en fam\u00edlia o amb amics, passejar pels pobles i pobles dels Aspres \u00e9s la millor manera de descobrir el ric i variat patrimoni del nostre territori. Durant les teves passejades, descobrir\u00e0s petites meravelles, all\u00e0 una esgl\u00e9sia rom\u00e0nica perduda enmig d&#8217;una surera, en un altre lloc un poble [&hellip;]<\/p>\n","protected":false},"author":2,"featured_media":41162,"parent":0,"menu_order":0,"comment_status":"closed","ping_status":"closed","template":"","meta":{"_acf_changed":false,"_et_pb_use_builder":"","_et_pb_old_content":"","_et_gb_content_width":"","footnotes":""},"class_list":["post-24697","page","type-page","status-publish","has-post-thumbnail","hentry"],"acf":[],"yoast_head":"<!-- This site is optimized with the Yoast SEO plugin v26.9 - https:\/\/yoast.com\/product\/yoast-seo-wordpress\/ -->\n<title>Patrimoni - Office de Tourisme Aspres-Thuir<\/title>\n<meta name=\"robots\" content=\"index, follow, max-snippet:-1, max-image-preview:large, max-video-preview:-1\" \/>\n<link rel=\"canonical\" href=\"https:\/\/aspres-thuir.com\/ca\/patrimoni\/\" \/>\n<meta property=\"og:locale\" content=\"ca_ES\" \/>\n<meta property=\"og:type\" content=\"article\" \/>\n<meta property=\"og:title\" content=\"Patrimoni - Office de Tourisme Aspres-Thuir\" \/>\n<meta property=\"og:description\" content=\"A peu, en cotxe o en bicicleta, sol, en fam\u00edlia o amb amics, passejar pels pobles i pobles dels Aspres \u00e9s la millor manera de descobrir el ric i variat patrimoni del nostre territori. Durant les teves passejades, descobrir\u00e0s petites meravelles, all\u00e0 una esgl\u00e9sia rom\u00e0nica perduda enmig d&#8217;una surera, en un altre lloc un poble [&hellip;]\" \/>\n<meta property=\"og:site_name\" content=\"Office de Tourisme Aspres-Thuir\" \/>\n<meta property=\"article:modified_time\" content=\"2026-03-19T09:47:57+00:00\" \/>\n<meta property=\"og:image\" content=\"https:\/\/aspres-thuir.com\/wp-content\/uploads\/2022\/01\/monastirdelcamp13.jpg\" \/>\n\t<meta property=\"og:image:width\" content=\"1920\" \/>\n\t<meta property=\"og:image:height\" content=\"790\" \/>\n\t<meta property=\"og:image:type\" content=\"image\/jpeg\" \/>\n<meta name=\"twitter:card\" content=\"summary_large_image\" \/>\n<meta name=\"twitter:label1\" content=\"Est. reading time\" \/>\n\t<meta name=\"twitter:data1\" content=\"1 minute\" \/>\n<script type=\"application\/ld+json\" class=\"yoast-schema-graph\">{\"@context\":\"https:\/\/schema.org\",\"@graph\":[{\"@type\":\"WebPage\",\"@id\":\"https:\/\/aspres-thuir.com\/ca\/patrimoni\/\",\"url\":\"https:\/\/aspres-thuir.com\/ca\/patrimoni\/\",\"name\":\"Patrimoni - Office de Tourisme Aspres-Thuir\",\"isPartOf\":{\"@id\":\"https:\/\/aspres-thuir.com\/ca\/#website\"},\"primaryImageOfPage\":{\"@id\":\"https:\/\/aspres-thuir.com\/ca\/patrimoni\/#primaryimage\"},\"image\":{\"@id\":\"https:\/\/aspres-thuir.com\/ca\/patrimoni\/#primaryimage\"},\"thumbnailUrl\":\"https:\/\/aspres-thuir.com\/wp-content\/uploads\/2022\/01\/monastirdelcamp13.jpg\",\"datePublished\":\"2021-04-08T16:04:11+00:00\",\"dateModified\":\"2026-03-19T09:47:57+00:00\",\"breadcrumb\":{\"@id\":\"https:\/\/aspres-thuir.com\/ca\/patrimoni\/#breadcrumb\"},\"inLanguage\":\"ca\",\"potentialAction\":[{\"@type\":\"ReadAction\",\"target\":[\"https:\/\/aspres-thuir.com\/ca\/patrimoni\/\"]}]},{\"@type\":\"ImageObject\",\"inLanguage\":\"ca\",\"@id\":\"https:\/\/aspres-thuir.com\/ca\/patrimoni\/#primaryimage\",\"url\":\"https:\/\/aspres-thuir.com\/wp-content\/uploads\/2022\/01\/monastirdelcamp13.jpg\",\"contentUrl\":\"https:\/\/aspres-thuir.com\/wp-content\/uploads\/2022\/01\/monastirdelcamp13.jpg\",\"width\":1920,\"height\":790},{\"@type\":\"BreadcrumbList\",\"@id\":\"https:\/\/aspres-thuir.com\/ca\/patrimoni\/#breadcrumb\",\"itemListElement\":[{\"@type\":\"ListItem\",\"position\":1,\"name\":\"\",\"item\":\"https:\/\/aspres-thuir.com\/ca\/\"},{\"@type\":\"ListItem\",\"position\":2,\"name\":\"Patrimoni\"}]},{\"@type\":\"WebSite\",\"@id\":\"https:\/\/aspres-thuir.com\/ca\/#website\",\"url\":\"https:\/\/aspres-thuir.com\/ca\/\",\"name\":\"Office de Tourisme Aspres-Thuir\",\"description\":\"\",\"potentialAction\":[{\"@type\":\"SearchAction\",\"target\":{\"@type\":\"EntryPoint\",\"urlTemplate\":\"https:\/\/aspres-thuir.com\/ca\/?s={search_term_string}\"},\"query-input\":{\"@type\":\"PropertyValueSpecification\",\"valueRequired\":true,\"valueName\":\"search_term_string\"}}],\"inLanguage\":\"ca\"}]}<\/script>\n<!-- \/ Yoast SEO plugin. -->","yoast_head_json":{"title":"Patrimoni - Office de Tourisme Aspres-Thuir","robots":{"index":"index","follow":"follow","max-snippet":"max-snippet:-1","max-image-preview":"max-image-preview:large","max-video-preview":"max-video-preview:-1"},"canonical":"https:\/\/aspres-thuir.com\/ca\/patrimoni\/","og_locale":"ca_ES","og_type":"article","og_title":"Patrimoni - Office de Tourisme Aspres-Thuir","og_description":"A peu, en cotxe o en bicicleta, sol, en fam\u00edlia o amb amics, passejar pels pobles i pobles dels Aspres \u00e9s la millor manera de descobrir el ric i variat patrimoni del nostre territori. Durant les teves passejades, descobrir\u00e0s petites meravelles, all\u00e0 una esgl\u00e9sia rom\u00e0nica perduda enmig d&#8217;una surera, en un altre lloc un poble [&hellip;]","og_site_name":"Office de Tourisme Aspres-Thuir","article_modified_time":"2026-03-19T09:47:57+00:00","og_image":[{"width":1920,"height":790,"url":"https:\/\/aspres-thuir.com\/wp-content\/uploads\/2022\/01\/monastirdelcamp13.jpg","type":"image\/jpeg"}],"twitter_card":"summary_large_image","twitter_misc":{"Est. reading time":"1 minute"},"schema":{"@context":"https:\/\/schema.org","@graph":[{"@type":"WebPage","@id":"https:\/\/aspres-thuir.com\/ca\/patrimoni\/","url":"https:\/\/aspres-thuir.com\/ca\/patrimoni\/","name":"Patrimoni - Office de Tourisme Aspres-Thuir","isPartOf":{"@id":"https:\/\/aspres-thuir.com\/ca\/#website"},"primaryImageOfPage":{"@id":"https:\/\/aspres-thuir.com\/ca\/patrimoni\/#primaryimage"},"image":{"@id":"https:\/\/aspres-thuir.com\/ca\/patrimoni\/#primaryimage"},"thumbnailUrl":"https:\/\/aspres-thuir.com\/wp-content\/uploads\/2022\/01\/monastirdelcamp13.jpg","datePublished":"2021-04-08T16:04:11+00:00","dateModified":"2026-03-19T09:47:57+00:00","breadcrumb":{"@id":"https:\/\/aspres-thuir.com\/ca\/patrimoni\/#breadcrumb"},"inLanguage":"ca","potentialAction":[{"@type":"ReadAction","target":["https:\/\/aspres-thuir.com\/ca\/patrimoni\/"]}]},{"@type":"ImageObject","inLanguage":"ca","@id":"https:\/\/aspres-thuir.com\/ca\/patrimoni\/#primaryimage","url":"https:\/\/aspres-thuir.com\/wp-content\/uploads\/2022\/01\/monastirdelcamp13.jpg","contentUrl":"https:\/\/aspres-thuir.com\/wp-content\/uploads\/2022\/01\/monastirdelcamp13.jpg","width":1920,"height":790},{"@type":"BreadcrumbList","@id":"https:\/\/aspres-thuir.com\/ca\/patrimoni\/#breadcrumb","itemListElement":[{"@type":"ListItem","position":1,"name":"","item":"https:\/\/aspres-thuir.com\/ca\/"},{"@type":"ListItem","position":2,"name":"Patrimoni"}]},{"@type":"WebSite","@id":"https:\/\/aspres-thuir.com\/ca\/#website","url":"https:\/\/aspres-thuir.com\/ca\/","name":"Office de Tourisme Aspres-Thuir","description":"","potentialAction":[{"@type":"SearchAction","target":{"@type":"EntryPoint","urlTemplate":"https:\/\/aspres-thuir.com\/ca\/?s={search_term_string}"},"query-input":{"@type":"PropertyValueSpecification","valueRequired":true,"valueName":"search_term_string"}}],"inLanguage":"ca"}]}},"_links":{"self":[{"href":"https:\/\/aspres-thuir.com\/ca\/wp-json\/wp\/v2\/pages\/24697","targetHints":{"allow":["GET"]}}],"collection":[{"href":"https:\/\/aspres-thuir.com\/ca\/wp-json\/wp\/v2\/pages"}],"about":[{"href":"https:\/\/aspres-thuir.com\/ca\/wp-json\/wp\/v2\/types\/page"}],"author":[{"embeddable":true,"href":"https:\/\/aspres-thuir.com\/ca\/wp-json\/wp\/v2\/users\/2"}],"replies":[{"embeddable":true,"href":"https:\/\/aspres-thuir.com\/ca\/wp-json\/wp\/v2\/comments?post=24697"}],"version-history":[{"count":0,"href":"https:\/\/aspres-thuir.com\/ca\/wp-json\/wp\/v2\/pages\/24697\/revisions"}],"wp:featuredmedia":[{"embeddable":true,"href":"https:\/\/aspres-thuir.com\/ca\/wp-json\/wp\/v2\/media\/41162"}],"wp:attachment":[{"href":"https:\/\/aspres-thuir.com\/ca\/wp-json\/wp\/v2\/media?parent=24697"}],"curies":[{"name":"wp","href":"https:\/\/api.w.org\/{rel}","templated":true}]}}