{"id":24726,"date":"2021-07-05T14:52:07","date_gmt":"2021-07-05T13:52:07","guid":{"rendered":"https:\/\/aspres-thuir.com\/camping-aire-de-camping-car\/"},"modified":"2026-03-19T12:43:46","modified_gmt":"2026-03-19T11:43:46","slug":"camping-i-zona-dautocaravanes","status":"publish","type":"page","link":"https:\/\/aspres-thuir.com\/ca\/camping-i-zona-dautocaravanes\/","title":{"rendered":"Camping &#038; Zona d&#8217;autocaravanes"},"content":{"rendered":"\n<p>Els c\u00e0mpings Aspres us ofereixen unes vacances atractives i relaxants.<\/p>\n\n\n\n<p><\/p>\n\n\n\n<div class=\"tsc-listing-wrap\" data-feed=\"hebergements\" data-per-page=\"12\" data-columns=\"3\" data-listing-mode=\"infinite\"  data-locked-category=\"aire-de-stationnement,camping\">\n\n    <!-- \u2550\u2550\u2550 MODE WIDGET \u2550\u2550\u2550 -->\n    \n            <div class=\"tsc-filters\">\n        <div class=\"tsc-filters-bar\">\n\n            <!-- Recherche -->\n            <div class=\"tsc-filter-group tsc-filter-search\">\n                <input type=\"text\" class=\"tsc-filter-input\" data-filter=\"search\" placeholder=\"Cercar...\">\n                <i class=\"fa-solid fa-magnifying-glass\"><\/i>\n            <\/div>\n\n            <!-- Cat\u00e9gorie (dropdown multi-s\u00e9lection) -->\n                        <div class=\"tsc-filter-group tsc-multi-drop\">\n                <input type=\"hidden\" data-filter=\"category\" value=\"\">\n                <button type=\"button\" class=\"tsc-md-trigger\">\n                    <span class=\"tsc-md-label\">Totes les categories<\/span>\n                    <i class=\"fa-solid fa-chevron-down tsc-md-arrow\"><\/i>\n                <\/button>\n                <div class=\"tsc-md-panel\" hidden\n                     data-all-label=\"Totes les categories\"\n                     data-count-tpl=\"%d categories\">\n                    <label class=\"tsc-md-item tsc-md-item-all\">\n                        <input type=\"checkbox\" class=\"tsc-md-check-all\"  checked='checked'>\n                        <span>Totes les categories<\/span>\n                    <\/label>\n                                                            <label class=\"tsc-md-item\">\n                        <input type=\"checkbox\" class=\"tsc-md-check\" value=\"aire-de-stationnement\"\n                               data-label=\"Aire de stationnement\"\n                               >\n                        <span>Aire de stationnement <span class=\"tsc-md-count\">(1)<\/span><\/span>\n                    <\/label>\n                                        <label class=\"tsc-md-item\">\n                        <input type=\"checkbox\" class=\"tsc-md-check\" value=\"camping\"\n                               data-label=\"Camping\"\n                               >\n                        <span>Camping <span class=\"tsc-md-count\">(2)<\/span><\/span>\n                    <\/label>\n                                    <\/div>\n            <\/div>\n            \n            <!-- Classement \u00e9toiles\/\u00e9pis (h\u00e9bergements) \u2014 dropdown multi-s\u00e9lection -->\n                        <div class=\"tsc-filter-group tsc-multi-drop\">\n                <input type=\"hidden\" data-filter=\"classement\" value=\"\">\n                <button type=\"button\" class=\"tsc-md-trigger\">\n                    <span class=\"tsc-md-label\">Totes les classificacions<\/span>\n                    <i class=\"fa-solid fa-chevron-down tsc-md-arrow\"><\/i>\n                <\/button>\n                <div class=\"tsc-md-panel\" hidden\n                     data-all-label=\"Totes les classificacions\"\n                     data-count-tpl=\"%d classificacions\">\n                    <label class=\"tsc-md-item tsc-md-item-all\">\n                        <input type=\"checkbox\" class=\"tsc-md-check-all\" checked>\n                        <span>Totes les classificacions<\/span>\n                    <\/label>\n                                        <label class=\"tsc-md-item\">\n                        <input type=\"checkbox\" class=\"tsc-md-check\" value=\"1 \u00e9toile\"\n                               data-label=\"1 \u00e9toile\">\n                        <span>\n                            <span class=\"tsc-md-icons\"><i class=\"fa-solid fa-star\"><\/i><\/span>\n                            <span class=\"tsc-md-cl-text\">1 \u00e9toile<\/span>\n                        <\/span>\n                    <\/label>\n                                        <label class=\"tsc-md-item\">\n                        <input type=\"checkbox\" class=\"tsc-md-check\" value=\"2 \u00e9toiles\"\n                               data-label=\"2 \u00e9toiles\">\n                        <span>\n                            <span class=\"tsc-md-icons\"><i class=\"fa-solid fa-star\"><\/i><i class=\"fa-solid fa-star\"><\/i><\/span>\n                            <span class=\"tsc-md-cl-text\">2 \u00e9toiles<\/span>\n                        <\/span>\n                    <\/label>\n                                        <label class=\"tsc-md-item\">\n                        <input type=\"checkbox\" class=\"tsc-md-check\" value=\"3 \u00e9toiles\"\n                               data-label=\"3 \u00e9toiles\">\n                        <span>\n                            <span class=\"tsc-md-icons\"><i class=\"fa-solid fa-star\"><\/i><i class=\"fa-solid fa-star\"><\/i><i class=\"fa-solid fa-star\"><\/i><\/span>\n                            <span class=\"tsc-md-cl-text\">3 \u00e9toiles<\/span>\n                        <\/span>\n                    <\/label>\n                                        <label class=\"tsc-md-item\">\n                        <input type=\"checkbox\" class=\"tsc-md-check\" value=\"4 \u00e9toiles\"\n                               data-label=\"4 \u00e9toiles\">\n                        <span>\n                            <span class=\"tsc-md-icons\"><i class=\"fa-solid fa-star\"><\/i><i class=\"fa-solid fa-star\"><\/i><i class=\"fa-solid fa-star\"><\/i><i class=\"fa-solid fa-star\"><\/i><\/span>\n                            <span class=\"tsc-md-cl-text\">4 \u00e9toiles<\/span>\n                        <\/span>\n                    <\/label>\n                                        <label class=\"tsc-md-item\">\n                        <input type=\"checkbox\" class=\"tsc-md-check\" value=\"5 \u00e9toiles\"\n                               data-label=\"5 \u00e9toiles\">\n                        <span>\n                            <span class=\"tsc-md-icons\"><i class=\"fa-solid fa-star\"><\/i><i class=\"fa-solid fa-star\"><\/i><i class=\"fa-solid fa-star\"><\/i><i class=\"fa-solid fa-star\"><\/i><i class=\"fa-solid fa-star\"><\/i><\/span>\n                            <span class=\"tsc-md-cl-text\">5 \u00e9toiles<\/span>\n                        <\/span>\n                    <\/label>\n                                    <\/div>\n            <\/div>\n            \n            <!-- Commune -->\n                        <div class=\"tsc-filter-group\">\n                <select class=\"tsc-filter-select\" data-filter=\"commune\">\n                    <option value=\"\">Tots els municipis<\/option>\n                                            <option value=\"BANYULS-DELS-ASPRES\"\n                                >\n                            BANYULS-DELS-ASPRES                        <\/option>\n                                            <option value=\"BROUILLA\"\n                                >\n                            BROUILLA                        <\/option>\n                                            <option value=\"CAIXAS\"\n                                >\n                            CAIXAS                        <\/option>\n                                            <option value=\"CAMELAS\"\n                                >\n                            CAMELAS                        <\/option>\n                                            <option value=\"CASTELNOU\"\n                                >\n                            CASTELNOU                        <\/option>\n                                            <option value=\"FOURQUES\"\n                                >\n                            FOURQUES                        <\/option>\n                                            <option value=\"LLAURO\"\n                                >\n                            LLAURO                        <\/option>\n                                            <option value=\"MONTAURIOL\"\n                                >\n                            MONTAURIOL                        <\/option>\n                                            <option value=\"OMS\"\n                                >\n                            OMS                        <\/option>\n                                            <option value=\"PASSA\"\n                                >\n                            PASSA                        <\/option>\n                                            <option value=\"SAINT-JEAN-LASSEILLE\"\n                                >\n                            SAINT-JEAN-LASSEILLE                        <\/option>\n                                            <option value=\"SAINTE-COLOMBE-DE-LA-COMMANDERIE\"\n                                >\n                            SAINTE-COLOMBE-DE-LA-COMMANDERIE                        <\/option>\n                                            <option value=\"TERRATS\"\n                                >\n                            TERRATS                        <\/option>\n                                            <option value=\"THUIR\"\n                                >\n                            THUIR                        <\/option>\n                                            <option value=\"TORDERES\"\n                                >\n                            TORDERES                        <\/option>\n                                            <option value=\"TRESSERRE\"\n                                >\n                            TRESSERRE                        <\/option>\n                                            <option value=\"TROUILLAS\"\n                                >\n                            TROUILLAS                        <\/option>\n                                            <option value=\"VILLEMOLAQUE\"\n                                >\n                            VILLEMOLAQUE                        <\/option>\n                                    <\/select>\n            <\/div>\n            \n\n            <!-- Label (h\u00e9bergements) -->\n                        <div class=\"tsc-filter-group\">\n                <select class=\"tsc-filter-select\" data-filter=\"label\">\n                    <option value=\"\">Totes les etiquetes<\/option>\n                                            <option value=\"Accueil V\u00e9lo\"\n                                >\n                            Accueil V\u00e9lo (1)\n                        <\/option>\n                                            <option value=\"Bienvenue \u00e0 la ferme\"\n                                >\n                            Bienvenue \u00e0 la ferme (1)\n                        <\/option>\n                                            <option value=\"Camping Qualit\u00e9\"\n                                >\n                            Camping Qualit\u00e9 (1)\n                        <\/option>\n                                            <option value=\"Cl\u00e9vacances\"\n                                >\n                            Cl\u00e9vacances (1)\n                        <\/option>\n                                            <option value=\"Destination d&#039;excellence\"\n                                >\n                            Destination d&#039;excellence (1)\n                        <\/option>\n                                            <option value=\"G\u00eetes de France\"\n                                >\n                            G\u00eetes de France (1)\n                        <\/option>\n                                            <option value=\"Qualit\u00e9 Tourisme\"\n                                >\n                            Qualit\u00e9 Tourisme (2)\n                        <\/option>\n                                            <option value=\"Qualit\u00e9 Tourisme Occitanie Sud de France\"\n                                >\n                            Qualit\u00e9 Tourisme Occitanie Sud de France (3)\n                        <\/option>\n                                            <option value=\"Tables et Auberges de France\"\n                                >\n                            Tables et Auberges de France (1)\n                        <\/option>\n                                            <option value=\"Teritoria\"\n                                >\n                            Teritoria (1)\n                        <\/option>\n                                            <option value=\"Vignobles et D\u00e9couvertes\"\n                                >\n                            Vignobles et D\u00e9couvertes (2)\n                        <\/option>\n                                    <\/select>\n            <\/div>\n            \n            <!-- Tri \u2014 ic\u00f4ne en fin de barre (PAS pour les \u00e9v\u00e9nements) -->\n                        <div class=\"tsc-filter-group tsc-sort-wrap\">\n                <input type=\"hidden\" data-filter=\"orderby\" value=\"default\">\n                <button type=\"button\" class=\"tsc-sort-trigger\" title=\"Ordenar\">\n                    <i class=\"fa-light fa-arrow-up-wide-short\"><\/i>\n                <\/button>\n                <div class=\"tsc-sort-panel\" hidden>\n                    <div class=\"tsc-sort-item tsc-sort-active\" data-value=\"default\">\n                        Ordre predeterminat                    <\/div>\n                    <div class=\"tsc-sort-item\" data-value=\"title\">A \u2192 Z<\/div>\n                    <div class=\"tsc-sort-item\" data-value=\"title-desc\">Z \u2192 A<\/div>\n                    <div class=\"tsc-sort-item\" data-value=\"date\">M\u00e9s recents<\/div>\n                                    <\/div>\n            <\/div>\n                    <\/div>\n\n        <!-- Filtres avanc\u00e9s (h\u00e9bergements) -->\n                <div class=\"tsc-filters-advanced\" style=\"display:none;\">\n            <div class=\"tsc-filter-row\">\n                <label class=\"tsc-checkbox-filter\">\n                    <input type=\"checkbox\" data-filter=\"animaux\"> <i class=\"fa-solid fa-paw\"><\/i> Animals admesos                <\/label>\n                <label class=\"tsc-checkbox-filter\">\n                    <input type=\"checkbox\" data-filter=\"piscine\"> <i class=\"fa-solid fa-water-ladder\"><\/i> Piscina                <\/label>\n            <\/div>\n        <\/div>\n        <button class=\"tsc-toggle-advanced\">\n            <i class=\"fa-solid fa-sliders\"><\/i> M\u00e9s filtres        <\/button>\n        \n        <!-- Filtres avanc\u00e9s (services : type de cuisine) -->\n            <\/div>\n    \n    <!-- \u2550\u2550\u2550 CONTENU \u2550\u2550\u2550 -->\n                <!-- MODE NORMAL -->\n        <div class=\"tsc-results-count\">\n            <span class=\"tsc-count-number\">0<\/span> resultat(s)        <\/div>\n        <div class=\"tsc-cards-grid tsc-cols-3\">\n            <div class=\"tsc-no-results\"><p>Cap resultat.<\/p><\/div>        <\/div>\n\n                \n    <div class=\"tsc-loader\" style=\"display:none;\">\n        <div class=\"tsc-spinner\"><\/div>\n    <\/div>\n<\/div>\n\n","protected":false},"excerpt":{"rendered":"<p>Els c\u00e0mpings Aspres us ofereixen unes vacances atractives i relaxants.<\/p>\n","protected":false},"author":2,"featured_media":34787,"parent":0,"menu_order":0,"comment_status":"closed","ping_status":"closed","template":"","meta":{"_acf_changed":false,"_et_pb_use_builder":"","_et_pb_old_content":"","_et_gb_content_width":"","footnotes":""},"class_list":["post-24726","page","type-page","status-publish","has-post-thumbnail","hentry"],"acf":[],"yoast_head":"<!-- This site is optimized with the Yoast SEO plugin v26.9 - https:\/\/yoast.com\/product\/yoast-seo-wordpress\/ -->\n<title>Camping &amp; Zona d&#039;autocaravanes - Office de Tourisme Aspres-Thuir<\/title>\n<meta name=\"description\" content=\"Les campings des Aspres vous offrent des vacances attractives et reposantes.\u00a0\" \/>\n<meta name=\"robots\" content=\"index, follow, max-snippet:-1, max-image-preview:large, max-video-preview:-1\" \/>\n<link rel=\"canonical\" href=\"https:\/\/aspres-thuir.com\/ca\/camping-i-zona-dautocaravanes\/\" \/>\n<meta property=\"og:locale\" content=\"ca_ES\" \/>\n<meta property=\"og:type\" content=\"article\" \/>\n<meta property=\"og:title\" content=\"Camping &amp; Zona d&#039;autocaravanes - Office de Tourisme Aspres-Thuir\" \/>\n<meta property=\"og:description\" content=\"Les campings des Aspres vous offrent des vacances attractives et reposantes.\u00a0\" \/>\n<meta property=\"og:site_name\" content=\"Office de Tourisme Aspres-Thuir\" \/>\n<meta property=\"article:modified_time\" content=\"2026-03-19T11:43:46+00:00\" \/>\n<meta property=\"og:image\" content=\"https:\/\/aspres-thuir.com\/wp-content\/uploads\/2022\/06\/Camping-cars-Campings-scaled.jpg\" \/>\n\t<meta property=\"og:image:width\" content=\"2880\" \/>\n\t<meta property=\"og:image:height\" content=\"1920\" \/>\n\t<meta property=\"og:image:type\" content=\"image\/jpeg\" \/>\n<meta name=\"twitter:card\" content=\"summary_large_image\" \/>\n<meta name=\"twitter:label1\" content=\"Est. reading time\" \/>\n\t<meta name=\"twitter:data1\" content=\"1 minute\" \/>\n<script type=\"application\/ld+json\" class=\"yoast-schema-graph\">{\"@context\":\"https:\/\/schema.org\",\"@graph\":[{\"@type\":\"WebPage\",\"@id\":\"https:\/\/aspres-thuir.com\/ca\/camping-i-zona-dautocaravanes\/\",\"url\":\"https:\/\/aspres-thuir.com\/ca\/camping-i-zona-dautocaravanes\/\",\"name\":\"Camping & Zona d'autocaravanes - Office de Tourisme Aspres-Thuir\",\"isPartOf\":{\"@id\":\"https:\/\/aspres-thuir.com\/ca\/#website\"},\"primaryImageOfPage\":{\"@id\":\"https:\/\/aspres-thuir.com\/ca\/camping-i-zona-dautocaravanes\/#primaryimage\"},\"image\":{\"@id\":\"https:\/\/aspres-thuir.com\/ca\/camping-i-zona-dautocaravanes\/#primaryimage\"},\"thumbnailUrl\":\"https:\/\/aspres-thuir.com\/wp-content\/uploads\/2022\/06\/Camping-cars-Campings-scaled.jpg\",\"datePublished\":\"2021-07-05T13:52:07+00:00\",\"dateModified\":\"2026-03-19T11:43:46+00:00\",\"description\":\"Les campings des Aspres vous offrent des vacances attractives et reposantes.\u00a0\",\"breadcrumb\":{\"@id\":\"https:\/\/aspres-thuir.com\/ca\/camping-i-zona-dautocaravanes\/#breadcrumb\"},\"inLanguage\":\"ca\",\"potentialAction\":[{\"@type\":\"ReadAction\",\"target\":[\"https:\/\/aspres-thuir.com\/ca\/camping-i-zona-dautocaravanes\/\"]}]},{\"@type\":\"ImageObject\",\"inLanguage\":\"ca\",\"@id\":\"https:\/\/aspres-thuir.com\/ca\/camping-i-zona-dautocaravanes\/#primaryimage\",\"url\":\"https:\/\/aspres-thuir.com\/wp-content\/uploads\/2022\/06\/Camping-cars-Campings-scaled.jpg\",\"contentUrl\":\"https:\/\/aspres-thuir.com\/wp-content\/uploads\/2022\/06\/Camping-cars-Campings-scaled.jpg\",\"width\":2880,\"height\":1920},{\"@type\":\"BreadcrumbList\",\"@id\":\"https:\/\/aspres-thuir.com\/ca\/camping-i-zona-dautocaravanes\/#breadcrumb\",\"itemListElement\":[{\"@type\":\"ListItem\",\"position\":1,\"name\":\"\",\"item\":\"https:\/\/aspres-thuir.com\/ca\/\"},{\"@type\":\"ListItem\",\"position\":2,\"name\":\"Camping &#038; Zona d&#8217;autocaravanes\"}]},{\"@type\":\"WebSite\",\"@id\":\"https:\/\/aspres-thuir.com\/ca\/#website\",\"url\":\"https:\/\/aspres-thuir.com\/ca\/\",\"name\":\"Office de Tourisme Aspres-Thuir\",\"description\":\"\",\"potentialAction\":[{\"@type\":\"SearchAction\",\"target\":{\"@type\":\"EntryPoint\",\"urlTemplate\":\"https:\/\/aspres-thuir.com\/ca\/?s={search_term_string}\"},\"query-input\":{\"@type\":\"PropertyValueSpecification\",\"valueRequired\":true,\"valueName\":\"search_term_string\"}}],\"inLanguage\":\"ca\"}]}<\/script>\n<!-- \/ Yoast SEO plugin. -->","yoast_head_json":{"title":"Camping & Zona d'autocaravanes - Office de Tourisme Aspres-Thuir","description":"Les campings des Aspres vous offrent des vacances attractives et reposantes.\u00a0","robots":{"index":"index","follow":"follow","max-snippet":"max-snippet:-1","max-image-preview":"max-image-preview:large","max-video-preview":"max-video-preview:-1"},"canonical":"https:\/\/aspres-thuir.com\/ca\/camping-i-zona-dautocaravanes\/","og_locale":"ca_ES","og_type":"article","og_title":"Camping & Zona d'autocaravanes - Office de Tourisme Aspres-Thuir","og_description":"Les campings des Aspres vous offrent des vacances attractives et reposantes.\u00a0","og_site_name":"Office de Tourisme Aspres-Thuir","article_modified_time":"2026-03-19T11:43:46+00:00","og_image":[{"width":2880,"height":1920,"url":"https:\/\/aspres-thuir.com\/wp-content\/uploads\/2022\/06\/Camping-cars-Campings-scaled.jpg","type":"image\/jpeg"}],"twitter_card":"summary_large_image","twitter_misc":{"Est. reading time":"1 minute"},"schema":{"@context":"https:\/\/schema.org","@graph":[{"@type":"WebPage","@id":"https:\/\/aspres-thuir.com\/ca\/camping-i-zona-dautocaravanes\/","url":"https:\/\/aspres-thuir.com\/ca\/camping-i-zona-dautocaravanes\/","name":"Camping & Zona d'autocaravanes - Office de Tourisme Aspres-Thuir","isPartOf":{"@id":"https:\/\/aspres-thuir.com\/ca\/#website"},"primaryImageOfPage":{"@id":"https:\/\/aspres-thuir.com\/ca\/camping-i-zona-dautocaravanes\/#primaryimage"},"image":{"@id":"https:\/\/aspres-thuir.com\/ca\/camping-i-zona-dautocaravanes\/#primaryimage"},"thumbnailUrl":"https:\/\/aspres-thuir.com\/wp-content\/uploads\/2022\/06\/Camping-cars-Campings-scaled.jpg","datePublished":"2021-07-05T13:52:07+00:00","dateModified":"2026-03-19T11:43:46+00:00","description":"Les campings des Aspres vous offrent des vacances attractives et reposantes.\u00a0","breadcrumb":{"@id":"https:\/\/aspres-thuir.com\/ca\/camping-i-zona-dautocaravanes\/#breadcrumb"},"inLanguage":"ca","potentialAction":[{"@type":"ReadAction","target":["https:\/\/aspres-thuir.com\/ca\/camping-i-zona-dautocaravanes\/"]}]},{"@type":"ImageObject","inLanguage":"ca","@id":"https:\/\/aspres-thuir.com\/ca\/camping-i-zona-dautocaravanes\/#primaryimage","url":"https:\/\/aspres-thuir.com\/wp-content\/uploads\/2022\/06\/Camping-cars-Campings-scaled.jpg","contentUrl":"https:\/\/aspres-thuir.com\/wp-content\/uploads\/2022\/06\/Camping-cars-Campings-scaled.jpg","width":2880,"height":1920},{"@type":"BreadcrumbList","@id":"https:\/\/aspres-thuir.com\/ca\/camping-i-zona-dautocaravanes\/#breadcrumb","itemListElement":[{"@type":"ListItem","position":1,"name":"","item":"https:\/\/aspres-thuir.com\/ca\/"},{"@type":"ListItem","position":2,"name":"Camping &#038; Zona d&#8217;autocaravanes"}]},{"@type":"WebSite","@id":"https:\/\/aspres-thuir.com\/ca\/#website","url":"https:\/\/aspres-thuir.com\/ca\/","name":"Office de Tourisme Aspres-Thuir","description":"","potentialAction":[{"@type":"SearchAction","target":{"@type":"EntryPoint","urlTemplate":"https:\/\/aspres-thuir.com\/ca\/?s={search_term_string}"},"query-input":{"@type":"PropertyValueSpecification","valueRequired":true,"valueName":"search_term_string"}}],"inLanguage":"ca"}]}},"_links":{"self":[{"href":"https:\/\/aspres-thuir.com\/ca\/wp-json\/wp\/v2\/pages\/24726","targetHints":{"allow":["GET"]}}],"collection":[{"href":"https:\/\/aspres-thuir.com\/ca\/wp-json\/wp\/v2\/pages"}],"about":[{"href":"https:\/\/aspres-thuir.com\/ca\/wp-json\/wp\/v2\/types\/page"}],"author":[{"embeddable":true,"href":"https:\/\/aspres-thuir.com\/ca\/wp-json\/wp\/v2\/users\/2"}],"replies":[{"embeddable":true,"href":"https:\/\/aspres-thuir.com\/ca\/wp-json\/wp\/v2\/comments?post=24726"}],"version-history":[{"count":0,"href":"https:\/\/aspres-thuir.com\/ca\/wp-json\/wp\/v2\/pages\/24726\/revisions"}],"wp:featuredmedia":[{"embeddable":true,"href":"https:\/\/aspres-thuir.com\/ca\/wp-json\/wp\/v2\/media\/34787"}],"wp:attachment":[{"href":"https:\/\/aspres-thuir.com\/ca\/wp-json\/wp\/v2\/media?parent=24726"}],"curies":[{"name":"wp","href":"https:\/\/api.w.org\/{rel}","templated":true}]}}