{"id":41102,"date":"2022-09-24T12:11:06","date_gmt":"2022-09-24T11:11:06","guid":{"rendered":"https:\/\/aspres-thuir.com\/tourisme-handicap\/"},"modified":"2023-05-31T14:46:15","modified_gmt":"2023-05-31T13:46:15","slug":"turisme-i-handicap","status":"publish","type":"page","link":"https:\/\/aspres-thuir.com\/ca\/turisme-i-handicap\/","title":{"rendered":"Turisme &#038; Handicap"},"content":{"rendered":"\n<div class=\"wp-block-divi-layout\">[et_pb_section fb_built=&#8221;1&#8243; admin_label=&#8221;section&#8221; _builder_version=&#8221;4.18.0&#8243; background_color=&#8221;#EFEFEF&#8221; custom_padding=&#8221;|0px||0px||&#8221; border_radii=&#8221;on|36px|36px|36px|36px&#8221; global_colors_info=&#8221;{}&#8221;][et_pb_row admin_label=&#8221;row&#8221; _builder_version=&#8221;4.16&#8243; background_size=&#8221;initial&#8221; background_position=&#8221;top_left&#8221; background_repeat=&#8221;repeat&#8221; global_colors_info=&#8221;{}&#8221;][et_pb_column type=&#8221;4_4&#8243; _builder_version=&#8221;4.18.0&#8243; _module_preset=&#8221;default&#8221; global_colors_info=&#8221;{}&#8221;][et_pb_image src=&#8221;https:\/\/aspres-thuir.com\/wp-content\/uploads\/2023\/01\/Pictogramme-Tourisme-Handicap.jpg&#8221; title_text=&#8221;Pictogramme Tourisme &#038; Handicap&#8221; align=&#8221;center&#8221; _builder_version=&#8221;4.19.4&#8243; _module_preset=&#8221;default&#8221; width=&#8221;50%&#8221; global_colors_info=&#8221;{}&#8221;][\/et_pb_image][\/et_pb_column][\/et_pb_row][et_pb_row _builder_version=&#8221;4.18.0&#8243; _module_preset=&#8221;default&#8221; global_colors_info=&#8221;{}&#8221;][et_pb_column type=&#8221;4_4&#8243; _builder_version=&#8221;4.18.0&#8243; _module_preset=&#8221;default&#8221; global_colors_info=&#8221;{}&#8221;][et_pb_text _builder_version=&#8221;4.19.3&#8243; _module_preset=&#8221;default&#8221; global_colors_info=&#8221;{}&#8221;]<p style=\"text-align: justify\">Creat l&#8217;any 2001, el Segell Turisme i Discapacitat t\u00e9 com a objectiu proporcionar informaci\u00f3 fiable i descriptiva sobre l&#8217;accessibilitat dels llocs i instal\u00b7lacions tur\u00edstiques, tenint en compte els 4 tipus de discapacitat (auditiva, ps\u00edquica, motriu i visual) i desenvolupar una oferta tur\u00edstica adaptada.<\/p>\n<p style=\"text-align: justify\">Els llocs i serveis tur\u00edstics que han obtingut el Segell de Turisme i Discapacitat s\u00f3n espais tur\u00edstics oberts a tothom on es fa tot per tal que cadasc\u00fa trobi el seu lloc, gaudeixi d&#8217;unes bones vacances, gaudeixi de visites i activitats, d&#8217;animaci\u00f3 i festa, de comoditat de l&#8217;allotjament i qualitat de la restauraci\u00f3.<\/p>[\/et_pb_text][\/et_pb_column][\/et_pb_row][et_pb_row column_structure=&#8221;1_2,1_2&#8243; _builder_version=&#8221;4.18.0&#8243; _module_preset=&#8221;default&#8221; global_colors_info=&#8221;{}&#8221;][et_pb_column type=&#8221;1_2&#8243; _builder_version=&#8221;4.18.0&#8243; _module_preset=&#8221;default&#8221; global_colors_info=&#8221;{}&#8221;][et_pb_button button_url=&#8221;https:\/\/tourisme-handicaps.org\/lassociation\/&#8221; button_text=&#8221;DESCOBREIX L&#8217;ASSOCIACI\u00d3&#8221; button_alignment=&#8221;center&#8221; _builder_version=&#8221;4.19.3&#8243; _module_preset=&#8221;default&#8221; global_colors_info=&#8221;{}&#8221;][\/et_pb_button][\/et_pb_column][et_pb_column type=&#8221;1_2&#8243; _builder_version=&#8221;4.18.0&#8243; _module_preset=&#8221;default&#8221; global_colors_info=&#8221;{}&#8221;][et_pb_button button_url=&#8221;https:\/\/tourisme-handicaps.org\/les-marques-nationales\/tourisme-handicap\/&#8221; button_text=&#8221;DESCOBREIX LA MARCA&#8221; button_alignment=&#8221;center&#8221; _builder_version=&#8221;4.19.3&#8243; _module_preset=&#8221;default&#8221; global_colors_info=&#8221;{}&#8221;][\/et_pb_button][\/et_pb_column][\/et_pb_row][\/et_pb_section][et_pb_section fb_built=&#8221;1&#8243; _builder_version=&#8221;4.18.0&#8243; _module_preset=&#8221;default&#8221; global_colors_info=&#8221;{}&#8221;][et_pb_row column_structure=&#8221;1_2,1_2&#8243; _builder_version=&#8221;4.18.0&#8243; _module_preset=&#8221;default&#8221; global_colors_info=&#8221;{}&#8221;][et_pb_column type=&#8221;1_2&#8243; _builder_version=&#8221;4.18.0&#8243; _module_preset=&#8221;default&#8221; global_colors_info=&#8221;{}&#8221;][et_pb_text _builder_version=&#8221;4.19.3&#8243; _module_preset=&#8221;default&#8221; global_colors_info=&#8221;{}&#8221;]<p style=\"text-align: justify\">Hem llistat per a vost\u00e8 els allotjaments, establiments de restauraci\u00f3, llocs tur\u00edstics i d&#8217;oci que compleixen els requisits de les persones amb discapacitat. Un establiment es pot etiquetar per a una o m\u00e9s defici\u00e8ncies entre les quatre seg\u00fcents: auditiva, motriu, mental i visual. Per fer-ho, ha de complir les especificacions i comprometre&#8217;s a respectar-les a llarg termini. L&#8217;etiqueta permet proporcionar informaci\u00f3 fiable i objectiva al turista per ajudar-lo a organitzar la seva estada de manera aut\u00f2noma, per\u00f2 tamb\u00e9 garanteix una acollida adaptada i un personal conscient.<\/p>\n<p style=\"text-align: justify\">Els establiments i instal\u00b7lacions etiquetats es poden identificar amb el logotip de Tourisme &amp; Handicap acompanyat dels diferents pictogrames que representen les discapacitats.<\/p>[\/et_pb_text][\/et_pb_column][et_pb_column type=&#8221;1_2&#8243; _builder_version=&#8221;4.18.0&#8243; _module_preset=&#8221;default&#8221; global_colors_info=&#8221;{}&#8221;][et_pb_image src=&#8221;https:\/\/aspres-thuir.com\/wp-content\/uploads\/2022\/08\/IMG-7453-scaled-e1659534409998.jpg&#8221; title_text=&#8221;IMG-7453&#8243; _builder_version=&#8221;4.18.0&#8243; _module_preset=&#8221;default&#8221; custom_margin=&#8221;|-6px||||&#8221; global_colors_info=&#8221;{}&#8221;][\/et_pb_image][\/et_pb_column][\/et_pb_row][et_pb_row _builder_version=&#8221;4.19.1&#8243; _module_preset=&#8221;default&#8221; global_colors_info=&#8221;{}&#8221;][et_pb_column type=&#8221;4_4&#8243; _builder_version=&#8221;4.19.1&#8243; _module_preset=&#8221;default&#8221; global_colors_info=&#8221;{}&#8221;][et_pb_image src=&#8221;https:\/\/aspres-thuir.com\/wp-content\/uploads\/2022\/11\/Plan-de-Thuir-PMR.png&#8221; title_text=&#8221;Plan de Thuir PMR&#8221; show_in_lightbox=&#8221;on&#8221; _builder_version=&#8221;4.19.1&#8243; _module_preset=&#8221;default&#8221; background_image=&#8221;https:\/\/aspres-thuir.com\/wp-content\/uploads\/2022\/11\/Plan-de-Thuir-PMR.png&#8221; global_colors_info=&#8221;{}&#8221;][\/et_pb_image][\/et_pb_column][\/et_pb_row][\/et_pb_section][et_pb_section fb_built=&#8221;1&#8243; _builder_version=&#8221;4.18.0&#8243; _module_preset=&#8221;default&#8221; global_colors_info=&#8221;{}&#8221;][et_pb_row _builder_version=&#8221;4.18.0&#8243; _module_preset=&#8221;default&#8221; global_colors_info=&#8221;{}&#8221;][et_pb_column type=&#8221;4_4&#8243; _builder_version=&#8221;4.18.0&#8243; _module_preset=&#8221;default&#8221; global_colors_info=&#8221;{}&#8221;][et_pb_text _builder_version=&#8221;4.18.0&#8243; _module_preset=&#8221;default&#8221; global_colors_info=&#8221;{}&#8221;]<h3 style=\"text-align: center\">DOCUMENT PER DESCARREGAR<\/h3>[\/et_pb_text][\/et_pb_column][\/et_pb_row][et_pb_row column_structure=&#8221;1_3,1_3,1_3&#8243; _builder_version=&#8221;4.18.0&#8243; _module_preset=&#8221;default&#8221; global_colors_info=&#8221;{}&#8221;][et_pb_column type=&#8221;1_3&#8243; _builder_version=&#8221;4.18.0&#8243; _module_preset=&#8221;default&#8221; global_colors_info=&#8221;{}&#8221;][et_pb_button button_url=&#8221;https:\/\/aspres-thuir.com\/wp-content\/uploads\/2022\/04\/CASTELNOU-BRAILLE-GROS-CARACTERES.pdf&#8221; button_text=&#8221;Castellnou&#8221; button_alignment=&#8221;center&#8221; _builder_version=&#8221;4.19.3&#8243; _module_preset=&#8221;default&#8221; custom_button=&#8221;on&#8221; button_text_size=&#8221;24px&#8221; global_colors_info=&#8221;{}&#8221;][\/et_pb_button][\/et_pb_column][et_pb_column type=&#8221;1_3&#8243; _builder_version=&#8221;4.18.0&#8243; _module_preset=&#8221;default&#8221; global_colors_info=&#8221;{}&#8221;][et_pb_button button_url=&#8221;https:\/\/aspres-thuir.com\/wp-content\/uploads\/2022\/04\/THUIR-BRAILLE-GROS-CARACTERES.pdf&#8221; button_text=&#8221;Tu\u00efr&#8221; button_alignment=&#8221;center&#8221; _builder_version=&#8221;4.19.4&#8243; _module_preset=&#8221;default&#8221; custom_button=&#8221;on&#8221; button_text_size=&#8221;24px&#8221; global_colors_info=&#8221;{}&#8221;][\/et_pb_button][\/et_pb_column][et_pb_column type=&#8221;1_3&#8243; _builder_version=&#8221;4.18.0&#8243; _module_preset=&#8221;default&#8221; global_colors_info=&#8221;{}&#8221;][et_pb_button button_url=&#8221;https:\/\/aspres-thuir.com\/wp-content\/uploads\/2022\/04\/CAVES-BYRRH-BRAILLE-GROS-CARACTERES.pdf&#8221; button_text=&#8221;CAVES BYRRH&#8221; _builder_version=&#8221;4.18.0&#8243; _module_preset=&#8221;default&#8221; custom_button=&#8221;on&#8221; button_text_size=&#8221;24px&#8221; global_colors_info=&#8221;{}&#8221;][\/et_pb_button][\/et_pb_column][\/et_pb_row][et_pb_row column_structure=&#8221;1_2,1_2&#8243; _builder_version=&#8221;4.18.0&#8243; _module_preset=&#8221;default&#8221; global_colors_info=&#8221;{}&#8221;][et_pb_column type=&#8221;1_2&#8243; _builder_version=&#8221;4.18.0&#8243; _module_preset=&#8221;default&#8221; global_colors_info=&#8221;{}&#8221;][et_pb_button button_url=&#8221;https:\/\/aspres-thuir.com\/wp-content\/uploads\/2023\/02\/Guide-de-laccessibilite-2023.pdf&#8221; button_text=&#8221;Guia d&#8217;accessibilitat Aspres 2023&#8243; button_alignment=&#8221;center&#8221; _builder_version=&#8221;4.21.0&#8243; _module_preset=&#8221;default&#8221; custom_button=&#8221;on&#8221; button_text_size=&#8221;24px&#8221; hover_enabled=&#8221;0&#8243; global_colors_info=&#8221;{}&#8221; sticky_enabled=&#8221;0&#8243;][\/et_pb_button][\/et_pb_column][et_pb_column type=&#8221;1_2&#8243; _builder_version=&#8221;4.18.0&#8243; _module_preset=&#8221;default&#8221; global_colors_info=&#8221;{}&#8221;][et_pb_button button_url=&#8221;https:\/\/pro-tourismeadt66.com\/sites\/pro-tourismeadt66.com\/files\/atoms\/files\/brochure_th_adt66_avril_2023_retaillee-1.pdf&#8221; button_text=&#8221;Guia d&#8217;accessibilitat dels Pirineus Orientals 2023&#8243; button_alignment=&#8221;center&#8221; _builder_version=&#8221;4.21.0&#8243; _module_preset=&#8221;default&#8221; custom_button=&#8221;on&#8221; button_text_size=&#8221;24px&#8221; global_colors_info=&#8221;{}&#8221;][\/et_pb_button][\/et_pb_column][\/et_pb_row][\/et_pb_section][et_pb_section fb_built=&#8221;1&#8243; _builder_version=&#8221;4.18.0&#8243; _module_preset=&#8221;default&#8221; global_colors_info=&#8221;{}&#8221;][et_pb_row _builder_version=&#8221;4.18.0&#8243; _module_preset=&#8221;default&#8221; global_colors_info=&#8221;{}&#8221;][et_pb_column type=&#8221;4_4&#8243; _builder_version=&#8221;4.18.0&#8243; _module_preset=&#8221;default&#8221; global_colors_info=&#8221;{}&#8221;][\/et_pb_column][\/et_pb_row][\/et_pb_section]<\/div>\n","protected":false},"excerpt":{"rendered":"","protected":false},"author":5,"featured_media":40026,"parent":0,"menu_order":0,"comment_status":"closed","ping_status":"closed","template":"","meta":{"_acf_changed":false,"_et_pb_use_builder":"","_et_pb_old_content":"","_et_gb_content_width":"","footnotes":""},"class_list":["post-41102","page","type-page","status-publish","has-post-thumbnail","hentry"],"acf":[],"yoast_head":"<!-- This site is optimized with the Yoast SEO plugin v26.9 - https:\/\/yoast.com\/product\/yoast-seo-wordpress\/ -->\n<title>Turisme &amp; Handicap - Office de Tourisme Aspres-Thuir<\/title>\n<meta name=\"robots\" content=\"index, follow, max-snippet:-1, max-image-preview:large, max-video-preview:-1\" \/>\n<link rel=\"canonical\" href=\"https:\/\/aspres-thuir.com\/ca\/turisme-i-handicap\/\" \/>\n<meta property=\"og:locale\" content=\"ca_ES\" \/>\n<meta property=\"og:type\" content=\"article\" \/>\n<meta property=\"og:title\" content=\"Turisme &amp; Handicap - Office de Tourisme Aspres-Thuir\" \/>\n<meta property=\"og:site_name\" content=\"Office de Tourisme Aspres-Thuir\" \/>\n<meta property=\"article:modified_time\" content=\"2023-05-31T13:46:15+00:00\" \/>\n<meta property=\"og:image\" content=\"https:\/\/aspres-thuir.com\/wp-content\/uploads\/2022\/09\/byrrh-2.jpg\" \/>\n\t<meta property=\"og:image:width\" content=\"2816\" \/>\n\t<meta property=\"og:image:height\" content=\"1880\" \/>\n\t<meta property=\"og:image:type\" content=\"image\/jpeg\" \/>\n<meta name=\"twitter:card\" content=\"summary_large_image\" \/>\n<meta name=\"twitter:label1\" content=\"Est. reading time\" \/>\n\t<meta name=\"twitter:data1\" content=\"3 minutes\" \/>\n<script type=\"application\/ld+json\" class=\"yoast-schema-graph\">{\"@context\":\"https:\/\/schema.org\",\"@graph\":[{\"@type\":\"WebPage\",\"@id\":\"https:\/\/aspres-thuir.com\/ca\/turisme-i-handicap\/\",\"url\":\"https:\/\/aspres-thuir.com\/ca\/turisme-i-handicap\/\",\"name\":\"Turisme & Handicap - Office de Tourisme Aspres-Thuir\",\"isPartOf\":{\"@id\":\"https:\/\/aspres-thuir.com\/ca\/#website\"},\"primaryImageOfPage\":{\"@id\":\"https:\/\/aspres-thuir.com\/ca\/turisme-i-handicap\/#primaryimage\"},\"image\":{\"@id\":\"https:\/\/aspres-thuir.com\/ca\/turisme-i-handicap\/#primaryimage\"},\"thumbnailUrl\":\"https:\/\/aspres-thuir.com\/wp-content\/uploads\/2022\/09\/byrrh-2.jpg\",\"datePublished\":\"2022-09-24T11:11:06+00:00\",\"dateModified\":\"2023-05-31T13:46:15+00:00\",\"breadcrumb\":{\"@id\":\"https:\/\/aspres-thuir.com\/ca\/turisme-i-handicap\/#breadcrumb\"},\"inLanguage\":\"ca\",\"potentialAction\":[{\"@type\":\"ReadAction\",\"target\":[\"https:\/\/aspres-thuir.com\/ca\/turisme-i-handicap\/\"]}]},{\"@type\":\"ImageObject\",\"inLanguage\":\"ca\",\"@id\":\"https:\/\/aspres-thuir.com\/ca\/turisme-i-handicap\/#primaryimage\",\"url\":\"https:\/\/aspres-thuir.com\/wp-content\/uploads\/2022\/09\/byrrh-2.jpg\",\"contentUrl\":\"https:\/\/aspres-thuir.com\/wp-content\/uploads\/2022\/09\/byrrh-2.jpg\",\"width\":2816,\"height\":1880},{\"@type\":\"BreadcrumbList\",\"@id\":\"https:\/\/aspres-thuir.com\/ca\/turisme-i-handicap\/#breadcrumb\",\"itemListElement\":[{\"@type\":\"ListItem\",\"position\":1,\"name\":\"\",\"item\":\"https:\/\/aspres-thuir.com\/ca\/\"},{\"@type\":\"ListItem\",\"position\":2,\"name\":\"Turisme &#038; Handicap\"}]},{\"@type\":\"WebSite\",\"@id\":\"https:\/\/aspres-thuir.com\/ca\/#website\",\"url\":\"https:\/\/aspres-thuir.com\/ca\/\",\"name\":\"Office de Tourisme Aspres-Thuir\",\"description\":\"\",\"potentialAction\":[{\"@type\":\"SearchAction\",\"target\":{\"@type\":\"EntryPoint\",\"urlTemplate\":\"https:\/\/aspres-thuir.com\/ca\/?s={search_term_string}\"},\"query-input\":{\"@type\":\"PropertyValueSpecification\",\"valueRequired\":true,\"valueName\":\"search_term_string\"}}],\"inLanguage\":\"ca\"}]}<\/script>\n<!-- \/ Yoast SEO plugin. -->","yoast_head_json":{"title":"Turisme & Handicap - Office de Tourisme Aspres-Thuir","robots":{"index":"index","follow":"follow","max-snippet":"max-snippet:-1","max-image-preview":"max-image-preview:large","max-video-preview":"max-video-preview:-1"},"canonical":"https:\/\/aspres-thuir.com\/ca\/turisme-i-handicap\/","og_locale":"ca_ES","og_type":"article","og_title":"Turisme & Handicap - Office de Tourisme Aspres-Thuir","og_site_name":"Office de Tourisme Aspres-Thuir","article_modified_time":"2023-05-31T13:46:15+00:00","og_image":[{"width":2816,"height":1880,"url":"https:\/\/aspres-thuir.com\/wp-content\/uploads\/2022\/09\/byrrh-2.jpg","type":"image\/jpeg"}],"twitter_card":"summary_large_image","twitter_misc":{"Est. reading time":"3 minutes"},"schema":{"@context":"https:\/\/schema.org","@graph":[{"@type":"WebPage","@id":"https:\/\/aspres-thuir.com\/ca\/turisme-i-handicap\/","url":"https:\/\/aspres-thuir.com\/ca\/turisme-i-handicap\/","name":"Turisme & Handicap - Office de Tourisme Aspres-Thuir","isPartOf":{"@id":"https:\/\/aspres-thuir.com\/ca\/#website"},"primaryImageOfPage":{"@id":"https:\/\/aspres-thuir.com\/ca\/turisme-i-handicap\/#primaryimage"},"image":{"@id":"https:\/\/aspres-thuir.com\/ca\/turisme-i-handicap\/#primaryimage"},"thumbnailUrl":"https:\/\/aspres-thuir.com\/wp-content\/uploads\/2022\/09\/byrrh-2.jpg","datePublished":"2022-09-24T11:11:06+00:00","dateModified":"2023-05-31T13:46:15+00:00","breadcrumb":{"@id":"https:\/\/aspres-thuir.com\/ca\/turisme-i-handicap\/#breadcrumb"},"inLanguage":"ca","potentialAction":[{"@type":"ReadAction","target":["https:\/\/aspres-thuir.com\/ca\/turisme-i-handicap\/"]}]},{"@type":"ImageObject","inLanguage":"ca","@id":"https:\/\/aspres-thuir.com\/ca\/turisme-i-handicap\/#primaryimage","url":"https:\/\/aspres-thuir.com\/wp-content\/uploads\/2022\/09\/byrrh-2.jpg","contentUrl":"https:\/\/aspres-thuir.com\/wp-content\/uploads\/2022\/09\/byrrh-2.jpg","width":2816,"height":1880},{"@type":"BreadcrumbList","@id":"https:\/\/aspres-thuir.com\/ca\/turisme-i-handicap\/#breadcrumb","itemListElement":[{"@type":"ListItem","position":1,"name":"","item":"https:\/\/aspres-thuir.com\/ca\/"},{"@type":"ListItem","position":2,"name":"Turisme &#038; Handicap"}]},{"@type":"WebSite","@id":"https:\/\/aspres-thuir.com\/ca\/#website","url":"https:\/\/aspres-thuir.com\/ca\/","name":"Office de Tourisme Aspres-Thuir","description":"","potentialAction":[{"@type":"SearchAction","target":{"@type":"EntryPoint","urlTemplate":"https:\/\/aspres-thuir.com\/ca\/?s={search_term_string}"},"query-input":{"@type":"PropertyValueSpecification","valueRequired":true,"valueName":"search_term_string"}}],"inLanguage":"ca"}]}},"_links":{"self":[{"href":"https:\/\/aspres-thuir.com\/ca\/wp-json\/wp\/v2\/pages\/41102","targetHints":{"allow":["GET"]}}],"collection":[{"href":"https:\/\/aspres-thuir.com\/ca\/wp-json\/wp\/v2\/pages"}],"about":[{"href":"https:\/\/aspres-thuir.com\/ca\/wp-json\/wp\/v2\/types\/page"}],"author":[{"embeddable":true,"href":"https:\/\/aspres-thuir.com\/ca\/wp-json\/wp\/v2\/users\/5"}],"replies":[{"embeddable":true,"href":"https:\/\/aspres-thuir.com\/ca\/wp-json\/wp\/v2\/comments?post=41102"}],"version-history":[{"count":0,"href":"https:\/\/aspres-thuir.com\/ca\/wp-json\/wp\/v2\/pages\/41102\/revisions"}],"wp:featuredmedia":[{"embeddable":true,"href":"https:\/\/aspres-thuir.com\/ca\/wp-json\/wp\/v2\/media\/40026"}],"wp:attachment":[{"href":"https:\/\/aspres-thuir.com\/ca\/wp-json\/wp\/v2\/media?parent=41102"}],"curies":[{"name":"wp","href":"https:\/\/api.w.org\/{rel}","templated":true}]}}