{"id":41106,"date":"2022-05-05T16:36:13","date_gmt":"2022-05-05T15:36:13","guid":{"rendered":"https:\/\/aspres-thuir.com\/les-marches\/"},"modified":"2023-01-05T17:23:40","modified_gmt":"2023-01-05T16:23:40","slug":"mercats","status":"publish","type":"page","link":"https:\/\/aspres-thuir.com\/ca\/mercats\/","title":{"rendered":"Mercats"},"content":{"rendered":"<p>Trobareu els dies de mercat dels diferents municipis d&#8217;Aspres.<\/p>\n\n\n<div class=\"wp-block-divi-layout\">[et_pb_section fb_built=&#8221;1&#8243; admin_label=&#8221;section&#8221; _builder_version=&#8221;4.16&#8243; global_colors_info=&#8221;{}&#8221;][et_pb_row column_structure=&#8221;1_2,1_2&#8243; admin_label=&#8221;row&#8221; _builder_version=&#8221;4.16&#8243; background_size=&#8221;initial&#8221; background_position=&#8221;top_left&#8221; background_repeat=&#8221;repeat&#8221; global_colors_info=&#8221;{}&#8221;][et_pb_column type=&#8221;1_2&#8243; _builder_version=&#8221;4.17.3&#8243; _module_preset=&#8221;default&#8221; global_colors_info=&#8221;{}&#8221;][et_pb_image src=&#8221;https:\/\/aspres-thuir.com\/wp-content\/uploads\/2022\/05\/thuir.jpg&#8221; title_text=&#8221;thuir&#8221; _builder_version=&#8221;4.17.3&#8243; _module_preset=&#8221;default&#8221; border_radii=&#8221;on|12px|12px|12px|12px&#8221; box_shadow_style=&#8221;preset2&#8243; global_colors_info=&#8221;{}&#8221;][\/et_pb_image][et_pb_image src=&#8221;https:\/\/aspres-thuir.com\/wp-content\/uploads\/2022\/05\/image.jpg&#8221; title_text=&#8221;March\u00e9Thuir&#8221; _builder_version=&#8221;4.17.3&#8243; _module_preset=&#8221;default&#8221; border_radii=&#8221;on|12px|12px|12px|12px&#8221; box_shadow_style=&#8221;preset2&#8243; global_colors_info=&#8221;{}&#8221;][\/et_pb_image][et_pb_image src=&#8221;https:\/\/aspres-thuir.com\/wp-content\/uploads\/2022\/05\/image-1.jpg&#8221; title_text=&#8221;image (1)&#8221; _builder_version=&#8221;4.17.3&#8243; _module_preset=&#8221;default&#8221; border_radii=&#8221;on|12px|12px|12px|12px&#8221; box_shadow_style=&#8221;preset2&#8243; global_colors_info=&#8221;{}&#8221;][\/et_pb_image][et_pb_image src=&#8221;https:\/\/aspres-thuir.com\/wp-content\/uploads\/2022\/05\/image-2.jpg&#8221; title_text=&#8221;image (2)&#8221; _builder_version=&#8221;4.17.3&#8243; _module_preset=&#8221;default&#8221; border_radii=&#8221;on|12px|12px|12px|12px&#8221; box_shadow_style=&#8221;preset2&#8243; global_colors_info=&#8221;{}&#8221;][\/et_pb_image][\/et_pb_column][et_pb_column type=&#8221;1_2&#8243; _builder_version=&#8221;4.17.3&#8243; _module_preset=&#8221;default&#8221; global_colors_info=&#8221;{}&#8221;][et_pb_text _builder_version=&#8221;4.19.3&#8243; _module_preset=&#8221;default&#8221; global_colors_info=&#8221;{}&#8221;]<h1>Mercats de Tu\u00efr<\/h1>\n<h3>Mercat<\/h3>\n<p>Tu\u00efr \u00e9s una ciutat de mercats.<\/p>\n<p>Cada dissabte al mat\u00ed, la pla\u00e7a de la Rep\u00fablica i els carrers adjacents acullen el tradicional mercat, els carrers cobren vida i s\u00f3n enva\u00efts per moltes parades de colors.<\/p>\n<p>Hi podreu trobar de tot: fruites, verdures, carns, peixos, mariscs, formatges, roba, bijuteria, llibres, decoraci\u00f3&#8230; aix\u00ed com un gran nombre de productors i artesans locals.<\/p>\n<p>&nbsp;<\/p>\n<h3>El mercat gourmet de primavera<\/h3>\n<p>El diumenge 1 de maig, una seixantena de productors i artesans locals us donen la benvinguda i us ofereixen vins, formatges, mel, greixos&#8230; joieria, cer\u00e0mica&#8230;<\/p>\n<p>&nbsp;<\/p>\n<h3>Fira de greixos<\/h3>\n<p>A principis de desembre, la Foire au gras et permet fer el teu mercat de Nadal amb els pagesos del departament.<\/p>\n<p>Trobareu \u00e0nec en totes les seves formes: foie gras, magrets d&#8217;\u00e0nec, cuixes, confits, terrines, plats cuinats, etc.<\/p>\n<p>Per\u00f2 tamb\u00e9 aus de corral, gallines, pintades, estru\u00e7os, capons&#8230;<\/p>\n<p>I m\u00e9s: mel, pa de pessic, melmelades, ametlles, fruita, vedella rosada dels Pyr\u00e9n\u00e9es, cargols, porcs, xarcuteria, sucs de fruites, xarops, formatges de vaca, cabra i ovella, oli d&#8217;oliva, vins, ostres, patates, mostassa&#8230;<\/p>\n<p>&nbsp;<\/p>\n<p><strong>Adre\u00e7a :<\/strong><\/p>\n<p>Bulevard Leon Jean Gregory<br \/>66300 &#8211; Tu\u00efr<\/p>\n<p>&nbsp;<\/p>[\/et_pb_text][\/et_pb_column][\/et_pb_row][et_pb_row _builder_version=&#8221;4.17.4&#8243; _module_preset=&#8221;default&#8221; global_colors_info=&#8221;{}&#8221;][et_pb_column type=&#8221;4_4&#8243; _builder_version=&#8221;4.17.4&#8243; _module_preset=&#8221;default&#8221; global_colors_info=&#8221;{}&#8221;][\/et_pb_column][\/et_pb_row][et_pb_row column_structure=&#8221;1_2,1_2&#8243; admin_label=&#8221;row&#8221; _builder_version=&#8221;4.17.3&#8243; background_size=&#8221;initial&#8221; background_position=&#8221;top_left&#8221; background_repeat=&#8221;repeat&#8221; global_colors_info=&#8221;{}&#8221;][et_pb_column type=&#8221;1_2&#8243; _builder_version=&#8221;4.17.3&#8243; _module_preset=&#8221;default&#8221; global_colors_info=&#8221;{}&#8221;][et_pb_text _builder_version=&#8221;4.19.3&#8243; _module_preset=&#8221;default&#8221; global_colors_info=&#8221;{}&#8221;]<h1>Mercats de Castellnou<\/h1>\n<h3>Petit mercat de pagesos i artesans<\/h3>\n<p>En petites casetes de fusta, plenes d&#8217;encant, els mateixos productors t&#8217;ofereixen tots els seus excel\u00b7lents productes d&#8217;aqu\u00ed: olis d&#8217;oliva ecol\u00f2gics, cargols, sucs de fruites, rosquilles i galetes catalanes, pa ecol\u00f2gic, melmelades, fruites i verdures ecol\u00f2giques, mel i pa de pessic. , safr\u00e0, vins rossellonesos ecol\u00f2gics, vins dol\u00e7os naturals ecol\u00f2gics, formatges de cabra, terrines i foie gras d&#8217;\u00e0nec&#8230; per\u00f2 tamb\u00e9 artesania amb joieria, pell&#8230;<\/p>\n<p><strong>Data :<\/strong> dimarts de juliol a mitjans de setembre<\/p>\n<p>&nbsp;<\/p>\n<h3>Mercat entremaliat<\/h3>\n<p><strong>Data :<\/strong> mitjans de febrer<\/p>\n<p>&nbsp;<\/p>\n<h3>Mercat zen<\/h3>\n<p><strong>Data :<\/strong> abril<\/p>\n<p>&nbsp;<\/p>\n<h3>Mercat del Gust del Pag\u00e8s<\/h3>\n<p>Vine a passar un dia excepcional compartint amb productors i artesans locals durant el March\u00e9 du Go\u00fbt Fermier!<\/p>\n<p>Passejades pel poble medieval, per con\u00e8ixer els seus artesans i molts descobriments. A partir de les 9 h: Obertura del mercat, una trentena de pagesos i artesans locals us ofereixen el millor de la seva terra: fruites i verdures de temporada, melmelades, sucs de fruites, olives i olis d&#8217;oliva, terrines d&#8217;\u00e0nec, cargols, formatges, mels i altres dol\u00e7os, pans, vins i vins dol\u00e7os naturals.<\/p>\n<p>Per\u00f2 tamb\u00e9 terrissa, cistelleria, joieria, marroquineria&#8230; A continuaci\u00f3 ambient musical Swing i can\u00e7ons franceses amb el grup &#8220;Swing Sam Soul&#8221;.<\/p>\n<p>I tamb\u00e9 la pres\u00e8ncia del sensible Clown Tango que animar\u00e0 el mercat barrejant ingenu\u00eftat, tendresa i humor.<\/p>\n<p><strong>Data :<\/strong> Octubre<\/p>\n<p>&nbsp;<\/p>\n<h3>Mercat de Nadal per a productors i artesans<\/h3>\n<p>Cada any al desembre t\u00e9 lloc als peus de l&#8217;esgl\u00e9sia un Mercat de pagesos i artesans locals que us oferiran amb motiu de les celebracions de fi de curs: productes festius de la pagesia, artesania per als vostres obsequis, vi calent amb esp\u00e8cies i altres. productes caracter\u00edstics de la nostra comarca. Ambient musical. Al poble: Passejades pel poble medieval, botigues d&#8217;artesania i restaurants al poble.<\/p>\n<p><strong>Data :<\/strong> principis de desembre<\/p>\n<p>&nbsp;<\/p>\n<p><strong>Adre\u00e7a :<\/strong><\/p>\n<p>Al peu de l&#8217;esgl\u00e9sia<\/p>\n<p>66300 &#8211; Castellnou<\/p>[\/et_pb_text][\/et_pb_column][et_pb_column type=&#8221;1_2&#8243; _builder_version=&#8221;4.17.3&#8243; _module_preset=&#8221;default&#8221; global_colors_info=&#8221;{}&#8221;][et_pb_image src=&#8221;https:\/\/aspres-thuir.com\/wp-content\/uploads\/2022\/05\/Castelnou.jpg&#8221; title_text=&#8221;Castelnou&#8221; _builder_version=&#8221;4.17.3&#8243; _module_preset=&#8221;default&#8221; border_radii=&#8221;on|12px|12px|12px|12px&#8221; box_shadow_style=&#8221;preset2&#8243; global_colors_info=&#8221;{}&#8221;][\/et_pb_image][et_pb_image src=&#8221;https:\/\/aspres-thuir.com\/wp-content\/uploads\/2022\/04\/20180724-122039-scaled.jpg&#8221; title_text=&#8221;20180724-122039&#8243; _builder_version=&#8221;4.17.3&#8243; _module_preset=&#8221;default&#8221; border_radii=&#8221;on|12px|12px|12px|12px&#8221; box_shadow_style=&#8221;preset2&#8243; global_colors_info=&#8221;{}&#8221;][\/et_pb_image][et_pb_image src=&#8221;https:\/\/aspres-thuir.com\/wp-content\/uploads\/2022\/05\/Capture.png&#8221; title_text=&#8221;Capture&#8221; _builder_version=&#8221;4.17.3&#8243; _module_preset=&#8221;default&#8221; border_radii=&#8221;on|12px|12px|12px|12px&#8221; box_shadow_style=&#8221;preset2&#8243; global_colors_info=&#8221;{}&#8221;][\/et_pb_image][et_pb_image src=&#8221;https:\/\/aspres-thuir.com\/wp-content\/uploads\/2022\/05\/Capture.PNG-2.png&#8221; title_text=&#8221;Capture.PNG 2&#8243; _builder_version=&#8221;4.17.3&#8243; _module_preset=&#8221;default&#8221; border_radii=&#8221;on|12px|12px|12px|12px&#8221; box_shadow_style=&#8221;preset2&#8243; global_colors_info=&#8221;{}&#8221;][\/et_pb_image][\/et_pb_column][\/et_pb_row][et_pb_row _builder_version=&#8221;4.17.4&#8243; _module_preset=&#8221;default&#8221; global_colors_info=&#8221;{}&#8221;][et_pb_column type=&#8221;4_4&#8243; _builder_version=&#8221;4.17.4&#8243; _module_preset=&#8221;default&#8221; global_colors_info=&#8221;{}&#8221;][\/et_pb_column][\/et_pb_row][et_pb_row column_structure=&#8221;1_2,1_2&#8243; admin_label=&#8221;row&#8221; _builder_version=&#8221;4.16&#8243; background_size=&#8221;initial&#8221; background_position=&#8221;top_left&#8221; background_repeat=&#8221;repeat&#8221; global_colors_info=&#8221;{}&#8221;][et_pb_column type=&#8221;1_2&#8243; _builder_version=&#8221;4.17.3&#8243; _module_preset=&#8221;default&#8221; global_colors_info=&#8221;{}&#8221;][et_pb_image src=&#8221;https:\/\/aspres-thuir.com\/wp-content\/uploads\/2022\/05\/marche-tresserre-30.jpg&#8221; title_text=&#8221;oznorCOQR_vivi&#8221; _builder_version=&#8221;4.17.3&#8243; _module_preset=&#8221;default&#8221; border_radii=&#8221;on|12px|12px|12px|12px&#8221; box_shadow_style=&#8221;preset2&#8243; global_colors_info=&#8221;{}&#8221;][\/et_pb_image][\/et_pb_column][et_pb_column type=&#8221;1_2&#8243; _builder_version=&#8221;4.17.3&#8243; _module_preset=&#8221;default&#8221; global_colors_info=&#8221;{}&#8221;][et_pb_text _builder_version=&#8221;4.17.4&#8243; _module_preset=&#8221;default&#8221; global_colors_info=&#8221;{}&#8221;]<h1>Mercat de Tressera<\/h1>\n<h3>Mercat<\/h3>\n<p>El mercat s&#8217;instal\u00b7la tots els divendres al mat\u00ed de 7h30 a 12h00 a l&#8217;Espace des Oliviers.<\/p>\n<p>En cas de pluja intensa o fortes ratxes de vent, es despla\u00e7ar\u00e0 per sota de l&#8217;espai habitual al pati de la Cave aux Contes.<\/p>\n<p style=\"text-align: justify\"><\/p>\n<h3 style=\"text-align: justify\">Mercats nocturns<\/h3>\n<p>Els mercats nocturns de Tressera tornen aquest estiu!<\/p>\n<p>Un ambient estiuenc i festiu. Hi trobareu animaci\u00f3 musical, artesania i c\u00e0tering.<\/p>\n<p>Tots els dimecres, a partir del 6 de juliol de 19h a 00h.<\/p>\n<p>&nbsp;<\/p>\n<p><strong>Adre\u00e7a :<\/strong><\/p>\n<p>Pla\u00e7a de les Olives<\/p>\n<p>66300 &#8211; Tressera<\/p>\n<p>&nbsp;<\/p>[\/et_pb_text][\/et_pb_column][\/et_pb_row][et_pb_row _builder_version=&#8221;4.17.4&#8243; _module_preset=&#8221;default&#8221; global_colors_info=&#8221;{}&#8221;][et_pb_column type=&#8221;4_4&#8243; _builder_version=&#8221;4.17.4&#8243; _module_preset=&#8221;default&#8221; global_colors_info=&#8221;{}&#8221;][\/et_pb_column][\/et_pb_row][et_pb_row column_structure=&#8221;1_2,1_2&#8243; admin_label=&#8221;row&#8221; _builder_version=&#8221;4.17.3&#8243; background_size=&#8221;initial&#8221; background_position=&#8221;top_left&#8221; background_repeat=&#8221;repeat&#8221; global_colors_info=&#8221;{}&#8221;][et_pb_column type=&#8221;1_2&#8243; _builder_version=&#8221;4.17.3&#8243; _module_preset=&#8221;default&#8221; global_colors_info=&#8221;{}&#8221;][et_pb_text _builder_version=&#8221;4.19.3&#8243; _module_preset=&#8221;default&#8221; global_colors_info=&#8221;{}&#8221;]<h1>Mercat de <span>Brull\u00e0<\/span><\/h1>\n<p>Aquest mercat t\u00e9 lloc durant tot l&#8217;any, els dimarts i els dijous de 8h a 13 h.<\/p>\n<p>L&#8217;horari pot variar segons el temps i l&#8217;estaci\u00f3.<\/p>\n<p>&nbsp;<\/p>\n<p><strong>Adre\u00e7a :<\/strong><\/p>\n<p>Centre de la ciutat<\/p>\n<p>66620 &#8211; Brull\u00e0<\/p>\n<p>&nbsp;<\/p>\n<p>&nbsp;<\/p>[\/et_pb_text][\/et_pb_column][et_pb_column type=&#8221;1_2&#8243; _builder_version=&#8221;4.17.3&#8243; _module_preset=&#8221;default&#8221; global_colors_info=&#8221;{}&#8221;][et_pb_image src=&#8221;https:\/\/aspres-thuir.com\/wp-content\/uploads\/2022\/05\/peter-wendt-r5KSMkyoSc-unsplash-3.jpg&#8221; title_text=&#8221;peter-wendt&#8211;r5KSMkyoSc-unsplash&#8221; _builder_version=&#8221;4.17.3&#8243; _module_preset=&#8221;default&#8221; border_radii=&#8221;on|12px|12px|12px|12px&#8221; box_shadow_style=&#8221;preset2&#8243; global_colors_info=&#8221;{}&#8221;][\/et_pb_image][\/et_pb_column][\/et_pb_row][et_pb_row _builder_version=&#8221;4.17.4&#8243; _module_preset=&#8221;default&#8221; global_colors_info=&#8221;{}&#8221;][et_pb_column type=&#8221;4_4&#8243; _builder_version=&#8221;4.17.4&#8243; _module_preset=&#8221;default&#8221; global_colors_info=&#8221;{}&#8221;][\/et_pb_column][\/et_pb_row][et_pb_row column_structure=&#8221;1_2,1_2&#8243; admin_label=&#8221;row&#8221; _builder_version=&#8221;4.16&#8243; background_size=&#8221;initial&#8221; background_position=&#8221;top_left&#8221; background_repeat=&#8221;repeat&#8221; global_colors_info=&#8221;{}&#8221;][et_pb_column type=&#8221;1_2&#8243; _builder_version=&#8221;4.17.3&#8243; _module_preset=&#8221;default&#8221; global_colors_info=&#8221;{}&#8221;][et_pb_image src=&#8221;https:\/\/aspres-thuir.com\/wp-content\/uploads\/2022\/05\/Marche\u0301PV\u00a9Cyril-TRICOT-692&#215;376-1.jpg&#8221; title_text=&#8221;Marche\u0301PV\u00a9Cyril-TRICOT-692&#215;376&#8243; _builder_version=&#8221;4.17.3&#8243; _module_preset=&#8221;default&#8221; border_radii=&#8221;on|12px|12px|12px|12px&#8221; box_shadow_style=&#8221;preset2&#8243; global_colors_info=&#8221;{}&#8221;][\/et_pb_image][\/et_pb_column][et_pb_column type=&#8221;1_2&#8243; _builder_version=&#8221;4.17.3&#8243; _module_preset=&#8221;default&#8221; global_colors_info=&#8221;{}&#8221;][et_pb_text _builder_version=&#8221;4.19.3&#8243; _module_preset=&#8221;default&#8221; global_colors_info=&#8221;{}&#8221;]<h1>Mercat de <span>Trullars<\/span><\/h1>\n<h3>Mercat<\/h3>\n<p>Aquest mercat t\u00e9 lloc durant tot l&#8217;any els dimarts, dimecres i divendres de 8h a 13 h.<\/p>\n<p>&nbsp;<\/p>\n<p><strong>Adre\u00e7a :<\/strong><\/p>\n<p>Centre de la ciutat<\/p>\n<p>66300 &#8211; Trullars<\/p>[\/et_pb_text][\/et_pb_column][\/et_pb_row][\/et_pb_section]<\/div>\n","protected":false},"excerpt":{"rendered":"<p>Trobareu els dies de mercat dels diferents municipis d&#8217;Aspres.<\/p>\n","protected":false},"author":5,"featured_media":34295,"parent":0,"menu_order":0,"comment_status":"closed","ping_status":"closed","template":"","meta":{"_acf_changed":false,"_et_pb_use_builder":"","_et_pb_old_content":"","_et_gb_content_width":"","footnotes":""},"class_list":["post-41106","page","type-page","status-publish","has-post-thumbnail","hentry"],"acf":[],"yoast_head":"<!-- This site is optimized with the Yoast SEO plugin v26.9 - https:\/\/yoast.com\/product\/yoast-seo-wordpress\/ -->\n<title>Mercats - Office de Tourisme Aspres-Thuir<\/title>\n<meta name=\"robots\" content=\"index, follow, max-snippet:-1, max-image-preview:large, max-video-preview:-1\" \/>\n<link rel=\"canonical\" href=\"https:\/\/aspres-thuir.com\/ca\/mercats\/\" \/>\n<meta property=\"og:locale\" content=\"ca_ES\" \/>\n<meta property=\"og:type\" content=\"article\" \/>\n<meta property=\"og:title\" content=\"Mercats - Office de Tourisme Aspres-Thuir\" \/>\n<meta property=\"og:description\" content=\"Trobareu els dies de mercat dels diferents municipis d&#8217;Aspres.\" \/>\n<meta property=\"og:site_name\" content=\"Office de Tourisme Aspres-Thuir\" \/>\n<meta property=\"article:modified_time\" content=\"2023-01-05T16:23:40+00:00\" \/>\n<meta property=\"og:image\" content=\"https:\/\/aspres-thuir.com\/wp-content\/uploads\/2022\/05\/taoh-nichols-fzaxWVt1qHw-unsplash-1-scaled.jpg\" \/>\n\t<meta property=\"og:image:width\" content=\"2880\" \/>\n\t<meta property=\"og:image:height\" content=\"2160\" \/>\n\t<meta property=\"og:image:type\" content=\"image\/jpeg\" \/>\n<meta name=\"twitter:card\" content=\"summary_large_image\" \/>\n<meta name=\"twitter:label1\" content=\"Est. reading time\" \/>\n\t<meta name=\"twitter:data1\" content=\"5 minutes\" \/>\n<script type=\"application\/ld+json\" class=\"yoast-schema-graph\">{\"@context\":\"https:\/\/schema.org\",\"@graph\":[{\"@type\":\"WebPage\",\"@id\":\"https:\/\/aspres-thuir.com\/ca\/mercats\/\",\"url\":\"https:\/\/aspres-thuir.com\/ca\/mercats\/\",\"name\":\"Mercats - Office de Tourisme Aspres-Thuir\",\"isPartOf\":{\"@id\":\"https:\/\/aspres-thuir.com\/ca\/#website\"},\"primaryImageOfPage\":{\"@id\":\"https:\/\/aspres-thuir.com\/ca\/mercats\/#primaryimage\"},\"image\":{\"@id\":\"https:\/\/aspres-thuir.com\/ca\/mercats\/#primaryimage\"},\"thumbnailUrl\":\"https:\/\/aspres-thuir.com\/wp-content\/uploads\/2022\/05\/taoh-nichols-fzaxWVt1qHw-unsplash-1-scaled.jpg\",\"datePublished\":\"2022-05-05T15:36:13+00:00\",\"dateModified\":\"2023-01-05T16:23:40+00:00\",\"breadcrumb\":{\"@id\":\"https:\/\/aspres-thuir.com\/ca\/mercats\/#breadcrumb\"},\"inLanguage\":\"ca\",\"potentialAction\":[{\"@type\":\"ReadAction\",\"target\":[\"https:\/\/aspres-thuir.com\/ca\/mercats\/\"]}]},{\"@type\":\"ImageObject\",\"inLanguage\":\"ca\",\"@id\":\"https:\/\/aspres-thuir.com\/ca\/mercats\/#primaryimage\",\"url\":\"https:\/\/aspres-thuir.com\/wp-content\/uploads\/2022\/05\/taoh-nichols-fzaxWVt1qHw-unsplash-1-scaled.jpg\",\"contentUrl\":\"https:\/\/aspres-thuir.com\/wp-content\/uploads\/2022\/05\/taoh-nichols-fzaxWVt1qHw-unsplash-1-scaled.jpg\",\"width\":2880,\"height\":2160},{\"@type\":\"BreadcrumbList\",\"@id\":\"https:\/\/aspres-thuir.com\/ca\/mercats\/#breadcrumb\",\"itemListElement\":[{\"@type\":\"ListItem\",\"position\":1,\"name\":\"\",\"item\":\"https:\/\/aspres-thuir.com\/ca\/\"},{\"@type\":\"ListItem\",\"position\":2,\"name\":\"Mercats\"}]},{\"@type\":\"WebSite\",\"@id\":\"https:\/\/aspres-thuir.com\/ca\/#website\",\"url\":\"https:\/\/aspres-thuir.com\/ca\/\",\"name\":\"Office de Tourisme Aspres-Thuir\",\"description\":\"\",\"potentialAction\":[{\"@type\":\"SearchAction\",\"target\":{\"@type\":\"EntryPoint\",\"urlTemplate\":\"https:\/\/aspres-thuir.com\/ca\/?s={search_term_string}\"},\"query-input\":{\"@type\":\"PropertyValueSpecification\",\"valueRequired\":true,\"valueName\":\"search_term_string\"}}],\"inLanguage\":\"ca\"}]}<\/script>\n<!-- \/ Yoast SEO plugin. -->","yoast_head_json":{"title":"Mercats - Office de Tourisme Aspres-Thuir","robots":{"index":"index","follow":"follow","max-snippet":"max-snippet:-1","max-image-preview":"max-image-preview:large","max-video-preview":"max-video-preview:-1"},"canonical":"https:\/\/aspres-thuir.com\/ca\/mercats\/","og_locale":"ca_ES","og_type":"article","og_title":"Mercats - Office de Tourisme Aspres-Thuir","og_description":"Trobareu els dies de mercat dels diferents municipis d&#8217;Aspres.","og_site_name":"Office de Tourisme Aspres-Thuir","article_modified_time":"2023-01-05T16:23:40+00:00","og_image":[{"width":2880,"height":2160,"url":"https:\/\/aspres-thuir.com\/wp-content\/uploads\/2022\/05\/taoh-nichols-fzaxWVt1qHw-unsplash-1-scaled.jpg","type":"image\/jpeg"}],"twitter_card":"summary_large_image","twitter_misc":{"Est. reading time":"5 minutes"},"schema":{"@context":"https:\/\/schema.org","@graph":[{"@type":"WebPage","@id":"https:\/\/aspres-thuir.com\/ca\/mercats\/","url":"https:\/\/aspres-thuir.com\/ca\/mercats\/","name":"Mercats - Office de Tourisme Aspres-Thuir","isPartOf":{"@id":"https:\/\/aspres-thuir.com\/ca\/#website"},"primaryImageOfPage":{"@id":"https:\/\/aspres-thuir.com\/ca\/mercats\/#primaryimage"},"image":{"@id":"https:\/\/aspres-thuir.com\/ca\/mercats\/#primaryimage"},"thumbnailUrl":"https:\/\/aspres-thuir.com\/wp-content\/uploads\/2022\/05\/taoh-nichols-fzaxWVt1qHw-unsplash-1-scaled.jpg","datePublished":"2022-05-05T15:36:13+00:00","dateModified":"2023-01-05T16:23:40+00:00","breadcrumb":{"@id":"https:\/\/aspres-thuir.com\/ca\/mercats\/#breadcrumb"},"inLanguage":"ca","potentialAction":[{"@type":"ReadAction","target":["https:\/\/aspres-thuir.com\/ca\/mercats\/"]}]},{"@type":"ImageObject","inLanguage":"ca","@id":"https:\/\/aspres-thuir.com\/ca\/mercats\/#primaryimage","url":"https:\/\/aspres-thuir.com\/wp-content\/uploads\/2022\/05\/taoh-nichols-fzaxWVt1qHw-unsplash-1-scaled.jpg","contentUrl":"https:\/\/aspres-thuir.com\/wp-content\/uploads\/2022\/05\/taoh-nichols-fzaxWVt1qHw-unsplash-1-scaled.jpg","width":2880,"height":2160},{"@type":"BreadcrumbList","@id":"https:\/\/aspres-thuir.com\/ca\/mercats\/#breadcrumb","itemListElement":[{"@type":"ListItem","position":1,"name":"","item":"https:\/\/aspres-thuir.com\/ca\/"},{"@type":"ListItem","position":2,"name":"Mercats"}]},{"@type":"WebSite","@id":"https:\/\/aspres-thuir.com\/ca\/#website","url":"https:\/\/aspres-thuir.com\/ca\/","name":"Office de Tourisme Aspres-Thuir","description":"","potentialAction":[{"@type":"SearchAction","target":{"@type":"EntryPoint","urlTemplate":"https:\/\/aspres-thuir.com\/ca\/?s={search_term_string}"},"query-input":{"@type":"PropertyValueSpecification","valueRequired":true,"valueName":"search_term_string"}}],"inLanguage":"ca"}]}},"_links":{"self":[{"href":"https:\/\/aspres-thuir.com\/ca\/wp-json\/wp\/v2\/pages\/41106","targetHints":{"allow":["GET"]}}],"collection":[{"href":"https:\/\/aspres-thuir.com\/ca\/wp-json\/wp\/v2\/pages"}],"about":[{"href":"https:\/\/aspres-thuir.com\/ca\/wp-json\/wp\/v2\/types\/page"}],"author":[{"embeddable":true,"href":"https:\/\/aspres-thuir.com\/ca\/wp-json\/wp\/v2\/users\/5"}],"replies":[{"embeddable":true,"href":"https:\/\/aspres-thuir.com\/ca\/wp-json\/wp\/v2\/comments?post=41106"}],"version-history":[{"count":0,"href":"https:\/\/aspres-thuir.com\/ca\/wp-json\/wp\/v2\/pages\/41106\/revisions"}],"wp:featuredmedia":[{"embeddable":true,"href":"https:\/\/aspres-thuir.com\/ca\/wp-json\/wp\/v2\/media\/34295"}],"wp:attachment":[{"href":"https:\/\/aspres-thuir.com\/ca\/wp-json\/wp\/v2\/media?parent=41106"}],"curies":[{"name":"wp","href":"https:\/\/api.w.org\/{rel}","templated":true}]}}