{"id":43590,"date":"2019-11-15T13:28:35","date_gmt":"2019-11-15T12:28:35","guid":{"rendered":"https:\/\/aspres-thuir.com\/privacy-policy\/"},"modified":"2023-01-05T17:19:16","modified_gmt":"2023-01-05T16:19:16","slug":"politica-de-privacitat","status":"publish","type":"page","link":"https:\/\/aspres-thuir.com\/ca\/politica-de-privacitat\/","title":{"rendered":"Pol\u00edtica de privacitat"},"content":{"rendered":"<p>El Reglament General de Protecci\u00f3 de Dades (GDPR) \u00e9s, des del maig de 2018, el marc europeu per al tractament i circulaci\u00f3 de dades personals. La protecci\u00f3 de dades personals tamb\u00e9 es regeix per la Llei de protecci\u00f3 de dades n\u00fam. 78-17, de 6 de gener de 1978, modificada. Aquesta pol\u00edtica de protecci\u00f3 de dades personals t&#8217;informa de com l&#8217;Oficina de Turisme d&#8217;Aspres-Thuir tracta les teves dades personals d&#8217;acord amb el GDPR i la Llei de protecci\u00f3 de dades.<\/p>\n<h2>A QUI ES TRANSMETEN LES VOSTRES DADES PERSONALS?<\/h2>\n<p>Les teves dades personals s\u00f3n tractades per l&#8217;Oficina de Turisme d&#8217;Aspres-Thuir,<\/p>\n<p>Les seves dades personals nom\u00e9s es fan accessibles a les persones autoritzades a con\u00e8ixer-les pel que fa a les seves atribucions. Les seves dades personals es transmeten als empleats de l&#8217;Oficina de Turisme d&#8217;Aspres-Thuir encarregats de l&#8217;administraci\u00f3 del lloc i de la gesti\u00f3 de les comandes aix\u00ed com als subcontractistes vinculats contractualment al responsable del tractament que s\u00f3n AttrapTemps, a qui Aspres-Thuir. L&#8217;Oficina de Turisme utilitza els serveis per a les finalitats esmentades a continuaci\u00f3, per exemple per a la gesti\u00f3, execuci\u00f3, tramitaci\u00f3, pagament i log\u00edstica de comandes, aix\u00ed com per al m\u00e0rqueting d&#8217;operacions. Les teves dades no es transmeten als nostres socis comercials sense que hagis estat informat pr\u00e8viament i sense haver obtingut el teu consentiment previ.<\/p>\n<h2>PER QU\u00c8 NECESSITEM TRACTAR LES VOSTRES DADES PERSONALS ?<\/h2>\n<p>Les teves dades personals s\u00f3n tractades per l&#8217;Oficina de Turisme d&#8217;Aspres-Thuir amb les finalitats seg\u00fcents:<\/p>\n<ul>\n<li>Gestionar comandes, pagament i lliurament dels productes oferts al lloc<\/li>\n<li>Creeu el vostre compte de client al nostre lloc<\/li>\n<li>Li permet accedir i utilitzar el nostre lloc, amb la millor experi\u00e8ncia possible i navegaci\u00f3 en l\u00ednia de qualitat<\/li>\n<li>Tramita les teves consultes, queixes o sol\u00b7licituds i contacta amb tu per respondre-les<\/li>\n<li>Tramita les teves sol\u00b7licituds de vals de descompte, v\u00e0lids en els nostres productes, que posem a disposici\u00f3 del nostre lloc.<\/li>\n<li>Gestionar la relaci\u00f3 entre tu i l&#8217;Oficina de Turisme d&#8217;Aspres-Thuir: tramitar la gesti\u00f3 de les teves comandes, la teva participaci\u00f3 en els nostres concursos, sortejos, activitats promocionals i qualsevol altra sol\u00b7licitud.<\/li>\n<li>Oferir-vos contingut i serveis personalitzats, basats en el vostre historial de navegaci\u00f3, les vostres prefer\u00e8ncies i \u00e0rees d&#8217;inter\u00e8s<\/li>\n<li>Preguntar-vos sobre els nostres productes, i identificar i mesurar millor els vostres punts d&#8217;inter\u00e8s i desitjos dels consumidors per tal de millorar les nostres plataformes digitals (web, xarxes socials), els nostres m\u00e8todes de comunicaci\u00f3 i\/o desenvolupar nous productes i serveis.<\/li>\n<li>Desenvolupar i millorar els nostres productes, serveis, m\u00e8todes de comunicaci\u00f3 i la funcionalitat dels nostres llocs web, serveis<\/li>\n<\/ul>\n<p>L&#8217;Oficina de Turisme d&#8217;Aspres-Thuir s&#8217;encarrega de recollir i tractar \u00fanicament les dades estrictament necess\u00e0ries per a la finalitat per a la qual es tracten.<\/p>\n<p>Aquest tractament t\u00e9 com a base legal el vostre consentiment. Podeu retirar el vostre consentiment d&#8217;acord amb el vostre dret de desistiment descrit a continuaci\u00f3.<\/p>\n<h2>QUINES DADES PERSONALS ES RECOLLEN ?<\/h2>\n<p>Recollim i tractem en particular el vostre cognom, nom, adre\u00e7a, adre\u00e7a de correu electr\u00f2nic, contrasenya, n\u00famero de tel\u00e8fon, adre\u00e7a IP, dades de connexi\u00f3 i dades de navegaci\u00f3, historial de comandes, prefer\u00e8ncies i \u00e0rees d&#8217;inter\u00e8s, productes consultats, incid\u00e8ncies d&#8217;entregues, queixes. L&#8217;obligatorietat de les dades se li indica durant la recollida mitjan\u00e7ant un asterisc.<\/p>\n<h2>QUANT TEMPS ES CONSERVEN LES SEVES DADES ?<\/h2>\n<p>Les dades necess\u00e0ries per a la gesti\u00f3 de comandes i facturaci\u00f3 es conserven durant la durada de la relaci\u00f3 comercial i deu (10) anys per a les obligacions comptables.<\/p>\n<p>Les dades que permeten la identificaci\u00f3 i orientaci\u00f3 de les enquestes (correu electr\u00f2nic, perfil) es conserven fins a la cancel\u00b7laci\u00f3 de la subscripci\u00f3, despr\u00e9s de la qual s&#8217;eliminaran definitivament. No obstant aix\u00f2, si el vostre compte est\u00e0 inactiu durant un per\u00edode de dos (2) anys, se us informar\u00e0 per l&#8217;Oficina de Turisme d&#8217;Aspres-Thuir i si no reaccioneu en el termini comunicat per l&#8217;Oficina de Turisme d&#8217;Aspres-Thuir, les vostres dades seran esborrades. .<\/p>\n<p>Les respostes a les enquestes realitzades per l&#8217;Oficina de Turisme d&#8217;Aspres-Thuir es conserven durant un per\u00edode de 3 anys, transcorregut el qual aquestes dades s&#8217;eliminen.<\/p>\n<p>No obstant aix\u00f2, aquests per\u00edodes de retenci\u00f3 es poden ampliar o escur\u00e7ar si:<\/p>\n<ul>\n<li>Vost\u00e8 exerceix, en les condicions que s&#8217;indiquen a continuaci\u00f3, un dels drets que se li reconeixen;<\/li>\n<li>S&#8217;autoritza o imposa un per\u00edode de conservaci\u00f3 m\u00e9s llarg en virtut d&#8217;una disposici\u00f3 legal o reglament\u00e0ria o per garantir la salvaguarda dels nostres drets.<\/li>\n<\/ul>\n<p>Les dades relatives als mitjans de pagament no s\u00f3n conservades per l&#8217;Oficina de Turisme d&#8217;Aspres-Thuir. Es recullen durant la transacci\u00f3 i s&#8217;eliminen immediatament en el moment del pagament de la compra.<\/p>\n<h2>QUINS DRETS TENIU ?<\/h2>\n<p>Tu tens :<\/p>\n<ul>\n<li>Un dret d&#8217;acc\u00e9s, que permet obtenir :\n<ul>\n<li>Confirmaci\u00f3 que les dades que us concerneixen estan o no en tractament;<\/li>\n<li>La comunicaci\u00f3 d&#8217;una c\u00f2pia de totes les dades personals en poder del responsable del tractament.<\/li>\n<\/ul>\n<\/li>\n<\/ul>\n<ul>\n<li>Aquest dret es refereix a totes les dades que puguin o no ser tractades pels responsables del tractament.Dret a sol\u00b7licitar la portabilitat de determinades dades: li permet recuperar les seves dades personals en un format estructurat, d&#8217;\u00fas habitual i llegible per m\u00e0quina. Nom\u00e9s s&#8217;aplica a les dades facilitades de manera activa, per exemple, omplint un formulari, responent a una enquesta i que es processen autom\u00e0ticament.<\/li>\n<li>Dret a retirar el consentiment: la retirada del seu consentiment per al tractament de les seves dades personals, donat en el moment de registrar-se a la plataforma, comporta la seva baixa immediata de subscripci\u00f3 a la plataforma. Per tant, ja no tindreu acc\u00e9s a la plataforma i totes les vostres dades personals s&#8217;eliminaran immediatament.<\/li>\n<li>Dret de rectificaci\u00f3: li permet corregir la informaci\u00f3 que la concerneix quan estigui obsoleta o err\u00f2nia. Tamb\u00e9 us permet tenir informaci\u00f3 incompleta sobre vosaltres completada.<\/li>\n<li>Un dret de supressi\u00f3: li permet obtenir la supressi\u00f3 de les seves dades personals subjectes als terminis legals de conservaci\u00f3. En particular, pot aplicar-se en el cas que les vostres dades ja no siguin necess\u00e0ries per al tractament.<\/li>\n<li>Dret de limitaci\u00f3: li permet limitar el tractament de les seves dades en els casos seg\u00fcents:<\/li>\n<\/ul>\n<ul>\n<li>En cas d&#8217;\u00fas il\u00b7l\u00edcit de les seves dades;<\/li>\n<li>Si disputes l&#8217;exactitud de la teva informaci\u00f3;<\/li>\n<li>Si \u00e9s necessari disposar de les dades per constatar, exercir o defensar els seus drets<\/li>\n<\/ul>\n<p>Aleshores deixaran de ser objecte de tractament actiu, i no podran ser modificats mentre duri l&#8217;exercici d&#8217;aquest dret.<\/p>\n<p>Per obtenir m\u00e9s detalls sobre els vostres drets, podeu posar-vos en contacte amb el Delegat de Protecci\u00f3 de Dades, les dades de contacte es proporcionen a continuaci\u00f3.<\/p>\n<p>Pots exercir els teus drets a la seg\u00fcent adre\u00e7a:<\/p>\n<ul>\n<li>Adre\u00e7a de l&#8217;Oficina de Turisme d&#8217;Aspres-Thuir<\/li>\n<\/ul>\n<p>En suport de la vostra sol\u00b7licitud, se us demanar\u00e0 que acrediteu la vostra identitat.<\/p>\n<p>Podeu definir directrius generals amb un tercer de confian\u00e7a, o espec\u00edfiques amb el responsable del tractament sobre l&#8217;emmagatzematge, esborrat i comunicaci\u00f3 de les vostres dades personals despr\u00e9s de la vostra mort. Aquestes directives es poden modificar o revocar en qualsevol moment. Us recomanem que us poseu en contacte amb el Delegat de Protecci\u00f3 de Dades les dades de contacte es donen a continuaci\u00f3.<\/p>\n<p>Si, despr\u00e9s de contactar amb nosaltres, creieu que no es respecten els vostres drets de protecci\u00f3 de dades personals, teniu la possibilitat d&#8217;apoderar-vos de la Comissi\u00f3 Nacional de l&#8217;Inform\u00e0tica i les Llibertats. Les dades de contacte de la CNIL estan disponibles a l&#8217;adre\u00e7a seg\u00fcent: https:\/\/cnil.fr\/<\/p>\n<h2>COM POSAR EN CONTACTE AMB EL RESPONSABLE DE PROTECCI\u00d3 DE DADES ?<\/h2>\n<p>Per a qualsevol informaci\u00f3 addicional, podeu contactar amb el Delegat de Protecci\u00f3 de Dades a l&#8217;adre\u00e7a seg\u00fcent :<\/p>\n<ul>\n<li>Gent de l&#8217;Oficina de Turisme d&#8217;Aspres-Thuir<\/li>\n<\/ul>\n<h2>SEGURETAT DE LES SEVES DADES<\/h2>\n<p>L&#8217;Oficina de Turisme d&#8217;Aspres-Thuir implementa les mesures t\u00e8cniques i organitzatives adequades per garantir la seguretat de les seves dades d&#8217;acord amb la normativa aplicable. En aquest context, implementa les precaucions i mesures necess\u00e0ries davant qualsevol acc\u00e9s i \u00fas no autoritzat de dades, p\u00e8rdua o robatori accidental de dades, destrucci\u00f3 o alteraci\u00f3 de les dades i, en general, qualsevol dany que pugui afectar aquestes dades.<\/p>\n","protected":false},"excerpt":{"rendered":"<p>El Reglament General de Protecci\u00f3 de Dades (GDPR) \u00e9s, des del maig de 2018, el marc europeu per al tractament i circulaci\u00f3 de dades personals. La protecci\u00f3 de dades personals tamb\u00e9 es regeix per la Llei de protecci\u00f3 de dades n\u00fam. 78-17, de 6 de gener de 1978, modificada. Aquesta pol\u00edtica de protecci\u00f3 de dades [&hellip;]<\/p>\n","protected":false},"author":2,"featured_media":30225,"parent":0,"menu_order":0,"comment_status":"closed","ping_status":"closed","template":"","meta":{"_acf_changed":false,"_et_pb_use_builder":"","_et_pb_old_content":"","_et_gb_content_width":"","footnotes":""},"class_list":["post-43590","page","type-page","status-publish","has-post-thumbnail","hentry"],"acf":[],"yoast_head":"<!-- This site is optimized with the Yoast SEO plugin v26.9 - https:\/\/yoast.com\/product\/yoast-seo-wordpress\/ -->\n<title>Pol\u00edtica de privacitat - Office de Tourisme Aspres-Thuir<\/title>\n<meta name=\"robots\" content=\"index, follow, max-snippet:-1, max-image-preview:large, max-video-preview:-1\" \/>\n<link rel=\"canonical\" href=\"https:\/\/aspres-thuir.com\/ca\/politica-de-privacitat\/\" \/>\n<meta property=\"og:locale\" content=\"ca_ES\" \/>\n<meta property=\"og:type\" content=\"article\" \/>\n<meta property=\"og:title\" content=\"Pol\u00edtica de privacitat - Office de Tourisme Aspres-Thuir\" \/>\n<meta property=\"og:description\" content=\"El Reglament General de Protecci\u00f3 de Dades (GDPR) \u00e9s, des del maig de 2018, el marc europeu per al tractament i circulaci\u00f3 de dades personals. La protecci\u00f3 de dades personals tamb\u00e9 es regeix per la Llei de protecci\u00f3 de dades n\u00fam. 78-17, de 6 de gener de 1978, modificada. Aquesta pol\u00edtica de protecci\u00f3 de dades [&hellip;]\" \/>\n<meta property=\"og:site_name\" content=\"Office de Tourisme Aspres-Thuir\" \/>\n<meta property=\"article:modified_time\" content=\"2023-01-05T16:19:16+00:00\" \/>\n<meta property=\"og:image\" content=\"https:\/\/aspres-thuir.com\/wp-content\/uploads\/2022\/02\/windows-eGNLSgazDVU-unsplash-scaled-e1645542522216.jpg\" \/>\n\t<meta property=\"og:image:width\" content=\"2880\" \/>\n\t<meta property=\"og:image:height\" content=\"1920\" \/>\n\t<meta property=\"og:image:type\" content=\"image\/jpeg\" \/>\n<meta name=\"twitter:card\" content=\"summary_large_image\" \/>\n<meta name=\"twitter:label1\" content=\"Est. reading time\" \/>\n\t<meta name=\"twitter:data1\" content=\"7 minutes\" \/>\n<script type=\"application\/ld+json\" class=\"yoast-schema-graph\">{\"@context\":\"https:\/\/schema.org\",\"@graph\":[{\"@type\":\"WebPage\",\"@id\":\"https:\/\/aspres-thuir.com\/ca\/politica-de-privacitat\/\",\"url\":\"https:\/\/aspres-thuir.com\/ca\/politica-de-privacitat\/\",\"name\":\"Pol\u00edtica de privacitat - Office de Tourisme Aspres-Thuir\",\"isPartOf\":{\"@id\":\"https:\/\/aspres-thuir.com\/ca\/#website\"},\"primaryImageOfPage\":{\"@id\":\"https:\/\/aspres-thuir.com\/ca\/politica-de-privacitat\/#primaryimage\"},\"image\":{\"@id\":\"https:\/\/aspres-thuir.com\/ca\/politica-de-privacitat\/#primaryimage\"},\"thumbnailUrl\":\"https:\/\/aspres-thuir.com\/wp-content\/uploads\/2022\/02\/windows-eGNLSgazDVU-unsplash-scaled-e1645542522216.jpg\",\"datePublished\":\"2019-11-15T12:28:35+00:00\",\"dateModified\":\"2023-01-05T16:19:16+00:00\",\"breadcrumb\":{\"@id\":\"https:\/\/aspres-thuir.com\/ca\/politica-de-privacitat\/#breadcrumb\"},\"inLanguage\":\"ca\",\"potentialAction\":[{\"@type\":\"ReadAction\",\"target\":[\"https:\/\/aspres-thuir.com\/ca\/politica-de-privacitat\/\"]}]},{\"@type\":\"ImageObject\",\"inLanguage\":\"ca\",\"@id\":\"https:\/\/aspres-thuir.com\/ca\/politica-de-privacitat\/#primaryimage\",\"url\":\"https:\/\/aspres-thuir.com\/wp-content\/uploads\/2022\/02\/windows-eGNLSgazDVU-unsplash-scaled-e1645542522216.jpg\",\"contentUrl\":\"https:\/\/aspres-thuir.com\/wp-content\/uploads\/2022\/02\/windows-eGNLSgazDVU-unsplash-scaled-e1645542522216.jpg\",\"width\":2880,\"height\":1920},{\"@type\":\"BreadcrumbList\",\"@id\":\"https:\/\/aspres-thuir.com\/ca\/politica-de-privacitat\/#breadcrumb\",\"itemListElement\":[{\"@type\":\"ListItem\",\"position\":1,\"name\":\"\",\"item\":\"https:\/\/aspres-thuir.com\/ca\/\"},{\"@type\":\"ListItem\",\"position\":2,\"name\":\"Pol\u00edtica de privacitat\"}]},{\"@type\":\"WebSite\",\"@id\":\"https:\/\/aspres-thuir.com\/ca\/#website\",\"url\":\"https:\/\/aspres-thuir.com\/ca\/\",\"name\":\"Office de Tourisme Aspres-Thuir\",\"description\":\"\",\"potentialAction\":[{\"@type\":\"SearchAction\",\"target\":{\"@type\":\"EntryPoint\",\"urlTemplate\":\"https:\/\/aspres-thuir.com\/ca\/?s={search_term_string}\"},\"query-input\":{\"@type\":\"PropertyValueSpecification\",\"valueRequired\":true,\"valueName\":\"search_term_string\"}}],\"inLanguage\":\"ca\"}]}<\/script>\n<!-- \/ Yoast SEO plugin. -->","yoast_head_json":{"title":"Pol\u00edtica de privacitat - Office de Tourisme Aspres-Thuir","robots":{"index":"index","follow":"follow","max-snippet":"max-snippet:-1","max-image-preview":"max-image-preview:large","max-video-preview":"max-video-preview:-1"},"canonical":"https:\/\/aspres-thuir.com\/ca\/politica-de-privacitat\/","og_locale":"ca_ES","og_type":"article","og_title":"Pol\u00edtica de privacitat - Office de Tourisme Aspres-Thuir","og_description":"El Reglament General de Protecci\u00f3 de Dades (GDPR) \u00e9s, des del maig de 2018, el marc europeu per al tractament i circulaci\u00f3 de dades personals. La protecci\u00f3 de dades personals tamb\u00e9 es regeix per la Llei de protecci\u00f3 de dades n\u00fam. 78-17, de 6 de gener de 1978, modificada. Aquesta pol\u00edtica de protecci\u00f3 de dades [&hellip;]","og_site_name":"Office de Tourisme Aspres-Thuir","article_modified_time":"2023-01-05T16:19:16+00:00","og_image":[{"width":2880,"height":1920,"url":"https:\/\/aspres-thuir.com\/wp-content\/uploads\/2022\/02\/windows-eGNLSgazDVU-unsplash-scaled-e1645542522216.jpg","type":"image\/jpeg"}],"twitter_card":"summary_large_image","twitter_misc":{"Est. reading time":"7 minutes"},"schema":{"@context":"https:\/\/schema.org","@graph":[{"@type":"WebPage","@id":"https:\/\/aspres-thuir.com\/ca\/politica-de-privacitat\/","url":"https:\/\/aspres-thuir.com\/ca\/politica-de-privacitat\/","name":"Pol\u00edtica de privacitat - Office de Tourisme Aspres-Thuir","isPartOf":{"@id":"https:\/\/aspres-thuir.com\/ca\/#website"},"primaryImageOfPage":{"@id":"https:\/\/aspres-thuir.com\/ca\/politica-de-privacitat\/#primaryimage"},"image":{"@id":"https:\/\/aspres-thuir.com\/ca\/politica-de-privacitat\/#primaryimage"},"thumbnailUrl":"https:\/\/aspres-thuir.com\/wp-content\/uploads\/2022\/02\/windows-eGNLSgazDVU-unsplash-scaled-e1645542522216.jpg","datePublished":"2019-11-15T12:28:35+00:00","dateModified":"2023-01-05T16:19:16+00:00","breadcrumb":{"@id":"https:\/\/aspres-thuir.com\/ca\/politica-de-privacitat\/#breadcrumb"},"inLanguage":"ca","potentialAction":[{"@type":"ReadAction","target":["https:\/\/aspres-thuir.com\/ca\/politica-de-privacitat\/"]}]},{"@type":"ImageObject","inLanguage":"ca","@id":"https:\/\/aspres-thuir.com\/ca\/politica-de-privacitat\/#primaryimage","url":"https:\/\/aspres-thuir.com\/wp-content\/uploads\/2022\/02\/windows-eGNLSgazDVU-unsplash-scaled-e1645542522216.jpg","contentUrl":"https:\/\/aspres-thuir.com\/wp-content\/uploads\/2022\/02\/windows-eGNLSgazDVU-unsplash-scaled-e1645542522216.jpg","width":2880,"height":1920},{"@type":"BreadcrumbList","@id":"https:\/\/aspres-thuir.com\/ca\/politica-de-privacitat\/#breadcrumb","itemListElement":[{"@type":"ListItem","position":1,"name":"","item":"https:\/\/aspres-thuir.com\/ca\/"},{"@type":"ListItem","position":2,"name":"Pol\u00edtica de privacitat"}]},{"@type":"WebSite","@id":"https:\/\/aspres-thuir.com\/ca\/#website","url":"https:\/\/aspres-thuir.com\/ca\/","name":"Office de Tourisme Aspres-Thuir","description":"","potentialAction":[{"@type":"SearchAction","target":{"@type":"EntryPoint","urlTemplate":"https:\/\/aspres-thuir.com\/ca\/?s={search_term_string}"},"query-input":{"@type":"PropertyValueSpecification","valueRequired":true,"valueName":"search_term_string"}}],"inLanguage":"ca"}]}},"_links":{"self":[{"href":"https:\/\/aspres-thuir.com\/ca\/wp-json\/wp\/v2\/pages\/43590","targetHints":{"allow":["GET"]}}],"collection":[{"href":"https:\/\/aspres-thuir.com\/ca\/wp-json\/wp\/v2\/pages"}],"about":[{"href":"https:\/\/aspres-thuir.com\/ca\/wp-json\/wp\/v2\/types\/page"}],"author":[{"embeddable":true,"href":"https:\/\/aspres-thuir.com\/ca\/wp-json\/wp\/v2\/users\/2"}],"replies":[{"embeddable":true,"href":"https:\/\/aspres-thuir.com\/ca\/wp-json\/wp\/v2\/comments?post=43590"}],"version-history":[{"count":0,"href":"https:\/\/aspres-thuir.com\/ca\/wp-json\/wp\/v2\/pages\/43590\/revisions"}],"wp:featuredmedia":[{"embeddable":true,"href":"https:\/\/aspres-thuir.com\/ca\/wp-json\/wp\/v2\/media\/30225"}],"wp:attachment":[{"href":"https:\/\/aspres-thuir.com\/ca\/wp-json\/wp\/v2\/media?parent=43590"}],"curies":[{"name":"wp","href":"https:\/\/api.w.org\/{rel}","templated":true}]}}