{"id":43595,"date":"2021-10-05T12:49:15","date_gmt":"2021-10-05T11:49:15","guid":{"rendered":"https:\/\/aspres-thuir.com\/mentions-legales\/"},"modified":"2023-01-05T17:23:13","modified_gmt":"2023-01-05T16:23:13","slug":"informacio-legal","status":"publish","type":"page","link":"https:\/\/aspres-thuir.com\/ca\/informacio-legal\/","title":{"rendered":"Informaci\u00f3 Legal"},"content":{"rendered":"<div class=\"et_pb_module et_pb_text et_pb_text_1_tb_body et_pb_text_align_left et_pb_bg_layout_light\">\n<div class=\"et_pb_text_inner\">\n<h3>Informaci\u00f3<\/h3>\n<\/div>\n<\/div>\n<div class=\"et_pb_module et_pb_text et_pb_text_2_tb_body et_pb_text_align_left et_pb_bg_layout_light\">\n<p>El lloc web www.aspres-thuir.fr (en les seves versions http(s), amb o sense www), pertany a:<\/p>\n<\/div>\n<div><\/div>\n<div class=\"et_pb_module et_pb_text et_pb_text_2_tb_body et_pb_text_align_left et_pb_bg_layout_light\">OFICINA DE TURISME INTERCOMUNAL ASPRES &#8211; THUIR<\/div>\n<div class=\"et_pb_module et_pb_text et_pb_text_2_tb_body et_pb_text_align_left et_pb_bg_layout_light\">BOULEVARD VIOLET<\/div>\n<div class=\"et_pb_module et_pb_text et_pb_text_2_tb_body et_pb_text_align_left et_pb_bg_layout_light\">66300 THUIR<\/div>\n<div><\/div>\n<div class=\"et_pb_module et_pb_text et_pb_text_2_tb_body et_pb_text_align_left et_pb_bg_layout_light\">T\u00e9l. +33 4 68 53 45 86<\/div>\n<div><\/div>\n<div class=\"et_pb_module et_pb_text et_pb_text_2_tb_body et_pb_text_align_left et_pb_bg_layout_light\">\n<div class=\"et_pb_text_inner\">\n<h3>Dissenyador i allotjament:<\/h3>\n<p>70 av Alfred Kastler \u2013 Perpignan<br \/>\n66100 Perpiny\u00e0\u2013 France<\/p>\n<p>Cope APE \/ NAF 7311Z<br \/>\nSIRET 753 228 287<br \/>\nRCS 753 228 287 00045<br \/>\nAPE 7311Z N\u00famero de tel\u00e8fon : 04 68 38 55 63<\/p>\n<p>Gestors : Cyrille Sabatier, Nathalie Civale et Cyrille Cojan<br \/>\ninfoattraptemps.fr<\/p>\n<h1><\/h1>\n<h3>INFORMACI\u00d3 T\u00c8CNICA<\/h3>\n<\/div>\n<div><\/div>\n<div class=\"et_pb_text_inner\">L&#8217;usuari d&#8217;aquest lloc reconeix disposar de les habilitats i mitjans necessaris per accedir i utilitzar &#8220;https:\/\/aspres-thuir.com&#8221;. Reconeix haver comprovat que la configuraci\u00f3 inform\u00e0tica utilitzada no cont\u00e9 cap virus i que est\u00e0 en perfecte estat de funcionament. L&#8217;usuari reconeix haver estat informat que aquest lloc \u00e9s accessible les 24 hores del dia, els 7 dies de la setmana, excepte en casos de for\u00e7a major, dificultats relacionades amb l&#8217;estructura de les xarxes de comunicaci\u00f3 o dificultats t\u00e8cniques, motius de manteniment, \u201cLa Intercomunal Tur\u00edstica Aspres-Thuir. Office pot interrompre el lloc i s&#8217;esfor\u00e7ar\u00e0 en aquest cas per avisar els usuaris amb antelaci\u00f3. L&#8217;Oficina Intercomunal de Turisme d&#8217;Aspres-Thuir fa tot el possible per oferir als usuaris informaci\u00f3 i\/o eines disponibles i verificades, per\u00f2 no es fa responsable dels errors, la manca de disponibilitat d&#8217;informaci\u00f3 i\/o la pres\u00e8ncia de virus al seu lloc.<\/p>\n<h2><\/h2>\n<h3>PROPIETAT I DRET D&#8217;AUTOR<\/h3>\n<p>L&#8217;estructura general, aix\u00ed com el programari, els textos, les imatges, animades o no, el seu saber fer, i tots els altres components del lloc s\u00f3n propietat exclusiva de l&#8217;Oficina Intercomunal de Turisme d&#8217;Aspres-Thuir. Qualsevol representaci\u00f3 total o parcial d&#8217;aquest lloc per qualsevol mitj\u00e0, sense l&#8217;autoritzaci\u00f3 expressa de l&#8217;Oficina Intercomunal de Turisme d&#8217;Aspres-Thuir est\u00e0 prohibida i constitueix una infracci\u00f3 sancionada pels articles L.335-2 i seg\u00fcents del Codi de propietat intel\u00b7lectual. El mateix s&#8217;aplica a les bases de dades que apareixen al lloc web, que estan protegides per les disposicions del Codi de Propietat Intel\u00b7lectual de transposici\u00f3 de la Directiva Europea d&#8217;11 de mar\u00e7 de 1996 sobre la protecci\u00f3 jur\u00eddica de les bases de dades, i de la qual \u00e9s productor l&#8217;Oficina Intercomunal de Turisme d&#8217;Aspres-Thuir. . Per acomplir aquestes missions, l&#8217;Oficina Intercomunal de Turisme Aspres-Thuir recull i distribueix la informaci\u00f3 tur\u00edstica m\u00e9s completa possible, que podeu consultar des de la vostra p\u00e0gina web www.aspres-thuir.com on podreu navegar lliurement.<\/p>\n<p>l&#8217;Oficina Intercomunal de Turisme Aspres-Thuir s&#8217;esfor\u00e7a per oferir una informaci\u00f3 el m\u00e9s precisa possible al lloc www.aspres-thuir.com. La informaci\u00f3 que apareix al lloc www.aspres-thuir.com. no s\u00f3n exhaustives i les fotos no s\u00f3n contractuals. Aquesta informaci\u00f3 es d\u00f3na subjecte a modificacions des que es va posar en l\u00ednia. La informaci\u00f3 facilitada al lloc web www.aspres-thuir.com. es donen nom\u00e9s a t\u00edtol informatiu i es poden modificar sense previ av\u00eds.<\/p>\n<p>Les presents condicions del lloc www.aspres-thuir.com. es regeixen per la llei francesa i qualsevol controv\u00e8rsia o litigi que pogu\u00e9s sorgir de la interpretaci\u00f3 o execuci\u00f3 d&#8217;aquestes recau en la jurisdicci\u00f3 exclusiva dels tribunals dels quals dep\u00e8n la seu de l&#8217;Oficina Intercommunal de Turisme Aspres-Thuir. La llengua de refer\u00e8ncia per a la resoluci\u00f3 de qualsevol controv\u00e8rsia \u00e9s el franc\u00e8s.<\/p>\n<h3>POL\u00cdTICA DE RESPECTE A LES DADES PERSONALS<\/h3>\n<p>Volem explicar-vos de manera transparent per qu\u00e8 recollim, emmagatzemem, compartim i utilitzem les vostres dades personals. El registre i l&#8217;\u00fas de les seves dades personals s&#8217;ajusta al GDPR: Reglament General de Protecci\u00f3 de Dades entrat en vigor el 25 de maig de 2018.<\/p>\n<p>En quins casos tenim les teves dades?<\/p>\n<p>Si tenim les teves dades, \u00e9s perqu\u00e8 ens has donat perm\u00eds quan:<\/p>\n<ul>\n<li>Gesti\u00f3 i seguiment de la creaci\u00f3 de comptes i de la relaci\u00f3 amb els usuaris i clients en general;<\/li>\n<li>Gesti\u00f3 i seguiment de comandes, pagaments i relacions amb els clients;<\/li>\n<li>Gesti\u00f3 de comptes de clients;<\/li>\n<li>Gesti\u00f3 comercial i de m\u00e0rqueting;<\/li>\n<li>La mesura de la qualitat i la satisfacci\u00f3;<\/li>\n<li>Prospecci\u00f3 comercial i personalitzaci\u00f3 d&#8217;ofertes;<\/li>\n<li>Gesti\u00f3 de l&#8217;espai d&#8217;opini\u00f3 dels usuaris;<\/li>\n<\/ul>\n<p>El que recollim<\/p>\n<ul>\n<li>Dades del formulari de contacte<\/li>\n<\/ul>\n<p>Recopilem les dades que introdu\u00efu als formularis de sol\u00b7licitud d&#8217;informaci\u00f3 del nostre lloc web.<\/p>\n<p>Per exemple, recollim la seva adre\u00e7a de correu electr\u00f2nic, quan envieu una sol\u00b7licitud de subscripci\u00f3 al nostre butllet\u00ed a l&#8217;Oficina de Turisme Intercomunal d&#8217;Aspres-Thuir o qualsevol altre valor de camp que cont\u00e9 l&#8217;esmentat formulari.<\/p>\n<ul>\n<li>Formularis de contacte amb establiments tur\u00edstics<\/li>\n<\/ul>\n<p>Tamb\u00e9 registrem les sol\u00b7licituds que realitzeu des dels botons &#8220;CONTACTA&#8217;NS&#8221; presents als fitxers que descriuen els establiments tur\u00edstics als quals fem refer\u00e8ncia al nostre cercador. Guardem tots els camps del formulari de contacte, incl\u00f2s el per\u00edode que indiquis per a la teva estada. Aquesta informaci\u00f3 tamb\u00e9 s&#8217;envia als responsables dels establiments tur\u00edstics que poden contactar directament amb tu i enviar-te les seves millors ofertes de vacances.<\/p>\n<ul>\n<li>Dades de navegaci\u00f3 per Internet<\/li>\n<\/ul>\n<p>L&#8217;Oficina Intercomunal de Turisme d&#8217;Aspres-Thuir vol oferir-te la millor experi\u00e8ncia possible perqu\u00e8 gaudeixis d&#8217;un millor suport per preparar la teva estada avui, dem\u00e0 i en el futur. Per aconseguir-ho, hem d&#8217;entendre els teus h\u00e0bits de navegaci\u00f3 i aix\u00ed poder oferir-te una oferta de servei m\u00e9s personalitzada. Complem amb les missions de servei local per a vost\u00e8 recopilant i despr\u00e9s distribuint a Internet, en particular informaci\u00f3 tur\u00edstica del nostre territori. Enregistrem el contingut de la seva navegaci\u00f3 per Internet, utilitzant tecnologia de cookies (vegeu art. 6 sobre l&#8217;\u00fas de cookies).<\/p>\n<ul>\n<li>Qu\u00e8 fem amb les teves dades personals<\/li>\n<\/ul>\n<p>Utilitzem les vostres dades amb la finalitat de :<\/p>\n<ul>\n<li>Gestionar i supervisar els comptes dels clients,<\/li>\n<li>Gestionar la relaci\u00f3 amb els clients en general;<\/li>\n<li>Gestionar i fer el seguiment de comandes, pagaments i relacions amb els clients,<\/li>\n<li>Gestionar la nostra estrat\u00e8gia de vendes i m\u00e0rqueting,<\/li>\n<li>Realitzar prospeccions comercials i personalitzar les nostres ofertes.<\/li>\n<\/ul>\n<h3>Temps d&#8217;emmagatzematge de dades<\/h3>\n<p>El per\u00edode de conservaci\u00f3 de les seves dades es determina segons un objectiu propi de l&#8217;Oficina Intercomunal de Turisme d&#8217;Aspres-Thuir. Un cop assolit aquest objectiu, les vostres dades s&#8217;arxiven, s&#8217;esborren o s&#8217;anonimitzaran. Per tant, les seves dades personals s\u00f3n conservades i accessibles pels serveis operatius nom\u00e9s durant el temps necessari per assolir l&#8217;objectiu perseguit durant la seva recollida.<\/p>\n<p>Si hem recopilat les vostres dades durant un per\u00edode determinat per\u00f2 no hi ha hagut cap sol\u00b7licitud de cap tipus per part vostra, les suprimim al cap de 3 anys.<\/p>\n<ul>\n<li>Transfer\u00e8ncia de dades<\/li>\n<\/ul>\n<p>Les dades personals que tenim es transmeten als departaments interns de la nostra empresa i a qualsevol subcontractista i soci.<\/p>\n<p>Les seves dades tamb\u00e9 es poden transmetre en determinats casos a prove\u00efdors de serveis fora de l&#8217;Espai Econ\u00f2mic Europeu (EEE) garantint l&#8217;\u00fas dels mateixos est\u00e0ndards que el nostre lloc web.<\/p>\n<h3>Els teus drets<\/h3>\n<p>Les teves dades s\u00f3n personals, per aix\u00f2 tens dret a:<\/p>\n<ul>\n<li>Per accedir a les vostres dades fent una sol\u00b7licitud per correu electr\u00f2nic a accueil@aspres-thuir.com i enviant-nos un document d&#8217;identitat,<\/li>\n<li>Per modificar, rectificar o completar les seves dades personals,<\/li>\n<li>Per transmetre les vostres dades a altres empreses,<\/li>\n<li>Per limitar l&#8217;acc\u00e9s a les vostres dades a determinades organitzacions,<\/li>\n<li>Per demanar-nos que eliminem la totalitat o part de les dades que ens ha transm\u00e8s,<\/li>\n<li>Per obtenir un &#8220;dret a l&#8217;oblit&#8221; si ens ho demana,<\/li>\n<li>Oposar-se al tractament de les seves dades mitjan\u00e7ant m\u00e0rqueting directe.<\/li>\n<\/ul>\n<h3>Control i seguretat de les teves dades<\/h3>\n<p>La confidencialitat i la seguretat de les vostres dades personals \u00e9s i seguir\u00e0 sent una prioritat per a nosaltres. Les vostres dades personals s&#8217;emmagatzemen en servidors allotjats a Fran\u00e7a per OVH. La infraestructura d&#8217;allotjament est\u00e0 subcontractada pel nostre prove\u00efdor de serveis d&#8217;Internet www.raccourci.fr que garanteix la protecci\u00f3 de les vostres dades personals.<\/p>\n<p>Per mantenir les vostres dades segures, utilitzem diverses mesures de seguretat intel\u00b7ligents per protegir la informaci\u00f3 que recopilem sobre vosaltres. Quan les p\u00e0gines estan en mode segur HTTPS, el protocol de seguretat xifra el contingut dels intercanvis entre el navegador i els servidors de bases de dades. Aix\u00f2 evita que les dades personals introdu\u00efdes i enviades a trav\u00e9s dels formularis continguts a aspres-thuir.com siguin f\u00e0cilment llegides per tercers durant el seu tr\u00e0nsit. Les mesures que posem en marxa us protegeixen contra qualsevol tractament il\u00b7l\u00edcit de les vostres dades, aix\u00ed com contra qualsevol p\u00e8rdua, destrucci\u00f3 o dany accidental.<\/p>\n<p>En cas de risc important a aspres-thuir.com, informarem a les persones interessades de les violacions de dades que s&#8217;hagin produ\u00eft.<\/p>\n<p>Tamb\u00e9 implementem garanties addicionals per a la protecci\u00f3 de la informaci\u00f3 sensible (salut, orientaci\u00f3 sexual, ra\u00e7a, religi\u00f3, opinions pol\u00edtiques, etc.).<\/p>\n<p>* Hem enumerat quins tipus d&#8217;informaci\u00f3 recollim, quan i hem detallat les finalitats per a les quals fem servir la vostra informaci\u00f3 personal<\/p>\n<p>* Expliquem quan altres persones poden veure la teva identitat<\/p>\n<p>* Hem enumerat clarament les situacions en qu\u00e8 transferim la vostra informaci\u00f3 personal a qualsevol persona i hem incl\u00f2s informaci\u00f3 sobre els nostres processadors d&#8217;informaci\u00f3 personal<\/p>\n<p>* Hem incl\u00f2s informaci\u00f3 que us indica quant de temps conservem la vostra informaci\u00f3 personal, com descarregar-la o corregir-la<\/p>\n<p>* Les dades de contacte del nostre delegat de protecci\u00f3 de dades: dpo.ccaspres@lg-partenaires.fr. Aquesta adre\u00e7a est\u00e0 disponible per als visitants del lloc per a qualsevol pregunta o queixa sobre dades personals.<\/p>\n<h3><strong>Qu\u00e8 \u00e9s un cookie ?<\/strong><\/h3>\n<p>Les cookies s\u00f3n petits fitxers de text que s&#8217;instal\u00b7len autom\u00e0ticament al vostre ordinador o dispositiu quan visiteu els nostres llocs web.<\/p>\n<ul>\n<li>Finalitat de les cookies<\/li>\n<\/ul>\n<p>Utilitzem cookies per fer m\u00e9s eficients les vostres visites i compres als nostres llocs. Les cookies tamb\u00e9 ens permeten millorar la navegaci\u00f3 als nostres llocs i entendre el vostre comportament de compra.<\/p>\n<ul>\n<li>El nostre \u00fas de cookies<\/li>\n<\/ul>\n<p>Utilitzem cookies per:<\/p>\n<ul>\n<li>Recordeu la vostra informaci\u00f3 d&#8217;inici de sessi\u00f3,<\/li>\n<li>Identificar-vos quan inicieu sessi\u00f3 als nostres llocs web,<\/li>\n<li>Recorda els productes que has posat a la teva cistella quan visites diferents p\u00e0gines durant una sessi\u00f3 de navegaci\u00f3, quan accedeixes a la p\u00e0gina de pagament o quan acabes la sessi\u00f3 abans d&#8217;haver finalitzat la compra.<\/li>\n<li>Recolliu informaci\u00f3 que ens pot ajudar a enviar-vos anuncis adaptats als vostres interessos.<\/li>\n<li>Recordeu les vostres prefer\u00e8ncies de navegaci\u00f3, com ara el vostre idioma, mida de lletra, disseny de p\u00e0gina o colors preferits. Tot per permetre&#8217;t navegar pel nostre lloc amb m\u00e9s rapidesa i facilitat.<\/li>\n<li>Recolliu informaci\u00f3 anal\u00edtica per, per exemple, comptar el nombre de visitants dels nostres llocs web i identificar les p\u00e0gines dels nostres llocs que visiteu amb m\u00e9s freq\u00fc\u00e8ncia. Utilitzem les dades d&#8217;an\u00e0lisi que recollim amb finalitats de m\u00e0rqueting i planificaci\u00f3 de recursos.<\/li>\n<li>Per determinar si els nostres clients i visitants s&#8217;adapten f\u00e0cilment als canvis que podem fer als nostres llocs web.<\/li>\n<\/ul>\n<ul>\n<li>Informaci\u00f3 recollida mitjan\u00e7ant cookies<\/li>\n<\/ul>\n<p>Les galetes ens ajuden a recopilar informaci\u00f3 sobre com feu servir el nostre lloc web, per\u00f2 no emmagatzemem cap informaci\u00f3 d&#8217;identificaci\u00f3 personal a les nostres dades de galetes sobre vosaltres. Nom\u00e9s guardem un identificador de sessi\u00f3 \u00fanic que ens ajudar\u00e0 a trobar un perfil d&#8217;usuari i les vostres prefer\u00e8ncies en la vostra propera visita.<\/p>\n<ul>\n<li>Tipus de cookies<\/li>\n<\/ul>\n<ul>\n<li>Cookies de sessi\u00f3: les cookies d&#8217;aquest tipus s&#8217;emmagatzemen temporalment al vostre ordinador o dispositiu durant una sessi\u00f3 de navegaci\u00f3. S&#8217;esborren del vostre ordinador o dispositiu al final de la sessi\u00f3 de navegaci\u00f3.<\/li>\n<li>Cookies permanents: les cookies d&#8217;aquest tipus romanen m\u00e9s temps al vostre ordinador. Les galetes persistents ens ajuden a recon\u00e8ixer-te quan necessitem saber qui ets durant m\u00e9s d&#8217;una sessi\u00f3 de navegaci\u00f3.<\/li>\n<\/ul>\n<ul>\n<li>Gesti\u00f3 de cookies<\/li>\n<\/ul>\n<p>Si ho desitja, pot activar o desactivar l&#8217;\u00fas de cookies seleccionant la configuraci\u00f3 adequada al programari del seu navegador (firefox, internet explorer, chrome, safari, etc.).<\/p>\n<p>El men\u00fa de la majoria dels navegadors t\u00e9 opcions que us permeten gestionar les vostres galetes ajustant o configurant la vostra configuraci\u00f3 de galetes. En general, el navegador us ofereix la possibilitat de:<\/p>\n<ul>\n<li>mostrar les teves galetes;<\/li>\n<li>permetre les cookies;<\/li>\n<li>desactivar totes les galetes, o nom\u00e9s galetes espec\u00edfiques;<\/li>\n<li>desactivar totes les cookies quan tanqueu el navegador;<\/li>\n<li>bloquejar les cookies;<\/li>\n<li>per ser informat quan rebeu una galeta.<\/li>\n<\/ul>\n<p>Tingueu en compte que si opteu per bloquejar les nostres galetes, la major part de la funcionalitat d&#8217;aquest lloc es desactivar\u00e0 (incl\u00f2s el registre, la possibilitat de publicar una ressenya o qualsevol altra interacci\u00f3) i la vostra navegaci\u00f3 tamb\u00e9 es pot veure afectada. Si configureu les opcions del vostre navegador per eliminar totes les galetes, les vostres prefer\u00e8ncies de navegaci\u00f3 s&#8217;esborraran quan tanqueu el navegador.<\/p>\n<p>Veuillez noter qu\u2019\u00e0 moins que vous n\u2019ayez r\u00e9gl\u00e9 les param\u00e8tres de votre navigateur de fa\u00e7on \u00e0 refuser les cookies, notre syst\u00e8me \u00e9mettra des cookies d\u00e8s que vous vous rendrez sur l\u2019un de nos sites.<\/p>\n<ul>\n<li>Informaci\u00f3 addicional sobre les cookies<\/li>\n<\/ul>\n<p>La CNIL ha publicat diversos articles sobre l&#8217;actualitzaci\u00f3 del GDPR, en particular sobre les eines que permeten controlar les cookies:<\/p>\n<p><a href=\"http:\/\/www.cnil.fr\/vos-libertes\/vos-traces\/les-cookies\/\">http:\/\/www.cnil.fr\/vos-libertes\/vos-traces\/les-cookies\/<\/a><\/p>\n<\/div>\n<\/div>\n<p><!--more--><\/p>\n<p><!--more--><\/p>\n<p><!--more--><\/p>\n<p><!--more--><\/p>\n<p><!--more--><\/p>\n","protected":false},"excerpt":{"rendered":"<p>Informaci\u00f3 El lloc web www.aspres-thuir.fr (en les seves versions http(s), amb o sense www), pertany a: OFICINA DE TURISME INTERCOMUNAL ASPRES &#8211; THUIR BOULEVARD VIOLET 66300 THUIR T\u00e9l. +33 4 68 53 45 86 Dissenyador i allotjament: 70 av Alfred Kastler \u2013 Perpignan 66100 Perpiny\u00e0\u2013 France Cope APE \/ NAF 7311Z SIRET 753 228 287 [&hellip;]<\/p>\n","protected":false},"author":2,"featured_media":30225,"parent":0,"menu_order":0,"comment_status":"closed","ping_status":"closed","template":"","meta":{"_acf_changed":false,"_et_pb_use_builder":"","_et_pb_old_content":"","_et_gb_content_width":"","footnotes":""},"class_list":["post-43595","page","type-page","status-publish","has-post-thumbnail","hentry"],"acf":[],"yoast_head":"<!-- This site is optimized with the Yoast SEO plugin v26.9 - https:\/\/yoast.com\/product\/yoast-seo-wordpress\/ -->\n<title>Informaci\u00f3 Legal - Office de Tourisme Aspres-Thuir<\/title>\n<meta name=\"robots\" content=\"index, follow, max-snippet:-1, max-image-preview:large, max-video-preview:-1\" \/>\n<link rel=\"canonical\" href=\"https:\/\/aspres-thuir.com\/ca\/informacio-legal\/\" \/>\n<meta property=\"og:locale\" content=\"ca_ES\" \/>\n<meta property=\"og:type\" content=\"article\" \/>\n<meta property=\"og:title\" content=\"Informaci\u00f3 Legal - Office de Tourisme Aspres-Thuir\" \/>\n<meta property=\"og:description\" content=\"Informaci\u00f3 El lloc web www.aspres-thuir.fr (en les seves versions http(s), amb o sense www), pertany a: OFICINA DE TURISME INTERCOMUNAL ASPRES &#8211; THUIR BOULEVARD VIOLET 66300 THUIR T\u00e9l. +33 4 68 53 45 86 Dissenyador i allotjament: 70 av Alfred Kastler \u2013 Perpignan 66100 Perpiny\u00e0\u2013 France Cope APE \/ NAF 7311Z SIRET 753 228 287 [&hellip;]\" \/>\n<meta property=\"og:site_name\" content=\"Office de Tourisme Aspres-Thuir\" \/>\n<meta property=\"article:modified_time\" content=\"2023-01-05T16:23:13+00:00\" \/>\n<meta property=\"og:image\" content=\"https:\/\/aspres-thuir.com\/wp-content\/uploads\/2022\/02\/windows-eGNLSgazDVU-unsplash-scaled-e1645542522216.jpg\" \/>\n\t<meta property=\"og:image:width\" content=\"2880\" \/>\n\t<meta property=\"og:image:height\" content=\"1920\" \/>\n\t<meta property=\"og:image:type\" content=\"image\/jpeg\" \/>\n<meta name=\"twitter:card\" content=\"summary_large_image\" \/>\n<meta name=\"twitter:label1\" content=\"Est. reading time\" \/>\n\t<meta name=\"twitter:data1\" content=\"11 minutes\" \/>\n<script type=\"application\/ld+json\" class=\"yoast-schema-graph\">{\"@context\":\"https:\/\/schema.org\",\"@graph\":[{\"@type\":\"WebPage\",\"@id\":\"https:\/\/aspres-thuir.com\/ca\/informacio-legal\/\",\"url\":\"https:\/\/aspres-thuir.com\/ca\/informacio-legal\/\",\"name\":\"Informaci\u00f3 Legal - Office de Tourisme Aspres-Thuir\",\"isPartOf\":{\"@id\":\"https:\/\/aspres-thuir.com\/ca\/#website\"},\"primaryImageOfPage\":{\"@id\":\"https:\/\/aspres-thuir.com\/ca\/informacio-legal\/#primaryimage\"},\"image\":{\"@id\":\"https:\/\/aspres-thuir.com\/ca\/informacio-legal\/#primaryimage\"},\"thumbnailUrl\":\"https:\/\/aspres-thuir.com\/wp-content\/uploads\/2022\/02\/windows-eGNLSgazDVU-unsplash-scaled-e1645542522216.jpg\",\"datePublished\":\"2021-10-05T11:49:15+00:00\",\"dateModified\":\"2023-01-05T16:23:13+00:00\",\"breadcrumb\":{\"@id\":\"https:\/\/aspres-thuir.com\/ca\/informacio-legal\/#breadcrumb\"},\"inLanguage\":\"ca\",\"potentialAction\":[{\"@type\":\"ReadAction\",\"target\":[\"https:\/\/aspres-thuir.com\/ca\/informacio-legal\/\"]}]},{\"@type\":\"ImageObject\",\"inLanguage\":\"ca\",\"@id\":\"https:\/\/aspres-thuir.com\/ca\/informacio-legal\/#primaryimage\",\"url\":\"https:\/\/aspres-thuir.com\/wp-content\/uploads\/2022\/02\/windows-eGNLSgazDVU-unsplash-scaled-e1645542522216.jpg\",\"contentUrl\":\"https:\/\/aspres-thuir.com\/wp-content\/uploads\/2022\/02\/windows-eGNLSgazDVU-unsplash-scaled-e1645542522216.jpg\",\"width\":2880,\"height\":1920},{\"@type\":\"BreadcrumbList\",\"@id\":\"https:\/\/aspres-thuir.com\/ca\/informacio-legal\/#breadcrumb\",\"itemListElement\":[{\"@type\":\"ListItem\",\"position\":1,\"name\":\"\",\"item\":\"https:\/\/aspres-thuir.com\/ca\/\"},{\"@type\":\"ListItem\",\"position\":2,\"name\":\"Informaci\u00f3 Legal\"}]},{\"@type\":\"WebSite\",\"@id\":\"https:\/\/aspres-thuir.com\/ca\/#website\",\"url\":\"https:\/\/aspres-thuir.com\/ca\/\",\"name\":\"Office de Tourisme Aspres-Thuir\",\"description\":\"\",\"potentialAction\":[{\"@type\":\"SearchAction\",\"target\":{\"@type\":\"EntryPoint\",\"urlTemplate\":\"https:\/\/aspres-thuir.com\/ca\/?s={search_term_string}\"},\"query-input\":{\"@type\":\"PropertyValueSpecification\",\"valueRequired\":true,\"valueName\":\"search_term_string\"}}],\"inLanguage\":\"ca\"}]}<\/script>\n<!-- \/ Yoast SEO plugin. -->","yoast_head_json":{"title":"Informaci\u00f3 Legal - Office de Tourisme Aspres-Thuir","robots":{"index":"index","follow":"follow","max-snippet":"max-snippet:-1","max-image-preview":"max-image-preview:large","max-video-preview":"max-video-preview:-1"},"canonical":"https:\/\/aspres-thuir.com\/ca\/informacio-legal\/","og_locale":"ca_ES","og_type":"article","og_title":"Informaci\u00f3 Legal - Office de Tourisme Aspres-Thuir","og_description":"Informaci\u00f3 El lloc web www.aspres-thuir.fr (en les seves versions http(s), amb o sense www), pertany a: OFICINA DE TURISME INTERCOMUNAL ASPRES &#8211; THUIR BOULEVARD VIOLET 66300 THUIR T\u00e9l. +33 4 68 53 45 86 Dissenyador i allotjament: 70 av Alfred Kastler \u2013 Perpignan 66100 Perpiny\u00e0\u2013 France Cope APE \/ NAF 7311Z SIRET 753 228 287 [&hellip;]","og_site_name":"Office de Tourisme Aspres-Thuir","article_modified_time":"2023-01-05T16:23:13+00:00","og_image":[{"width":2880,"height":1920,"url":"https:\/\/aspres-thuir.com\/wp-content\/uploads\/2022\/02\/windows-eGNLSgazDVU-unsplash-scaled-e1645542522216.jpg","type":"image\/jpeg"}],"twitter_card":"summary_large_image","twitter_misc":{"Est. reading time":"11 minutes"},"schema":{"@context":"https:\/\/schema.org","@graph":[{"@type":"WebPage","@id":"https:\/\/aspres-thuir.com\/ca\/informacio-legal\/","url":"https:\/\/aspres-thuir.com\/ca\/informacio-legal\/","name":"Informaci\u00f3 Legal - Office de Tourisme Aspres-Thuir","isPartOf":{"@id":"https:\/\/aspres-thuir.com\/ca\/#website"},"primaryImageOfPage":{"@id":"https:\/\/aspres-thuir.com\/ca\/informacio-legal\/#primaryimage"},"image":{"@id":"https:\/\/aspres-thuir.com\/ca\/informacio-legal\/#primaryimage"},"thumbnailUrl":"https:\/\/aspres-thuir.com\/wp-content\/uploads\/2022\/02\/windows-eGNLSgazDVU-unsplash-scaled-e1645542522216.jpg","datePublished":"2021-10-05T11:49:15+00:00","dateModified":"2023-01-05T16:23:13+00:00","breadcrumb":{"@id":"https:\/\/aspres-thuir.com\/ca\/informacio-legal\/#breadcrumb"},"inLanguage":"ca","potentialAction":[{"@type":"ReadAction","target":["https:\/\/aspres-thuir.com\/ca\/informacio-legal\/"]}]},{"@type":"ImageObject","inLanguage":"ca","@id":"https:\/\/aspres-thuir.com\/ca\/informacio-legal\/#primaryimage","url":"https:\/\/aspres-thuir.com\/wp-content\/uploads\/2022\/02\/windows-eGNLSgazDVU-unsplash-scaled-e1645542522216.jpg","contentUrl":"https:\/\/aspres-thuir.com\/wp-content\/uploads\/2022\/02\/windows-eGNLSgazDVU-unsplash-scaled-e1645542522216.jpg","width":2880,"height":1920},{"@type":"BreadcrumbList","@id":"https:\/\/aspres-thuir.com\/ca\/informacio-legal\/#breadcrumb","itemListElement":[{"@type":"ListItem","position":1,"name":"","item":"https:\/\/aspres-thuir.com\/ca\/"},{"@type":"ListItem","position":2,"name":"Informaci\u00f3 Legal"}]},{"@type":"WebSite","@id":"https:\/\/aspres-thuir.com\/ca\/#website","url":"https:\/\/aspres-thuir.com\/ca\/","name":"Office de Tourisme Aspres-Thuir","description":"","potentialAction":[{"@type":"SearchAction","target":{"@type":"EntryPoint","urlTemplate":"https:\/\/aspres-thuir.com\/ca\/?s={search_term_string}"},"query-input":{"@type":"PropertyValueSpecification","valueRequired":true,"valueName":"search_term_string"}}],"inLanguage":"ca"}]}},"_links":{"self":[{"href":"https:\/\/aspres-thuir.com\/ca\/wp-json\/wp\/v2\/pages\/43595","targetHints":{"allow":["GET"]}}],"collection":[{"href":"https:\/\/aspres-thuir.com\/ca\/wp-json\/wp\/v2\/pages"}],"about":[{"href":"https:\/\/aspres-thuir.com\/ca\/wp-json\/wp\/v2\/types\/page"}],"author":[{"embeddable":true,"href":"https:\/\/aspres-thuir.com\/ca\/wp-json\/wp\/v2\/users\/2"}],"replies":[{"embeddable":true,"href":"https:\/\/aspres-thuir.com\/ca\/wp-json\/wp\/v2\/comments?post=43595"}],"version-history":[{"count":0,"href":"https:\/\/aspres-thuir.com\/ca\/wp-json\/wp\/v2\/pages\/43595\/revisions"}],"wp:featuredmedia":[{"embeddable":true,"href":"https:\/\/aspres-thuir.com\/ca\/wp-json\/wp\/v2\/media\/30225"}],"wp:attachment":[{"href":"https:\/\/aspres-thuir.com\/ca\/wp-json\/wp\/v2\/media?parent=43595"}],"curies":[{"name":"wp","href":"https:\/\/api.w.org\/{rel}","templated":true}]}}