{"id":24605,"date":"2021-07-23T09:18:10","date_gmt":"2021-07-23T08:18:10","guid":{"rendered":"https:\/\/aspres-thuir.com\/accueil\/"},"modified":"2023-01-05T17:29:40","modified_gmt":"2023-01-05T16:29:40","slug":"startseite","status":"publish","type":"page","link":"https:\/\/aspres-thuir.com\/de\/","title":{"rendered":"Startseite"},"content":{"rendered":"","protected":false},"excerpt":{"rendered":"","protected":false},"author":2,"featured_media":0,"parent":0,"menu_order":0,"comment_status":"closed","ping_status":"closed","template":"","meta":{"_acf_changed":false,"_et_pb_use_builder":"","_et_pb_old_content":"","_et_gb_content_width":"","footnotes":""},"class_list":["post-24605","page","type-page","status-publish","hentry"],"acf":[],"yoast_head":"<!-- This site is optimized with the Yoast SEO plugin v26.9 - https:\/\/yoast.com\/product\/yoast-seo-wordpress\/ -->\n<title>Startseite - Office de Tourisme Aspres-Thuir<\/title>\n<meta name=\"description\" content=\"Promenez vous dans les Aspres et admirez de magnifiques paysages, n\u2019h\u00e9sitez pas \u00e0 vous arr\u00eater pour admirer la vue qui s\u2019offre \u00e0 vous. Un peu partout, perdues au milieu d\u2019une for\u00eat de ch\u00eanes li\u00e8ges vous d\u00e9couvrirez de magnifiques chapelles romanes et visiterez nos villages empreints d\u2019histoire.\" \/>\n<meta name=\"robots\" content=\"index, follow, max-snippet:-1, max-image-preview:large, max-video-preview:-1\" \/>\n<link rel=\"canonical\" href=\"https:\/\/aspres-thuir.com\/de\/\" \/>\n<meta property=\"og:locale\" content=\"de_DE\" \/>\n<meta property=\"og:type\" content=\"article\" \/>\n<meta property=\"og:title\" content=\"Startseite - Office de Tourisme Aspres-Thuir\" \/>\n<meta property=\"og:description\" content=\"Promenez vous dans les Aspres et admirez de magnifiques paysages, n\u2019h\u00e9sitez pas \u00e0 vous arr\u00eater pour admirer la vue qui s\u2019offre \u00e0 vous. Un peu partout, perdues au milieu d\u2019une for\u00eat de ch\u00eanes li\u00e8ges vous d\u00e9couvrirez de magnifiques chapelles romanes et visiterez nos villages empreints d\u2019histoire.\" \/>\n<meta property=\"og:site_name\" content=\"Office de Tourisme Aspres-Thuir\" \/>\n<meta property=\"article:modified_time\" content=\"2023-01-05T16:29:40+00:00\" \/>\n<meta name=\"twitter:card\" content=\"summary_large_image\" \/>\n<script type=\"application\/ld+json\" class=\"yoast-schema-graph\">{\"@context\":\"https:\/\/schema.org\",\"@graph\":[{\"@type\":\"WebPage\",\"@id\":\"https:\/\/aspres-thuir.com\/de\/\",\"url\":\"https:\/\/aspres-thuir.com\/de\/\",\"name\":\"Startseite - Office de Tourisme Aspres-Thuir\",\"isPartOf\":{\"@id\":\"https:\/\/aspres-thuir.com\/de\/#website\"},\"datePublished\":\"2021-07-23T08:18:10+00:00\",\"dateModified\":\"2023-01-05T16:29:40+00:00\",\"description\":\"Promenez vous dans les Aspres et admirez de magnifiques paysages, n\u2019h\u00e9sitez pas \u00e0 vous arr\u00eater pour admirer la vue qui s\u2019offre \u00e0 vous. Un peu partout, perdues au milieu d\u2019une for\u00eat de ch\u00eanes li\u00e8ges vous d\u00e9couvrirez de magnifiques chapelles romanes et visiterez nos villages empreints d\u2019histoire.\",\"breadcrumb\":{\"@id\":\"https:\/\/aspres-thuir.com\/de\/#breadcrumb\"},\"inLanguage\":\"de-DE\",\"potentialAction\":[{\"@type\":\"ReadAction\",\"target\":[\"https:\/\/aspres-thuir.com\/de\/\"]}]},{\"@type\":\"BreadcrumbList\",\"@id\":\"https:\/\/aspres-thuir.com\/de\/#breadcrumb\",\"itemListElement\":[{\"@type\":\"ListItem\",\"position\":1,\"name\":\"\",\"item\":\"https:\/\/aspres-thuir.com\/de\/\"},{\"@type\":\"ListItem\",\"position\":2,\"name\":\"Startseite\"}]},{\"@type\":\"WebSite\",\"@id\":\"https:\/\/aspres-thuir.com\/de\/#website\",\"url\":\"https:\/\/aspres-thuir.com\/de\/\",\"name\":\"Office de Tourisme Aspres-Thuir\",\"description\":\"\",\"potentialAction\":[{\"@type\":\"SearchAction\",\"target\":{\"@type\":\"EntryPoint\",\"urlTemplate\":\"https:\/\/aspres-thuir.com\/de\/?s={search_term_string}\"},\"query-input\":{\"@type\":\"PropertyValueSpecification\",\"valueRequired\":true,\"valueName\":\"search_term_string\"}}],\"inLanguage\":\"de-DE\"}]}<\/script>\n<!-- \/ Yoast SEO plugin. -->","yoast_head_json":{"title":"Startseite - Office de Tourisme Aspres-Thuir","description":"Promenez vous dans les Aspres et admirez de magnifiques paysages, n\u2019h\u00e9sitez pas \u00e0 vous arr\u00eater pour admirer la vue qui s\u2019offre \u00e0 vous. Un peu partout, perdues au milieu d\u2019une for\u00eat de ch\u00eanes li\u00e8ges vous d\u00e9couvrirez de magnifiques chapelles romanes et visiterez nos villages empreints d\u2019histoire.","robots":{"index":"index","follow":"follow","max-snippet":"max-snippet:-1","max-image-preview":"max-image-preview:large","max-video-preview":"max-video-preview:-1"},"canonical":"https:\/\/aspres-thuir.com\/de\/","og_locale":"de_DE","og_type":"article","og_title":"Startseite - Office de Tourisme Aspres-Thuir","og_description":"Promenez vous dans les Aspres et admirez de magnifiques paysages, n\u2019h\u00e9sitez pas \u00e0 vous arr\u00eater pour admirer la vue qui s\u2019offre \u00e0 vous. Un peu partout, perdues au milieu d\u2019une for\u00eat de ch\u00eanes li\u00e8ges vous d\u00e9couvrirez de magnifiques chapelles romanes et visiterez nos villages empreints d\u2019histoire.","og_site_name":"Office de Tourisme Aspres-Thuir","article_modified_time":"2023-01-05T16:29:40+00:00","twitter_card":"summary_large_image","schema":{"@context":"https:\/\/schema.org","@graph":[{"@type":"WebPage","@id":"https:\/\/aspres-thuir.com\/de\/","url":"https:\/\/aspres-thuir.com\/de\/","name":"Startseite - Office de Tourisme Aspres-Thuir","isPartOf":{"@id":"https:\/\/aspres-thuir.com\/de\/#website"},"datePublished":"2021-07-23T08:18:10+00:00","dateModified":"2023-01-05T16:29:40+00:00","description":"Promenez vous dans les Aspres et admirez de magnifiques paysages, n\u2019h\u00e9sitez pas \u00e0 vous arr\u00eater pour admirer la vue qui s\u2019offre \u00e0 vous. Un peu partout, perdues au milieu d\u2019une for\u00eat de ch\u00eanes li\u00e8ges vous d\u00e9couvrirez de magnifiques chapelles romanes et visiterez nos villages empreints d\u2019histoire.","breadcrumb":{"@id":"https:\/\/aspres-thuir.com\/de\/#breadcrumb"},"inLanguage":"de-DE","potentialAction":[{"@type":"ReadAction","target":["https:\/\/aspres-thuir.com\/de\/"]}]},{"@type":"BreadcrumbList","@id":"https:\/\/aspres-thuir.com\/de\/#breadcrumb","itemListElement":[{"@type":"ListItem","position":1,"name":"","item":"https:\/\/aspres-thuir.com\/de\/"},{"@type":"ListItem","position":2,"name":"Startseite"}]},{"@type":"WebSite","@id":"https:\/\/aspres-thuir.com\/de\/#website","url":"https:\/\/aspres-thuir.com\/de\/","name":"Office de Tourisme Aspres-Thuir","description":"","potentialAction":[{"@type":"SearchAction","target":{"@type":"EntryPoint","urlTemplate":"https:\/\/aspres-thuir.com\/de\/?s={search_term_string}"},"query-input":{"@type":"PropertyValueSpecification","valueRequired":true,"valueName":"search_term_string"}}],"inLanguage":"de-DE"}]}},"_links":{"self":[{"href":"https:\/\/aspres-thuir.com\/de\/wp-json\/wp\/v2\/pages\/24605","targetHints":{"allow":["GET"]}}],"collection":[{"href":"https:\/\/aspres-thuir.com\/de\/wp-json\/wp\/v2\/pages"}],"about":[{"href":"https:\/\/aspres-thuir.com\/de\/wp-json\/wp\/v2\/types\/page"}],"author":[{"embeddable":true,"href":"https:\/\/aspres-thuir.com\/de\/wp-json\/wp\/v2\/users\/2"}],"replies":[{"embeddable":true,"href":"https:\/\/aspres-thuir.com\/de\/wp-json\/wp\/v2\/comments?post=24605"}],"version-history":[{"count":0,"href":"https:\/\/aspres-thuir.com\/de\/wp-json\/wp\/v2\/pages\/24605\/revisions"}],"wp:attachment":[{"href":"https:\/\/aspres-thuir.com\/de\/wp-json\/wp\/v2\/media?parent=24605"}],"curies":[{"name":"wp","href":"https:\/\/api.w.org\/{rel}","templated":true}]}}