{"id":24612,"date":"2021-04-08T17:03:54","date_gmt":"2021-04-08T16:03:54","guid":{"rendered":"https:\/\/aspres-thuir.com\/nos-communes\/"},"modified":"2023-01-05T17:26:46","modified_gmt":"2023-01-05T16:26:46","slug":"gemeinden","status":"publish","type":"page","link":"https:\/\/aspres-thuir.com\/de\/gemeinden\/","title":{"rendered":"Gemeinden"},"content":{"rendered":"<p>An den ersten Ausl\u00e4ufern des Canigou gelegen, bestehen diese St\u00e4dte aus T\u00e4lern, die in der H\u00f6he mit dichten W\u00e4ldern bedeckt sind und in der Ebene weniger Vegetation haben. Jede der Gemeinden in diesem Gebiet ist durch eine Kapelle oder eine geschichtstr\u00e4chtige Kirche verbunden. Heute wendet sich Aspres dem &#8220;gr\u00fcnen Tourismus&#8221; zu, sein authentisches kulturelles und gastronomisches Erbe ist bereit, Ihnen alle Reicht\u00fcmer des katalanischen Landes zu zeigen.<\/p>\n","protected":false},"excerpt":{"rendered":"<p>An den ersten Ausl\u00e4ufern des Canigou gelegen, bestehen diese St\u00e4dte aus T\u00e4lern, die in der H\u00f6he mit dichten W\u00e4ldern bedeckt sind und in der Ebene weniger Vegetation haben. Jede der Gemeinden in diesem Gebiet ist durch eine Kapelle oder eine geschichtstr\u00e4chtige Kirche verbunden. Heute wendet sich Aspres dem &#8220;gr\u00fcnen Tourismus&#8221; zu, sein authentisches kulturelles und [&hellip;]<\/p>\n","protected":false},"author":2,"featured_media":30098,"parent":0,"menu_order":0,"comment_status":"closed","ping_status":"closed","template":"","meta":{"_acf_changed":false,"_et_pb_use_builder":"","_et_pb_old_content":"","_et_gb_content_width":"","footnotes":""},"class_list":["post-24612","page","type-page","status-publish","has-post-thumbnail","hentry"],"acf":[],"yoast_head":"<!-- This site is optimized with the Yoast SEO plugin v26.9 - https:\/\/yoast.com\/product\/yoast-seo-wordpress\/ -->\n<title>Gemeinden - Office de Tourisme Aspres-Thuir<\/title>\n<meta name=\"robots\" content=\"index, follow, max-snippet:-1, max-image-preview:large, max-video-preview:-1\" \/>\n<link rel=\"canonical\" href=\"https:\/\/aspres-thuir.com\/de\/gemeinden\/\" \/>\n<meta property=\"og:locale\" content=\"de_DE\" \/>\n<meta property=\"og:type\" content=\"article\" \/>\n<meta property=\"og:title\" content=\"Gemeinden - Office de Tourisme Aspres-Thuir\" \/>\n<meta property=\"og:description\" content=\"An den ersten Ausl\u00e4ufern des Canigou gelegen, bestehen diese St\u00e4dte aus T\u00e4lern, die in der H\u00f6he mit dichten W\u00e4ldern bedeckt sind und in der Ebene weniger Vegetation haben. Jede der Gemeinden in diesem Gebiet ist durch eine Kapelle oder eine geschichtstr\u00e4chtige Kirche verbunden. Heute wendet sich Aspres dem &#8220;gr\u00fcnen Tourismus&#8221; zu, sein authentisches kulturelles und [&hellip;]\" \/>\n<meta property=\"og:site_name\" content=\"Office de Tourisme Aspres-Thuir\" \/>\n<meta property=\"article:modified_time\" content=\"2023-01-05T16:26:46+00:00\" \/>\n<meta property=\"og:image\" content=\"https:\/\/aspres-thuir.com\/wp-content\/uploads\/2022\/02\/Ste-colombe-de-la-commanderie-8-scaled-e1645455085712.jpg\" \/>\n\t<meta property=\"og:image:width\" content=\"2880\" \/>\n\t<meta property=\"og:image:height\" content=\"894\" \/>\n\t<meta property=\"og:image:type\" content=\"image\/jpeg\" \/>\n<meta name=\"twitter:card\" content=\"summary_large_image\" \/>\n<meta name=\"twitter:label1\" content=\"Est. reading time\" \/>\n\t<meta name=\"twitter:data1\" content=\"1 minute\" \/>\n<script type=\"application\/ld+json\" class=\"yoast-schema-graph\">{\"@context\":\"https:\/\/schema.org\",\"@graph\":[{\"@type\":\"WebPage\",\"@id\":\"https:\/\/aspres-thuir.com\/de\/gemeinden\/\",\"url\":\"https:\/\/aspres-thuir.com\/de\/gemeinden\/\",\"name\":\"Gemeinden - Office de Tourisme Aspres-Thuir\",\"isPartOf\":{\"@id\":\"https:\/\/aspres-thuir.com\/de\/#website\"},\"primaryImageOfPage\":{\"@id\":\"https:\/\/aspres-thuir.com\/de\/gemeinden\/#primaryimage\"},\"image\":{\"@id\":\"https:\/\/aspres-thuir.com\/de\/gemeinden\/#primaryimage\"},\"thumbnailUrl\":\"https:\/\/aspres-thuir.com\/wp-content\/uploads\/2022\/02\/Ste-colombe-de-la-commanderie-8-scaled-e1645455085712.jpg\",\"datePublished\":\"2021-04-08T16:03:54+00:00\",\"dateModified\":\"2023-01-05T16:26:46+00:00\",\"breadcrumb\":{\"@id\":\"https:\/\/aspres-thuir.com\/de\/gemeinden\/#breadcrumb\"},\"inLanguage\":\"de-DE\",\"potentialAction\":[{\"@type\":\"ReadAction\",\"target\":[\"https:\/\/aspres-thuir.com\/de\/gemeinden\/\"]}]},{\"@type\":\"ImageObject\",\"inLanguage\":\"de-DE\",\"@id\":\"https:\/\/aspres-thuir.com\/de\/gemeinden\/#primaryimage\",\"url\":\"https:\/\/aspres-thuir.com\/wp-content\/uploads\/2022\/02\/Ste-colombe-de-la-commanderie-8-scaled-e1645455085712.jpg\",\"contentUrl\":\"https:\/\/aspres-thuir.com\/wp-content\/uploads\/2022\/02\/Ste-colombe-de-la-commanderie-8-scaled-e1645455085712.jpg\",\"width\":2880,\"height\":894},{\"@type\":\"BreadcrumbList\",\"@id\":\"https:\/\/aspres-thuir.com\/de\/gemeinden\/#breadcrumb\",\"itemListElement\":[{\"@type\":\"ListItem\",\"position\":1,\"name\":\"\",\"item\":\"https:\/\/aspres-thuir.com\/de\/\"},{\"@type\":\"ListItem\",\"position\":2,\"name\":\"Gemeinden\"}]},{\"@type\":\"WebSite\",\"@id\":\"https:\/\/aspres-thuir.com\/de\/#website\",\"url\":\"https:\/\/aspres-thuir.com\/de\/\",\"name\":\"Office de Tourisme Aspres-Thuir\",\"description\":\"\",\"potentialAction\":[{\"@type\":\"SearchAction\",\"target\":{\"@type\":\"EntryPoint\",\"urlTemplate\":\"https:\/\/aspres-thuir.com\/de\/?s={search_term_string}\"},\"query-input\":{\"@type\":\"PropertyValueSpecification\",\"valueRequired\":true,\"valueName\":\"search_term_string\"}}],\"inLanguage\":\"de-DE\"}]}<\/script>\n<!-- \/ Yoast SEO plugin. -->","yoast_head_json":{"title":"Gemeinden - Office de Tourisme Aspres-Thuir","robots":{"index":"index","follow":"follow","max-snippet":"max-snippet:-1","max-image-preview":"max-image-preview:large","max-video-preview":"max-video-preview:-1"},"canonical":"https:\/\/aspres-thuir.com\/de\/gemeinden\/","og_locale":"de_DE","og_type":"article","og_title":"Gemeinden - Office de Tourisme Aspres-Thuir","og_description":"An den ersten Ausl\u00e4ufern des Canigou gelegen, bestehen diese St\u00e4dte aus T\u00e4lern, die in der H\u00f6he mit dichten W\u00e4ldern bedeckt sind und in der Ebene weniger Vegetation haben. Jede der Gemeinden in diesem Gebiet ist durch eine Kapelle oder eine geschichtstr\u00e4chtige Kirche verbunden. Heute wendet sich Aspres dem &#8220;gr\u00fcnen Tourismus&#8221; zu, sein authentisches kulturelles und [&hellip;]","og_site_name":"Office de Tourisme Aspres-Thuir","article_modified_time":"2023-01-05T16:26:46+00:00","og_image":[{"width":2880,"height":894,"url":"https:\/\/aspres-thuir.com\/wp-content\/uploads\/2022\/02\/Ste-colombe-de-la-commanderie-8-scaled-e1645455085712.jpg","type":"image\/jpeg"}],"twitter_card":"summary_large_image","twitter_misc":{"Est. reading time":"1 minute"},"schema":{"@context":"https:\/\/schema.org","@graph":[{"@type":"WebPage","@id":"https:\/\/aspres-thuir.com\/de\/gemeinden\/","url":"https:\/\/aspres-thuir.com\/de\/gemeinden\/","name":"Gemeinden - Office de Tourisme Aspres-Thuir","isPartOf":{"@id":"https:\/\/aspres-thuir.com\/de\/#website"},"primaryImageOfPage":{"@id":"https:\/\/aspres-thuir.com\/de\/gemeinden\/#primaryimage"},"image":{"@id":"https:\/\/aspres-thuir.com\/de\/gemeinden\/#primaryimage"},"thumbnailUrl":"https:\/\/aspres-thuir.com\/wp-content\/uploads\/2022\/02\/Ste-colombe-de-la-commanderie-8-scaled-e1645455085712.jpg","datePublished":"2021-04-08T16:03:54+00:00","dateModified":"2023-01-05T16:26:46+00:00","breadcrumb":{"@id":"https:\/\/aspres-thuir.com\/de\/gemeinden\/#breadcrumb"},"inLanguage":"de-DE","potentialAction":[{"@type":"ReadAction","target":["https:\/\/aspres-thuir.com\/de\/gemeinden\/"]}]},{"@type":"ImageObject","inLanguage":"de-DE","@id":"https:\/\/aspres-thuir.com\/de\/gemeinden\/#primaryimage","url":"https:\/\/aspres-thuir.com\/wp-content\/uploads\/2022\/02\/Ste-colombe-de-la-commanderie-8-scaled-e1645455085712.jpg","contentUrl":"https:\/\/aspres-thuir.com\/wp-content\/uploads\/2022\/02\/Ste-colombe-de-la-commanderie-8-scaled-e1645455085712.jpg","width":2880,"height":894},{"@type":"BreadcrumbList","@id":"https:\/\/aspres-thuir.com\/de\/gemeinden\/#breadcrumb","itemListElement":[{"@type":"ListItem","position":1,"name":"","item":"https:\/\/aspres-thuir.com\/de\/"},{"@type":"ListItem","position":2,"name":"Gemeinden"}]},{"@type":"WebSite","@id":"https:\/\/aspres-thuir.com\/de\/#website","url":"https:\/\/aspres-thuir.com\/de\/","name":"Office de Tourisme Aspres-Thuir","description":"","potentialAction":[{"@type":"SearchAction","target":{"@type":"EntryPoint","urlTemplate":"https:\/\/aspres-thuir.com\/de\/?s={search_term_string}"},"query-input":{"@type":"PropertyValueSpecification","valueRequired":true,"valueName":"search_term_string"}}],"inLanguage":"de-DE"}]}},"_links":{"self":[{"href":"https:\/\/aspres-thuir.com\/de\/wp-json\/wp\/v2\/pages\/24612","targetHints":{"allow":["GET"]}}],"collection":[{"href":"https:\/\/aspres-thuir.com\/de\/wp-json\/wp\/v2\/pages"}],"about":[{"href":"https:\/\/aspres-thuir.com\/de\/wp-json\/wp\/v2\/types\/page"}],"author":[{"embeddable":true,"href":"https:\/\/aspres-thuir.com\/de\/wp-json\/wp\/v2\/users\/2"}],"replies":[{"embeddable":true,"href":"https:\/\/aspres-thuir.com\/de\/wp-json\/wp\/v2\/comments?post=24612"}],"version-history":[{"count":0,"href":"https:\/\/aspres-thuir.com\/de\/wp-json\/wp\/v2\/pages\/24612\/revisions"}],"wp:featuredmedia":[{"embeddable":true,"href":"https:\/\/aspres-thuir.com\/de\/wp-json\/wp\/v2\/media\/30098"}],"wp:attachment":[{"href":"https:\/\/aspres-thuir.com\/de\/wp-json\/wp\/v2\/media?parent=24612"}],"curies":[{"name":"wp","href":"https:\/\/api.w.org\/{rel}","templated":true}]}}