{"id":24633,"date":"2021-04-08T17:05:31","date_gmt":"2021-04-08T16:05:31","guid":{"rendered":"https:\/\/aspres-thuir.com\/caves-byrrh\/"},"modified":"2023-05-25T11:28:22","modified_gmt":"2023-05-25T10:28:22","slug":"caves-byrrh","status":"publish","type":"page","link":"https:\/\/aspres-thuir.com\/de\/caves-byrrh\/","title":{"rendered":"Caves Byrrh"},"content":{"rendered":"<div class=\"et_pb_module et_pb_text et_pb_text_0 et_pb_text_align_left et_pb_bg_layout_light\">\n<div class=\"et_pb_text_inner\">\n<p>Am 30. November 2011 wurde der Rundgang durch die H\u00f6hlen von Byrrh offiziell Teil des Erbes der Gemeinschaft der Gemeinden von Aspres, die umfangreiche Arbeiten zur Entwicklung eines neuen Rundgangs durchf\u00fchrte.<\/p>\n<\/div>\n<\/div>\n<div class=\"et_pb_module et_pb_text et_pb_text_1 et_pb_text_align_left et_pb_bg_layout_light\">\n<div class=\"et_pb_text_inner\">\n<h5>Die Caves Byrrh in Thuir<\/h5>\n<p>Die seit mehr als hundert Jahren in Thuir ans\u00e4ssigen Caves Byrrh sind die Wiege von Byrrh, einem Elixier, das 1866 von den Br\u00fcdern Simon und Pallade Violet erfunden wurde.<br \/>\nDie Geschichte von Byrrh beginnt wie ein M\u00e4rchen. Die Sch\u00f6pfer dieser Marke, die zu einem der m\u00e4chtigsten Unternehmen der Welt geworden ist, begannen ihr Leben als einfache Hirten.<br \/>\nSie stammten aus einer bescheidenen Familie in Vallespir und gingen in die Ebene von Roussillon, um einen Wanderhandel mit Stoffen und Kurzwaren zu betreiben.<br \/>\nSie lie\u00dfen sich in Thuir nieder, wo sie ein Gesch\u00e4ft er\u00f6ffneten.<br \/>\nSimon Violet, unterst\u00fctzt von seinem Geschmackswissen und seinem fundierten Wissen \u00fcber Weine, entwickelt die wunderbare Formel von Byrrh, &#8220;tonischer und hygienischer Wein&#8221;.<br \/>\nSeine Bekanntheit wird schnell \u00fcber den regionalen Rahmen hinausgehen und sein Ruhm wird in den 1930er Jahren weltweit sein.<\/p>\n<p>Wenn Sie diesem innovativen Rundgang durch die Byrrh-Keller folgen, werden Sie jeden Moment \u00fcberrascht sein von:<br \/>\n\u2013 Dieses pr\u00e4chtige und gigantische Industrieerbe,<br \/>\n\u2013 Die Entdeckung des kulturellen Erbes, das die Plakate von 1903 sind, die zum ersten Mal in Thuir ausgestellt wurden<br \/>\n\u2013 Die Geschichte der Gr\u00fcnderfamilie und des Unternehmens, die dank der neuen Technologien, die in den Dienst des Erbes gestellt werden, durch Auftritte w\u00e4hrend des gesamten Kurses erz\u00e4hlt wird.<br \/>\nZeuge der Ambitionen der Familie Violet f\u00fcr Byrrh, der gr\u00f6\u00dfte Eichenbottich der Welt, wird sich als echte technische Meisterleistung mit einem Fassungsverm\u00f6gen von einer Million zweihundert Litern hervorheben.<\/p>\n<\/div>\n<\/div>\n","protected":false},"excerpt":{"rendered":"<p>Am 30. November 2011 wurde der Rundgang durch die H\u00f6hlen von Byrrh offiziell Teil des Erbes der Gemeinschaft der Gemeinden von Aspres, die umfangreiche Arbeiten zur Entwicklung eines neuen Rundgangs durchf\u00fchrte. Die Caves Byrrh in Thuir Die seit mehr als hundert Jahren in Thuir ans\u00e4ssigen Caves Byrrh sind die Wiege von Byrrh, einem Elixier, das [&hellip;]<\/p>\n","protected":false},"author":2,"featured_media":29621,"parent":0,"menu_order":0,"comment_status":"closed","ping_status":"closed","template":"","meta":{"_acf_changed":false,"_et_pb_use_builder":"","_et_pb_old_content":"","_et_gb_content_width":"","footnotes":""},"class_list":["post-24633","page","type-page","status-publish","has-post-thumbnail","hentry"],"acf":[],"yoast_head":"<!-- This site is optimized with the Yoast SEO plugin v26.9 - https:\/\/yoast.com\/product\/yoast-seo-wordpress\/ -->\n<title>Caves Byrrh - Office de Tourisme Aspres-Thuir<\/title>\n<meta name=\"description\" content=\"Le 30 Novembre 2011 le circuit visites des Caves Byrrh int\u00e9grait officiellement le patrimoine de la Communaut\u00e9 des Communes des Aspres.\" \/>\n<meta name=\"robots\" content=\"index, follow, max-snippet:-1, max-image-preview:large, max-video-preview:-1\" \/>\n<link rel=\"canonical\" href=\"https:\/\/aspres-thuir.com\/de\/caves-byrrh\/\" \/>\n<meta property=\"og:locale\" content=\"de_DE\" \/>\n<meta property=\"og:type\" content=\"article\" \/>\n<meta property=\"og:title\" content=\"Caves Byrrh - Office de Tourisme Aspres-Thuir\" \/>\n<meta property=\"og:description\" content=\"Le 30 Novembre 2011 le circuit visites des Caves Byrrh int\u00e9grait officiellement le patrimoine de la Communaut\u00e9 des Communes des Aspres.\" \/>\n<meta property=\"og:site_name\" content=\"Office de Tourisme Aspres-Thuir\" \/>\n<meta property=\"article:modified_time\" content=\"2023-05-25T10:28:22+00:00\" \/>\n<meta property=\"og:image\" content=\"https:\/\/aspres-thuir.com\/wp-content\/uploads\/2022\/02\/IMG_0508-scaled-e1643993653296.jpg\" \/>\n\t<meta property=\"og:image:width\" content=\"2880\" \/>\n\t<meta property=\"og:image:height\" content=\"1874\" \/>\n\t<meta property=\"og:image:type\" content=\"image\/jpeg\" \/>\n<meta name=\"twitter:card\" content=\"summary_large_image\" \/>\n<meta name=\"twitter:label1\" content=\"Est. reading time\" \/>\n\t<meta name=\"twitter:data1\" content=\"2 minutes\" \/>\n<script type=\"application\/ld+json\" class=\"yoast-schema-graph\">{\"@context\":\"https:\/\/schema.org\",\"@graph\":[{\"@type\":\"WebPage\",\"@id\":\"https:\/\/aspres-thuir.com\/de\/caves-byrrh\/\",\"url\":\"https:\/\/aspres-thuir.com\/de\/caves-byrrh\/\",\"name\":\"Caves Byrrh - Office de Tourisme Aspres-Thuir\",\"isPartOf\":{\"@id\":\"https:\/\/aspres-thuir.com\/de\/#website\"},\"primaryImageOfPage\":{\"@id\":\"https:\/\/aspres-thuir.com\/de\/caves-byrrh\/#primaryimage\"},\"image\":{\"@id\":\"https:\/\/aspres-thuir.com\/de\/caves-byrrh\/#primaryimage\"},\"thumbnailUrl\":\"https:\/\/aspres-thuir.com\/wp-content\/uploads\/2022\/02\/IMG_0508-scaled-e1643993653296.jpg\",\"datePublished\":\"2021-04-08T16:05:31+00:00\",\"dateModified\":\"2023-05-25T10:28:22+00:00\",\"description\":\"Le 30 Novembre 2011 le circuit visites des Caves Byrrh int\u00e9grait officiellement le patrimoine de la Communaut\u00e9 des Communes des Aspres.\",\"breadcrumb\":{\"@id\":\"https:\/\/aspres-thuir.com\/de\/caves-byrrh\/#breadcrumb\"},\"inLanguage\":\"de-DE\",\"potentialAction\":[{\"@type\":\"ReadAction\",\"target\":[\"https:\/\/aspres-thuir.com\/de\/caves-byrrh\/\"]}]},{\"@type\":\"ImageObject\",\"inLanguage\":\"de-DE\",\"@id\":\"https:\/\/aspres-thuir.com\/de\/caves-byrrh\/#primaryimage\",\"url\":\"https:\/\/aspres-thuir.com\/wp-content\/uploads\/2022\/02\/IMG_0508-scaled-e1643993653296.jpg\",\"contentUrl\":\"https:\/\/aspres-thuir.com\/wp-content\/uploads\/2022\/02\/IMG_0508-scaled-e1643993653296.jpg\",\"width\":2880,\"height\":1874},{\"@type\":\"BreadcrumbList\",\"@id\":\"https:\/\/aspres-thuir.com\/de\/caves-byrrh\/#breadcrumb\",\"itemListElement\":[{\"@type\":\"ListItem\",\"position\":1,\"name\":\"\",\"item\":\"https:\/\/aspres-thuir.com\/de\/\"},{\"@type\":\"ListItem\",\"position\":2,\"name\":\"Caves Byrrh\"}]},{\"@type\":\"WebSite\",\"@id\":\"https:\/\/aspres-thuir.com\/de\/#website\",\"url\":\"https:\/\/aspres-thuir.com\/de\/\",\"name\":\"Office de Tourisme Aspres-Thuir\",\"description\":\"\",\"potentialAction\":[{\"@type\":\"SearchAction\",\"target\":{\"@type\":\"EntryPoint\",\"urlTemplate\":\"https:\/\/aspres-thuir.com\/de\/?s={search_term_string}\"},\"query-input\":{\"@type\":\"PropertyValueSpecification\",\"valueRequired\":true,\"valueName\":\"search_term_string\"}}],\"inLanguage\":\"de-DE\"}]}<\/script>\n<!-- \/ Yoast SEO plugin. -->","yoast_head_json":{"title":"Caves Byrrh - Office de Tourisme Aspres-Thuir","description":"Le 30 Novembre 2011 le circuit visites des Caves Byrrh int\u00e9grait officiellement le patrimoine de la Communaut\u00e9 des Communes des Aspres.","robots":{"index":"index","follow":"follow","max-snippet":"max-snippet:-1","max-image-preview":"max-image-preview:large","max-video-preview":"max-video-preview:-1"},"canonical":"https:\/\/aspres-thuir.com\/de\/caves-byrrh\/","og_locale":"de_DE","og_type":"article","og_title":"Caves Byrrh - Office de Tourisme Aspres-Thuir","og_description":"Le 30 Novembre 2011 le circuit visites des Caves Byrrh int\u00e9grait officiellement le patrimoine de la Communaut\u00e9 des Communes des Aspres.","og_site_name":"Office de Tourisme Aspres-Thuir","article_modified_time":"2023-05-25T10:28:22+00:00","og_image":[{"width":2880,"height":1874,"url":"https:\/\/aspres-thuir.com\/wp-content\/uploads\/2022\/02\/IMG_0508-scaled-e1643993653296.jpg","type":"image\/jpeg"}],"twitter_card":"summary_large_image","twitter_misc":{"Est. reading time":"2 minutes"},"schema":{"@context":"https:\/\/schema.org","@graph":[{"@type":"WebPage","@id":"https:\/\/aspres-thuir.com\/de\/caves-byrrh\/","url":"https:\/\/aspres-thuir.com\/de\/caves-byrrh\/","name":"Caves Byrrh - Office de Tourisme Aspres-Thuir","isPartOf":{"@id":"https:\/\/aspres-thuir.com\/de\/#website"},"primaryImageOfPage":{"@id":"https:\/\/aspres-thuir.com\/de\/caves-byrrh\/#primaryimage"},"image":{"@id":"https:\/\/aspres-thuir.com\/de\/caves-byrrh\/#primaryimage"},"thumbnailUrl":"https:\/\/aspres-thuir.com\/wp-content\/uploads\/2022\/02\/IMG_0508-scaled-e1643993653296.jpg","datePublished":"2021-04-08T16:05:31+00:00","dateModified":"2023-05-25T10:28:22+00:00","description":"Le 30 Novembre 2011 le circuit visites des Caves Byrrh int\u00e9grait officiellement le patrimoine de la Communaut\u00e9 des Communes des Aspres.","breadcrumb":{"@id":"https:\/\/aspres-thuir.com\/de\/caves-byrrh\/#breadcrumb"},"inLanguage":"de-DE","potentialAction":[{"@type":"ReadAction","target":["https:\/\/aspres-thuir.com\/de\/caves-byrrh\/"]}]},{"@type":"ImageObject","inLanguage":"de-DE","@id":"https:\/\/aspres-thuir.com\/de\/caves-byrrh\/#primaryimage","url":"https:\/\/aspres-thuir.com\/wp-content\/uploads\/2022\/02\/IMG_0508-scaled-e1643993653296.jpg","contentUrl":"https:\/\/aspres-thuir.com\/wp-content\/uploads\/2022\/02\/IMG_0508-scaled-e1643993653296.jpg","width":2880,"height":1874},{"@type":"BreadcrumbList","@id":"https:\/\/aspres-thuir.com\/de\/caves-byrrh\/#breadcrumb","itemListElement":[{"@type":"ListItem","position":1,"name":"","item":"https:\/\/aspres-thuir.com\/de\/"},{"@type":"ListItem","position":2,"name":"Caves Byrrh"}]},{"@type":"WebSite","@id":"https:\/\/aspres-thuir.com\/de\/#website","url":"https:\/\/aspres-thuir.com\/de\/","name":"Office de Tourisme Aspres-Thuir","description":"","potentialAction":[{"@type":"SearchAction","target":{"@type":"EntryPoint","urlTemplate":"https:\/\/aspres-thuir.com\/de\/?s={search_term_string}"},"query-input":{"@type":"PropertyValueSpecification","valueRequired":true,"valueName":"search_term_string"}}],"inLanguage":"de-DE"}]}},"_links":{"self":[{"href":"https:\/\/aspres-thuir.com\/de\/wp-json\/wp\/v2\/pages\/24633","targetHints":{"allow":["GET"]}}],"collection":[{"href":"https:\/\/aspres-thuir.com\/de\/wp-json\/wp\/v2\/pages"}],"about":[{"href":"https:\/\/aspres-thuir.com\/de\/wp-json\/wp\/v2\/types\/page"}],"author":[{"embeddable":true,"href":"https:\/\/aspres-thuir.com\/de\/wp-json\/wp\/v2\/users\/2"}],"replies":[{"embeddable":true,"href":"https:\/\/aspres-thuir.com\/de\/wp-json\/wp\/v2\/comments?post=24633"}],"version-history":[{"count":0,"href":"https:\/\/aspres-thuir.com\/de\/wp-json\/wp\/v2\/pages\/24633\/revisions"}],"wp:featuredmedia":[{"embeddable":true,"href":"https:\/\/aspres-thuir.com\/de\/wp-json\/wp\/v2\/media\/29621"}],"wp:attachment":[{"href":"https:\/\/aspres-thuir.com\/de\/wp-json\/wp\/v2\/media?parent=24633"}],"curies":[{"name":"wp","href":"https:\/\/api.w.org\/{rel}","templated":true}]}}