{"id":24644,"date":"2021-04-08T17:06:19","date_gmt":"2021-04-08T16:06:19","guid":{"rendered":"https:\/\/aspres-thuir.com\/theatre\/"},"modified":"2024-10-29T11:38:36","modified_gmt":"2024-10-29T10:38:36","slug":"theater","status":"publish","type":"page","link":"https:\/\/aspres-thuir.com\/de\/theater\/","title":{"rendered":"Theater"},"content":{"rendered":"<p>Das Th\u00e9\u00e2tre des Aspres, das sich im Stadtzentrum gegen\u00fcber den Caves Byrrh befindet, wurde im April 2013 er\u00f6ffnet.<br \/>\nMit einem komfortablen Zuschauerraum mit 500 Pl\u00e4tzen und einer hochmodernen B\u00fchnentechnik bietet es in jeder Kultursaison mehr als zwanzig professionelle Auff\u00fchrungen, wovon fast die H\u00e4lfte auf Werke f\u00fcr ein junges Publikum entf\u00e4llt. Sie steht auch den Kulturvereinen von Thuirin zur Verf\u00fcgung, die so ihre Jahresendvorstellungen unter sehr guten technischen Bedingungen durchf\u00fchren k\u00f6nnen.<\/p>\n<p>Das Programm des Theaters umfasst zahlreiche Veranstaltungen f\u00fcr Kinder der Schulen von Thuir und Aspres, und die Ligue de l&#8217;Enseignement 66 bietet Schulveranstaltungen auf Departement-Ebene an.<br \/>\nDas Th\u00e9\u00e2tre des Aspres wird auch f\u00fcr Konferenzen vermietet.<br \/>\nDank einer Kulturpolitik, die es erm\u00f6glicht, Auff\u00fchrungen von hoher k\u00fcnstlerischer Qualit\u00e4t zu Preisen anzubieten, die f\u00fcr m\u00f6glichst viele Menschen zug\u00e4nglich sind, hat sich das Th\u00e9\u00e2tre des Aspres in seiner Region etabliert und konnte ein immer gr\u00f6\u00dferes Publikum gewinnen. Es ist zu 91 % ausgelastet, wobei 60 % der Zuschauer in Thuir oder Aspres wohnen.<br \/>\nDas Th\u00e9\u00e2tre des Aspres ist ebenfalls mit einer Leinwand ausgestattet und bietet Filmvorf\u00fchrungen an.<\/p>\n","protected":false},"excerpt":{"rendered":"<p>Das Th\u00e9\u00e2tre des Aspres, das sich im Stadtzentrum gegen\u00fcber den Caves Byrrh befindet, wurde im April 2013 er\u00f6ffnet. Mit einem komfortablen Zuschauerraum mit 500 Pl\u00e4tzen und einer hochmodernen B\u00fchnentechnik bietet es in jeder Kultursaison mehr als zwanzig professionelle Auff\u00fchrungen, wovon fast die H\u00e4lfte auf Werke f\u00fcr ein junges Publikum entf\u00e4llt. Sie steht auch den Kulturvereinen [&hellip;]<\/p>\n","protected":false},"author":2,"featured_media":34044,"parent":0,"menu_order":0,"comment_status":"closed","ping_status":"closed","template":"","meta":{"_acf_changed":false,"_et_pb_use_builder":"","_et_pb_old_content":"","_et_gb_content_width":"","footnotes":""},"class_list":["post-24644","page","type-page","status-publish","has-post-thumbnail","hentry"],"acf":[],"yoast_head":"<!-- This site is optimized with the Yoast SEO plugin v26.9 - https:\/\/yoast.com\/product\/yoast-seo-wordpress\/ -->\n<title>Theater - Office de Tourisme Aspres-Thuir<\/title>\n<meta name=\"robots\" content=\"index, follow, max-snippet:-1, max-image-preview:large, max-video-preview:-1\" \/>\n<link rel=\"canonical\" href=\"https:\/\/aspres-thuir.com\/de\/theater\/\" \/>\n<meta property=\"og:locale\" content=\"de_DE\" \/>\n<meta property=\"og:type\" content=\"article\" \/>\n<meta property=\"og:title\" content=\"Theater - Office de Tourisme Aspres-Thuir\" \/>\n<meta property=\"og:description\" content=\"Das Th\u00e9\u00e2tre des Aspres, das sich im Stadtzentrum gegen\u00fcber den Caves Byrrh befindet, wurde im April 2013 er\u00f6ffnet. Mit einem komfortablen Zuschauerraum mit 500 Pl\u00e4tzen und einer hochmodernen B\u00fchnentechnik bietet es in jeder Kultursaison mehr als zwanzig professionelle Auff\u00fchrungen, wovon fast die H\u00e4lfte auf Werke f\u00fcr ein junges Publikum entf\u00e4llt. Sie steht auch den Kulturvereinen [&hellip;]\" \/>\n<meta property=\"og:site_name\" content=\"Office de Tourisme Aspres-Thuir\" \/>\n<meta property=\"article:modified_time\" content=\"2024-10-29T10:38:36+00:00\" \/>\n<meta property=\"og:image\" content=\"https:\/\/aspres-thuir.com\/wp-content\/uploads\/2022\/05\/image.jpeg\" \/>\n\t<meta property=\"og:image:width\" content=\"1200\" \/>\n\t<meta property=\"og:image:height\" content=\"500\" \/>\n\t<meta property=\"og:image:type\" content=\"image\/jpeg\" \/>\n<meta name=\"twitter:card\" content=\"summary_large_image\" \/>\n<meta name=\"twitter:label1\" content=\"Est. reading time\" \/>\n\t<meta name=\"twitter:data1\" content=\"2 minutes\" \/>\n<script type=\"application\/ld+json\" class=\"yoast-schema-graph\">{\"@context\":\"https:\/\/schema.org\",\"@graph\":[{\"@type\":\"WebPage\",\"@id\":\"https:\/\/aspres-thuir.com\/de\/theater\/\",\"url\":\"https:\/\/aspres-thuir.com\/de\/theater\/\",\"name\":\"Theater - Office de Tourisme Aspres-Thuir\",\"isPartOf\":{\"@id\":\"https:\/\/aspres-thuir.com\/de\/#website\"},\"primaryImageOfPage\":{\"@id\":\"https:\/\/aspres-thuir.com\/de\/theater\/#primaryimage\"},\"image\":{\"@id\":\"https:\/\/aspres-thuir.com\/de\/theater\/#primaryimage\"},\"thumbnailUrl\":\"https:\/\/aspres-thuir.com\/wp-content\/uploads\/2022\/05\/image.jpeg\",\"datePublished\":\"2021-04-08T16:06:19+00:00\",\"dateModified\":\"2024-10-29T10:38:36+00:00\",\"breadcrumb\":{\"@id\":\"https:\/\/aspres-thuir.com\/de\/theater\/#breadcrumb\"},\"inLanguage\":\"de-DE\",\"potentialAction\":[{\"@type\":\"ReadAction\",\"target\":[\"https:\/\/aspres-thuir.com\/de\/theater\/\"]}]},{\"@type\":\"ImageObject\",\"inLanguage\":\"de-DE\",\"@id\":\"https:\/\/aspres-thuir.com\/de\/theater\/#primaryimage\",\"url\":\"https:\/\/aspres-thuir.com\/wp-content\/uploads\/2022\/05\/image.jpeg\",\"contentUrl\":\"https:\/\/aspres-thuir.com\/wp-content\/uploads\/2022\/05\/image.jpeg\",\"width\":1200,\"height\":500},{\"@type\":\"BreadcrumbList\",\"@id\":\"https:\/\/aspres-thuir.com\/de\/theater\/#breadcrumb\",\"itemListElement\":[{\"@type\":\"ListItem\",\"position\":1,\"name\":\"\",\"item\":\"https:\/\/aspres-thuir.com\/de\/\"},{\"@type\":\"ListItem\",\"position\":2,\"name\":\"Theater\"}]},{\"@type\":\"WebSite\",\"@id\":\"https:\/\/aspres-thuir.com\/de\/#website\",\"url\":\"https:\/\/aspres-thuir.com\/de\/\",\"name\":\"Office de Tourisme Aspres-Thuir\",\"description\":\"\",\"potentialAction\":[{\"@type\":\"SearchAction\",\"target\":{\"@type\":\"EntryPoint\",\"urlTemplate\":\"https:\/\/aspres-thuir.com\/de\/?s={search_term_string}\"},\"query-input\":{\"@type\":\"PropertyValueSpecification\",\"valueRequired\":true,\"valueName\":\"search_term_string\"}}],\"inLanguage\":\"de-DE\"}]}<\/script>\n<!-- \/ Yoast SEO plugin. -->","yoast_head_json":{"title":"Theater - Office de Tourisme Aspres-Thuir","robots":{"index":"index","follow":"follow","max-snippet":"max-snippet:-1","max-image-preview":"max-image-preview:large","max-video-preview":"max-video-preview:-1"},"canonical":"https:\/\/aspres-thuir.com\/de\/theater\/","og_locale":"de_DE","og_type":"article","og_title":"Theater - Office de Tourisme Aspres-Thuir","og_description":"Das Th\u00e9\u00e2tre des Aspres, das sich im Stadtzentrum gegen\u00fcber den Caves Byrrh befindet, wurde im April 2013 er\u00f6ffnet. Mit einem komfortablen Zuschauerraum mit 500 Pl\u00e4tzen und einer hochmodernen B\u00fchnentechnik bietet es in jeder Kultursaison mehr als zwanzig professionelle Auff\u00fchrungen, wovon fast die H\u00e4lfte auf Werke f\u00fcr ein junges Publikum entf\u00e4llt. Sie steht auch den Kulturvereinen [&hellip;]","og_site_name":"Office de Tourisme Aspres-Thuir","article_modified_time":"2024-10-29T10:38:36+00:00","og_image":[{"width":1200,"height":500,"url":"https:\/\/aspres-thuir.com\/wp-content\/uploads\/2022\/05\/image.jpeg","type":"image\/jpeg"}],"twitter_card":"summary_large_image","twitter_misc":{"Est. reading time":"2 minutes"},"schema":{"@context":"https:\/\/schema.org","@graph":[{"@type":"WebPage","@id":"https:\/\/aspres-thuir.com\/de\/theater\/","url":"https:\/\/aspres-thuir.com\/de\/theater\/","name":"Theater - Office de Tourisme Aspres-Thuir","isPartOf":{"@id":"https:\/\/aspres-thuir.com\/de\/#website"},"primaryImageOfPage":{"@id":"https:\/\/aspres-thuir.com\/de\/theater\/#primaryimage"},"image":{"@id":"https:\/\/aspres-thuir.com\/de\/theater\/#primaryimage"},"thumbnailUrl":"https:\/\/aspres-thuir.com\/wp-content\/uploads\/2022\/05\/image.jpeg","datePublished":"2021-04-08T16:06:19+00:00","dateModified":"2024-10-29T10:38:36+00:00","breadcrumb":{"@id":"https:\/\/aspres-thuir.com\/de\/theater\/#breadcrumb"},"inLanguage":"de-DE","potentialAction":[{"@type":"ReadAction","target":["https:\/\/aspres-thuir.com\/de\/theater\/"]}]},{"@type":"ImageObject","inLanguage":"de-DE","@id":"https:\/\/aspres-thuir.com\/de\/theater\/#primaryimage","url":"https:\/\/aspres-thuir.com\/wp-content\/uploads\/2022\/05\/image.jpeg","contentUrl":"https:\/\/aspres-thuir.com\/wp-content\/uploads\/2022\/05\/image.jpeg","width":1200,"height":500},{"@type":"BreadcrumbList","@id":"https:\/\/aspres-thuir.com\/de\/theater\/#breadcrumb","itemListElement":[{"@type":"ListItem","position":1,"name":"","item":"https:\/\/aspres-thuir.com\/de\/"},{"@type":"ListItem","position":2,"name":"Theater"}]},{"@type":"WebSite","@id":"https:\/\/aspres-thuir.com\/de\/#website","url":"https:\/\/aspres-thuir.com\/de\/","name":"Office de Tourisme Aspres-Thuir","description":"","potentialAction":[{"@type":"SearchAction","target":{"@type":"EntryPoint","urlTemplate":"https:\/\/aspres-thuir.com\/de\/?s={search_term_string}"},"query-input":{"@type":"PropertyValueSpecification","valueRequired":true,"valueName":"search_term_string"}}],"inLanguage":"de-DE"}]}},"_links":{"self":[{"href":"https:\/\/aspres-thuir.com\/de\/wp-json\/wp\/v2\/pages\/24644","targetHints":{"allow":["GET"]}}],"collection":[{"href":"https:\/\/aspres-thuir.com\/de\/wp-json\/wp\/v2\/pages"}],"about":[{"href":"https:\/\/aspres-thuir.com\/de\/wp-json\/wp\/v2\/types\/page"}],"author":[{"embeddable":true,"href":"https:\/\/aspres-thuir.com\/de\/wp-json\/wp\/v2\/users\/2"}],"replies":[{"embeddable":true,"href":"https:\/\/aspres-thuir.com\/de\/wp-json\/wp\/v2\/comments?post=24644"}],"version-history":[{"count":0,"href":"https:\/\/aspres-thuir.com\/de\/wp-json\/wp\/v2\/pages\/24644\/revisions"}],"wp:featuredmedia":[{"embeddable":true,"href":"https:\/\/aspres-thuir.com\/de\/wp-json\/wp\/v2\/media\/34044"}],"wp:attachment":[{"href":"https:\/\/aspres-thuir.com\/de\/wp-json\/wp\/v2\/media?parent=24644"}],"curies":[{"name":"wp","href":"https:\/\/api.w.org\/{rel}","templated":true}]}}