{"id":24689,"date":"2021-04-08T17:07:22","date_gmt":"2021-04-08T16:07:22","guid":{"rendered":"https:\/\/aspres-thuir.com\/taxe-de-sejour\/"},"modified":"2023-01-05T17:27:31","modified_gmt":"2023-01-05T16:27:31","slug":"kurtaxe","status":"publish","type":"page","link":"https:\/\/aspres-thuir.com\/de\/kurtaxe\/","title":{"rendered":"Kurtaxe"},"content":{"rendered":"<blockquote><p>Besitzen Sie eine Unterkunft? Auf dieser Seite finden Sie verschiedene Informationen, die Sie betreffen.<\/p><\/blockquote>\n<h2>Eine praktische Seite f\u00fcr Gastgeber<\/h2>\n<p>Die Kurtaxe wurde in Frankreich per Gesetz vom 13. April 1910 eingef\u00fchrt, um zur Entwicklung des Fremdenverkehrs vor Ort beizutragen.<\/p>\n<p>In diesem Zusammenhang hat die Gemeinschaft der Gemeinden von Aspres beschlossen, die Kurtaxe ab dem 1. Januar 2011 einzuf\u00fchren. Die Beratung der Gemeinschaft der Gemeinden weist in \u00dcbereinstimmung mit dem Gesetz darauf hin, dass das Produkt der Kurtaxe vollst\u00e4ndig bezahlt wird das interkommunale Fremdenverkehrsamt Aspres-Thuir f\u00fcr die Aufnahme und F\u00f6rderung des Tourismus in der Region. Die Erhebung der Kurtaxe ist in allen Beherbergungsbetrieben obligatorisch.<\/p>\n<p>F\u00fcr Unterk\u00fcnfte in der Gemeinde Aspres ab dem 1. Januar 2020 wird die Kurtaxe f\u00fcr alle Unterkunftsarten real erhoben.<\/p>\n<p>Wenn Sie eine Touristenunterkunft besitzen, m\u00fcssen Sie die Kurtaxe erheben. Nachfolgend finden Sie den praktischen Leitfaden zur Kurtaxe sowie alle f\u00fcr die Erstellung Ihrer Erkl\u00e4rung erforderlichen Dokumente.<\/p>\n<p>Weitere Informationen finden Sie in den Gesetzestexten zur Kurtaxe: Allgemeines Gesetzbuch der Gebietsk\u00f6rperschaften: L2333-26 bis L2333-40; R2333-43 bis R2333-64; D2333-45 Der Tourismuscode: L422-3 bis 422-5<\/p>\n","protected":false},"excerpt":{"rendered":"<p>Besitzen Sie eine Unterkunft? Auf dieser Seite finden Sie verschiedene Informationen, die Sie betreffen. Eine praktische Seite f\u00fcr Gastgeber Die Kurtaxe wurde in Frankreich per Gesetz vom 13. April 1910 eingef\u00fchrt, um zur Entwicklung des Fremdenverkehrs vor Ort beizutragen. In diesem Zusammenhang hat die Gemeinschaft der Gemeinden von Aspres beschlossen, die Kurtaxe ab dem 1. [&hellip;]<\/p>\n","protected":false},"author":2,"featured_media":30205,"parent":0,"menu_order":0,"comment_status":"closed","ping_status":"closed","template":"","meta":{"_acf_changed":false,"_et_pb_use_builder":"","_et_pb_old_content":"","_et_gb_content_width":"","footnotes":""},"class_list":["post-24689","page","type-page","status-publish","has-post-thumbnail","hentry"],"acf":[],"yoast_head":"<!-- This site is optimized with the Yoast SEO plugin v26.9 - https:\/\/yoast.com\/product\/yoast-seo-wordpress\/ -->\n<title>Kurtaxe - Office de Tourisme Aspres-Thuir<\/title>\n<meta name=\"robots\" content=\"index, follow, max-snippet:-1, max-image-preview:large, max-video-preview:-1\" \/>\n<link rel=\"canonical\" href=\"https:\/\/aspres-thuir.com\/de\/kurtaxe\/\" \/>\n<meta property=\"og:locale\" content=\"de_DE\" \/>\n<meta property=\"og:type\" content=\"article\" \/>\n<meta property=\"og:title\" content=\"Kurtaxe - Office de Tourisme Aspres-Thuir\" \/>\n<meta property=\"og:description\" content=\"Besitzen Sie eine Unterkunft? Auf dieser Seite finden Sie verschiedene Informationen, die Sie betreffen. Eine praktische Seite f\u00fcr Gastgeber Die Kurtaxe wurde in Frankreich per Gesetz vom 13. April 1910 eingef\u00fchrt, um zur Entwicklung des Fremdenverkehrs vor Ort beizutragen. In diesem Zusammenhang hat die Gemeinschaft der Gemeinden von Aspres beschlossen, die Kurtaxe ab dem 1. [&hellip;]\" \/>\n<meta property=\"og:site_name\" content=\"Office de Tourisme Aspres-Thuir\" \/>\n<meta property=\"article:modified_time\" content=\"2023-01-05T16:27:31+00:00\" \/>\n<meta property=\"og:image\" content=\"https:\/\/aspres-thuir.com\/wp-content\/uploads\/2022\/02\/recha-oktaviani-h2aDKwigQeA-unsplash-scaled-e1645529548457.jpg\" \/>\n\t<meta property=\"og:image:width\" content=\"2880\" \/>\n\t<meta property=\"og:image:height\" content=\"1920\" \/>\n\t<meta property=\"og:image:type\" content=\"image\/jpeg\" \/>\n<meta name=\"twitter:card\" content=\"summary_large_image\" \/>\n<meta name=\"twitter:label1\" content=\"Est. reading time\" \/>\n\t<meta name=\"twitter:data1\" content=\"1 minute\" \/>\n<script type=\"application\/ld+json\" class=\"yoast-schema-graph\">{\"@context\":\"https:\/\/schema.org\",\"@graph\":[{\"@type\":\"WebPage\",\"@id\":\"https:\/\/aspres-thuir.com\/de\/kurtaxe\/\",\"url\":\"https:\/\/aspres-thuir.com\/de\/kurtaxe\/\",\"name\":\"Kurtaxe - Office de Tourisme Aspres-Thuir\",\"isPartOf\":{\"@id\":\"https:\/\/aspres-thuir.com\/de\/#website\"},\"primaryImageOfPage\":{\"@id\":\"https:\/\/aspres-thuir.com\/de\/kurtaxe\/#primaryimage\"},\"image\":{\"@id\":\"https:\/\/aspres-thuir.com\/de\/kurtaxe\/#primaryimage\"},\"thumbnailUrl\":\"https:\/\/aspres-thuir.com\/wp-content\/uploads\/2022\/02\/recha-oktaviani-h2aDKwigQeA-unsplash-scaled-e1645529548457.jpg\",\"datePublished\":\"2021-04-08T16:07:22+00:00\",\"dateModified\":\"2023-01-05T16:27:31+00:00\",\"breadcrumb\":{\"@id\":\"https:\/\/aspres-thuir.com\/de\/kurtaxe\/#breadcrumb\"},\"inLanguage\":\"de-DE\",\"potentialAction\":[{\"@type\":\"ReadAction\",\"target\":[\"https:\/\/aspres-thuir.com\/de\/kurtaxe\/\"]}]},{\"@type\":\"ImageObject\",\"inLanguage\":\"de-DE\",\"@id\":\"https:\/\/aspres-thuir.com\/de\/kurtaxe\/#primaryimage\",\"url\":\"https:\/\/aspres-thuir.com\/wp-content\/uploads\/2022\/02\/recha-oktaviani-h2aDKwigQeA-unsplash-scaled-e1645529548457.jpg\",\"contentUrl\":\"https:\/\/aspres-thuir.com\/wp-content\/uploads\/2022\/02\/recha-oktaviani-h2aDKwigQeA-unsplash-scaled-e1645529548457.jpg\",\"width\":2880,\"height\":1920},{\"@type\":\"BreadcrumbList\",\"@id\":\"https:\/\/aspres-thuir.com\/de\/kurtaxe\/#breadcrumb\",\"itemListElement\":[{\"@type\":\"ListItem\",\"position\":1,\"name\":\"\",\"item\":\"https:\/\/aspres-thuir.com\/de\/\"},{\"@type\":\"ListItem\",\"position\":2,\"name\":\"Kurtaxe\"}]},{\"@type\":\"WebSite\",\"@id\":\"https:\/\/aspres-thuir.com\/de\/#website\",\"url\":\"https:\/\/aspres-thuir.com\/de\/\",\"name\":\"Office de Tourisme Aspres-Thuir\",\"description\":\"\",\"potentialAction\":[{\"@type\":\"SearchAction\",\"target\":{\"@type\":\"EntryPoint\",\"urlTemplate\":\"https:\/\/aspres-thuir.com\/de\/?s={search_term_string}\"},\"query-input\":{\"@type\":\"PropertyValueSpecification\",\"valueRequired\":true,\"valueName\":\"search_term_string\"}}],\"inLanguage\":\"de-DE\"}]}<\/script>\n<!-- \/ Yoast SEO plugin. -->","yoast_head_json":{"title":"Kurtaxe - Office de Tourisme Aspres-Thuir","robots":{"index":"index","follow":"follow","max-snippet":"max-snippet:-1","max-image-preview":"max-image-preview:large","max-video-preview":"max-video-preview:-1"},"canonical":"https:\/\/aspres-thuir.com\/de\/kurtaxe\/","og_locale":"de_DE","og_type":"article","og_title":"Kurtaxe - Office de Tourisme Aspres-Thuir","og_description":"Besitzen Sie eine Unterkunft? Auf dieser Seite finden Sie verschiedene Informationen, die Sie betreffen. Eine praktische Seite f\u00fcr Gastgeber Die Kurtaxe wurde in Frankreich per Gesetz vom 13. April 1910 eingef\u00fchrt, um zur Entwicklung des Fremdenverkehrs vor Ort beizutragen. In diesem Zusammenhang hat die Gemeinschaft der Gemeinden von Aspres beschlossen, die Kurtaxe ab dem 1. [&hellip;]","og_site_name":"Office de Tourisme Aspres-Thuir","article_modified_time":"2023-01-05T16:27:31+00:00","og_image":[{"width":2880,"height":1920,"url":"https:\/\/aspres-thuir.com\/wp-content\/uploads\/2022\/02\/recha-oktaviani-h2aDKwigQeA-unsplash-scaled-e1645529548457.jpg","type":"image\/jpeg"}],"twitter_card":"summary_large_image","twitter_misc":{"Est. reading time":"1 minute"},"schema":{"@context":"https:\/\/schema.org","@graph":[{"@type":"WebPage","@id":"https:\/\/aspres-thuir.com\/de\/kurtaxe\/","url":"https:\/\/aspres-thuir.com\/de\/kurtaxe\/","name":"Kurtaxe - Office de Tourisme Aspres-Thuir","isPartOf":{"@id":"https:\/\/aspres-thuir.com\/de\/#website"},"primaryImageOfPage":{"@id":"https:\/\/aspres-thuir.com\/de\/kurtaxe\/#primaryimage"},"image":{"@id":"https:\/\/aspres-thuir.com\/de\/kurtaxe\/#primaryimage"},"thumbnailUrl":"https:\/\/aspres-thuir.com\/wp-content\/uploads\/2022\/02\/recha-oktaviani-h2aDKwigQeA-unsplash-scaled-e1645529548457.jpg","datePublished":"2021-04-08T16:07:22+00:00","dateModified":"2023-01-05T16:27:31+00:00","breadcrumb":{"@id":"https:\/\/aspres-thuir.com\/de\/kurtaxe\/#breadcrumb"},"inLanguage":"de-DE","potentialAction":[{"@type":"ReadAction","target":["https:\/\/aspres-thuir.com\/de\/kurtaxe\/"]}]},{"@type":"ImageObject","inLanguage":"de-DE","@id":"https:\/\/aspres-thuir.com\/de\/kurtaxe\/#primaryimage","url":"https:\/\/aspres-thuir.com\/wp-content\/uploads\/2022\/02\/recha-oktaviani-h2aDKwigQeA-unsplash-scaled-e1645529548457.jpg","contentUrl":"https:\/\/aspres-thuir.com\/wp-content\/uploads\/2022\/02\/recha-oktaviani-h2aDKwigQeA-unsplash-scaled-e1645529548457.jpg","width":2880,"height":1920},{"@type":"BreadcrumbList","@id":"https:\/\/aspres-thuir.com\/de\/kurtaxe\/#breadcrumb","itemListElement":[{"@type":"ListItem","position":1,"name":"","item":"https:\/\/aspres-thuir.com\/de\/"},{"@type":"ListItem","position":2,"name":"Kurtaxe"}]},{"@type":"WebSite","@id":"https:\/\/aspres-thuir.com\/de\/#website","url":"https:\/\/aspres-thuir.com\/de\/","name":"Office de Tourisme Aspres-Thuir","description":"","potentialAction":[{"@type":"SearchAction","target":{"@type":"EntryPoint","urlTemplate":"https:\/\/aspres-thuir.com\/de\/?s={search_term_string}"},"query-input":{"@type":"PropertyValueSpecification","valueRequired":true,"valueName":"search_term_string"}}],"inLanguage":"de-DE"}]}},"_links":{"self":[{"href":"https:\/\/aspres-thuir.com\/de\/wp-json\/wp\/v2\/pages\/24689","targetHints":{"allow":["GET"]}}],"collection":[{"href":"https:\/\/aspres-thuir.com\/de\/wp-json\/wp\/v2\/pages"}],"about":[{"href":"https:\/\/aspres-thuir.com\/de\/wp-json\/wp\/v2\/types\/page"}],"author":[{"embeddable":true,"href":"https:\/\/aspres-thuir.com\/de\/wp-json\/wp\/v2\/users\/2"}],"replies":[{"embeddable":true,"href":"https:\/\/aspres-thuir.com\/de\/wp-json\/wp\/v2\/comments?post=24689"}],"version-history":[{"count":0,"href":"https:\/\/aspres-thuir.com\/de\/wp-json\/wp\/v2\/pages\/24689\/revisions"}],"wp:featuredmedia":[{"embeddable":true,"href":"https:\/\/aspres-thuir.com\/de\/wp-json\/wp\/v2\/media\/30205"}],"wp:attachment":[{"href":"https:\/\/aspres-thuir.com\/de\/wp-json\/wp\/v2\/media?parent=24689"}],"curies":[{"name":"wp","href":"https:\/\/api.w.org\/{rel}","templated":true}]}}