{"id":24699,"date":"2021-04-08T17:04:11","date_gmt":"2021-04-08T16:04:11","guid":{"rendered":"https:\/\/aspres-thuir.com\/notre-patrimoine\/"},"modified":"2026-03-19T10:47:43","modified_gmt":"2026-03-19T09:47:43","slug":"das-erbe","status":"publish","type":"page","link":"https:\/\/aspres-thuir.com\/de\/das-erbe\/","title":{"rendered":"Das Erbe"},"content":{"rendered":"\n<p>Zu Fu\u00df, mit dem Auto oder mit dem Fahrrad, allein, mit der Familie oder mit Freunden, ein Spaziergang durch die St\u00e4dte und D\u00f6rfer des Aspres ist die beste Art, das reiche und vielf\u00e4ltige Erbe unseres Territoriums zu entdecken.<\/p>\n\n\n\n<p>Bei Ihren Spazierg\u00e4ngen werden Sie kleine Wunder entdecken, dort eine romanische Kirche, die sich inmitten eines Korkhains verirrt, anderswo ein typisches Dorf mit bemalten Genuesen oder ein mittelalterliches Dorf, das zu den sch\u00f6nsten D\u00f6rfern Frankreichs geh\u00f6rt.<\/p>\n\n\n\n<p>Wandern, verirren und staunen!<\/p>\n\n\n\n<div class=\"tsc-listing-wrap \" data-feed=\"services\" data-per-page=\"12\" data-columns=\"3\" data-listing-mode=\"infinite\" data-filter-layout=\"horizontal\"  data-locked-category=\"chateaux-et-sites-de-defense,lieux-de-memoire,musees-centres-dinterpretation-et-collections,sites-religieux\">\n\n    <!-- \u2550\u2550\u2550 MODE WIDGET \u2550\u2550\u2550 -->\n    \n                <div class=\"tsc-filters \">\n\n        \n        <div class=\"tsc-filters-bar\">\n\n            <!-- Recherche -->\n            <div class=\"tsc-filter-group tsc-filter-search\">\n                <input type=\"text\" class=\"tsc-filter-input\" data-filter=\"search\" placeholder=\"Suchen...\">\n                <i class=\"fa-solid fa-magnifying-glass\"><\/i>\n            <\/div>\n\n            <!-- Cat\u00e9gorie (dropdown multi-s\u00e9lection) -->\n                        <div class=\"tsc-filter-group tsc-multi-drop\">\n                <input type=\"hidden\" data-filter=\"category\" value=\"\">\n                <button type=\"button\" class=\"tsc-md-trigger\">\n                    <span class=\"tsc-md-label\">Alle Kategorien<\/span>\n                    <i class=\"fa-solid fa-chevron-down tsc-md-arrow\"><\/i>\n                <\/button>\n                <div class=\"tsc-md-panel\" hidden\n                     data-all-label=\"Alle Kategorien\"\n                     data-count-tpl=\"%d Kategorien\">\n                    <label class=\"tsc-md-item tsc-md-item-all\">\n                        <input type=\"checkbox\" class=\"tsc-md-check-all\"  checked='checked'>\n                        <span>Alle Kategorien<\/span>\n                    <\/label>\n                                                            <label class=\"tsc-md-item\">\n                        <input type=\"checkbox\" class=\"tsc-md-check\" value=\"chateaux-et-sites-de-defense\"\n                               data-label=\"Ch\u00e2teaux et sites de d\u00e9fense\"\n                               >\n                        <span>Ch\u00e2teaux et sites de d\u00e9fense <span class=\"tsc-md-count\">(1)<\/span><\/span>\n                    <\/label>\n                                        <label class=\"tsc-md-item\">\n                        <input type=\"checkbox\" class=\"tsc-md-check\" value=\"lieux-de-memoire\"\n                               data-label=\"Lieux de m\u00e9moire\"\n                               >\n                        <span>Lieux de m\u00e9moire <span class=\"tsc-md-count\">(1)<\/span><\/span>\n                    <\/label>\n                                        <label class=\"tsc-md-item\">\n                        <input type=\"checkbox\" class=\"tsc-md-check\" value=\"musees-centres-dinterpretation-et-collections\"\n                               data-label=\"Mus\u00e9es, centres d&#039;interpr\u00e9tation et collections\"\n                               >\n                        <span>Mus\u00e9es, centres d&#039;interpr\u00e9tation et collections <span class=\"tsc-md-count\">(2)<\/span><\/span>\n                    <\/label>\n                                        <label class=\"tsc-md-item\">\n                        <input type=\"checkbox\" class=\"tsc-md-check\" value=\"sites-religieux\"\n                               data-label=\"Sites religieux\"\n                               >\n                        <span>Sites religieux <span class=\"tsc-md-count\">(32)<\/span><\/span>\n                    <\/label>\n                                    <\/div>\n            <\/div>\n            \n            <!-- Classement \u00e9toiles\/\u00e9pis (h\u00e9bergements) \u2014 dropdown multi-s\u00e9lection -->\n            \n            <!-- Commune (dropdown unifi\u00e9) -->\n            \n            <!-- Label (dropdown unifi\u00e9) -->\n            \n            <!-- Tri \u2014 ic\u00f4ne en fin de barre (PAS pour les \u00e9v\u00e9nements, PAS en vertical car d\u00e9j\u00e0 dans le header) -->\n                        <div class=\"tsc-filter-group tsc-sort-wrap\">\n                <input type=\"hidden\" data-filter=\"orderby\" value=\"default\">\n                <button type=\"button\" class=\"tsc-sort-trigger\" title=\"Sortieren\">\n                    <i class=\"fa-light fa-arrow-up-wide-short\"><\/i>\n                <\/button>\n                <div class=\"tsc-sort-panel\" hidden>\n                    <div class=\"tsc-sort-item tsc-sort-active\" data-value=\"default\">\n                        Zuf\u00e4llig                    <\/div>\n                    <div class=\"tsc-sort-item\" data-value=\"title\">A \u2192 Z<\/div>\n                    <div class=\"tsc-sort-item\" data-value=\"title-desc\">Z \u2192 A<\/div>\n                    <div class=\"tsc-sort-item\" data-value=\"date\">Neueste<\/div>\n                                        <div class=\"tsc-sort-item\" data-value=\"rand\">Zuf\u00e4llig<\/div>\n                                    <\/div>\n            <\/div>\n                    <\/div>\n\n        <!-- Filtres avanc\u00e9s (h\u00e9bergements) -->\n        \n        <!-- Filtres avanc\u00e9s (services : type de cuisine) -->\n                            <\/div>\n    \n    \n    <!-- \u2550\u2550\u2550 CONTENU \u2550\u2550\u2550 -->\n                <!-- MODE NORMAL -->\n        <div class=\"tsc-results-count\">\n            <span class=\"tsc-count-number\">0<\/span> Ergebnis(se)        <\/div>\n        <div class=\"tsc-cards-grid tsc-cols-3\">\n            <div class=\"tsc-no-results\"><p>Keine Ergebnisse.<\/p><\/div>        <\/div>\n\n                \n    \n    <div class=\"tsc-loader\" style=\"display:none;\">\n        <div class=\"tsc-spinner\"><\/div>\n    <\/div>\n<\/div>\n\n\n\n\n<p>\u00a0<\/p>\n","protected":false},"excerpt":{"rendered":"<p>Zu Fu\u00df, mit dem Auto oder mit dem Fahrrad, allein, mit der Familie oder mit Freunden, ein Spaziergang durch die St\u00e4dte und D\u00f6rfer des Aspres ist die beste Art, das reiche und vielf\u00e4ltige Erbe unseres Territoriums zu entdecken. Bei Ihren Spazierg\u00e4ngen werden Sie kleine Wunder entdecken, dort eine romanische Kirche, die sich inmitten eines Korkhains [&hellip;]<\/p>\n","protected":false},"author":2,"featured_media":41166,"parent":0,"menu_order":0,"comment_status":"closed","ping_status":"closed","template":"","meta":{"_acf_changed":false,"_et_pb_use_builder":"","_et_pb_old_content":"","_et_gb_content_width":"","footnotes":""},"class_list":["post-24699","page","type-page","status-publish","has-post-thumbnail","hentry"],"acf":[],"yoast_head":"<!-- This site is optimized with the Yoast SEO plugin v26.9 - https:\/\/yoast.com\/product\/yoast-seo-wordpress\/ -->\n<title>Das Erbe - Office de Tourisme Aspres-Thuir<\/title>\n<meta name=\"robots\" content=\"index, follow, max-snippet:-1, max-image-preview:large, max-video-preview:-1\" \/>\n<link rel=\"canonical\" href=\"https:\/\/aspres-thuir.com\/de\/das-erbe\/\" \/>\n<meta property=\"og:locale\" content=\"de_DE\" \/>\n<meta property=\"og:type\" content=\"article\" \/>\n<meta property=\"og:title\" content=\"Das Erbe - Office de Tourisme Aspres-Thuir\" \/>\n<meta property=\"og:description\" content=\"Zu Fu\u00df, mit dem Auto oder mit dem Fahrrad, allein, mit der Familie oder mit Freunden, ein Spaziergang durch die St\u00e4dte und D\u00f6rfer des Aspres ist die beste Art, das reiche und vielf\u00e4ltige Erbe unseres Territoriums zu entdecken. Bei Ihren Spazierg\u00e4ngen werden Sie kleine Wunder entdecken, dort eine romanische Kirche, die sich inmitten eines Korkhains [&hellip;]\" \/>\n<meta property=\"og:site_name\" content=\"Office de Tourisme Aspres-Thuir\" \/>\n<meta property=\"article:modified_time\" content=\"2026-03-19T09:47:43+00:00\" \/>\n<meta property=\"og:image\" content=\"https:\/\/aspres-thuir.com\/wp-content\/uploads\/2022\/01\/monastirdelcamp13.jpg\" \/>\n\t<meta property=\"og:image:width\" content=\"1920\" \/>\n\t<meta property=\"og:image:height\" content=\"790\" \/>\n\t<meta property=\"og:image:type\" content=\"image\/jpeg\" \/>\n<meta name=\"twitter:card\" content=\"summary_large_image\" \/>\n<meta name=\"twitter:label1\" content=\"Est. reading time\" \/>\n\t<meta name=\"twitter:data1\" content=\"1 minute\" \/>\n<script type=\"application\/ld+json\" class=\"yoast-schema-graph\">{\"@context\":\"https:\/\/schema.org\",\"@graph\":[{\"@type\":\"WebPage\",\"@id\":\"https:\/\/aspres-thuir.com\/de\/das-erbe\/\",\"url\":\"https:\/\/aspres-thuir.com\/de\/das-erbe\/\",\"name\":\"Das Erbe - Office de Tourisme Aspres-Thuir\",\"isPartOf\":{\"@id\":\"https:\/\/aspres-thuir.com\/de\/#website\"},\"primaryImageOfPage\":{\"@id\":\"https:\/\/aspres-thuir.com\/de\/das-erbe\/#primaryimage\"},\"image\":{\"@id\":\"https:\/\/aspres-thuir.com\/de\/das-erbe\/#primaryimage\"},\"thumbnailUrl\":\"https:\/\/aspres-thuir.com\/wp-content\/uploads\/2022\/01\/monastirdelcamp13.jpg\",\"datePublished\":\"2021-04-08T16:04:11+00:00\",\"dateModified\":\"2026-03-19T09:47:43+00:00\",\"breadcrumb\":{\"@id\":\"https:\/\/aspres-thuir.com\/de\/das-erbe\/#breadcrumb\"},\"inLanguage\":\"de-DE\",\"potentialAction\":[{\"@type\":\"ReadAction\",\"target\":[\"https:\/\/aspres-thuir.com\/de\/das-erbe\/\"]}]},{\"@type\":\"ImageObject\",\"inLanguage\":\"de-DE\",\"@id\":\"https:\/\/aspres-thuir.com\/de\/das-erbe\/#primaryimage\",\"url\":\"https:\/\/aspres-thuir.com\/wp-content\/uploads\/2022\/01\/monastirdelcamp13.jpg\",\"contentUrl\":\"https:\/\/aspres-thuir.com\/wp-content\/uploads\/2022\/01\/monastirdelcamp13.jpg\",\"width\":1920,\"height\":790},{\"@type\":\"BreadcrumbList\",\"@id\":\"https:\/\/aspres-thuir.com\/de\/das-erbe\/#breadcrumb\",\"itemListElement\":[{\"@type\":\"ListItem\",\"position\":1,\"name\":\"\",\"item\":\"https:\/\/aspres-thuir.com\/de\/\"},{\"@type\":\"ListItem\",\"position\":2,\"name\":\"Das Erbe\"}]},{\"@type\":\"WebSite\",\"@id\":\"https:\/\/aspres-thuir.com\/de\/#website\",\"url\":\"https:\/\/aspres-thuir.com\/de\/\",\"name\":\"Office de Tourisme Aspres-Thuir\",\"description\":\"\",\"potentialAction\":[{\"@type\":\"SearchAction\",\"target\":{\"@type\":\"EntryPoint\",\"urlTemplate\":\"https:\/\/aspres-thuir.com\/de\/?s={search_term_string}\"},\"query-input\":{\"@type\":\"PropertyValueSpecification\",\"valueRequired\":true,\"valueName\":\"search_term_string\"}}],\"inLanguage\":\"de-DE\"}]}<\/script>\n<!-- \/ Yoast SEO plugin. -->","yoast_head_json":{"title":"Das Erbe - Office de Tourisme Aspres-Thuir","robots":{"index":"index","follow":"follow","max-snippet":"max-snippet:-1","max-image-preview":"max-image-preview:large","max-video-preview":"max-video-preview:-1"},"canonical":"https:\/\/aspres-thuir.com\/de\/das-erbe\/","og_locale":"de_DE","og_type":"article","og_title":"Das Erbe - Office de Tourisme Aspres-Thuir","og_description":"Zu Fu\u00df, mit dem Auto oder mit dem Fahrrad, allein, mit der Familie oder mit Freunden, ein Spaziergang durch die St\u00e4dte und D\u00f6rfer des Aspres ist die beste Art, das reiche und vielf\u00e4ltige Erbe unseres Territoriums zu entdecken. Bei Ihren Spazierg\u00e4ngen werden Sie kleine Wunder entdecken, dort eine romanische Kirche, die sich inmitten eines Korkhains [&hellip;]","og_site_name":"Office de Tourisme Aspres-Thuir","article_modified_time":"2026-03-19T09:47:43+00:00","og_image":[{"width":1920,"height":790,"url":"https:\/\/aspres-thuir.com\/wp-content\/uploads\/2022\/01\/monastirdelcamp13.jpg","type":"image\/jpeg"}],"twitter_card":"summary_large_image","twitter_misc":{"Est. reading time":"1 minute"},"schema":{"@context":"https:\/\/schema.org","@graph":[{"@type":"WebPage","@id":"https:\/\/aspres-thuir.com\/de\/das-erbe\/","url":"https:\/\/aspres-thuir.com\/de\/das-erbe\/","name":"Das Erbe - Office de Tourisme Aspres-Thuir","isPartOf":{"@id":"https:\/\/aspres-thuir.com\/de\/#website"},"primaryImageOfPage":{"@id":"https:\/\/aspres-thuir.com\/de\/das-erbe\/#primaryimage"},"image":{"@id":"https:\/\/aspres-thuir.com\/de\/das-erbe\/#primaryimage"},"thumbnailUrl":"https:\/\/aspres-thuir.com\/wp-content\/uploads\/2022\/01\/monastirdelcamp13.jpg","datePublished":"2021-04-08T16:04:11+00:00","dateModified":"2026-03-19T09:47:43+00:00","breadcrumb":{"@id":"https:\/\/aspres-thuir.com\/de\/das-erbe\/#breadcrumb"},"inLanguage":"de-DE","potentialAction":[{"@type":"ReadAction","target":["https:\/\/aspres-thuir.com\/de\/das-erbe\/"]}]},{"@type":"ImageObject","inLanguage":"de-DE","@id":"https:\/\/aspres-thuir.com\/de\/das-erbe\/#primaryimage","url":"https:\/\/aspres-thuir.com\/wp-content\/uploads\/2022\/01\/monastirdelcamp13.jpg","contentUrl":"https:\/\/aspres-thuir.com\/wp-content\/uploads\/2022\/01\/monastirdelcamp13.jpg","width":1920,"height":790},{"@type":"BreadcrumbList","@id":"https:\/\/aspres-thuir.com\/de\/das-erbe\/#breadcrumb","itemListElement":[{"@type":"ListItem","position":1,"name":"","item":"https:\/\/aspres-thuir.com\/de\/"},{"@type":"ListItem","position":2,"name":"Das Erbe"}]},{"@type":"WebSite","@id":"https:\/\/aspres-thuir.com\/de\/#website","url":"https:\/\/aspres-thuir.com\/de\/","name":"Office de Tourisme Aspres-Thuir","description":"","potentialAction":[{"@type":"SearchAction","target":{"@type":"EntryPoint","urlTemplate":"https:\/\/aspres-thuir.com\/de\/?s={search_term_string}"},"query-input":{"@type":"PropertyValueSpecification","valueRequired":true,"valueName":"search_term_string"}}],"inLanguage":"de-DE"}]}},"_links":{"self":[{"href":"https:\/\/aspres-thuir.com\/de\/wp-json\/wp\/v2\/pages\/24699","targetHints":{"allow":["GET"]}}],"collection":[{"href":"https:\/\/aspres-thuir.com\/de\/wp-json\/wp\/v2\/pages"}],"about":[{"href":"https:\/\/aspres-thuir.com\/de\/wp-json\/wp\/v2\/types\/page"}],"author":[{"embeddable":true,"href":"https:\/\/aspres-thuir.com\/de\/wp-json\/wp\/v2\/users\/2"}],"replies":[{"embeddable":true,"href":"https:\/\/aspres-thuir.com\/de\/wp-json\/wp\/v2\/comments?post=24699"}],"version-history":[{"count":0,"href":"https:\/\/aspres-thuir.com\/de\/wp-json\/wp\/v2\/pages\/24699\/revisions"}],"wp:featuredmedia":[{"embeddable":true,"href":"https:\/\/aspres-thuir.com\/de\/wp-json\/wp\/v2\/media\/41166"}],"wp:attachment":[{"href":"https:\/\/aspres-thuir.com\/de\/wp-json\/wp\/v2\/media?parent=24699"}],"curies":[{"name":"wp","href":"https:\/\/api.w.org\/{rel}","templated":true}]}}