{"id":24711,"date":"2021-07-05T15:09:30","date_gmt":"2021-07-05T14:09:30","guid":{"rendered":"https:\/\/aspres-thuir.com\/les-hotels\/"},"modified":"2026-03-19T11:52:08","modified_gmt":"2026-03-19T10:52:08","slug":"sie-hotels","status":"publish","type":"page","link":"https:\/\/aspres-thuir.com\/de\/sie-hotels\/","title":{"rendered":"Hotels"},"content":{"rendered":"\n<p>Lassen Sie sich f\u00fcr einen Aufenthalt oder ein Wochenende von unseren charmanten oder famili\u00e4ren Hotels f\u00fcr jeden Geldbeutel verf\u00fchren.<\/p>\n\n\n\n<p>Sternehotels, charmante Hotels, mit Swimmingpool, in der Stadt oder auf dem Land, Doppel- oder Familienzimmer, finden Sie hier das Hotel, das Ihren Erwartungen am besten entspricht, und nutzen Sie die Gelegenheit, um die St\u00e4dte und D\u00f6rfer zu entdecken und zu genie\u00dfen lokale Produkte.<\/p>\n\n\n\n<p><\/p>\n\n\n\n<div class=\"tsc-listing-wrap\" data-feed=\"hebergements\" data-per-page=\"12\" data-columns=\"3\" data-listing-mode=\"infinite\"  data-locked-category=\"hotel,hotel-restaurant\">\n\n    <!-- \u2550\u2550\u2550 MODE WIDGET \u2550\u2550\u2550 -->\n    \n            <div class=\"tsc-filters\">\n        <div class=\"tsc-filters-bar\">\n\n            <!-- Recherche -->\n            <div class=\"tsc-filter-group tsc-filter-search\">\n                <input type=\"text\" class=\"tsc-filter-input\" data-filter=\"search\" placeholder=\"Suchen...\">\n                <i class=\"fa-solid fa-magnifying-glass\"><\/i>\n            <\/div>\n\n            <!-- Cat\u00e9gorie (dropdown multi-s\u00e9lection) -->\n                        <div class=\"tsc-filter-group tsc-multi-drop\">\n                <input type=\"hidden\" data-filter=\"category\" value=\"\">\n                <button type=\"button\" class=\"tsc-md-trigger\">\n                    <span class=\"tsc-md-label\">Alle Kategorien<\/span>\n                    <i class=\"fa-solid fa-chevron-down tsc-md-arrow\"><\/i>\n                <\/button>\n                <div class=\"tsc-md-panel\" hidden\n                     data-all-label=\"Alle Kategorien\"\n                     data-count-tpl=\"%d Kategorien\">\n                    <label class=\"tsc-md-item tsc-md-item-all\">\n                        <input type=\"checkbox\" class=\"tsc-md-check-all\"  checked='checked'>\n                        <span>Alle Kategorien<\/span>\n                    <\/label>\n                                                            <label class=\"tsc-md-item\">\n                        <input type=\"checkbox\" class=\"tsc-md-check\" value=\"hotel\"\n                               data-label=\"H\u00f4tel\"\n                               >\n                        <span>H\u00f4tel <span class=\"tsc-md-count\">(2)<\/span><\/span>\n                    <\/label>\n                                        <label class=\"tsc-md-item\">\n                        <input type=\"checkbox\" class=\"tsc-md-check\" value=\"hotel-restaurant\"\n                               data-label=\"H\u00f4tel-restaurant\"\n                               >\n                        <span>H\u00f4tel-restaurant <span class=\"tsc-md-count\">(4)<\/span><\/span>\n                    <\/label>\n                                    <\/div>\n            <\/div>\n            \n            <!-- Classement \u00e9toiles\/\u00e9pis (h\u00e9bergements) \u2014 dropdown multi-s\u00e9lection -->\n                        <div class=\"tsc-filter-group tsc-multi-drop\">\n                <input type=\"hidden\" data-filter=\"classement\" value=\"\">\n                <button type=\"button\" class=\"tsc-md-trigger\">\n                    <span class=\"tsc-md-label\">Alle Bewertungen<\/span>\n                    <i class=\"fa-solid fa-chevron-down tsc-md-arrow\"><\/i>\n                <\/button>\n                <div class=\"tsc-md-panel\" hidden\n                     data-all-label=\"Alle Bewertungen\"\n                     data-count-tpl=\"%d Bewertungen\">\n                    <label class=\"tsc-md-item tsc-md-item-all\">\n                        <input type=\"checkbox\" class=\"tsc-md-check-all\" checked>\n                        <span>Alle Bewertungen<\/span>\n                    <\/label>\n                                        <label class=\"tsc-md-item\">\n                        <input type=\"checkbox\" class=\"tsc-md-check\" value=\"1 \u00e9toile\"\n                               data-label=\"1 \u00e9toile\">\n                        <span>\n                            <span class=\"tsc-md-icons\"><i class=\"fa-solid fa-star\"><\/i><\/span>\n                            <span class=\"tsc-md-cl-text\">1 \u00e9toile<\/span>\n                        <\/span>\n                    <\/label>\n                                        <label class=\"tsc-md-item\">\n                        <input type=\"checkbox\" class=\"tsc-md-check\" value=\"1 Stern\"\n                               data-label=\"1 \u00e9toile\">\n                        <span>\n                            <span class=\"tsc-md-icons\"><i class=\"fa-solid fa-star\"><\/i><\/span>\n                            <span class=\"tsc-md-cl-text\">1 \u00e9toile<\/span>\n                        <\/span>\n                    <\/label>\n                                        <label class=\"tsc-md-item\">\n                        <input type=\"checkbox\" class=\"tsc-md-check\" value=\"2 \u00e9toiles\"\n                               data-label=\"2 \u00e9toiles\">\n                        <span>\n                            <span class=\"tsc-md-icons\"><i class=\"fa-solid fa-star\"><\/i><i class=\"fa-solid fa-star\"><\/i><\/span>\n                            <span class=\"tsc-md-cl-text\">2 \u00e9toiles<\/span>\n                        <\/span>\n                    <\/label>\n                                        <label class=\"tsc-md-item\">\n                        <input type=\"checkbox\" class=\"tsc-md-check\" value=\"2 Sterne\"\n                               data-label=\"2 \u00e9toiles\">\n                        <span>\n                            <span class=\"tsc-md-icons\"><i class=\"fa-solid fa-star\"><\/i><i class=\"fa-solid fa-star\"><\/i><\/span>\n                            <span class=\"tsc-md-cl-text\">2 \u00e9toiles<\/span>\n                        <\/span>\n                    <\/label>\n                                        <label class=\"tsc-md-item\">\n                        <input type=\"checkbox\" class=\"tsc-md-check\" value=\"3 \u00e9toiles\"\n                               data-label=\"3 \u00e9toiles\">\n                        <span>\n                            <span class=\"tsc-md-icons\"><i class=\"fa-solid fa-star\"><\/i><i class=\"fa-solid fa-star\"><\/i><i class=\"fa-solid fa-star\"><\/i><\/span>\n                            <span class=\"tsc-md-cl-text\">3 \u00e9toiles<\/span>\n                        <\/span>\n                    <\/label>\n                                        <label class=\"tsc-md-item\">\n                        <input type=\"checkbox\" class=\"tsc-md-check\" value=\"3 Sterne\"\n                               data-label=\"3 \u00e9toiles\">\n                        <span>\n                            <span class=\"tsc-md-icons\"><i class=\"fa-solid fa-star\"><\/i><i class=\"fa-solid fa-star\"><\/i><i class=\"fa-solid fa-star\"><\/i><\/span>\n                            <span class=\"tsc-md-cl-text\">3 \u00e9toiles<\/span>\n                        <\/span>\n                    <\/label>\n                                        <label class=\"tsc-md-item\">\n                        <input type=\"checkbox\" class=\"tsc-md-check\" value=\"4 \u00e9toiles\"\n                               data-label=\"4 \u00e9toiles\">\n                        <span>\n                            <span class=\"tsc-md-icons\"><i class=\"fa-solid fa-star\"><\/i><i class=\"fa-solid fa-star\"><\/i><i class=\"fa-solid fa-star\"><\/i><i class=\"fa-solid fa-star\"><\/i><\/span>\n                            <span class=\"tsc-md-cl-text\">4 \u00e9toiles<\/span>\n                        <\/span>\n                    <\/label>\n                                        <label class=\"tsc-md-item\">\n                        <input type=\"checkbox\" class=\"tsc-md-check\" value=\"4 Sterne\"\n                               data-label=\"4 \u00e9toiles\">\n                        <span>\n                            <span class=\"tsc-md-icons\"><i class=\"fa-solid fa-star\"><\/i><i class=\"fa-solid fa-star\"><\/i><i class=\"fa-solid fa-star\"><\/i><i class=\"fa-solid fa-star\"><\/i><\/span>\n                            <span class=\"tsc-md-cl-text\">4 \u00e9toiles<\/span>\n                        <\/span>\n                    <\/label>\n                                        <label class=\"tsc-md-item\">\n                        <input type=\"checkbox\" class=\"tsc-md-check\" value=\"5 \u00e9toiles\"\n                               data-label=\"5 \u00e9toiles\">\n                        <span>\n                            <span class=\"tsc-md-icons\"><i class=\"fa-solid fa-star\"><\/i><i class=\"fa-solid fa-star\"><\/i><i class=\"fa-solid fa-star\"><\/i><i class=\"fa-solid fa-star\"><\/i><i class=\"fa-solid fa-star\"><\/i><\/span>\n                            <span class=\"tsc-md-cl-text\">5 \u00e9toiles<\/span>\n                        <\/span>\n                    <\/label>\n                                    <\/div>\n            <\/div>\n            \n            <!-- Commune -->\n                        <div class=\"tsc-filter-group\">\n                <select class=\"tsc-filter-select\" data-filter=\"commune\">\n                    <option value=\"\">Alle Gemeinden<\/option>\n                                            <option value=\"BANYULS-DELS-ASPRES\"\n                                >\n                            BANYULS-DELS-ASPRES                        <\/option>\n                                            <option value=\"BROUILLA\"\n                                >\n                            BROUILLA                        <\/option>\n                                            <option value=\"CAIXAS\"\n                                >\n                            CAIXAS                        <\/option>\n                                            <option value=\"CAMELAS\"\n                                >\n                            CAMELAS                        <\/option>\n                                            <option value=\"CASTELNOU\"\n                                >\n                            CASTELNOU                        <\/option>\n                                            <option value=\"FOURQUES\"\n                                >\n                            FOURQUES                        <\/option>\n                                            <option value=\"LLAURO\"\n                                >\n                            LLAURO                        <\/option>\n                                            <option value=\"MONTAURIOL\"\n                                >\n                            MONTAURIOL                        <\/option>\n                                            <option value=\"OMS\"\n                                >\n                            OMS                        <\/option>\n                                            <option value=\"PASSA\"\n                                >\n                            PASSA                        <\/option>\n                                            <option value=\"SAINT-JEAN-LASSEILLE\"\n                                >\n                            SAINT-JEAN-LASSEILLE                        <\/option>\n                                            <option value=\"SAINTE-COLOMBE-DE-LA-COMMANDERIE\"\n                                >\n                            SAINTE-COLOMBE-DE-LA-COMMANDERIE                        <\/option>\n                                            <option value=\"TERRATS\"\n                                >\n                            TERRATS                        <\/option>\n                                            <option value=\"THUIR\"\n                                >\n                            THUIR                        <\/option>\n                                            <option value=\"TORDERES\"\n                                >\n                            TORDERES                        <\/option>\n                                            <option value=\"TRESSERRE\"\n                                >\n                            TRESSERRE                        <\/option>\n                                            <option value=\"TROUILLAS\"\n                                >\n                            TROUILLAS                        <\/option>\n                                            <option value=\"VILLEMOLAQUE\"\n                                >\n                            VILLEMOLAQUE                        <\/option>\n                                    <\/select>\n            <\/div>\n            \n\n            <!-- Label (h\u00e9bergements) -->\n                        <div class=\"tsc-filter-group\">\n                <select class=\"tsc-filter-select\" data-filter=\"label\">\n                    <option value=\"\">Alle Labels<\/option>\n                                            <option value=\"Accueil V\u00e9lo\"\n                                >\n                            Accueil V\u00e9lo (1)\n                        <\/option>\n                                            <option value=\"Bienvenue \u00e0 la ferme\"\n                                >\n                            Bienvenue \u00e0 la ferme (1)\n                        <\/option>\n                                            <option value=\"Camping Qualit\u00e9\"\n                                >\n                            Camping Qualit\u00e9 (1)\n                        <\/option>\n                                            <option value=\"Cl\u00e9vacances\"\n                                >\n                            Cl\u00e9vacances (1)\n                        <\/option>\n                                            <option value=\"Destination d&#039;excellence\"\n                                >\n                            Destination d&#039;excellence (1)\n                        <\/option>\n                                            <option value=\"G\u00eetes de France\"\n                                >\n                            G\u00eetes de France (1)\n                        <\/option>\n                                            <option value=\"Qualit\u00e9 Tourisme\"\n                                >\n                            Qualit\u00e9 Tourisme (2)\n                        <\/option>\n                                            <option value=\"Qualit\u00e9 Tourisme Occitanie Sud de France\"\n                                >\n                            Qualit\u00e9 Tourisme Occitanie Sud de France (3)\n                        <\/option>\n                                            <option value=\"Tables et Auberges de France\"\n                                >\n                            Tables et Auberges de France (1)\n                        <\/option>\n                                            <option value=\"Teritoria\"\n                                >\n                            Teritoria (1)\n                        <\/option>\n                                            <option value=\"Vignobles et D\u00e9couvertes\"\n                                >\n                            Vignobles et D\u00e9couvertes (2)\n                        <\/option>\n                                    <\/select>\n            <\/div>\n            \n            <!-- Tri \u2014 ic\u00f4ne en fin de barre (PAS pour les \u00e9v\u00e9nements) -->\n                        <div class=\"tsc-filter-group tsc-sort-wrap\">\n                <input type=\"hidden\" data-filter=\"orderby\" value=\"default\">\n                <button type=\"button\" class=\"tsc-sort-trigger\" title=\"Sortieren\">\n                    <i class=\"fa-light fa-arrow-up-wide-short\"><\/i>\n                <\/button>\n                <div class=\"tsc-sort-panel\" hidden>\n                    <div class=\"tsc-sort-item tsc-sort-active\" data-value=\"default\">\n                        Standardreihenfolge                    <\/div>\n                    <div class=\"tsc-sort-item\" data-value=\"title\">A \u2192 Z<\/div>\n                    <div class=\"tsc-sort-item\" data-value=\"title-desc\">Z \u2192 A<\/div>\n                    <div class=\"tsc-sort-item\" data-value=\"date\">Neueste<\/div>\n                                    <\/div>\n            <\/div>\n                    <\/div>\n\n        <!-- Filtres avanc\u00e9s (h\u00e9bergements) -->\n                <div class=\"tsc-filters-advanced\" style=\"display:none;\">\n            <div class=\"tsc-filter-row\">\n                <label class=\"tsc-checkbox-filter\">\n                    <input type=\"checkbox\" data-filter=\"animaux\"> <i class=\"fa-solid fa-paw\"><\/i> Haustiere willkommen                <\/label>\n                <label class=\"tsc-checkbox-filter\">\n                    <input type=\"checkbox\" data-filter=\"piscine\"> <i class=\"fa-solid fa-water-ladder\"><\/i> Schwimmbad                <\/label>\n            <\/div>\n        <\/div>\n        <button class=\"tsc-toggle-advanced\">\n            <i class=\"fa-solid fa-sliders\"><\/i> Weitere Filter        <\/button>\n        \n        <!-- Filtres avanc\u00e9s (services : type de cuisine) -->\n            <\/div>\n    \n    <!-- \u2550\u2550\u2550 CONTENU \u2550\u2550\u2550 -->\n                <!-- MODE NORMAL -->\n        <div class=\"tsc-results-count\">\n            <span class=\"tsc-count-number\">0<\/span> Ergebnis(se)        <\/div>\n        <div class=\"tsc-cards-grid tsc-cols-3\">\n            <div class=\"tsc-no-results\"><p>Keine Ergebnisse.<\/p><\/div>        <\/div>\n\n                \n    <div class=\"tsc-loader\" style=\"display:none;\">\n        <div class=\"tsc-spinner\"><\/div>\n    <\/div>\n<\/div>\n\n","protected":false},"excerpt":{"rendered":"<p>Lassen Sie sich f\u00fcr einen Aufenthalt oder ein Wochenende von unseren charmanten oder famili\u00e4ren Hotels f\u00fcr jeden Geldbeutel verf\u00fchren. Sternehotels, charmante Hotels, mit Swimmingpool, in der Stadt oder auf dem Land, Doppel- oder Familienzimmer, finden Sie hier das Hotel, das Ihren Erwartungen am besten entspricht, und nutzen Sie die Gelegenheit, um die St\u00e4dte und D\u00f6rfer [&hellip;]<\/p>\n","protected":false},"author":2,"featured_media":30088,"parent":0,"menu_order":0,"comment_status":"closed","ping_status":"closed","template":"","meta":{"_acf_changed":false,"_et_pb_use_builder":"","_et_pb_old_content":"","_et_gb_content_width":"","footnotes":""},"class_list":["post-24711","page","type-page","status-publish","has-post-thumbnail","hentry"],"acf":[],"yoast_head":"<!-- This site is optimized with the Yoast SEO plugin v26.9 - https:\/\/yoast.com\/product\/yoast-seo-wordpress\/ -->\n<title>Hotels - Office de Tourisme Aspres-Thuir<\/title>\n<meta name=\"robots\" content=\"index, follow, max-snippet:-1, max-image-preview:large, max-video-preview:-1\" \/>\n<link rel=\"canonical\" href=\"https:\/\/aspres-thuir.com\/de\/sie-hotels\/\" \/>\n<meta property=\"og:locale\" content=\"de_DE\" \/>\n<meta property=\"og:type\" content=\"article\" \/>\n<meta property=\"og:title\" content=\"Hotels - Office de Tourisme Aspres-Thuir\" \/>\n<meta property=\"og:description\" content=\"Lassen Sie sich f\u00fcr einen Aufenthalt oder ein Wochenende von unseren charmanten oder famili\u00e4ren Hotels f\u00fcr jeden Geldbeutel verf\u00fchren. Sternehotels, charmante Hotels, mit Swimmingpool, in der Stadt oder auf dem Land, Doppel- oder Familienzimmer, finden Sie hier das Hotel, das Ihren Erwartungen am besten entspricht, und nutzen Sie die Gelegenheit, um die St\u00e4dte und D\u00f6rfer [&hellip;]\" \/>\n<meta property=\"og:site_name\" content=\"Office de Tourisme Aspres-Thuir\" \/>\n<meta property=\"article:modified_time\" content=\"2026-03-19T10:52:08+00:00\" \/>\n<meta property=\"og:image\" content=\"https:\/\/aspres-thuir.com\/wp-content\/uploads\/2022\/02\/christopher-jolly-GqbU78bdJFM-unsplash-scaled.jpg\" \/>\n\t<meta property=\"og:image:width\" content=\"2880\" \/>\n\t<meta property=\"og:image:height\" content=\"1620\" \/>\n\t<meta property=\"og:image:type\" content=\"image\/jpeg\" \/>\n<meta name=\"twitter:card\" content=\"summary_large_image\" \/>\n<meta name=\"twitter:label1\" content=\"Est. reading time\" \/>\n\t<meta name=\"twitter:data1\" content=\"1 minute\" \/>\n<script type=\"application\/ld+json\" class=\"yoast-schema-graph\">{\"@context\":\"https:\/\/schema.org\",\"@graph\":[{\"@type\":\"WebPage\",\"@id\":\"https:\/\/aspres-thuir.com\/de\/sie-hotels\/\",\"url\":\"https:\/\/aspres-thuir.com\/de\/sie-hotels\/\",\"name\":\"Hotels - Office de Tourisme Aspres-Thuir\",\"isPartOf\":{\"@id\":\"https:\/\/aspres-thuir.com\/de\/#website\"},\"primaryImageOfPage\":{\"@id\":\"https:\/\/aspres-thuir.com\/de\/sie-hotels\/#primaryimage\"},\"image\":{\"@id\":\"https:\/\/aspres-thuir.com\/de\/sie-hotels\/#primaryimage\"},\"thumbnailUrl\":\"https:\/\/aspres-thuir.com\/wp-content\/uploads\/2022\/02\/christopher-jolly-GqbU78bdJFM-unsplash-scaled.jpg\",\"datePublished\":\"2021-07-05T14:09:30+00:00\",\"dateModified\":\"2026-03-19T10:52:08+00:00\",\"breadcrumb\":{\"@id\":\"https:\/\/aspres-thuir.com\/de\/sie-hotels\/#breadcrumb\"},\"inLanguage\":\"de-DE\",\"potentialAction\":[{\"@type\":\"ReadAction\",\"target\":[\"https:\/\/aspres-thuir.com\/de\/sie-hotels\/\"]}]},{\"@type\":\"ImageObject\",\"inLanguage\":\"de-DE\",\"@id\":\"https:\/\/aspres-thuir.com\/de\/sie-hotels\/#primaryimage\",\"url\":\"https:\/\/aspres-thuir.com\/wp-content\/uploads\/2022\/02\/christopher-jolly-GqbU78bdJFM-unsplash-scaled.jpg\",\"contentUrl\":\"https:\/\/aspres-thuir.com\/wp-content\/uploads\/2022\/02\/christopher-jolly-GqbU78bdJFM-unsplash-scaled.jpg\",\"width\":2880,\"height\":1620},{\"@type\":\"BreadcrumbList\",\"@id\":\"https:\/\/aspres-thuir.com\/de\/sie-hotels\/#breadcrumb\",\"itemListElement\":[{\"@type\":\"ListItem\",\"position\":1,\"name\":\"\",\"item\":\"https:\/\/aspres-thuir.com\/de\/\"},{\"@type\":\"ListItem\",\"position\":2,\"name\":\"Hotels\"}]},{\"@type\":\"WebSite\",\"@id\":\"https:\/\/aspres-thuir.com\/de\/#website\",\"url\":\"https:\/\/aspres-thuir.com\/de\/\",\"name\":\"Office de Tourisme Aspres-Thuir\",\"description\":\"\",\"potentialAction\":[{\"@type\":\"SearchAction\",\"target\":{\"@type\":\"EntryPoint\",\"urlTemplate\":\"https:\/\/aspres-thuir.com\/de\/?s={search_term_string}\"},\"query-input\":{\"@type\":\"PropertyValueSpecification\",\"valueRequired\":true,\"valueName\":\"search_term_string\"}}],\"inLanguage\":\"de-DE\"}]}<\/script>\n<!-- \/ Yoast SEO plugin. -->","yoast_head_json":{"title":"Hotels - Office de Tourisme Aspres-Thuir","robots":{"index":"index","follow":"follow","max-snippet":"max-snippet:-1","max-image-preview":"max-image-preview:large","max-video-preview":"max-video-preview:-1"},"canonical":"https:\/\/aspres-thuir.com\/de\/sie-hotels\/","og_locale":"de_DE","og_type":"article","og_title":"Hotels - Office de Tourisme Aspres-Thuir","og_description":"Lassen Sie sich f\u00fcr einen Aufenthalt oder ein Wochenende von unseren charmanten oder famili\u00e4ren Hotels f\u00fcr jeden Geldbeutel verf\u00fchren. Sternehotels, charmante Hotels, mit Swimmingpool, in der Stadt oder auf dem Land, Doppel- oder Familienzimmer, finden Sie hier das Hotel, das Ihren Erwartungen am besten entspricht, und nutzen Sie die Gelegenheit, um die St\u00e4dte und D\u00f6rfer [&hellip;]","og_site_name":"Office de Tourisme Aspres-Thuir","article_modified_time":"2026-03-19T10:52:08+00:00","og_image":[{"width":2880,"height":1620,"url":"https:\/\/aspres-thuir.com\/wp-content\/uploads\/2022\/02\/christopher-jolly-GqbU78bdJFM-unsplash-scaled.jpg","type":"image\/jpeg"}],"twitter_card":"summary_large_image","twitter_misc":{"Est. reading time":"1 minute"},"schema":{"@context":"https:\/\/schema.org","@graph":[{"@type":"WebPage","@id":"https:\/\/aspres-thuir.com\/de\/sie-hotels\/","url":"https:\/\/aspres-thuir.com\/de\/sie-hotels\/","name":"Hotels - Office de Tourisme Aspres-Thuir","isPartOf":{"@id":"https:\/\/aspres-thuir.com\/de\/#website"},"primaryImageOfPage":{"@id":"https:\/\/aspres-thuir.com\/de\/sie-hotels\/#primaryimage"},"image":{"@id":"https:\/\/aspres-thuir.com\/de\/sie-hotels\/#primaryimage"},"thumbnailUrl":"https:\/\/aspres-thuir.com\/wp-content\/uploads\/2022\/02\/christopher-jolly-GqbU78bdJFM-unsplash-scaled.jpg","datePublished":"2021-07-05T14:09:30+00:00","dateModified":"2026-03-19T10:52:08+00:00","breadcrumb":{"@id":"https:\/\/aspres-thuir.com\/de\/sie-hotels\/#breadcrumb"},"inLanguage":"de-DE","potentialAction":[{"@type":"ReadAction","target":["https:\/\/aspres-thuir.com\/de\/sie-hotels\/"]}]},{"@type":"ImageObject","inLanguage":"de-DE","@id":"https:\/\/aspres-thuir.com\/de\/sie-hotels\/#primaryimage","url":"https:\/\/aspres-thuir.com\/wp-content\/uploads\/2022\/02\/christopher-jolly-GqbU78bdJFM-unsplash-scaled.jpg","contentUrl":"https:\/\/aspres-thuir.com\/wp-content\/uploads\/2022\/02\/christopher-jolly-GqbU78bdJFM-unsplash-scaled.jpg","width":2880,"height":1620},{"@type":"BreadcrumbList","@id":"https:\/\/aspres-thuir.com\/de\/sie-hotels\/#breadcrumb","itemListElement":[{"@type":"ListItem","position":1,"name":"","item":"https:\/\/aspres-thuir.com\/de\/"},{"@type":"ListItem","position":2,"name":"Hotels"}]},{"@type":"WebSite","@id":"https:\/\/aspres-thuir.com\/de\/#website","url":"https:\/\/aspres-thuir.com\/de\/","name":"Office de Tourisme Aspres-Thuir","description":"","potentialAction":[{"@type":"SearchAction","target":{"@type":"EntryPoint","urlTemplate":"https:\/\/aspres-thuir.com\/de\/?s={search_term_string}"},"query-input":{"@type":"PropertyValueSpecification","valueRequired":true,"valueName":"search_term_string"}}],"inLanguage":"de-DE"}]}},"_links":{"self":[{"href":"https:\/\/aspres-thuir.com\/de\/wp-json\/wp\/v2\/pages\/24711","targetHints":{"allow":["GET"]}}],"collection":[{"href":"https:\/\/aspres-thuir.com\/de\/wp-json\/wp\/v2\/pages"}],"about":[{"href":"https:\/\/aspres-thuir.com\/de\/wp-json\/wp\/v2\/types\/page"}],"author":[{"embeddable":true,"href":"https:\/\/aspres-thuir.com\/de\/wp-json\/wp\/v2\/users\/2"}],"replies":[{"embeddable":true,"href":"https:\/\/aspres-thuir.com\/de\/wp-json\/wp\/v2\/comments?post=24711"}],"version-history":[{"count":0,"href":"https:\/\/aspres-thuir.com\/de\/wp-json\/wp\/v2\/pages\/24711\/revisions"}],"wp:featuredmedia":[{"embeddable":true,"href":"https:\/\/aspres-thuir.com\/de\/wp-json\/wp\/v2\/media\/30088"}],"wp:attachment":[{"href":"https:\/\/aspres-thuir.com\/de\/wp-json\/wp\/v2\/media?parent=24711"}],"curies":[{"name":"wp","href":"https:\/\/api.w.org\/{rel}","templated":true}]}}