{"id":24732,"date":"2021-07-05T14:53:23","date_gmt":"2021-07-05T13:53:23","guid":{"rendered":"https:\/\/aspres-thuir.com\/restauration\/"},"modified":"2026-03-19T13:13:24","modified_gmt":"2026-03-19T12:13:24","slug":"wiederherstellung","status":"publish","type":"page","link":"https:\/\/aspres-thuir.com\/de\/wiederherstellung\/","title":{"rendered":"Wiederherstellung"},"content":{"rendered":"\n<p>Ob bodenst\u00e4ndige oder Gourmetk\u00fcche, Feinschmecker und Liebhaber heimischer Produkte, kehren Sie in eines unserer Restaurants ein, sie sind der ideale Ort, um die Gastronomie und Spezialit\u00e4ten unserer Region zu entdecken.<br>Um den Aspres in vollen Z\u00fcgen zu genie\u00dfen, besuchen Sie eines unserer Restaurants.<\/p>\n\n\n\n<p>Treffen Sie Ihre Wahl und genie\u00dfen Sie !<\/p>\n\n\n\n<p><\/p>\n\n\n\n<div class=\"tsc-listing-wrap \" data-feed=\"services\" data-per-page=\"12\" data-columns=\"3\" data-listing-mode=\"infinite\" data-filter-layout=\"horizontal\"  data-locked-category=\"restaurant,restauration,rapide,bar,bar-restaurant,hotel-restaurant,pizza-a-emporter\" >\n\n    <!-- \u2550\u2550\u2550 MODE WIDGET \u2550\u2550\u2550 -->\n    \n                <div class=\"tsc-filters \">\n\n        \n        <div class=\"tsc-filters-bar\">\n\n            <!-- Recherche -->\n            <div class=\"tsc-filter-group tsc-filter-search\">\n                <input type=\"text\" class=\"tsc-filter-input\" data-filter=\"search\" placeholder=\"Suchen...\">\n                <i class=\"fa-solid fa-magnifying-glass\"><\/i>\n            <\/div>\n\n            <!-- Cat\u00e9gorie (dropdown multi-s\u00e9lection) -->\n                        <div class=\"tsc-filter-group tsc-multi-drop\">\n                <input type=\"hidden\" data-filter=\"category\" value=\"\">\n                <button type=\"button\" class=\"tsc-md-trigger\">\n                    <span class=\"tsc-md-label\">Alle Kategorien<\/span>\n                    <i class=\"fa-solid fa-chevron-down tsc-md-arrow\"><\/i>\n                <\/button>\n                <div class=\"tsc-md-panel\" hidden\n                     data-all-label=\"Alle Kategorien\"\n                     data-count-tpl=\"%d Kategorien\">\n                    <label class=\"tsc-md-item tsc-md-item-all\">\n                        <input type=\"checkbox\" class=\"tsc-md-check-all\"  checked='checked'>\n                        <span>Alle Kategorien<\/span>\n                    <\/label>\n                                                            <label class=\"tsc-md-item\">\n                        <input type=\"checkbox\" class=\"tsc-md-check\" value=\"bar\"\n                               data-label=\"Bar\"\n                               >\n                        <span>Bar <span class=\"tsc-md-count\">(3)<\/span><\/span>\n                    <\/label>\n                                        <label class=\"tsc-md-item\">\n                        <input type=\"checkbox\" class=\"tsc-md-check\" value=\"bar-restaurant\"\n                               data-label=\"Bar-restaurant\"\n                               >\n                        <span>Bar-restaurant <span class=\"tsc-md-count\">(6)<\/span><\/span>\n                    <\/label>\n                                        <label class=\"tsc-md-item\">\n                        <input type=\"checkbox\" class=\"tsc-md-check\" value=\"hotel-restaurant\"\n                               data-label=\"Hotel-restaurant\"\n                               >\n                        <span>Hotel-restaurant <span class=\"tsc-md-count\">(2)<\/span><\/span>\n                    <\/label>\n                                        <label class=\"tsc-md-item\">\n                        <input type=\"checkbox\" class=\"tsc-md-check\" value=\"pizza-a-emporter\"\n                               data-label=\"Pizza \u00e0 emporter\"\n                               >\n                        <span>Pizza \u00e0 emporter <span class=\"tsc-md-count\">(2)<\/span><\/span>\n                    <\/label>\n                                        <label class=\"tsc-md-item\">\n                        <input type=\"checkbox\" class=\"tsc-md-check\" value=\"restaurant\"\n                               data-label=\"Restaurant\"\n                               >\n                        <span>Restaurant <span class=\"tsc-md-count\">(18)<\/span><\/span>\n                    <\/label>\n                                    <\/div>\n            <\/div>\n            \n            <!-- Classement \u00e9toiles\/\u00e9pis (h\u00e9bergements) \u2014 dropdown multi-s\u00e9lection -->\n            \n            <!-- Commune (dropdown unifi\u00e9) -->\n            \n            <!-- Label (dropdown unifi\u00e9) -->\n            \n            <!-- Tri \u2014 ic\u00f4ne en fin de barre (PAS pour les \u00e9v\u00e9nements, PAS en vertical car d\u00e9j\u00e0 dans le header) -->\n                        <div class=\"tsc-filter-group tsc-sort-wrap\">\n                <input type=\"hidden\" data-filter=\"orderby\" value=\"default\">\n                <button type=\"button\" class=\"tsc-sort-trigger\" title=\"Sortieren\">\n                    <i class=\"fa-light fa-arrow-up-wide-short\"><\/i>\n                <\/button>\n                <div class=\"tsc-sort-panel\" hidden>\n                    <div class=\"tsc-sort-item tsc-sort-active\" data-value=\"default\">\n                        Zuf\u00e4llig                    <\/div>\n                    <div class=\"tsc-sort-item\" data-value=\"title\">A \u2192 Z<\/div>\n                    <div class=\"tsc-sort-item\" data-value=\"title-desc\">Z \u2192 A<\/div>\n                    <div class=\"tsc-sort-item\" data-value=\"date\">Neueste<\/div>\n                                        <div class=\"tsc-sort-item\" data-value=\"rand\">Zuf\u00e4llig<\/div>\n                                    <\/div>\n            <\/div>\n                    <\/div>\n\n        <!-- Filtres avanc\u00e9s (h\u00e9bergements) -->\n        \n        <!-- Filtres avanc\u00e9s (services : type de cuisine) -->\n                            <\/div>\n    \n    \n    <!-- \u2550\u2550\u2550 CONTENU \u2550\u2550\u2550 -->\n                <!-- MODE NORMAL -->\n        <div class=\"tsc-results-count\">\n            <span class=\"tsc-count-number\">31<\/span> Ergebnis(se)        <\/div>\n        <div class=\"tsc-cards-grid tsc-cols-3\">\n            \n<article class=\"tsc-card tsc-card-design\" data-id=\"82010\">\n    <a href=\"https:\/\/aspres-thuir.com\/de\/service\/brothers-burger\/\" class=\"tsc-card-link\">\n        <div class=\"tsc-card-image\">\n                            <div class=\"tsc-card-no-image\"><i class=\"fa-regular fa-image\"><\/i><\/div>\n            \n            \n                    <\/div>\n\n        <div class=\"tsc-card-body\">\n            <div class=\"tsc-card-header\">\n                <h3 class=\"tsc-card-title\">BROTHER&#8217;S BURGER<\/h3>\n                                    <span class=\"tsc-card-type-pill\">Pizza \u00e0 emporter<\/span>\n                            <\/div>\n\n            \n                    <\/div>\n    <\/a>\n<\/article>\n\n<article class=\"tsc-card tsc-card-design\" data-id=\"82876\">\n    <a href=\"https:\/\/aspres-thuir.com\/de\/service\/hotel-la-garenne\/\" class=\"tsc-card-link\">\n        <div class=\"tsc-card-image\">\n                            <img decoding=\"async\" src=\"https:\/\/cdt66.media.tourinsoft.eu\/upload\/Aspres-Torderes-La-Garenne-2-2.jpg\"\n                     alt=\"HOTEL LA GARENNE\" loading=\"lazy\">\n            \n            \n                    <\/div>\n\n        <div class=\"tsc-card-body\">\n            <div class=\"tsc-card-header\">\n                <h3 class=\"tsc-card-title\">HOTEL LA GARENNE<\/h3>\n                                    <span class=\"tsc-card-type-pill\">Hotel-restaurant<\/span>\n                            <\/div>\n\n            \n                    <\/div>\n    <\/a>\n<\/article>\n\n<article class=\"tsc-card tsc-card-design\" data-id=\"82863\">\n    <a href=\"https:\/\/aspres-thuir.com\/de\/service\/auberge-du-domaine-de-nidoleres\/\" class=\"tsc-card-link\">\n        <div class=\"tsc-card-image\">\n                            <img decoding=\"async\" src=\"https:\/\/cdt66.media.tourinsoft.eu\/upload\/018-4.jpg\"\n                     alt=\"AUBERGE DU DOMAINE DE NIDOLERES\" loading=\"lazy\">\n            \n            \n                    <\/div>\n\n        <div class=\"tsc-card-body\">\n            <div class=\"tsc-card-header\">\n                <h3 class=\"tsc-card-title\">AUBERGE DU DOMAINE DE NIDOLERES<\/h3>\n                                    <span class=\"tsc-card-type-pill\">Restaurant<\/span>\n                            <\/div>\n\n            \n                    <\/div>\n    <\/a>\n<\/article>\n\n<article class=\"tsc-card tsc-card-design\" data-id=\"82878\">\n    <a href=\"https:\/\/aspres-thuir.com\/de\/service\/cafe-de-france\/\" class=\"tsc-card-link\">\n        <div class=\"tsc-card-image\">\n                            <div class=\"tsc-card-no-image\"><i class=\"fa-regular fa-image\"><\/i><\/div>\n            \n            \n                    <\/div>\n\n        <div class=\"tsc-card-body\">\n            <div class=\"tsc-card-header\">\n                <h3 class=\"tsc-card-title\">CAFE DE FRANCE<\/h3>\n                                    <span class=\"tsc-card-type-pill\">Bar<\/span>\n                            <\/div>\n\n            \n                    <\/div>\n    <\/a>\n<\/article>\n\n<article class=\"tsc-card tsc-card-design\" data-id=\"82900\">\n    <a href=\"https:\/\/aspres-thuir.com\/de\/service\/mas-del-gall\/\" class=\"tsc-card-link\">\n        <div class=\"tsc-card-image\">\n                            <img decoding=\"async\" src=\"https:\/\/cdt66.media.tourinsoft.eu\/upload\/Aspres-Castelnou-Mas-del-Gall-3.jpg\"\n                     alt=\"MAS DEL GALL\" loading=\"lazy\">\n            \n            \n                    <\/div>\n\n        <div class=\"tsc-card-body\">\n            <div class=\"tsc-card-header\">\n                <h3 class=\"tsc-card-title\">MAS DEL GALL<\/h3>\n                                    <span class=\"tsc-card-type-pill\">Restaurant<\/span>\n                            <\/div>\n\n            \n                    <\/div>\n    <\/a>\n<\/article>\n\n<article class=\"tsc-card tsc-card-design\" data-id=\"82884\">\n    <a href=\"https:\/\/aspres-thuir.com\/de\/service\/la-popote\/\" class=\"tsc-card-link\">\n        <div class=\"tsc-card-image\">\n                            <img decoding=\"async\" src=\"https:\/\/cdt66.media.tourinsoft.eu\/upload\/LA-POPOTE-AVRIL-2024--2-.JPG\"\n                     alt=\"LA POPOTE\" loading=\"lazy\">\n            \n            \n                    <\/div>\n\n        <div class=\"tsc-card-body\">\n            <div class=\"tsc-card-header\">\n                <h3 class=\"tsc-card-title\">LA POPOTE<\/h3>\n                                    <span class=\"tsc-card-type-pill\">Restaurant<\/span>\n                            <\/div>\n\n            \n                    <\/div>\n    <\/a>\n<\/article>\n\n<article class=\"tsc-card tsc-card-design\" data-id=\"82891\">\n    <a href=\"https:\/\/aspres-thuir.com\/de\/service\/comme-chez-meme\/\" class=\"tsc-card-link\">\n        <div class=\"tsc-card-image\">\n                            <img decoding=\"async\" src=\"https:\/\/cdt66.media.tourinsoft.eu\/upload\/Aspres-Castelnou-Comme-chez-Meme--2-.JPG\"\n                     alt=\"COMME CHEZ M\u00c9M\u00c9\" loading=\"lazy\">\n            \n            \n                    <\/div>\n\n        <div class=\"tsc-card-body\">\n            <div class=\"tsc-card-header\">\n                <h3 class=\"tsc-card-title\">COMME CHEZ M\u00c9M\u00c9<\/h3>\n                                    <span class=\"tsc-card-type-pill\">Restaurant<\/span>\n                            <\/div>\n\n            \n                    <\/div>\n    <\/a>\n<\/article>\n\n<article class=\"tsc-card tsc-card-design\" data-id=\"82874\">\n    <a href=\"https:\/\/aspres-thuir.com\/de\/service\/gitotel-residence-le-mona\/\" class=\"tsc-card-link\">\n        <div class=\"tsc-card-image\">\n                            <img decoding=\"async\" src=\"https:\/\/cdt66.media.tourinsoft.eu\/upload\/GITOTEL-LE-MONA-RESTAURANT-.jpg\"\n                     alt=\"GITOTEL RESIDENCE LE MONA\" loading=\"lazy\">\n            \n            \n                    <\/div>\n\n        <div class=\"tsc-card-body\">\n            <div class=\"tsc-card-header\">\n                <h3 class=\"tsc-card-title\">GITOTEL RESIDENCE LE MONA<\/h3>\n                                    <span class=\"tsc-card-type-pill\">Restaurant<\/span>\n                            <\/div>\n\n            \n                        <div class=\"tsc-card-pills\">\n                <div class=\"tsc-pills-left\">\n                                                                                                                    <\/div>\n                                    <span class=\"tsc-card-price-tag\">ab 17\u20ac<\/span>\n                            <\/div>\n                    <\/div>\n    <\/a>\n<\/article>\n\n<article class=\"tsc-card tsc-card-design\" data-id=\"82894\">\n    <a href=\"https:\/\/aspres-thuir.com\/de\/service\/entre-parentheses-le-cafe-brocante-de-thuir\/\" class=\"tsc-card-link\">\n        <div class=\"tsc-card-image\">\n                            <img decoding=\"async\" src=\"https:\/\/cdt66.media.tourinsoft.eu\/upload\/DSC-0601.JPG\"\n                     alt=\"ENTRE PARENTHESES &#8211; LE CAFE BROCANTE DE THUIR\" loading=\"lazy\">\n            \n            \n                    <\/div>\n\n        <div class=\"tsc-card-body\">\n            <div class=\"tsc-card-header\">\n                <h3 class=\"tsc-card-title\">ENTRE PARENTHESES &#8211; LE CAFE BROCANTE DE THUIR<\/h3>\n                                    <span class=\"tsc-card-type-pill\">Bar<\/span>\n                            <\/div>\n\n            \n                    <\/div>\n    <\/a>\n<\/article>\n\n<article class=\"tsc-card tsc-card-design\" data-id=\"82893\">\n    <a href=\"https:\/\/aspres-thuir.com\/de\/service\/le-relais-de-lorme\/\" class=\"tsc-card-link\">\n        <div class=\"tsc-card-image\">\n                            <img decoding=\"async\" src=\"https:\/\/cdt66.media.tourinsoft.eu\/upload\/20200831-132407.jpg\"\n                     alt=\"LE RELAIS DE L&#8217;ORME\" loading=\"lazy\">\n            \n            \n                    <\/div>\n\n        <div class=\"tsc-card-body\">\n            <div class=\"tsc-card-header\">\n                <h3 class=\"tsc-card-title\">LE RELAIS DE L&#8217;ORME<\/h3>\n                                    <span class=\"tsc-card-type-pill\">Bar-restaurant<\/span>\n                            <\/div>\n\n            \n                    <\/div>\n    <\/a>\n<\/article>\n\n<article class=\"tsc-card tsc-card-design\" data-id=\"82899\">\n    <a href=\"https:\/\/aspres-thuir.com\/de\/service\/frenchouille\/\" class=\"tsc-card-link\">\n        <div class=\"tsc-card-image\">\n                            <img decoding=\"async\" src=\"https:\/\/cdt66.media.tourinsoft.eu\/upload\/311710559-107333725503076-5251335069502236937-n.jpg\"\n                     alt=\"FRENCHOUILLE\" loading=\"lazy\">\n            \n            \n                    <\/div>\n\n        <div class=\"tsc-card-body\">\n            <div class=\"tsc-card-header\">\n                <h3 class=\"tsc-card-title\">FRENCHOUILLE<\/h3>\n                                    <span class=\"tsc-card-type-pill\">Restaurant<\/span>\n                            <\/div>\n\n            \n                    <\/div>\n    <\/a>\n<\/article>\n\n<article class=\"tsc-card tsc-card-design\" data-id=\"82871\">\n    <a href=\"https:\/\/aspres-thuir.com\/de\/service\/bistrot-verquin\/\" class=\"tsc-card-link\">\n        <div class=\"tsc-card-image\">\n                            <img decoding=\"async\" src=\"https:\/\/cdt66.media.tourinsoft.eu\/upload\/BISTROT-DES-CAVES-AVRIL-2024--1-.JPG\"\n                     alt=\"BISTROT VERQUIN\" loading=\"lazy\">\n            \n            \n                    <\/div>\n\n        <div class=\"tsc-card-body\">\n            <div class=\"tsc-card-header\">\n                <h3 class=\"tsc-card-title\">BISTROT VERQUIN<\/h3>\n                                    <span class=\"tsc-card-type-pill\">Restaurant<\/span>\n                            <\/div>\n\n            \n                    <\/div>\n    <\/a>\n<\/article>\n        <\/div>\n\n                <div class=\"tsc-infinite-sentinel\" data-total-pages=\"3\" data-current-page=\"1\">\n            <div class=\"tsc-infinite-loader\" style=\"display:none;\">\n                <div class=\"tsc-spinner\"><\/div>\n                <span>Laden\u2026<\/span>\n            <\/div>\n            <div class=\"tsc-infinite-end\" style=\"display:none;\">\n                <span>Alle Ergebnisse angezeigt<\/span>\n            <\/div>\n        <\/div>\n                \n    \n    <div class=\"tsc-loader\" style=\"display:none;\">\n        <div class=\"tsc-spinner\"><\/div>\n    <\/div>\n<\/div>\n\n","protected":false},"excerpt":{"rendered":"<p>Ob bodenst\u00e4ndige oder Gourmetk\u00fcche, Feinschmecker und Liebhaber heimischer Produkte, kehren Sie in eines unserer Restaurants ein, sie sind der ideale Ort, um die Gastronomie und Spezialit\u00e4ten unserer Region zu entdecken.Um den Aspres in vollen Z\u00fcgen zu genie\u00dfen, besuchen Sie eines unserer Restaurants. Treffen Sie Ihre Wahl und genie\u00dfen Sie !<\/p>\n","protected":false},"author":2,"featured_media":30093,"parent":0,"menu_order":0,"comment_status":"closed","ping_status":"closed","template":"","meta":{"_acf_changed":false,"_et_pb_use_builder":"","_et_pb_old_content":"","_et_gb_content_width":"","footnotes":""},"class_list":["post-24732","page","type-page","status-publish","has-post-thumbnail","hentry"],"acf":[],"yoast_head":"<!-- This site is optimized with the Yoast SEO plugin v27.5 - https:\/\/yoast.com\/product\/yoast-seo-wordpress\/ -->\n<title>Wiederherstellung - Office de Tourisme Aspres-Thuir<\/title>\n<meta name=\"robots\" content=\"index, follow, max-snippet:-1, max-image-preview:large, max-video-preview:-1\" \/>\n<link rel=\"canonical\" href=\"https:\/\/aspres-thuir.com\/de\/wiederherstellung\/\" \/>\n<meta property=\"og:locale\" content=\"de_DE\" \/>\n<meta property=\"og:type\" content=\"article\" \/>\n<meta property=\"og:title\" content=\"Wiederherstellung - Office de Tourisme Aspres-Thuir\" \/>\n<meta property=\"og:description\" content=\"Ob bodenst\u00e4ndige oder Gourmetk\u00fcche, Feinschmecker und Liebhaber heimischer Produkte, kehren Sie in eines unserer Restaurants ein, sie sind der ideale Ort, um die Gastronomie und Spezialit\u00e4ten unserer Region zu entdecken.Um den Aspres in vollen Z\u00fcgen zu genie\u00dfen, besuchen Sie eines unserer Restaurants. Treffen Sie Ihre Wahl und genie\u00dfen Sie !\" \/>\n<meta property=\"og:site_name\" content=\"Office de Tourisme Aspres-Thuir\" \/>\n<meta property=\"article:modified_time\" content=\"2026-03-19T12:13:24+00:00\" \/>\n<meta property=\"og:image\" content=\"https:\/\/aspres-thuir.com\/wp-content\/uploads\/2022\/02\/ali-inay-y3aP9oo9Pjc-unsplash-scaled-e1645454707936.jpg\" \/>\n\t<meta property=\"og:image:width\" content=\"2880\" \/>\n\t<meta property=\"og:image:height\" content=\"1620\" \/>\n\t<meta property=\"og:image:type\" content=\"image\/jpeg\" \/>\n<meta name=\"twitter:card\" content=\"summary_large_image\" \/>\n<meta name=\"twitter:label1\" content=\"Est. reading time\" \/>\n\t<meta name=\"twitter:data1\" content=\"1 minute\" \/>\n<script type=\"application\/ld+json\" class=\"yoast-schema-graph\">{\"@context\":\"https:\\\/\\\/schema.org\",\"@graph\":[{\"@type\":\"WebPage\",\"@id\":\"https:\\\/\\\/aspres-thuir.com\\\/de\\\/wiederherstellung\\\/\",\"url\":\"https:\\\/\\\/aspres-thuir.com\\\/de\\\/wiederherstellung\\\/\",\"name\":\"Wiederherstellung - Office de Tourisme Aspres-Thuir\",\"isPartOf\":{\"@id\":\"https:\\\/\\\/aspres-thuir.com\\\/de\\\/#website\"},\"primaryImageOfPage\":{\"@id\":\"https:\\\/\\\/aspres-thuir.com\\\/de\\\/wiederherstellung\\\/#primaryimage\"},\"image\":{\"@id\":\"https:\\\/\\\/aspres-thuir.com\\\/de\\\/wiederherstellung\\\/#primaryimage\"},\"thumbnailUrl\":\"https:\\\/\\\/aspres-thuir.com\\\/wp-content\\\/uploads\\\/2022\\\/02\\\/ali-inay-y3aP9oo9Pjc-unsplash-scaled-e1645454707936.jpg\",\"datePublished\":\"2021-07-05T13:53:23+00:00\",\"dateModified\":\"2026-03-19T12:13:24+00:00\",\"breadcrumb\":{\"@id\":\"https:\\\/\\\/aspres-thuir.com\\\/de\\\/wiederherstellung\\\/#breadcrumb\"},\"inLanguage\":\"de-DE\",\"potentialAction\":[{\"@type\":\"ReadAction\",\"target\":[\"https:\\\/\\\/aspres-thuir.com\\\/de\\\/wiederherstellung\\\/\"]}]},{\"@type\":\"ImageObject\",\"inLanguage\":\"de-DE\",\"@id\":\"https:\\\/\\\/aspres-thuir.com\\\/de\\\/wiederherstellung\\\/#primaryimage\",\"url\":\"https:\\\/\\\/aspres-thuir.com\\\/wp-content\\\/uploads\\\/2022\\\/02\\\/ali-inay-y3aP9oo9Pjc-unsplash-scaled-e1645454707936.jpg\",\"contentUrl\":\"https:\\\/\\\/aspres-thuir.com\\\/wp-content\\\/uploads\\\/2022\\\/02\\\/ali-inay-y3aP9oo9Pjc-unsplash-scaled-e1645454707936.jpg\",\"width\":2880,\"height\":1620},{\"@type\":\"BreadcrumbList\",\"@id\":\"https:\\\/\\\/aspres-thuir.com\\\/de\\\/wiederherstellung\\\/#breadcrumb\",\"itemListElement\":[{\"@type\":\"ListItem\",\"position\":1,\"name\":\"\",\"item\":\"https:\\\/\\\/aspres-thuir.com\\\/de\\\/\"},{\"@type\":\"ListItem\",\"position\":2,\"name\":\"Wiederherstellung\"}]},{\"@type\":\"WebSite\",\"@id\":\"https:\\\/\\\/aspres-thuir.com\\\/de\\\/#website\",\"url\":\"https:\\\/\\\/aspres-thuir.com\\\/de\\\/\",\"name\":\"Office de Tourisme Aspres-Thuir\",\"description\":\"\",\"potentialAction\":[{\"@type\":\"SearchAction\",\"target\":{\"@type\":\"EntryPoint\",\"urlTemplate\":\"https:\\\/\\\/aspres-thuir.com\\\/de\\\/?s={search_term_string}\"},\"query-input\":{\"@type\":\"PropertyValueSpecification\",\"valueRequired\":true,\"valueName\":\"search_term_string\"}}],\"inLanguage\":\"de-DE\"}]}<\/script>\n<!-- \/ Yoast SEO plugin. -->","yoast_head_json":{"title":"Wiederherstellung - Office de Tourisme Aspres-Thuir","robots":{"index":"index","follow":"follow","max-snippet":"max-snippet:-1","max-image-preview":"max-image-preview:large","max-video-preview":"max-video-preview:-1"},"canonical":"https:\/\/aspres-thuir.com\/de\/wiederherstellung\/","og_locale":"de_DE","og_type":"article","og_title":"Wiederherstellung - Office de Tourisme Aspres-Thuir","og_description":"Ob bodenst\u00e4ndige oder Gourmetk\u00fcche, Feinschmecker und Liebhaber heimischer Produkte, kehren Sie in eines unserer Restaurants ein, sie sind der ideale Ort, um die Gastronomie und Spezialit\u00e4ten unserer Region zu entdecken.Um den Aspres in vollen Z\u00fcgen zu genie\u00dfen, besuchen Sie eines unserer Restaurants. Treffen Sie Ihre Wahl und genie\u00dfen Sie !","og_site_name":"Office de Tourisme Aspres-Thuir","article_modified_time":"2026-03-19T12:13:24+00:00","og_image":[{"width":2880,"height":1620,"url":"https:\/\/aspres-thuir.com\/wp-content\/uploads\/2022\/02\/ali-inay-y3aP9oo9Pjc-unsplash-scaled-e1645454707936.jpg","type":"image\/jpeg"}],"twitter_card":"summary_large_image","twitter_misc":{"Est. reading time":"1 minute"},"schema":{"@context":"https:\/\/schema.org","@graph":[{"@type":"WebPage","@id":"https:\/\/aspres-thuir.com\/de\/wiederherstellung\/","url":"https:\/\/aspres-thuir.com\/de\/wiederherstellung\/","name":"Wiederherstellung - Office de Tourisme Aspres-Thuir","isPartOf":{"@id":"https:\/\/aspres-thuir.com\/de\/#website"},"primaryImageOfPage":{"@id":"https:\/\/aspres-thuir.com\/de\/wiederherstellung\/#primaryimage"},"image":{"@id":"https:\/\/aspres-thuir.com\/de\/wiederherstellung\/#primaryimage"},"thumbnailUrl":"https:\/\/aspres-thuir.com\/wp-content\/uploads\/2022\/02\/ali-inay-y3aP9oo9Pjc-unsplash-scaled-e1645454707936.jpg","datePublished":"2021-07-05T13:53:23+00:00","dateModified":"2026-03-19T12:13:24+00:00","breadcrumb":{"@id":"https:\/\/aspres-thuir.com\/de\/wiederherstellung\/#breadcrumb"},"inLanguage":"de-DE","potentialAction":[{"@type":"ReadAction","target":["https:\/\/aspres-thuir.com\/de\/wiederherstellung\/"]}]},{"@type":"ImageObject","inLanguage":"de-DE","@id":"https:\/\/aspres-thuir.com\/de\/wiederherstellung\/#primaryimage","url":"https:\/\/aspres-thuir.com\/wp-content\/uploads\/2022\/02\/ali-inay-y3aP9oo9Pjc-unsplash-scaled-e1645454707936.jpg","contentUrl":"https:\/\/aspres-thuir.com\/wp-content\/uploads\/2022\/02\/ali-inay-y3aP9oo9Pjc-unsplash-scaled-e1645454707936.jpg","width":2880,"height":1620},{"@type":"BreadcrumbList","@id":"https:\/\/aspres-thuir.com\/de\/wiederherstellung\/#breadcrumb","itemListElement":[{"@type":"ListItem","position":1,"name":"","item":"https:\/\/aspres-thuir.com\/de\/"},{"@type":"ListItem","position":2,"name":"Wiederherstellung"}]},{"@type":"WebSite","@id":"https:\/\/aspres-thuir.com\/de\/#website","url":"https:\/\/aspres-thuir.com\/de\/","name":"Office de Tourisme Aspres-Thuir","description":"","potentialAction":[{"@type":"SearchAction","target":{"@type":"EntryPoint","urlTemplate":"https:\/\/aspres-thuir.com\/de\/?s={search_term_string}"},"query-input":{"@type":"PropertyValueSpecification","valueRequired":true,"valueName":"search_term_string"}}],"inLanguage":"de-DE"}]}},"_links":{"self":[{"href":"https:\/\/aspres-thuir.com\/de\/wp-json\/wp\/v2\/pages\/24732","targetHints":{"allow":["GET"]}}],"collection":[{"href":"https:\/\/aspres-thuir.com\/de\/wp-json\/wp\/v2\/pages"}],"about":[{"href":"https:\/\/aspres-thuir.com\/de\/wp-json\/wp\/v2\/types\/page"}],"author":[{"embeddable":true,"href":"https:\/\/aspres-thuir.com\/de\/wp-json\/wp\/v2\/users\/2"}],"replies":[{"embeddable":true,"href":"https:\/\/aspres-thuir.com\/de\/wp-json\/wp\/v2\/comments?post=24732"}],"version-history":[{"count":0,"href":"https:\/\/aspres-thuir.com\/de\/wp-json\/wp\/v2\/pages\/24732\/revisions"}],"wp:featuredmedia":[{"embeddable":true,"href":"https:\/\/aspres-thuir.com\/de\/wp-json\/wp\/v2\/media\/30093"}],"wp:attachment":[{"href":"https:\/\/aspres-thuir.com\/de\/wp-json\/wp\/v2\/media?parent=24732"}],"curies":[{"name":"wp","href":"https:\/\/api.w.org\/{rel}","templated":true}]}}