{"id":41108,"date":"2022-05-05T16:36:13","date_gmt":"2022-05-05T15:36:13","guid":{"rendered":"https:\/\/aspres-thuir.com\/les-marches\/"},"modified":"2023-01-05T17:28:15","modified_gmt":"2023-01-05T16:28:15","slug":"maerkte","status":"publish","type":"page","link":"https:\/\/aspres-thuir.com\/de\/maerkte\/","title":{"rendered":"M\u00e4rkte"},"content":{"rendered":"<p>Sie finden die Markttage der verschiedenen Gemeinden von Aspres.<\/p>\n\n\n<div class=\"wp-block-divi-layout\">[et_pb_section fb_built=&#8221;1&#8243; admin_label=&#8221;section&#8221; _builder_version=&#8221;4.16&#8243; global_colors_info=&#8221;{}&#8221;][et_pb_row column_structure=&#8221;1_2,1_2&#8243; admin_label=&#8221;row&#8221; _builder_version=&#8221;4.16&#8243; background_size=&#8221;initial&#8221; background_position=&#8221;top_left&#8221; background_repeat=&#8221;repeat&#8221; global_colors_info=&#8221;{}&#8221;][et_pb_column type=&#8221;1_2&#8243; _builder_version=&#8221;4.17.3&#8243; _module_preset=&#8221;default&#8221; global_colors_info=&#8221;{}&#8221;][et_pb_image src=&#8221;https:\/\/aspres-thuir.com\/wp-content\/uploads\/2022\/05\/thuir.jpg&#8221; title_text=&#8221;thuir&#8221; _builder_version=&#8221;4.17.3&#8243; _module_preset=&#8221;default&#8221; border_radii=&#8221;on|12px|12px|12px|12px&#8221; box_shadow_style=&#8221;preset2&#8243; global_colors_info=&#8221;{}&#8221;][\/et_pb_image][et_pb_image src=&#8221;https:\/\/aspres-thuir.com\/wp-content\/uploads\/2022\/05\/image.jpg&#8221; title_text=&#8221;March\u00e9Thuir&#8221; _builder_version=&#8221;4.17.3&#8243; _module_preset=&#8221;default&#8221; border_radii=&#8221;on|12px|12px|12px|12px&#8221; box_shadow_style=&#8221;preset2&#8243; global_colors_info=&#8221;{}&#8221;][\/et_pb_image][et_pb_image src=&#8221;https:\/\/aspres-thuir.com\/wp-content\/uploads\/2022\/05\/image-1.jpg&#8221; title_text=&#8221;image (1)&#8221; _builder_version=&#8221;4.17.3&#8243; _module_preset=&#8221;default&#8221; border_radii=&#8221;on|12px|12px|12px|12px&#8221; box_shadow_style=&#8221;preset2&#8243; global_colors_info=&#8221;{}&#8221;][\/et_pb_image][et_pb_image src=&#8221;https:\/\/aspres-thuir.com\/wp-content\/uploads\/2022\/05\/image-2.jpg&#8221; title_text=&#8221;image (2)&#8221; _builder_version=&#8221;4.17.3&#8243; _module_preset=&#8221;default&#8221; border_radii=&#8221;on|12px|12px|12px|12px&#8221; box_shadow_style=&#8221;preset2&#8243; global_colors_info=&#8221;{}&#8221;][\/et_pb_image][\/et_pb_column][et_pb_column type=&#8221;1_2&#8243; _builder_version=&#8221;4.17.3&#8243; _module_preset=&#8221;default&#8221; global_colors_info=&#8221;{}&#8221;][et_pb_text _builder_version=&#8221;4.19.3&#8243; _module_preset=&#8221;default&#8221; hover_enabled=&#8221;0&#8243; global_colors_info=&#8221;{}&#8221; sticky_enabled=&#8221;0&#8243;]<h1>M\u00e4rkte von Thuir<\/h1>\n<h3>Markt<\/h3>\n<p>THUIR ist eine Stadt der M\u00e4rkte.<\/p>\n<p>Jeden Samstagmorgen veranstalten der Place de la R\u00e9publique und die angrenzenden Stra\u00dfen den traditionellen Markt, die Stra\u00dfen erwachen zum Leben und werden von vielen bunten St\u00e4nden besetzt.<\/p>\n<p>Dort finden Sie alles: Obst, Gem\u00fcse, Fleisch, Fisch, Schalentiere, K\u00e4se, Kleidung, Schmuck, B\u00fccher, Dekorationen \u2026 sowie eine gro\u00dfe Anzahl lokaler Produzenten und Handwerker.<\/p>\n<p>&nbsp;<\/p>\n<h3>Der Fr\u00fchlings-Gourmetmarkt<\/h3>\n<p>Am 1. Sonntag im Mai empfangen Sie rund sechzig lokale Produzenten und Handwerker und bieten Weine, K\u00e4se, Honig, Fett&#8230; Schmuck, T\u00f6pferwaren&#8230;<\/p>\n<p>&nbsp;<\/p>\n<h3>Fett fair<\/h3>\n<p>Anfang Dezember erm\u00f6glicht Ihnen die Foire au gras, Ihren Weihnachtsmarkt mit den Bauern des Departements zu machen.<\/p>\n<p>Sie finden Ente in all ihren Formen: G\u00e4nseleber, Entenbrust, Keulen, Confits, Terrinen, Fertiggerichte usw.<\/p>\n<p>Aber auch Gefl\u00fcgel, H\u00fchner, Perlh\u00fchner, Strau\u00dfe, Kapaune&#8230;<\/p>\n<p>Und mehr: Honig, Lebkuchen, Marmelade, Mandeln, Obst, Ros\u00e9e des Pyr\u00e9n\u00e9es Kalbfleisch, Schnecken, Schweine, Wurstwaren, Fruchts\u00e4fte, Sirupe, K\u00e4se von K\u00fchen, Ziegen und Schafen, Oliven\u00f6l, Weine, Austern, Chips, Senf \u2026<\/p>\n<p>&nbsp;<\/p>\n<p><strong>Adresse :<\/strong><\/p>\n<p><span>Boulevard L\u00e9on Jean Gr\u00e9gory<\/span><br \/><span>66300 &#8211; Thuir<\/span><\/p>\n<p>&nbsp;<\/p>[\/et_pb_text][\/et_pb_column][\/et_pb_row][et_pb_row _builder_version=&#8221;4.17.4&#8243; _module_preset=&#8221;default&#8221; global_colors_info=&#8221;{}&#8221;][et_pb_column type=&#8221;4_4&#8243; _builder_version=&#8221;4.17.4&#8243; _module_preset=&#8221;default&#8221; global_colors_info=&#8221;{}&#8221;][\/et_pb_column][\/et_pb_row][et_pb_row column_structure=&#8221;1_2,1_2&#8243; admin_label=&#8221;row&#8221; _builder_version=&#8221;4.17.3&#8243; background_size=&#8221;initial&#8221; background_position=&#8221;top_left&#8221; background_repeat=&#8221;repeat&#8221; global_colors_info=&#8221;{}&#8221;][et_pb_column type=&#8221;1_2&#8243; _builder_version=&#8221;4.17.3&#8243; _module_preset=&#8221;default&#8221; global_colors_info=&#8221;{}&#8221;][et_pb_text _builder_version=&#8221;4.19.3&#8243; _module_preset=&#8221;default&#8221; hover_enabled=&#8221;0&#8243; global_colors_info=&#8221;{}&#8221; sticky_enabled=&#8221;0&#8243;]<h1>M\u00e4rkte von Castelnou<\/h1>\n<h3>Kleiner Markt der Bauern und Handwerker<\/h3>\n<p>In kleinen Holzh\u00fctten voller Charme bieten Ihnen die Produzenten selbst all ihre hervorragenden Produkte von hier an: Bio-Oliven\u00f6le, Schnecken, Fruchts\u00e4fte, &#8220;Rousquilles&#8221; und katalanische Kekse, Bio-Brot, Marmeladen, Obst und Bio-Gem\u00fcse, Honig und Lebkuchen , Safran, Bio-Roussillon-Weine, nat\u00fcrliche Bio-S\u00fc\u00dfweine, Ziegenk\u00e4se, Terrinen und Entenstopfleber\u2026 aber auch Kunsthandwerk mit Schmuck, Leder\u2026<\/p>\n<p><strong>Datum :<\/strong> Dienstags von Juli bis Mitte September<\/p>\n<p>&nbsp;<\/p>\n<h3>B\u00f6ser Markt<\/h3>\n<p><strong>Datum :<\/strong> Mitte Februar<\/p>\n<p>&nbsp;<\/p>\n<h3>Zen-Markt<\/h3>\n<p><strong>Datum :<\/strong> April<\/p>\n<p>&nbsp;<\/p>\n<h3>Bauernmarkt f\u00fcr Geschmack<\/h3>\n<p>Kommen Sie und verbringen Sie w\u00e4hrend des March\u00e9 du Go\u00fbt Fermier einen au\u00dfergew\u00f6hnlichen Tag mit lokalen Produzenten und Handwerkern!<\/p>\n<p>Spazierg\u00e4nge im mittelalterlichen Dorf, um seine Handwerker und viele Entdeckungen zu treffen. Ab 9 Uhr: Er\u00f6ffnung des Marktes, rund drei\u00dfig lokale Bauern und Handwerker bieten Ihnen das Beste aus ihrem Land: Obst und Gem\u00fcse der Saison, Marmeladen, Fruchts\u00e4fte, Oliven und Oliven\u00f6le, Ententerrinen, Schnecken, K\u00e4se, Honig und andere S\u00fc\u00dfigkeiten, Brote, Weine und nat\u00fcrliche S\u00fc\u00dfweine.<\/p>\n<p>Aber auch T\u00f6pferwaren, Korbwaren, Schmuck, Lederwaren&#8230; Dann Swing-Musik und franz\u00f6sische Lieder mit der Gruppe &#8220;Swing Sam Soul&#8221;.<\/p>\n<p>Und auch die Pr\u00e4senz des sensiblen Clown Tango, der den Markt beleben wird, indem er Naivit\u00e4t, Z\u00e4rtlichkeit und Humor mischt.<\/p>\n<p><strong>Datum :<\/strong> Oktober<\/p>\n<p>&nbsp;<\/p>\n<h3>Weihnachtsmarkt f\u00fcr Produzenten und Kunsthandwerker<\/h3>\n<p>Jedes Jahr im Dezember findet am Fu\u00dfe der Kirche ein Markt der Bauern und lokalen Handwerker statt, die Ihnen anl\u00e4sslich der Feierlichkeiten zum Jahresende anbieten: festliche landwirtschaftliche Produkte, Kunsthandwerk f\u00fcr Ihre Geschenke, Gl\u00fchwein mit Gew\u00fcrzen und anderes charakteristische Produkte unserer Region. Musikalische Atmosph\u00e4re. Im Dorf: Spazierg\u00e4nge im mittelalterlichen Dorf, Kunsthandwerksl\u00e4den und Restaurants im Dorf.<\/p>\n<p><strong>Datum :<\/strong> Anfang Dezember<\/p>\n<p>&nbsp;<\/p>\n<p><strong>Adresse :<\/strong><\/p>\n<p>Au pied de l&#8217;\u00e9glise<\/p>\n<p>66300 &#8211; Castelnou<\/p>[\/et_pb_text][\/et_pb_column][et_pb_column type=&#8221;1_2&#8243; _builder_version=&#8221;4.17.3&#8243; _module_preset=&#8221;default&#8221; global_colors_info=&#8221;{}&#8221;][et_pb_image src=&#8221;https:\/\/aspres-thuir.com\/wp-content\/uploads\/2022\/05\/Castelnou.jpg&#8221; title_text=&#8221;Castelnou&#8221; _builder_version=&#8221;4.17.3&#8243; _module_preset=&#8221;default&#8221; border_radii=&#8221;on|12px|12px|12px|12px&#8221; box_shadow_style=&#8221;preset2&#8243; global_colors_info=&#8221;{}&#8221;][\/et_pb_image][et_pb_image src=&#8221;https:\/\/aspres-thuir.com\/wp-content\/uploads\/2022\/04\/20180724-122039-scaled.jpg&#8221; title_text=&#8221;20180724-122039&#8243; _builder_version=&#8221;4.17.3&#8243; _module_preset=&#8221;default&#8221; border_radii=&#8221;on|12px|12px|12px|12px&#8221; box_shadow_style=&#8221;preset2&#8243; global_colors_info=&#8221;{}&#8221;][\/et_pb_image][et_pb_image src=&#8221;https:\/\/aspres-thuir.com\/wp-content\/uploads\/2022\/05\/Capture.png&#8221; title_text=&#8221;Capture&#8221; _builder_version=&#8221;4.17.3&#8243; _module_preset=&#8221;default&#8221; border_radii=&#8221;on|12px|12px|12px|12px&#8221; box_shadow_style=&#8221;preset2&#8243; global_colors_info=&#8221;{}&#8221;][\/et_pb_image][et_pb_image src=&#8221;https:\/\/aspres-thuir.com\/wp-content\/uploads\/2022\/05\/Capture.PNG-2.png&#8221; title_text=&#8221;Capture.PNG 2&#8243; _builder_version=&#8221;4.17.3&#8243; _module_preset=&#8221;default&#8221; border_radii=&#8221;on|12px|12px|12px|12px&#8221; box_shadow_style=&#8221;preset2&#8243; global_colors_info=&#8221;{}&#8221;][\/et_pb_image][\/et_pb_column][\/et_pb_row][et_pb_row _builder_version=&#8221;4.17.4&#8243; _module_preset=&#8221;default&#8221; global_colors_info=&#8221;{}&#8221;][et_pb_column type=&#8221;4_4&#8243; _builder_version=&#8221;4.17.4&#8243; _module_preset=&#8221;default&#8221; global_colors_info=&#8221;{}&#8221;][\/et_pb_column][\/et_pb_row][et_pb_row column_structure=&#8221;1_2,1_2&#8243; admin_label=&#8221;row&#8221; _builder_version=&#8221;4.16&#8243; background_size=&#8221;initial&#8221; background_position=&#8221;top_left&#8221; background_repeat=&#8221;repeat&#8221; global_colors_info=&#8221;{}&#8221;][et_pb_column type=&#8221;1_2&#8243; _builder_version=&#8221;4.17.3&#8243; _module_preset=&#8221;default&#8221; global_colors_info=&#8221;{}&#8221;][et_pb_image src=&#8221;https:\/\/aspres-thuir.com\/wp-content\/uploads\/2022\/05\/marche-tresserre-30.jpg&#8221; title_text=&#8221;oznorCOQR_vivi&#8221; _builder_version=&#8221;4.17.3&#8243; _module_preset=&#8221;default&#8221; border_radii=&#8221;on|12px|12px|12px|12px&#8221; box_shadow_style=&#8221;preset2&#8243; global_colors_info=&#8221;{}&#8221;][\/et_pb_image][\/et_pb_column][et_pb_column type=&#8221;1_2&#8243; _builder_version=&#8221;4.17.3&#8243; _module_preset=&#8221;default&#8221; global_colors_info=&#8221;{}&#8221;][et_pb_text _builder_version=&#8221;4.17.4&#8243; _module_preset=&#8221;default&#8221; global_colors_info=&#8221;{}&#8221;]<h1>M\u00e4rkte von Tresserre<\/h1>\n<h3>Markt<\/h3>\n<p>Der Markt findet jeden Freitagmorgen von 7h30 bis 12h00 Uhr im Espace des Oliviers statt.<\/p>\n<p>Bei starkem Regen oder starken Windb\u00f6en wird es unter den \u00fcblichen Platz im Innenhof der Cave aux Contes verlegt.<\/p>\n<p style=\"text-align: justify;\"><\/p>\n<h3 style=\"text-align: justify;\">Nachtm\u00e4rkte<\/h3>\n<p>Die Nachtm\u00e4rkte von Tresserre sind diesen Sommer zur\u00fcck!<\/p>\n<p>Eine sommerliche und festliche Atmosph\u00e4re. Hier finden Sie musikalische Unterhaltung, Kunsthandwerk und Gastronomie.<\/p>\n<p>Jeden Mittwoch, ab 6. Juli von 19h bis 00h.<\/p>\n<p>&nbsp;<\/p>\n<p><strong>Adresse :\u00a0<\/strong><\/p>\n<p>Place des Oliviers<\/p>\n<p>66300 &#8211; Tresserre<\/p>\n<p>&nbsp;<\/p>[\/et_pb_text][\/et_pb_column][\/et_pb_row][et_pb_row _builder_version=&#8221;4.17.4&#8243; _module_preset=&#8221;default&#8221; global_colors_info=&#8221;{}&#8221;][et_pb_column type=&#8221;4_4&#8243; _builder_version=&#8221;4.17.4&#8243; _module_preset=&#8221;default&#8221; global_colors_info=&#8221;{}&#8221;][\/et_pb_column][\/et_pb_row][et_pb_row column_structure=&#8221;1_2,1_2&#8243; admin_label=&#8221;row&#8221; _builder_version=&#8221;4.17.3&#8243; background_size=&#8221;initial&#8221; background_position=&#8221;top_left&#8221; background_repeat=&#8221;repeat&#8221; global_colors_info=&#8221;{}&#8221;][et_pb_column type=&#8221;1_2&#8243; _builder_version=&#8221;4.17.3&#8243; _module_preset=&#8221;default&#8221; global_colors_info=&#8221;{}&#8221;][et_pb_text _builder_version=&#8221;4.19.3&#8243; _module_preset=&#8221;default&#8221; hover_enabled=&#8221;0&#8243; global_colors_info=&#8221;{}&#8221; sticky_enabled=&#8221;0&#8243;]<h1>M\u00e4rkte von Brouilla<\/h1>\n<p>Dieser Markt findet das ganze Jahr \u00fcber dienstags und donnerstags von 8h bis 13h statt.<\/p>\n<p>Die \u00d6ffnungszeiten k\u00f6nnen je nach Wetter und Jahreszeit variieren.<\/p>\n<p>&nbsp;<\/p>\n<p><strong>Adresse :\u00a0<\/strong><\/p>\n<p>Innenstadt<\/p>\n<p>66620 &#8211; Brouilla<\/p>\n<p>&nbsp;<\/p>\n<p>&nbsp;<\/p>[\/et_pb_text][\/et_pb_column][et_pb_column type=&#8221;1_2&#8243; _builder_version=&#8221;4.17.3&#8243; _module_preset=&#8221;default&#8221; global_colors_info=&#8221;{}&#8221;][et_pb_image src=&#8221;https:\/\/aspres-thuir.com\/wp-content\/uploads\/2022\/05\/peter-wendt-r5KSMkyoSc-unsplash-3.jpg&#8221; title_text=&#8221;peter-wendt&#8211;r5KSMkyoSc-unsplash&#8221; _builder_version=&#8221;4.17.3&#8243; _module_preset=&#8221;default&#8221; border_radii=&#8221;on|12px|12px|12px|12px&#8221; box_shadow_style=&#8221;preset2&#8243; global_colors_info=&#8221;{}&#8221;][\/et_pb_image][\/et_pb_column][\/et_pb_row][et_pb_row _builder_version=&#8221;4.17.4&#8243; _module_preset=&#8221;default&#8221; global_colors_info=&#8221;{}&#8221;][et_pb_column type=&#8221;4_4&#8243; _builder_version=&#8221;4.17.4&#8243; _module_preset=&#8221;default&#8221; global_colors_info=&#8221;{}&#8221;][\/et_pb_column][\/et_pb_row][et_pb_row column_structure=&#8221;1_2,1_2&#8243; admin_label=&#8221;row&#8221; _builder_version=&#8221;4.16&#8243; background_size=&#8221;initial&#8221; background_position=&#8221;top_left&#8221; background_repeat=&#8221;repeat&#8221; global_colors_info=&#8221;{}&#8221;][et_pb_column type=&#8221;1_2&#8243; _builder_version=&#8221;4.17.3&#8243; _module_preset=&#8221;default&#8221; global_colors_info=&#8221;{}&#8221;][et_pb_image src=&#8221;https:\/\/aspres-thuir.com\/wp-content\/uploads\/2022\/05\/Marche\u0301PV\u00a9Cyril-TRICOT-692&#215;376-1.jpg&#8221; title_text=&#8221;Marche\u0301PV\u00a9Cyril-TRICOT-692&#215;376&#8243; _builder_version=&#8221;4.17.3&#8243; _module_preset=&#8221;default&#8221; border_radii=&#8221;on|12px|12px|12px|12px&#8221; box_shadow_style=&#8221;preset2&#8243; global_colors_info=&#8221;{}&#8221;][\/et_pb_image][\/et_pb_column][et_pb_column type=&#8221;1_2&#8243; _builder_version=&#8221;4.17.3&#8243; _module_preset=&#8221;default&#8221; global_colors_info=&#8221;{}&#8221;][et_pb_text _builder_version=&#8221;4.19.3&#8243; _module_preset=&#8221;default&#8221; hover_enabled=&#8221;0&#8243; global_colors_info=&#8221;{}&#8221; sticky_enabled=&#8221;0&#8243;]<h1>M\u00e4rkte von Trouillas<\/h1>\n<h3>Markt<\/h3>\n<p>Dieser Markt findet ganzj\u00e4hrig dienstags, mittwochs und freitags von 8 bis 13 Uhr statt.<\/p>\n<p>&nbsp;<\/p>\n<p><strong>Adresse :<\/strong><\/p>\n<p>Innenstadt<\/p>\n<p>66300 &#8211; Trouillas<\/p>[\/et_pb_text][\/et_pb_column][\/et_pb_row][\/et_pb_section]<\/div>\n","protected":false},"excerpt":{"rendered":"<p>Sie finden die Markttage der verschiedenen Gemeinden von Aspres.<\/p>\n","protected":false},"author":5,"featured_media":34297,"parent":0,"menu_order":0,"comment_status":"closed","ping_status":"closed","template":"","meta":{"_acf_changed":false,"_et_pb_use_builder":"","_et_pb_old_content":"","_et_gb_content_width":"","footnotes":""},"class_list":["post-41108","page","type-page","status-publish","has-post-thumbnail","hentry"],"acf":[],"yoast_head":"<!-- This site is optimized with the Yoast SEO plugin v26.9 - https:\/\/yoast.com\/product\/yoast-seo-wordpress\/ -->\n<title>M\u00e4rkte - Office de Tourisme Aspres-Thuir<\/title>\n<meta name=\"robots\" content=\"index, follow, max-snippet:-1, max-image-preview:large, max-video-preview:-1\" \/>\n<link rel=\"canonical\" href=\"https:\/\/aspres-thuir.com\/de\/maerkte\/\" \/>\n<meta property=\"og:locale\" content=\"de_DE\" \/>\n<meta property=\"og:type\" content=\"article\" \/>\n<meta property=\"og:title\" content=\"M\u00e4rkte - Office de Tourisme Aspres-Thuir\" \/>\n<meta property=\"og:description\" content=\"Sie finden die Markttage der verschiedenen Gemeinden von Aspres.\" \/>\n<meta property=\"og:site_name\" content=\"Office de Tourisme Aspres-Thuir\" \/>\n<meta property=\"article:modified_time\" content=\"2023-01-05T16:28:15+00:00\" \/>\n<meta property=\"og:image\" content=\"https:\/\/aspres-thuir.com\/wp-content\/uploads\/2022\/05\/taoh-nichols-fzaxWVt1qHw-unsplash-1-scaled.jpg\" \/>\n\t<meta property=\"og:image:width\" content=\"2880\" \/>\n\t<meta property=\"og:image:height\" content=\"2160\" \/>\n\t<meta property=\"og:image:type\" content=\"image\/jpeg\" \/>\n<meta name=\"twitter:card\" content=\"summary_large_image\" \/>\n<meta name=\"twitter:label1\" content=\"Est. reading time\" \/>\n\t<meta name=\"twitter:data1\" content=\"4 minutes\" \/>\n<script type=\"application\/ld+json\" class=\"yoast-schema-graph\">{\"@context\":\"https:\/\/schema.org\",\"@graph\":[{\"@type\":\"WebPage\",\"@id\":\"https:\/\/aspres-thuir.com\/de\/maerkte\/\",\"url\":\"https:\/\/aspres-thuir.com\/de\/maerkte\/\",\"name\":\"M\u00e4rkte - Office de Tourisme Aspres-Thuir\",\"isPartOf\":{\"@id\":\"https:\/\/aspres-thuir.com\/de\/#website\"},\"primaryImageOfPage\":{\"@id\":\"https:\/\/aspres-thuir.com\/de\/maerkte\/#primaryimage\"},\"image\":{\"@id\":\"https:\/\/aspres-thuir.com\/de\/maerkte\/#primaryimage\"},\"thumbnailUrl\":\"https:\/\/aspres-thuir.com\/wp-content\/uploads\/2022\/05\/taoh-nichols-fzaxWVt1qHw-unsplash-1-scaled.jpg\",\"datePublished\":\"2022-05-05T15:36:13+00:00\",\"dateModified\":\"2023-01-05T16:28:15+00:00\",\"breadcrumb\":{\"@id\":\"https:\/\/aspres-thuir.com\/de\/maerkte\/#breadcrumb\"},\"inLanguage\":\"de-DE\",\"potentialAction\":[{\"@type\":\"ReadAction\",\"target\":[\"https:\/\/aspres-thuir.com\/de\/maerkte\/\"]}]},{\"@type\":\"ImageObject\",\"inLanguage\":\"de-DE\",\"@id\":\"https:\/\/aspres-thuir.com\/de\/maerkte\/#primaryimage\",\"url\":\"https:\/\/aspres-thuir.com\/wp-content\/uploads\/2022\/05\/taoh-nichols-fzaxWVt1qHw-unsplash-1-scaled.jpg\",\"contentUrl\":\"https:\/\/aspres-thuir.com\/wp-content\/uploads\/2022\/05\/taoh-nichols-fzaxWVt1qHw-unsplash-1-scaled.jpg\",\"width\":2880,\"height\":2160},{\"@type\":\"BreadcrumbList\",\"@id\":\"https:\/\/aspres-thuir.com\/de\/maerkte\/#breadcrumb\",\"itemListElement\":[{\"@type\":\"ListItem\",\"position\":1,\"name\":\"\",\"item\":\"https:\/\/aspres-thuir.com\/de\/\"},{\"@type\":\"ListItem\",\"position\":2,\"name\":\"M\u00e4rkte\"}]},{\"@type\":\"WebSite\",\"@id\":\"https:\/\/aspres-thuir.com\/de\/#website\",\"url\":\"https:\/\/aspres-thuir.com\/de\/\",\"name\":\"Office de Tourisme Aspres-Thuir\",\"description\":\"\",\"potentialAction\":[{\"@type\":\"SearchAction\",\"target\":{\"@type\":\"EntryPoint\",\"urlTemplate\":\"https:\/\/aspres-thuir.com\/de\/?s={search_term_string}\"},\"query-input\":{\"@type\":\"PropertyValueSpecification\",\"valueRequired\":true,\"valueName\":\"search_term_string\"}}],\"inLanguage\":\"de-DE\"}]}<\/script>\n<!-- \/ Yoast SEO plugin. -->","yoast_head_json":{"title":"M\u00e4rkte - Office de Tourisme Aspres-Thuir","robots":{"index":"index","follow":"follow","max-snippet":"max-snippet:-1","max-image-preview":"max-image-preview:large","max-video-preview":"max-video-preview:-1"},"canonical":"https:\/\/aspres-thuir.com\/de\/maerkte\/","og_locale":"de_DE","og_type":"article","og_title":"M\u00e4rkte - Office de Tourisme Aspres-Thuir","og_description":"Sie finden die Markttage der verschiedenen Gemeinden von Aspres.","og_site_name":"Office de Tourisme Aspres-Thuir","article_modified_time":"2023-01-05T16:28:15+00:00","og_image":[{"width":2880,"height":2160,"url":"https:\/\/aspres-thuir.com\/wp-content\/uploads\/2022\/05\/taoh-nichols-fzaxWVt1qHw-unsplash-1-scaled.jpg","type":"image\/jpeg"}],"twitter_card":"summary_large_image","twitter_misc":{"Est. reading time":"4 minutes"},"schema":{"@context":"https:\/\/schema.org","@graph":[{"@type":"WebPage","@id":"https:\/\/aspres-thuir.com\/de\/maerkte\/","url":"https:\/\/aspres-thuir.com\/de\/maerkte\/","name":"M\u00e4rkte - Office de Tourisme Aspres-Thuir","isPartOf":{"@id":"https:\/\/aspres-thuir.com\/de\/#website"},"primaryImageOfPage":{"@id":"https:\/\/aspres-thuir.com\/de\/maerkte\/#primaryimage"},"image":{"@id":"https:\/\/aspres-thuir.com\/de\/maerkte\/#primaryimage"},"thumbnailUrl":"https:\/\/aspres-thuir.com\/wp-content\/uploads\/2022\/05\/taoh-nichols-fzaxWVt1qHw-unsplash-1-scaled.jpg","datePublished":"2022-05-05T15:36:13+00:00","dateModified":"2023-01-05T16:28:15+00:00","breadcrumb":{"@id":"https:\/\/aspres-thuir.com\/de\/maerkte\/#breadcrumb"},"inLanguage":"de-DE","potentialAction":[{"@type":"ReadAction","target":["https:\/\/aspres-thuir.com\/de\/maerkte\/"]}]},{"@type":"ImageObject","inLanguage":"de-DE","@id":"https:\/\/aspres-thuir.com\/de\/maerkte\/#primaryimage","url":"https:\/\/aspres-thuir.com\/wp-content\/uploads\/2022\/05\/taoh-nichols-fzaxWVt1qHw-unsplash-1-scaled.jpg","contentUrl":"https:\/\/aspres-thuir.com\/wp-content\/uploads\/2022\/05\/taoh-nichols-fzaxWVt1qHw-unsplash-1-scaled.jpg","width":2880,"height":2160},{"@type":"BreadcrumbList","@id":"https:\/\/aspres-thuir.com\/de\/maerkte\/#breadcrumb","itemListElement":[{"@type":"ListItem","position":1,"name":"","item":"https:\/\/aspres-thuir.com\/de\/"},{"@type":"ListItem","position":2,"name":"M\u00e4rkte"}]},{"@type":"WebSite","@id":"https:\/\/aspres-thuir.com\/de\/#website","url":"https:\/\/aspres-thuir.com\/de\/","name":"Office de Tourisme Aspres-Thuir","description":"","potentialAction":[{"@type":"SearchAction","target":{"@type":"EntryPoint","urlTemplate":"https:\/\/aspres-thuir.com\/de\/?s={search_term_string}"},"query-input":{"@type":"PropertyValueSpecification","valueRequired":true,"valueName":"search_term_string"}}],"inLanguage":"de-DE"}]}},"_links":{"self":[{"href":"https:\/\/aspres-thuir.com\/de\/wp-json\/wp\/v2\/pages\/41108","targetHints":{"allow":["GET"]}}],"collection":[{"href":"https:\/\/aspres-thuir.com\/de\/wp-json\/wp\/v2\/pages"}],"about":[{"href":"https:\/\/aspres-thuir.com\/de\/wp-json\/wp\/v2\/types\/page"}],"author":[{"embeddable":true,"href":"https:\/\/aspres-thuir.com\/de\/wp-json\/wp\/v2\/users\/5"}],"replies":[{"embeddable":true,"href":"https:\/\/aspres-thuir.com\/de\/wp-json\/wp\/v2\/comments?post=41108"}],"version-history":[{"count":0,"href":"https:\/\/aspres-thuir.com\/de\/wp-json\/wp\/v2\/pages\/41108\/revisions"}],"wp:featuredmedia":[{"embeddable":true,"href":"https:\/\/aspres-thuir.com\/de\/wp-json\/wp\/v2\/media\/34297"}],"wp:attachment":[{"href":"https:\/\/aspres-thuir.com\/de\/wp-json\/wp\/v2\/media?parent=41108"}],"curies":[{"name":"wp","href":"https:\/\/api.w.org\/{rel}","templated":true}]}}