{"id":43592,"date":"2019-11-15T13:28:35","date_gmt":"2019-11-15T12:28:35","guid":{"rendered":"https:\/\/aspres-thuir.com\/privacy-policy\/"},"modified":"2023-01-05T17:26:13","modified_gmt":"2023-01-05T16:26:13","slug":"datenschutzrichtlinie","status":"publish","type":"page","link":"https:\/\/aspres-thuir.com\/de\/datenschutzrichtlinie\/","title":{"rendered":"Datenschutzrichtlinie"},"content":{"rendered":"<p>Die Datenschutz-Grundverordnung (DSGVO) ist seit Mai 2018 der europ\u00e4ische Rahmen f\u00fcr die Verarbeitung und Weitergabe personenbezogener Daten. Der Schutz personenbezogener Daten wird auch durch das Datenschutzgesetz Nr. 78-17 vom 6. Januar 1978 in der ge\u00e4nderten Fassung geregelt. Diese Richtlinie zum Schutz personenbezogener Daten informiert Sie dar\u00fcber, wie das Fremdenverkehrsb\u00fcro Aspres-Thuir Ihre personenbezogenen Daten gem\u00e4\u00df der DSGVO und dem Datenschutzgesetz verarbeitet.<\/p>\n<h2>AN WEN WERDEN IHRE PERSONENBEZOGENEN DATEN \u00dcBERMITTELT ?<\/h2>\n<p>Ihre personenbezogenen Daten werden vom Fremdenverkehrsamt Aspres-Thuir verarbeitet,<\/p>\n<p>Ihre personenbezogenen Daten werden nur Personen zug\u00e4nglich gemacht, die berechtigt sind, sie im Hinblick auf ihre Zuordnung zu kennen. Ihre personenbezogenen Daten werden an die Mitarbeiter des Fremdenverkehrsamtes von Aspres-Thuir, die f\u00fcr die Verwaltung der Website und die Verwaltung der Bestellungen zust\u00e4ndig sind, sowie an die vertraglich mit dem f\u00fcr die Datenverarbeitung Verantwortlichen verbundenen Subunternehmer, AttrapTemps, an die Aspres-Thuir Das Fremdenverkehrsamt nutzt Dienstleistungen f\u00fcr die unten genannten Zwecke, beispielsweise f\u00fcr die Verwaltung, Ausf\u00fchrung, Abwicklung, Zahlung und Logistik von Bestellungen sowie f\u00fcr das operative Marketing. Eine \u00dcbermittlung Ihrer Daten an unsere Gesch\u00e4ftspartner erfolgt nicht ohne Ihre vorherige Information und ohne Ihre vorherige Zustimmung.<\/p>\n<h2>WARUM M\u00dcSSEN WIR IHRE PERSONENBEZOGENEN DATEN VERARBEITEN?<\/h2>\n<p>Ihre personenbezogenen Daten werden vom Fremdenverkehrsamt Aspres-Thuir zu folgenden Zwecken verarbeitet :<\/p>\n<ul>\n<li>Verwalten Sie Bestellungen, Zahlungen und Lieferungen von Produkten, die auf der Website angeboten werden<\/li>\n<li>Sie legen Ihr Kundenkonto auf unserer Seite an<\/li>\n<li>Ihnen den Zugriff und die Nutzung unserer Website mit der bestm\u00f6glichen Erfahrung und qualitativ hochwertigem Online-Browsing zu erm\u00f6glichen<\/li>\n<li>Bearbeitung Ihrer Anfragen, Beschwerden oder Anfragen und Kontaktaufnahme mit Ihnen, um darauf zu antworten<\/li>\n<li>Bearbeiten Sie Ihre Anfragen f\u00fcr Rabattgutscheine, die f\u00fcr unsere Produkte g\u00fcltig sind und die wir f\u00fcr unsere Website zur Verf\u00fcgung stellen.<\/li>\n<li>Verwalten Sie die Beziehung zwischen Ihnen und dem Fremdenverkehrsamt von Aspres-Thuir: Bearbeiten Sie die Verwaltung Ihrer Bestellungen, Ihrer Teilnahme an unseren Wettbewerben, Verlosungen, Werbeaktivit\u00e4ten und anderen Anfragen<\/li>\n<li>Bereitstellung personalisierter Inhalte und Dienste auf der Grundlage Ihres Browserverlaufs, Ihrer Vorlieben und Interessengebiete<\/li>\n<li>Sie nach unseren Produkten zu fragen und Ihre Points of Interest und Verbraucherw\u00fcnsche besser zu identifizieren und zu messen, um unsere digitalen Plattformen (Website, soziale Netzwerke), unsere Kommunikationsmethoden zu verbessern und\/oder neue Produkte und Dienstleistungen zu entwickeln<\/li>\n<li>Entwicklung und Verbesserung unserer Produkte, Dienstleistungen, Kommunikationsmethoden und der Funktionalit\u00e4t unserer Websites, Dienstleistungen<\/li>\n<\/ul>\n<p>Das Fremdenverkehrsamt Aspres-Thuir stellt sicher, dass nur Daten erhoben und verarbeitet werden, die f\u00fcr den Zweck, f\u00fcr den sie verarbeitet werden, unbedingt erforderlich sind.<\/p>\n<p>Diese Verarbeitung hat Ihre Einwilligung als Rechtsgrundlage. Sie k\u00f6nnen Ihre Einwilligung gem\u00e4\u00df Ihrem unten beschriebenen Widerrufsrecht widerrufen.<\/p>\n<h2>WELCHE PERSONENBEZOGENEN DATEN WERDEN ERHOBEN ?<\/h2>\n<p>Wir erheben und verarbeiten insbesondere Name, Vorname, Adresse, E-Mail-Adresse, Passwort, Telefonnummer, IP-Adresse, Verbindungsdaten und Browsing-Daten, Bestellhistorie, Vorlieben und Interessengebiete, konsultierte Produkte, Liefervorf\u00e4lle, Reklamationen. Die Pflichtangaben der Daten werden Ihnen bei der Erhebung durch ein Sternchen gekennzeichnet.<\/p>\n<h2>WIE LANGE WERDEN IHRE DATEN AUFBEWAHRT ?<\/h2>\n<p>Die f\u00fcr die Auftragsverwaltung und Rechnungsstellung erforderlichen Daten werden f\u00fcr die Dauer der Gesch\u00e4ftsbeziehung und zehn (10) Jahre f\u00fcr Buchhaltungspflichten aufbewahrt.<\/p>\n<p>Die Daten, die die Identifizierung und Ausrichtung von Umfragen erm\u00f6glichen (E-Mail, Profil), werden bis zur Abmeldung aufbewahrt, danach werden sie dauerhaft gel\u00f6scht. Wenn Ihr Konto jedoch f\u00fcr einen Zeitraum von zwei (2) Jahren inaktiv ist, werden Sie vom Fremdenverkehrsamt Aspres-Thuir informiert, und wenn Sie nicht innerhalb der vom Fremdenverkehrsamt Aspres-Thuir mitgeteilten Frist reagieren, werden Ihre Daten gel\u00f6scht .<\/p>\n<p>Antworten auf Umfragen, die vom Fremdenverkehrsamt Aspres-Thuir durchgef\u00fchrt werden, werden f\u00fcr einen Zeitraum von 3 Jahren aufbewahrt, danach werden diese Daten gel\u00f6scht.<\/p>\n<p>Diese Aufbewahrungsfristen k\u00f6nnen jedoch verl\u00e4ngert oder verk\u00fcrzt werden, wenn :<\/p>\n<ul>\n<li>Sie \u00fcben unter den unten aufgef\u00fchrten Bedingungen eines der Ihnen zuerkannten Rechte aus;<\/li>\n<li>Eine l\u00e4ngere Aufbewahrungsfrist ist aufgrund einer gesetzlichen oder beh\u00f6rdlichen Bestimmung oder zur Wahrung unserer Rechte zul\u00e4ssig oder vorgeschrieben.<\/li>\n<\/ul>\n<p>Zahlungsmittelbezogene Daten werden vom Fremdenverkehrsamt Aspres-Thuir nicht gespeichert. Sie werden w\u00e4hrend der Transaktion erhoben und sofort nach Bezahlung des Kaufs gel\u00f6scht.<\/p>\n<h2>WELCHE RECHTE HABEN SIE ?<\/h2>\n<p>Du hast :<\/p>\n<ul>\n<li>Ein Zugangsrecht, das es Ihnen erm\u00f6glicht, Folgendes zu erhalten:\n<ul>\n<li>Best\u00e4tigung, dass Sie betreffende Daten verarbeitet werden oder nicht;<\/li>\n<li>Die \u00dcbermittlung einer Kopie aller personenbezogenen Daten, die im Besitz des f\u00fcr die Datenverarbeitung Verantwortlichen sind.<\/li>\n<\/ul>\n<\/li>\n<\/ul>\n<p>Dieses Recht betrifft alle Daten, die von Datenverantwortlichen verarbeitet werden k\u00f6nnen oder nicht.<\/p>\n<ul>\n<li>Ein Recht, die \u00dcbertragbarkeit bestimmter Daten zu verlangen: Es erm\u00f6glicht Ihnen, Ihre personenbezogenen Daten in einem strukturierten, g\u00e4ngigen und maschinenlesbaren Format abzurufen. Sie gilt nur f\u00fcr Daten, die aktiv bereitgestellt werden, beispielsweise durch das Ausf\u00fcllen eines Formulars, durch Beantworten einer Umfrage, und die automatisch verarbeitet werden.<\/li>\n<li>Ein Recht auf Widerruf der Einwilligung: Der Widerruf Ihrer Einwilligung zur Verarbeitung Ihrer personenbezogenen Daten, die Sie bei der Registrierung auf der Plattform erteilt haben, f\u00fchrt zu Ihrer sofortigen Abmeldung von der Plattform. Sie haben daher keinen Zugriff mehr auf die Plattform und alle Ihre personenbezogenen Daten werden unverz\u00fcglich gel\u00f6scht.<\/li>\n<li>Ein Recht auf Berichtigung: Es erm\u00f6glicht Ihnen, dass Sie betreffende Informationen korrigiert werden, wenn sie veraltet oder fehlerhaft sind.<\/li>\n<li>Es erm\u00f6glicht Ihnen auch, unvollst\u00e4ndige Informationen \u00fcber Sie zu vervollst\u00e4ndigen.<\/li>\n<li>Ein Recht auf L\u00f6schung: Es erm\u00f6glicht Ihnen, die L\u00f6schung Ihrer personenbezogenen Daten vorbehaltlich der gesetzlichen Aufbewahrungsfristen zu verlangen. Dies gilt insbesondere f\u00fcr den Fall, dass Ihre Daten f\u00fcr die Verarbeitung nicht mehr erforderlich sind.<\/li>\n<li>Im Falle einer rechtswidrigen Verwendung Ihrer Daten;<br \/>\nWenn Sie die Richtigkeit Ihrer Angaben bestreiten;<\/li>\n<li>Wenn es erforderlich ist, dass Sie \u00fcber die Daten verf\u00fcgen, um Ihre Rechte festzustellen, auszu\u00fcben oder zu verteidigen.<\/li>\n<li>Ein Einschr\u00e4nkungsrecht:<\/li>\n<li>Es erm\u00f6glicht Ihnen, die Verarbeitung Ihrer Daten in den folgenden F\u00e4llen einzuschr\u00e4nken:<\/li>\n<\/ul>\n<p>Sie sind dann nicht mehr Gegenstand einer aktiven Verarbeitung und d\u00fcrfen f\u00fcr die Dauer der Aus\u00fcbung dieses Rechts nicht ge\u00e4ndert werden.<\/p>\n<p>F\u00fcr weitere Einzelheiten zu Ihren Rechten k\u00f6nnen Sie sich an den Datenschutzbeauftragten wenden, dessen Kontaktdaten unten angegeben sind.<\/p>\n<p>Sie k\u00f6nnen Ihre Rechte unter folgender Adresse aus\u00fcben:<\/p>\n<ul>\n<li>Adresse des Fremdenverkehrsamtes von Aspres-Thuir<\/li>\n<\/ul>\n<p>Zur Unterst\u00fctzung Ihrer Anfrage werden Sie aufgefordert, Ihre Identit\u00e4t nachzuweisen.<\/p>\n<p>Sie k\u00f6nnen allgemeine Anweisungen mit einem vertrauensw\u00fcrdigen Dritten oder spezifische mit dem Datenverantwortlichen bez\u00fcglich der Speicherung, L\u00f6schung und \u00dcbermittlung Ihrer personenbezogenen Daten nach Ihrem Tod festlegen. Diese Weisungen k\u00f6nnen jederzeit ge\u00e4ndert oder widerrufen werden. Wir empfehlen Ihnen, sich an den Datenschutzbeauftragten zu wenden, dessen Kontaktdaten unten angegeben sind.<\/p>\n<p>Wenn Sie nach Kontaktaufnahme mit uns das Gef\u00fchl haben, dass Ihre Rechte zum Schutz personenbezogener Daten nicht respektiert werden, haben Sie die M\u00f6glichkeit, sich an die Commission Nationale de l&#8217;Informatique et Libert\u00e9s zu wenden. Die Kontaktdaten der CNIL sind unter folgender Adresse verf\u00fcgbar: <a href=\"https:\/\/cnil.fr\/\">https:\/\/cnil.fr\/<\/a><\/p>\n<h2>WIE KANN ICH DEN DATENSCHUTZBEAUFTRAGTEN KONTAKTIEREN ?<\/h2>\n<p>F\u00fcr weitere Informationen k\u00f6nnen Sie den Datenschutzbeauftragten unter der folgenden Adresse kontaktieren:<\/p>\n<ul>\n<li>Menschen im Fremdenverkehrsamt von Aspres-Thuir<\/li>\n<\/ul>\n<h2>SICHERHEIT IHRER DATEN<\/h2>\n<p>Das Fremdenverkehrsamt Aspres-Thuir ergreift geeignete technische und organisatorische Ma\u00dfnahmen, um die Sicherheit Ihrer Daten gem\u00e4\u00df den geltenden Vorschriften zu gew\u00e4hrleisten. In diesem Zusammenhang trifft sie die notwendigen Vorkehrungen und Ma\u00dfnahmen gegen jeglichen unbefugten Zugriff und Gebrauch von Daten, zuf\u00e4lligen Verlust oder Diebstahl von Daten, Zerst\u00f6rung oder Ver\u00e4nderung von Daten und im Allgemeinen jeglichen Schaden, der diese Daten betreffen k\u00f6nnte.<\/p>\n","protected":false},"excerpt":{"rendered":"<p>Die Datenschutz-Grundverordnung (DSGVO) ist seit Mai 2018 der europ\u00e4ische Rahmen f\u00fcr die Verarbeitung und Weitergabe personenbezogener Daten. Der Schutz personenbezogener Daten wird auch durch das Datenschutzgesetz Nr. 78-17 vom 6. Januar 1978 in der ge\u00e4nderten Fassung geregelt. Diese Richtlinie zum Schutz personenbezogener Daten informiert Sie dar\u00fcber, wie das Fremdenverkehrsb\u00fcro Aspres-Thuir Ihre personenbezogenen Daten gem\u00e4\u00df der [&hellip;]<\/p>\n","protected":false},"author":2,"featured_media":30227,"parent":0,"menu_order":0,"comment_status":"closed","ping_status":"closed","template":"","meta":{"_acf_changed":false,"_et_pb_use_builder":"","_et_pb_old_content":"","_et_gb_content_width":"","footnotes":""},"class_list":["post-43592","page","type-page","status-publish","has-post-thumbnail","hentry"],"acf":[],"yoast_head":"<!-- This site is optimized with the Yoast SEO plugin v26.9 - https:\/\/yoast.com\/product\/yoast-seo-wordpress\/ -->\n<title>Datenschutzrichtlinie - Office de Tourisme Aspres-Thuir<\/title>\n<meta name=\"robots\" content=\"index, follow, max-snippet:-1, max-image-preview:large, max-video-preview:-1\" \/>\n<link rel=\"canonical\" href=\"https:\/\/aspres-thuir.com\/de\/datenschutzrichtlinie\/\" \/>\n<meta property=\"og:locale\" content=\"de_DE\" \/>\n<meta property=\"og:type\" content=\"article\" \/>\n<meta property=\"og:title\" content=\"Datenschutzrichtlinie - Office de Tourisme Aspres-Thuir\" \/>\n<meta property=\"og:description\" content=\"Die Datenschutz-Grundverordnung (DSGVO) ist seit Mai 2018 der europ\u00e4ische Rahmen f\u00fcr die Verarbeitung und Weitergabe personenbezogener Daten. Der Schutz personenbezogener Daten wird auch durch das Datenschutzgesetz Nr. 78-17 vom 6. Januar 1978 in der ge\u00e4nderten Fassung geregelt. Diese Richtlinie zum Schutz personenbezogener Daten informiert Sie dar\u00fcber, wie das Fremdenverkehrsb\u00fcro Aspres-Thuir Ihre personenbezogenen Daten gem\u00e4\u00df der [&hellip;]\" \/>\n<meta property=\"og:site_name\" content=\"Office de Tourisme Aspres-Thuir\" \/>\n<meta property=\"article:modified_time\" content=\"2023-01-05T16:26:13+00:00\" \/>\n<meta property=\"og:image\" content=\"https:\/\/aspres-thuir.com\/wp-content\/uploads\/2022\/02\/windows-eGNLSgazDVU-unsplash-scaled-e1645542522216.jpg\" \/>\n\t<meta property=\"og:image:width\" content=\"2880\" \/>\n\t<meta property=\"og:image:height\" content=\"1920\" \/>\n\t<meta property=\"og:image:type\" content=\"image\/jpeg\" \/>\n<meta name=\"twitter:card\" content=\"summary_large_image\" \/>\n<meta name=\"twitter:label1\" content=\"Est. reading time\" \/>\n\t<meta name=\"twitter:data1\" content=\"6 minutes\" \/>\n<script type=\"application\/ld+json\" class=\"yoast-schema-graph\">{\"@context\":\"https:\/\/schema.org\",\"@graph\":[{\"@type\":\"WebPage\",\"@id\":\"https:\/\/aspres-thuir.com\/de\/datenschutzrichtlinie\/\",\"url\":\"https:\/\/aspres-thuir.com\/de\/datenschutzrichtlinie\/\",\"name\":\"Datenschutzrichtlinie - Office de Tourisme Aspres-Thuir\",\"isPartOf\":{\"@id\":\"https:\/\/aspres-thuir.com\/de\/#website\"},\"primaryImageOfPage\":{\"@id\":\"https:\/\/aspres-thuir.com\/de\/datenschutzrichtlinie\/#primaryimage\"},\"image\":{\"@id\":\"https:\/\/aspres-thuir.com\/de\/datenschutzrichtlinie\/#primaryimage\"},\"thumbnailUrl\":\"https:\/\/aspres-thuir.com\/wp-content\/uploads\/2022\/02\/windows-eGNLSgazDVU-unsplash-scaled-e1645542522216.jpg\",\"datePublished\":\"2019-11-15T12:28:35+00:00\",\"dateModified\":\"2023-01-05T16:26:13+00:00\",\"breadcrumb\":{\"@id\":\"https:\/\/aspres-thuir.com\/de\/datenschutzrichtlinie\/#breadcrumb\"},\"inLanguage\":\"de-DE\",\"potentialAction\":[{\"@type\":\"ReadAction\",\"target\":[\"https:\/\/aspres-thuir.com\/de\/datenschutzrichtlinie\/\"]}]},{\"@type\":\"ImageObject\",\"inLanguage\":\"de-DE\",\"@id\":\"https:\/\/aspres-thuir.com\/de\/datenschutzrichtlinie\/#primaryimage\",\"url\":\"https:\/\/aspres-thuir.com\/wp-content\/uploads\/2022\/02\/windows-eGNLSgazDVU-unsplash-scaled-e1645542522216.jpg\",\"contentUrl\":\"https:\/\/aspres-thuir.com\/wp-content\/uploads\/2022\/02\/windows-eGNLSgazDVU-unsplash-scaled-e1645542522216.jpg\",\"width\":2880,\"height\":1920},{\"@type\":\"BreadcrumbList\",\"@id\":\"https:\/\/aspres-thuir.com\/de\/datenschutzrichtlinie\/#breadcrumb\",\"itemListElement\":[{\"@type\":\"ListItem\",\"position\":1,\"name\":\"\",\"item\":\"https:\/\/aspres-thuir.com\/de\/\"},{\"@type\":\"ListItem\",\"position\":2,\"name\":\"Datenschutzrichtlinie\"}]},{\"@type\":\"WebSite\",\"@id\":\"https:\/\/aspres-thuir.com\/de\/#website\",\"url\":\"https:\/\/aspres-thuir.com\/de\/\",\"name\":\"Office de Tourisme Aspres-Thuir\",\"description\":\"\",\"potentialAction\":[{\"@type\":\"SearchAction\",\"target\":{\"@type\":\"EntryPoint\",\"urlTemplate\":\"https:\/\/aspres-thuir.com\/de\/?s={search_term_string}\"},\"query-input\":{\"@type\":\"PropertyValueSpecification\",\"valueRequired\":true,\"valueName\":\"search_term_string\"}}],\"inLanguage\":\"de-DE\"}]}<\/script>\n<!-- \/ Yoast SEO plugin. -->","yoast_head_json":{"title":"Datenschutzrichtlinie - Office de Tourisme Aspres-Thuir","robots":{"index":"index","follow":"follow","max-snippet":"max-snippet:-1","max-image-preview":"max-image-preview:large","max-video-preview":"max-video-preview:-1"},"canonical":"https:\/\/aspres-thuir.com\/de\/datenschutzrichtlinie\/","og_locale":"de_DE","og_type":"article","og_title":"Datenschutzrichtlinie - Office de Tourisme Aspres-Thuir","og_description":"Die Datenschutz-Grundverordnung (DSGVO) ist seit Mai 2018 der europ\u00e4ische Rahmen f\u00fcr die Verarbeitung und Weitergabe personenbezogener Daten. Der Schutz personenbezogener Daten wird auch durch das Datenschutzgesetz Nr. 78-17 vom 6. Januar 1978 in der ge\u00e4nderten Fassung geregelt. Diese Richtlinie zum Schutz personenbezogener Daten informiert Sie dar\u00fcber, wie das Fremdenverkehrsb\u00fcro Aspres-Thuir Ihre personenbezogenen Daten gem\u00e4\u00df der [&hellip;]","og_site_name":"Office de Tourisme Aspres-Thuir","article_modified_time":"2023-01-05T16:26:13+00:00","og_image":[{"width":2880,"height":1920,"url":"https:\/\/aspres-thuir.com\/wp-content\/uploads\/2022\/02\/windows-eGNLSgazDVU-unsplash-scaled-e1645542522216.jpg","type":"image\/jpeg"}],"twitter_card":"summary_large_image","twitter_misc":{"Est. reading time":"6 minutes"},"schema":{"@context":"https:\/\/schema.org","@graph":[{"@type":"WebPage","@id":"https:\/\/aspres-thuir.com\/de\/datenschutzrichtlinie\/","url":"https:\/\/aspres-thuir.com\/de\/datenschutzrichtlinie\/","name":"Datenschutzrichtlinie - Office de Tourisme Aspres-Thuir","isPartOf":{"@id":"https:\/\/aspres-thuir.com\/de\/#website"},"primaryImageOfPage":{"@id":"https:\/\/aspres-thuir.com\/de\/datenschutzrichtlinie\/#primaryimage"},"image":{"@id":"https:\/\/aspres-thuir.com\/de\/datenschutzrichtlinie\/#primaryimage"},"thumbnailUrl":"https:\/\/aspres-thuir.com\/wp-content\/uploads\/2022\/02\/windows-eGNLSgazDVU-unsplash-scaled-e1645542522216.jpg","datePublished":"2019-11-15T12:28:35+00:00","dateModified":"2023-01-05T16:26:13+00:00","breadcrumb":{"@id":"https:\/\/aspres-thuir.com\/de\/datenschutzrichtlinie\/#breadcrumb"},"inLanguage":"de-DE","potentialAction":[{"@type":"ReadAction","target":["https:\/\/aspres-thuir.com\/de\/datenschutzrichtlinie\/"]}]},{"@type":"ImageObject","inLanguage":"de-DE","@id":"https:\/\/aspres-thuir.com\/de\/datenschutzrichtlinie\/#primaryimage","url":"https:\/\/aspres-thuir.com\/wp-content\/uploads\/2022\/02\/windows-eGNLSgazDVU-unsplash-scaled-e1645542522216.jpg","contentUrl":"https:\/\/aspres-thuir.com\/wp-content\/uploads\/2022\/02\/windows-eGNLSgazDVU-unsplash-scaled-e1645542522216.jpg","width":2880,"height":1920},{"@type":"BreadcrumbList","@id":"https:\/\/aspres-thuir.com\/de\/datenschutzrichtlinie\/#breadcrumb","itemListElement":[{"@type":"ListItem","position":1,"name":"","item":"https:\/\/aspres-thuir.com\/de\/"},{"@type":"ListItem","position":2,"name":"Datenschutzrichtlinie"}]},{"@type":"WebSite","@id":"https:\/\/aspres-thuir.com\/de\/#website","url":"https:\/\/aspres-thuir.com\/de\/","name":"Office de Tourisme Aspres-Thuir","description":"","potentialAction":[{"@type":"SearchAction","target":{"@type":"EntryPoint","urlTemplate":"https:\/\/aspres-thuir.com\/de\/?s={search_term_string}"},"query-input":{"@type":"PropertyValueSpecification","valueRequired":true,"valueName":"search_term_string"}}],"inLanguage":"de-DE"}]}},"_links":{"self":[{"href":"https:\/\/aspres-thuir.com\/de\/wp-json\/wp\/v2\/pages\/43592","targetHints":{"allow":["GET"]}}],"collection":[{"href":"https:\/\/aspres-thuir.com\/de\/wp-json\/wp\/v2\/pages"}],"about":[{"href":"https:\/\/aspres-thuir.com\/de\/wp-json\/wp\/v2\/types\/page"}],"author":[{"embeddable":true,"href":"https:\/\/aspres-thuir.com\/de\/wp-json\/wp\/v2\/users\/2"}],"replies":[{"embeddable":true,"href":"https:\/\/aspres-thuir.com\/de\/wp-json\/wp\/v2\/comments?post=43592"}],"version-history":[{"count":0,"href":"https:\/\/aspres-thuir.com\/de\/wp-json\/wp\/v2\/pages\/43592\/revisions"}],"wp:featuredmedia":[{"embeddable":true,"href":"https:\/\/aspres-thuir.com\/de\/wp-json\/wp\/v2\/media\/30227"}],"wp:attachment":[{"href":"https:\/\/aspres-thuir.com\/de\/wp-json\/wp\/v2\/media?parent=43592"}],"curies":[{"name":"wp","href":"https:\/\/api.w.org\/{rel}","templated":true}]}}