{"id":43597,"date":"2021-10-05T12:49:15","date_gmt":"2021-10-05T11:49:15","guid":{"rendered":"https:\/\/aspres-thuir.com\/mentions-legales\/"},"modified":"2023-01-05T17:27:03","modified_gmt":"2023-01-05T16:27:03","slug":"impressum","status":"publish","type":"page","link":"https:\/\/aspres-thuir.com\/de\/impressum\/","title":{"rendered":"Impressum"},"content":{"rendered":"<div class=\"et_pb_module et_pb_text et_pb_text_1_tb_body et_pb_text_align_left et_pb_bg_layout_light\">\n<div class=\"et_pb_text_inner\">\n<h3>Information<\/h3>\n<\/div>\n<\/div>\n<div class=\"et_pb_module et_pb_text et_pb_text_2_tb_body et_pb_text_align_left et_pb_bg_layout_light\">\n<p>Die Website www.aspres-thuir.fr (in ihren Versionen http(s), mit oder ohne www) geh\u00f6rt:<\/p>\n<\/div>\n<div><\/div>\n<div class=\"et_pb_module et_pb_text et_pb_text_2_tb_body et_pb_text_align_left et_pb_bg_layout_light\">INTERKOMMUNALES TOURISTISCHES B\u00dcRO ASPRES &#8211; THUIR<\/div>\n<div class=\"et_pb_module et_pb_text et_pb_text_2_tb_body et_pb_text_align_left et_pb_bg_layout_light\">BOULEVARD VIOLET<\/div>\n<div class=\"et_pb_module et_pb_text et_pb_text_2_tb_body et_pb_text_align_left et_pb_bg_layout_light\">66300 THUIR<\/div>\n<div><\/div>\n<div class=\"et_pb_module et_pb_text et_pb_text_2_tb_body et_pb_text_align_left et_pb_bg_layout_light\">T\u00e9l. +33 4 68 53 45 86<\/div>\n<div><\/div>\n<div class=\"et_pb_module et_pb_text et_pb_text_2_tb_body et_pb_text_align_left et_pb_bg_layout_light\">\n<div class=\"et_pb_text_inner\">\n<h3>Designer und Hoster:<\/h3>\n<p>70 av Alfred Kastler \u2013 Perpignan<br \/>\n66100 Perpignan \u2013 France<\/p>\n<p>Cope APE \/ NAF 7311Z<br \/>\nSIRET 753 228 287<br \/>\nRCS 753 228 287 00045<br \/>\nAPE 7311Z Telefonnummer : 04 68 38 55 63<\/p>\n<p>Manager : Cyrille Sabatier, Nathalie Civale et Cyrille Cojan<br \/>\ninfoattraptemps.fr<\/p>\n<h1><\/h1>\n<h3>TECHNISCHE INFORMATIONEN<\/h3>\n<\/div>\n<div><\/div>\n<div class=\"et_pb_text_inner\">Der Benutzer dieser Website best\u00e4tigt, dass er \u00fcber die F\u00e4higkeiten und Mittel verf\u00fcgt, die f\u00fcr den Zugriff auf und die Nutzung von \u201ehttps:\/\/aspres-thuir.com\u201c erforderlich sind. Er best\u00e4tigt, dass er die verwendete Computerkonfiguration auf Virenfreiheit und einwandfreie Funktion gepr\u00fcft hat. Der Benutzer erkennt an, dar\u00fcber informiert worden zu sein, dass diese Website 24 Stunden am Tag, 7 Tage die Woche zug\u00e4nglich ist, au\u00dfer in F\u00e4llen h\u00f6herer Gewalt, Schwierigkeiten im Zusammenhang mit der Struktur der Kommunikationsnetze oder aus technischen Gr\u00fcnden, \u201eThe Aspres-Thuir Intercommunal Tourist Office kann die Website unterbrechen und wird sich in diesem Fall bem\u00fchen, seine Benutzer im Voraus zu benachrichtigen. Das interkommunale Fremdenverkehrsamt Aspres-Thuir bem\u00fcht sich, den Benutzern verf\u00fcgbare und verifizierte Informationen und\/oder Tools zur Verf\u00fcgung zu stellen, kann jedoch nicht f\u00fcr Fehler, mangelnde Verf\u00fcgbarkeit von Informationen und\/oder das Vorhandensein von Viren auf seiner Website verantwortlich gemacht werden.<\/p>\n<h2><\/h2>\n<h3>EIGENTUM UND URHEBERRECHTE<\/h3>\n<p>Die allgemeine Struktur sowie die Software, Texte, Bilder, ob animiert oder nicht, ihr Know-how und alle anderen Bestandteile der Website sind ausschlie\u00dfliches Eigentum des interkommunalen Fremdenverkehrsamtes Aspres-Thuir. Jegliche vollst\u00e4ndige oder teilweise Wiedergabe dieser Website auf welche Weise auch immer ohne die ausdr\u00fcckliche Genehmigung des Fremdenverkehrsamtes Aspres-Thuir Intercommunal ist verboten und stellt eine Verletzung dar, die nach den Artikeln L.335-2 und folgenden des Code of Intellectual Property strafbar ist. Dasselbe gilt f\u00fcr die auf der Website erscheinenden Datenbanken, die durch die Bestimmungen des Gesetzes \u00fcber geistiges Eigentum zur Umsetzung der europ\u00e4ischen Richtlinie vom 11. M\u00e4rz 1996 zum rechtlichen Schutz von Datenbanken gesch\u00fctzt sind und deren Hersteller das interkommunale Fremdenverkehrsamt Aspres-Thuir ist . Um diese Aufgaben zu erf\u00fcllen, sammelt und verteilt das interkommunale Fremdenverkehrsamt Aspres-Thuir m\u00f6glichst vollst\u00e4ndige touristische Informationen, die Sie auf Ihrer Website <a href=\"http:\/\/www.aspres-thuir.com\">www.aspres-thuir.com<\/a> einsehen k\u00f6nnen, auf der Sie frei surfen k\u00f6nnen.<\/p>\n<p>Das interkommunale Fremdenverkehrsamt von Aspres-Thuir bem\u00fcht sich, auf der Website <a href=\"http:\/\/www.aspres-thuir.com\">www.aspres-thuir.com<\/a> m\u00f6glichst genaue Informationen bereitzustellen. Die Informationen erscheinen auf der Website <a href=\"http:\/\/www.aspres-thuir.com\">www.aspres-thuir.com<\/a>. sind nicht vollst\u00e4ndig und die Fotos sind nicht vertraglich. Diese Informationen werden vorbehaltlich von \u00c4nderungen gegeben, die seit ihrer Online-Stellung vorgenommen wurden. Die Informationen auf der Website <a href=\"http:\/\/www.aspres-thuir.com\">www.aspres-thuir.com<\/a>. dienen nur der Information und k\u00f6nnen ohne Vorank\u00fcndigung ge\u00e4ndert werden.<\/p>\n<p>Die vorliegenden Bedingungen der Website <a href=\"http:\/\/www.aspres-thuir.com\">www.aspres-thuir.com<\/a>. unterliegen dem franz\u00f6sischen Recht und alle Streitigkeiten oder Rechtsstreitigkeiten, die sich aus der Auslegung oder Ausf\u00fchrung dieser ergeben k\u00f6nnen, fallen in die ausschlie\u00dfliche Zust\u00e4ndigkeit der Gerichte, denen der Hauptsitz des Intercommunal Tourist Office Aspres-Thuir unterliegt. Die Bezugssprache f\u00fcr die Beilegung etwaiger Streitigkeiten ist Franz\u00f6sisch.<\/p>\n<h3>RICHTLINIEN ZUM RESPEKT PERS\u00d6NLICHER DATEN<\/h3>\n<p>Wir m\u00f6chten Ihnen auf transparente Weise erkl\u00e4ren, warum wir Ihre personenbezogenen Daten erheben, speichern, weitergeben und verwenden. Die Erhebung und Nutzung Ihrer personenbezogenen Daten erfolgt gem\u00e4\u00df der DSGVO: Datenschutz-Grundverordnung, in Kraft getreten am 25. Mai 2018.<\/p>\n<p>In welchen F\u00e4llen haben wir Ihre Daten ?<\/p>\n<p>Wenn wir Ihre Daten haben, liegt es daran, dass Sie uns die Erlaubnis gegeben haben, wenn :<\/p>\n<ul>\n<li>Verwaltung und \u00dcberwachung der Kontoerstellung und der Beziehung zu Benutzern und Kunden im Allgemeinen;<\/li>\n<li>Verwaltung und \u00dcberwachung von Bestellungen, Zahlungen und Kundenbeziehungen;<\/li>\n<li>Verwaltung von Kundenkonten;<\/li>\n<li>Handels- und Marketingmanagement;<\/li>\n<li>Die Messung von Qualit\u00e4t und Zufriedenheit;<\/li>\n<li>Kommerzielle Prospektion und Personalisierung von Angeboten;<\/li>\n<li>Verwaltung des Benutzermeinungsraums;<\/li>\n<\/ul>\n<p>Was wir sammeln<\/p>\n<ul>\n<li>Daten des Kontaktformulars<\/li>\n<\/ul>\n<p>Wir erfassen die Daten, die Sie in die Informationsanforderungsformulare auf unserer Website eingeben.<\/p>\n<p>Beispielsweise erfassen wir Ihre E-Mail-Adresse, wenn Sie eine Anfrage zum Abonnement unseres Newsletters an das Intercommunal Tourist Office Aspres-Thuir senden, oder jeden anderen Feldwert, der in dem genannten Formular enthalten ist.<\/p>\n<ul>\n<li>Kontaktformulare mit touristischen Einrichtungen<\/li>\n<\/ul>\n<p>Wir erfassen auch die Anfragen, die Sie \u00fcber die Schaltfl\u00e4chen \u201eKONTAKTIEREN\u201c stellen, die in den Dateien vorhanden sind, die die touristischen Einrichtungen beschreiben, auf die wir in unserer Suchmaschine verweisen. Wir speichern alle Felder des Kontaktformulars, einschlie\u00dflich des Zeitraums, den Sie f\u00fcr Ihren Aufenthalt angeben. Diese Informationen werden auch an die Manager von touristischen Einrichtungen gesendet, die Sie direkt kontaktieren und Ihnen ihre besten Urlaubsangebote zusenden k\u00f6nnen.<\/p>\n<ul>\n<li>Internet-Browsing-Daten<\/li>\n<\/ul>\n<p>Das interkommunale Fremdenverkehrsamt Aspres-Thuir m\u00f6chte Ihnen die bestm\u00f6gliche Erfahrung bieten, um sicherzustellen, dass Sie heute, morgen und in Zukunft von einer besseren Unterst\u00fctzung bei der Vorbereitung Ihres Aufenthalts profitieren. Um dies zu erreichen, m\u00fcssen wir Ihre Surfgewohnheiten verstehen und Ihnen so ein personalisierteres Serviceangebot anbieten k\u00f6nnen. Wir erf\u00fcllen f\u00fcr Sie lokale Dienstleistungsauftr\u00e4ge, indem wir insbesondere touristische Informationen \u00fcber unser Gebiet sammeln und anschlie\u00dfend im Internet verteilen. Wir zeichnen den Inhalt Ihres Internet-Browsings mithilfe der Cookie-Technologie auf (siehe Art. 6 zur Verwendung von Cookies).<\/p>\n<ul>\n<li>Was wir mit Ihren personenbezogenen Daten machen<\/li>\n<\/ul>\n<p>Wir verwenden Ihre Daten zu folgenden Zwecken :<\/p>\n<ul>\n<li>Kundenkonten verwalten und \u00fcberwachen,<\/li>\n<li>Verwaltung der Beziehung zu Kunden im Allgemeinen;<\/li>\n<li>Verwalten und verfolgen Sie Bestellungen, Zahlungen und Kundenbeziehungen,<\/li>\n<li>Verwaltung unserer Vertriebs- und Marketingstrategie,<\/li>\n<li>F\u00fchren Sie kommerzielle Prospektion durch und personalisieren Sie unsere Angebote.<\/li>\n<\/ul>\n<h3>Datenspeicherzeit<\/h3>\n<p>Die Aufbewahrungsfrist Ihrer Daten richtet sich nach einem Ziel, das f\u00fcr das Interkommunale Fremdenverkehrsamt Aspres-Thuir spezifisch ist. Nach Erreichung dieses Zwecks werden Ihre Daten archiviert, gel\u00f6scht oder anonymisiert. Ihre personenbezogenen Daten werden daher von den operativen Diensten nur so lange gespeichert und zug\u00e4nglich gemacht, wie es zur Erreichung des bei ihrer Erhebung verfolgten Zwecks erforderlich ist.<\/p>\n<p>Wenn wir Ihre Daten f\u00fcr einen bestimmten Zeitraum gesammelt haben, aber keinerlei Aufforderung von Ihnen erfolgt ist, l\u00f6schen wir diese Daten nach 3 Jahren.<\/p>\n<ul>\n<li><strong>Transmission des donn\u00e9es<\/strong><\/li>\n<\/ul>\n<p>Die uns vorliegenden personenbezogenen Daten werden an die internen Stellen unseres Unternehmens sowie an etwaige Subunternehmer und Partner \u00fcbermittelt.<\/p>\n<p>Ihre Daten k\u00f6nnen in bestimmten F\u00e4llen auch an Dienstleister au\u00dferhalb des Europ\u00e4ischen Wirtschaftsraums (EWR) \u00fcbermittelt werden, die die Nutzung derselben Standards wie unsere Website gew\u00e4hrleisten.<\/p>\n<h3>Deine Rechte<\/h3>\n<p>Ihre Daten sind personenbezogen, weshalb Sie das Recht haben :<\/p>\n<ul>\n<li>Um auf Ihre Daten zuzugreifen, stellen Sie eine Anfrage per E-Mail an contact@aspres-thuir.com und senden Sie uns einen Identit\u00e4tsnachweis,<\/li>\n<li>Ihre personenbezogenen Daten zu \u00e4ndern, zu berichtigen oder zu vervollst\u00e4ndigen,<\/li>\n<li>Ihre Daten an andere Unternehmen zu \u00fcbermitteln,<\/li>\n<li>Um den Zugriff auf Ihre Daten auf bestimmte Organisationen zu beschr\u00e4nken,<\/li>\n<li>Uns zu bitten, alle oder einen Teil der Daten, die Sie uns \u00fcbermittelt haben, zu l\u00f6schen,<\/li>\n<li>Um ein \u201eRecht auf Vergessenwerden\u201c zu erhalten, wenn Sie uns darum bitten,<\/li>\n<li>Der Verarbeitung Ihrer Daten durch Direktmarketing zu widersprechen.<\/li>\n<\/ul>\n<h3>Kontrolle und Sicherheit Ihrer Daten<\/h3>\n<p>Die Vertraulichkeit und Sicherheit Ihrer personenbezogenen Daten hat und bleibt f\u00fcr uns h\u00f6chste Priorit\u00e4t. Ihre personenbezogenen Daten werden auf Servern gespeichert, die von OVH in Frankreich gehostet werden. Die Hosting-Infrastruktur wird von unserem Internetdienstanbieter www.raccourci.fr ausgelagert, der den Schutz Ihrer personenbezogenen Daten gew\u00e4hrleistet.<\/p>\n<p>Um Ihre Daten sicher zu halten, verwenden wir mehrere intelligente Sicherheitsma\u00dfnahmen, um die Informationen zu sch\u00fctzen, die wir \u00fcber Sie sammeln. Wenn sich die Seiten im sicheren HTTPS-Modus befinden, verschl\u00fcsselt das Sicherheitsprotokoll den Inhalt des Austauschs zwischen dem Browser und den Datenbankservern. Dadurch wird verhindert, dass die \u00fcber die auf aspres-thuir.com enthaltenen Formulare eingegebenen und gesendeten personenbezogenen Daten w\u00e4hrend der \u00dcbertragung von Dritten leicht gelesen werden k\u00f6nnen. Die von uns getroffenen Ma\u00dfnahmen sch\u00fctzen Sie vor unrechtm\u00e4\u00dfiger Verarbeitung Ihrer Daten sowie vor versehentlichem Verlust, Zerst\u00f6rung oder Besch\u00e4digung.<\/p>\n<p>Im Falle eines gr\u00f6\u00dferen Risikos auf aspres-thuir.com werden wir die betroffenen Personen \u00fcber die stattgefundenen Datenschutzverletzungen informieren.<\/p>\n<p>Wir implementieren auch zus\u00e4tzliche Sicherheitsvorkehrungen zum Schutz sensibler Informationen (Gesundheit, sexuelle Orientierung, Rasse, Religion, politische Meinungen usw.).<\/p>\n<p>* Wir haben aufgelistet, welche Arten von Informationen wir wann sammeln, und wir haben die Zwecke, f\u00fcr die wir Ihre personenbezogenen Daten verwenden, detailliert aufgef\u00fchrt<\/p>\n<p>* Wir erkl\u00e4ren, wann andere m\u00f6glicherweise Ihre Identit\u00e4t sehen k\u00f6nnen<\/p>\n<p>* Wir haben die Situationen, in denen wir Ihre personenbezogenen Daten an Dritte weitergeben, klar aufgelistet und wir haben Informationen \u00fcber unsere Verarbeiter personenbezogener Daten aufgenommen<\/p>\n<p>* Wir haben Informationen beigef\u00fcgt, die Ihnen mitteilen, wie lange wir Ihre personenbezogenen Daten speichern und wie Sie sie herunterladen oder korrigieren k\u00f6nnen<\/p>\n<p>* Die Kontaktdaten unseres Datenschutzbeauftragten: dpo.ccaspres@lg-partenaires.fr. Diese Adresse steht Besuchern der Website f\u00fcr Fragen oder Beschwerden zu personenbezogenen Daten zur Verf\u00fcgung.<\/p>\n<h3>Was ist ein Keks?<\/h3>\n<p>Cookies sind kleine Textdateien, die automatisch auf Ihrem Computer oder Ger\u00e4t installiert werden, wenn Sie unsere Websites besuchen.<\/p>\n<ul>\n<li>Zweck von Cookies<\/li>\n<\/ul>\n<p>Wir verwenden Cookies, um Ihre Besuche und Eink\u00e4ufe auf unseren Websites effizienter zu gestalten. Cookies erm\u00f6glichen es uns auch, die Navigation auf unseren Seiten zu verbessern und Ihr Kaufverhalten zu verstehen.<\/p>\n<ul>\n<li>Unsere Verwendung von Cookies<\/li>\n<\/ul>\n<p>Wir verwenden Cookies, um :<\/p>\n<ul>\n<li>Merken Sie sich Ihre Zugangsdaten,<\/li>\n<li>Identifizieren Sie, wenn Sie sich auf unseren Websites anmelden,<\/li>\n<li>Erinnern Sie sich an die Produkte, die Sie in Ihren Warenkorb gelegt haben, wenn Sie w\u00e4hrend einer Browsersitzung verschiedene Seiten besuchen, wenn Sie auf die Zahlungsseite zugreifen oder wenn Sie Ihre Sitzung beenden, bevor Sie Ihren Kauf abgeschlossen haben.<\/li>\n<li>Sammeln Sie Informationen, die uns helfen k\u00f6nnen, Ihnen Werbung zu senden, die auf Ihre Interessen zugeschnitten ist.<\/li>\n<li>Merken Sie sich Ihre Browsing-Einstellungen wie Sprache, Schriftgr\u00f6\u00dfe, Seitenlayout oder bevorzugte Farben.<\/li>\n<li>Alles, damit Sie unsere Website schneller und einfacher durchsuchen k\u00f6nnen.<\/li>\n<li>Sammeln Sie analytische Informationen, um beispielsweise die Anzahl der Besucher unserer Websites zu z\u00e4hlen und die Seiten unserer Websites zu identifizieren, die Sie am h\u00e4ufigsten besuchen. Wir verwenden die von uns gesammelten Analysedaten f\u00fcr Marketing- und Ressourcenplanungszwecke.<\/li>\n<li>Um festzustellen, ob sich unsere Kunden und Besucher bereitwillig an \u00c4nderungen anpassen, die wir m\u00f6glicherweise an unseren Websites vornehmen.<\/li>\n<li>Durch Cookies gesammelte Informationen<\/li>\n<\/ul>\n<p>Cookies helfen uns dabei, Informationen dar\u00fcber zu sammeln, wie Sie unsere Website nutzen, aber wir speichern keine pers\u00f6nlich identifizierbaren Informationen in unseren Cookie-Daten \u00fcber Sie. Wir speichern nur eine eindeutige Sitzungs-ID, die uns hilft, bei Ihrem n\u00e4chsten Besuch ein Benutzerprofil und Ihre Pr\u00e4ferenzen zu finden.<\/p>\n<ul>\n<li>Arten von Cookies<\/li>\n<\/ul>\n<ul>\n<li>Sitzungscookies: Cookies dieser Art werden w\u00e4hrend einer Browsersitzung vor\u00fcbergehend auf Ihrem Computer oder Ger\u00e4t gespeichert. Sie werden am Ende der Browsersitzung von Ihrem Computer oder Ger\u00e4t gel\u00f6scht.<\/li>\n<li>Permanente Cookies: Cookies dieser Art verbleiben l\u00e4nger auf Ihrem Computer. Permanente Cookies helfen uns, Sie zu erkennen, wenn wir f\u00fcr mehr als eine Browsersitzung wissen m\u00fcssen, wer Sie sind.<\/li>\n<\/ul>\n<ul>\n<li>Cookie-Verwaltung<\/li>\n<\/ul>\n<p>Sie k\u00f6nnen die Verwendung von Cookies auf Wunsch durch entsprechende Einstellungen Ihrer Browser-Software (Firefox, Internet Explorer, Chrome, Safari etc.) aktivieren oder deaktivieren.<\/p>\n<p>Das Men\u00fc der meisten Browser enth\u00e4lt Optionen, mit denen Sie Ihre Cookies verwalten k\u00f6nnen, indem Sie Ihre Cookie-Einstellungen anpassen oder konfigurieren. Generell bietet Ihnen der Browser die M\u00f6glichkeit:<\/p>\n<ul>\n<li>Ihre Cookies anzeigen;<\/li>\n<li>Cookies zulassen;<\/li>\n<li>alle Cookies oder nur bestimmte Cookies zu deaktivieren;<\/li>\n<li>alle Cookies zu deaktivieren, wenn Sie Ihren Browser schlie\u00dfen;<\/li>\n<li>um Cookies zu blockieren;<\/li>\n<li>informiert zu werden, wenn Sie ein Cookie erhalten.<\/li>\n<\/ul>\n<p>Bitte beachten Sie, dass, wenn Sie unsere Cookies blockieren, die meisten Funktionen dieser Website deaktiviert werden (einschlie\u00dflich der Registrierung, der M\u00f6glichkeit, eine Bewertung abzugeben oder jeder anderen Interaktion) und Ihre Navigation ebenfalls beeintr\u00e4chtigt werden kann. Wenn Sie Ihre Browseroptionen so konfigurieren, dass alle Cookies gel\u00f6scht werden, werden Ihre Browsereinstellungen gel\u00f6scht, wenn Sie Ihren Browser schlie\u00dfen.<\/p>\n<p>Bitte beachten Sie, dass unser System Cookies ausgibt, sobald Sie eine unserer Websites besuchen, es sei denn, Sie haben Ihre Browsereinstellungen so angepasst, dass Cookies abgelehnt werden.<\/p>\n<ul>\n<li>Zus\u00e4tzliche Informationen zu Cookies<\/li>\n<\/ul>\n<p>Die CNIL hat mehrere Artikel zur Aktualisierung der DSGVO ver\u00f6ffentlicht, insbesondere zu den Tools, mit denen Sie Cookies kontrollieren k\u00f6nnen :<\/p>\n<p><a href=\"http:\/\/www.cnil.fr\/vos-libertes\/vos-traces\/les-cookies\/\">http:\/\/www.cnil.fr\/vos-libertes\/vos-traces\/les-cookies\/<\/a><\/p>\n<\/div>\n<\/div>\n<p><!--more--><\/p>\n<p><!--more--><\/p>\n<p><!--more--><\/p>\n<p><!--more--><\/p>\n<p><!--more--><\/p>\n","protected":false},"excerpt":{"rendered":"<p>Information Die Website www.aspres-thuir.fr (in ihren Versionen http(s), mit oder ohne www) geh\u00f6rt: INTERKOMMUNALES TOURISTISCHES B\u00dcRO ASPRES &#8211; THUIR BOULEVARD VIOLET 66300 THUIR T\u00e9l. +33 4 68 53 45 86 Designer und Hoster: 70 av Alfred Kastler \u2013 Perpignan 66100 Perpignan \u2013 France Cope APE \/ NAF 7311Z SIRET 753 228 287 RCS 753 228 [&hellip;]<\/p>\n","protected":false},"author":2,"featured_media":30227,"parent":0,"menu_order":0,"comment_status":"closed","ping_status":"closed","template":"","meta":{"_acf_changed":false,"_et_pb_use_builder":"","_et_pb_old_content":"","_et_gb_content_width":"","footnotes":""},"class_list":["post-43597","page","type-page","status-publish","has-post-thumbnail","hentry"],"acf":[],"yoast_head":"<!-- This site is optimized with the Yoast SEO plugin v26.9 - https:\/\/yoast.com\/product\/yoast-seo-wordpress\/ -->\n<title>Impressum - Office de Tourisme Aspres-Thuir<\/title>\n<meta name=\"robots\" content=\"index, follow, max-snippet:-1, max-image-preview:large, max-video-preview:-1\" \/>\n<link rel=\"canonical\" href=\"https:\/\/aspres-thuir.com\/de\/impressum\/\" \/>\n<meta property=\"og:locale\" content=\"de_DE\" \/>\n<meta property=\"og:type\" content=\"article\" \/>\n<meta property=\"og:title\" content=\"Impressum - Office de Tourisme Aspres-Thuir\" \/>\n<meta property=\"og:description\" content=\"Information Die Website www.aspres-thuir.fr (in ihren Versionen http(s), mit oder ohne www) geh\u00f6rt: INTERKOMMUNALES TOURISTISCHES B\u00dcRO ASPRES &#8211; THUIR BOULEVARD VIOLET 66300 THUIR T\u00e9l. +33 4 68 53 45 86 Designer und Hoster: 70 av Alfred Kastler \u2013 Perpignan 66100 Perpignan \u2013 France Cope APE \/ NAF 7311Z SIRET 753 228 287 RCS 753 228 [&hellip;]\" \/>\n<meta property=\"og:site_name\" content=\"Office de Tourisme Aspres-Thuir\" \/>\n<meta property=\"article:modified_time\" content=\"2023-01-05T16:27:03+00:00\" \/>\n<meta property=\"og:image\" content=\"https:\/\/aspres-thuir.com\/wp-content\/uploads\/2022\/02\/windows-eGNLSgazDVU-unsplash-scaled-e1645542522216.jpg\" \/>\n\t<meta property=\"og:image:width\" content=\"2880\" \/>\n\t<meta property=\"og:image:height\" content=\"1920\" \/>\n\t<meta property=\"og:image:type\" content=\"image\/jpeg\" \/>\n<meta name=\"twitter:card\" content=\"summary_large_image\" \/>\n<meta name=\"twitter:label1\" content=\"Est. reading time\" \/>\n\t<meta name=\"twitter:data1\" content=\"10 minutes\" \/>\n<script type=\"application\/ld+json\" class=\"yoast-schema-graph\">{\"@context\":\"https:\/\/schema.org\",\"@graph\":[{\"@type\":\"WebPage\",\"@id\":\"https:\/\/aspres-thuir.com\/de\/impressum\/\",\"url\":\"https:\/\/aspres-thuir.com\/de\/impressum\/\",\"name\":\"Impressum - Office de Tourisme Aspres-Thuir\",\"isPartOf\":{\"@id\":\"https:\/\/aspres-thuir.com\/de\/#website\"},\"primaryImageOfPage\":{\"@id\":\"https:\/\/aspres-thuir.com\/de\/impressum\/#primaryimage\"},\"image\":{\"@id\":\"https:\/\/aspres-thuir.com\/de\/impressum\/#primaryimage\"},\"thumbnailUrl\":\"https:\/\/aspres-thuir.com\/wp-content\/uploads\/2022\/02\/windows-eGNLSgazDVU-unsplash-scaled-e1645542522216.jpg\",\"datePublished\":\"2021-10-05T11:49:15+00:00\",\"dateModified\":\"2023-01-05T16:27:03+00:00\",\"breadcrumb\":{\"@id\":\"https:\/\/aspres-thuir.com\/de\/impressum\/#breadcrumb\"},\"inLanguage\":\"de-DE\",\"potentialAction\":[{\"@type\":\"ReadAction\",\"target\":[\"https:\/\/aspres-thuir.com\/de\/impressum\/\"]}]},{\"@type\":\"ImageObject\",\"inLanguage\":\"de-DE\",\"@id\":\"https:\/\/aspres-thuir.com\/de\/impressum\/#primaryimage\",\"url\":\"https:\/\/aspres-thuir.com\/wp-content\/uploads\/2022\/02\/windows-eGNLSgazDVU-unsplash-scaled-e1645542522216.jpg\",\"contentUrl\":\"https:\/\/aspres-thuir.com\/wp-content\/uploads\/2022\/02\/windows-eGNLSgazDVU-unsplash-scaled-e1645542522216.jpg\",\"width\":2880,\"height\":1920},{\"@type\":\"BreadcrumbList\",\"@id\":\"https:\/\/aspres-thuir.com\/de\/impressum\/#breadcrumb\",\"itemListElement\":[{\"@type\":\"ListItem\",\"position\":1,\"name\":\"\",\"item\":\"https:\/\/aspres-thuir.com\/de\/\"},{\"@type\":\"ListItem\",\"position\":2,\"name\":\"Impressum\"}]},{\"@type\":\"WebSite\",\"@id\":\"https:\/\/aspres-thuir.com\/de\/#website\",\"url\":\"https:\/\/aspres-thuir.com\/de\/\",\"name\":\"Office de Tourisme Aspres-Thuir\",\"description\":\"\",\"potentialAction\":[{\"@type\":\"SearchAction\",\"target\":{\"@type\":\"EntryPoint\",\"urlTemplate\":\"https:\/\/aspres-thuir.com\/de\/?s={search_term_string}\"},\"query-input\":{\"@type\":\"PropertyValueSpecification\",\"valueRequired\":true,\"valueName\":\"search_term_string\"}}],\"inLanguage\":\"de-DE\"}]}<\/script>\n<!-- \/ Yoast SEO plugin. -->","yoast_head_json":{"title":"Impressum - Office de Tourisme Aspres-Thuir","robots":{"index":"index","follow":"follow","max-snippet":"max-snippet:-1","max-image-preview":"max-image-preview:large","max-video-preview":"max-video-preview:-1"},"canonical":"https:\/\/aspres-thuir.com\/de\/impressum\/","og_locale":"de_DE","og_type":"article","og_title":"Impressum - Office de Tourisme Aspres-Thuir","og_description":"Information Die Website www.aspres-thuir.fr (in ihren Versionen http(s), mit oder ohne www) geh\u00f6rt: INTERKOMMUNALES TOURISTISCHES B\u00dcRO ASPRES &#8211; THUIR BOULEVARD VIOLET 66300 THUIR T\u00e9l. +33 4 68 53 45 86 Designer und Hoster: 70 av Alfred Kastler \u2013 Perpignan 66100 Perpignan \u2013 France Cope APE \/ NAF 7311Z SIRET 753 228 287 RCS 753 228 [&hellip;]","og_site_name":"Office de Tourisme Aspres-Thuir","article_modified_time":"2023-01-05T16:27:03+00:00","og_image":[{"width":2880,"height":1920,"url":"https:\/\/aspres-thuir.com\/wp-content\/uploads\/2022\/02\/windows-eGNLSgazDVU-unsplash-scaled-e1645542522216.jpg","type":"image\/jpeg"}],"twitter_card":"summary_large_image","twitter_misc":{"Est. reading time":"10 minutes"},"schema":{"@context":"https:\/\/schema.org","@graph":[{"@type":"WebPage","@id":"https:\/\/aspres-thuir.com\/de\/impressum\/","url":"https:\/\/aspres-thuir.com\/de\/impressum\/","name":"Impressum - Office de Tourisme Aspres-Thuir","isPartOf":{"@id":"https:\/\/aspres-thuir.com\/de\/#website"},"primaryImageOfPage":{"@id":"https:\/\/aspres-thuir.com\/de\/impressum\/#primaryimage"},"image":{"@id":"https:\/\/aspres-thuir.com\/de\/impressum\/#primaryimage"},"thumbnailUrl":"https:\/\/aspres-thuir.com\/wp-content\/uploads\/2022\/02\/windows-eGNLSgazDVU-unsplash-scaled-e1645542522216.jpg","datePublished":"2021-10-05T11:49:15+00:00","dateModified":"2023-01-05T16:27:03+00:00","breadcrumb":{"@id":"https:\/\/aspres-thuir.com\/de\/impressum\/#breadcrumb"},"inLanguage":"de-DE","potentialAction":[{"@type":"ReadAction","target":["https:\/\/aspres-thuir.com\/de\/impressum\/"]}]},{"@type":"ImageObject","inLanguage":"de-DE","@id":"https:\/\/aspres-thuir.com\/de\/impressum\/#primaryimage","url":"https:\/\/aspres-thuir.com\/wp-content\/uploads\/2022\/02\/windows-eGNLSgazDVU-unsplash-scaled-e1645542522216.jpg","contentUrl":"https:\/\/aspres-thuir.com\/wp-content\/uploads\/2022\/02\/windows-eGNLSgazDVU-unsplash-scaled-e1645542522216.jpg","width":2880,"height":1920},{"@type":"BreadcrumbList","@id":"https:\/\/aspres-thuir.com\/de\/impressum\/#breadcrumb","itemListElement":[{"@type":"ListItem","position":1,"name":"","item":"https:\/\/aspres-thuir.com\/de\/"},{"@type":"ListItem","position":2,"name":"Impressum"}]},{"@type":"WebSite","@id":"https:\/\/aspres-thuir.com\/de\/#website","url":"https:\/\/aspres-thuir.com\/de\/","name":"Office de Tourisme Aspres-Thuir","description":"","potentialAction":[{"@type":"SearchAction","target":{"@type":"EntryPoint","urlTemplate":"https:\/\/aspres-thuir.com\/de\/?s={search_term_string}"},"query-input":{"@type":"PropertyValueSpecification","valueRequired":true,"valueName":"search_term_string"}}],"inLanguage":"de-DE"}]}},"_links":{"self":[{"href":"https:\/\/aspres-thuir.com\/de\/wp-json\/wp\/v2\/pages\/43597","targetHints":{"allow":["GET"]}}],"collection":[{"href":"https:\/\/aspres-thuir.com\/de\/wp-json\/wp\/v2\/pages"}],"about":[{"href":"https:\/\/aspres-thuir.com\/de\/wp-json\/wp\/v2\/types\/page"}],"author":[{"embeddable":true,"href":"https:\/\/aspres-thuir.com\/de\/wp-json\/wp\/v2\/users\/2"}],"replies":[{"embeddable":true,"href":"https:\/\/aspres-thuir.com\/de\/wp-json\/wp\/v2\/comments?post=43597"}],"version-history":[{"count":0,"href":"https:\/\/aspres-thuir.com\/de\/wp-json\/wp\/v2\/pages\/43597\/revisions"}],"wp:featuredmedia":[{"embeddable":true,"href":"https:\/\/aspres-thuir.com\/de\/wp-json\/wp\/v2\/media\/30227"}],"wp:attachment":[{"href":"https:\/\/aspres-thuir.com\/de\/wp-json\/wp\/v2\/media?parent=43597"}],"curies":[{"name":"wp","href":"https:\/\/api.w.org\/{rel}","templated":true}]}}