{"id":46022,"date":"2023-02-03T11:20:23","date_gmt":"2023-02-03T10:20:23","guid":{"rendered":"https:\/\/aspres-thuir.com\/club-degustation\/"},"modified":"2023-06-22T10:34:53","modified_gmt":"2023-06-22T09:34:53","slug":"club-degustation","status":"publish","type":"page","link":"https:\/\/aspres-thuir.com\/de\/club-degustation\/","title":{"rendered":"Verkostungsclub"},"content":{"rendered":"\n<div class=\"wp-block-divi-layout\">[et_pb_section fb_built=&#8221;1&#8243; _builder_version=&#8221;4.19.4&#8243; _module_preset=&#8221;default&#8221; background_color=&#8221;#C1C1C1&#8243; border_radii=&#8221;on|36px|36px|36px|36px&#8221; global_colors_info=&#8221;{}&#8221;][et_pb_row _builder_version=&#8221;4.19.4&#8243; _module_preset=&#8221;default&#8221; global_colors_info=&#8221;{}&#8221;][et_pb_column type=&#8221;4_4&#8243; _builder_version=&#8221;4.19.4&#8243; _module_preset=&#8221;default&#8221; global_colors_info=&#8221;{}&#8221;][et_pb_image src=&#8221;https:\/\/aspres-thuir.com\/wp-content\/uploads\/2023\/02\/Logo-Club-Degustation-1.png&#8221; title_text=&#8221;Logo Club D\u00e9gustation&#8221; _builder_version=&#8221;4.19.4&#8243; _module_preset=&#8221;default&#8221; width=&#8221;30%&#8221; module_alignment=&#8221;center&#8221; global_colors_info=&#8221;{}&#8221;][\/et_pb_image][\/et_pb_column][\/et_pb_row][et_pb_row _builder_version=&#8221;4.19.4&#8243; _module_preset=&#8221;default&#8221; global_colors_info=&#8221;{}&#8221;][et_pb_column type=&#8221;4_4&#8243; _builder_version=&#8221;4.19.4&#8243; _module_preset=&#8221;default&#8221; global_colors_info=&#8221;{}&#8221;][et_pb_text _builder_version=&#8221;4.19.4&#8243; _module_preset=&#8221;default&#8221; global_colors_info=&#8221;{}&#8221;]<p style=\"text-align: justify\">M\u00f6gen Sie Verkostungen, haben aber Angst, dass es zu technisch, nicht lustig und warm wird? Treffen Sie uns auf dem Campus des Institut R\u00e9gional de Sommellerie in Thuir. Es erwartet Sie ein angenehmer Moment mit echten Profis. Sommeliers, \u00d6nologen, Winzer\u2026 ! Sie werden w\u00e4hrend dieser Workshops alle Geheimnisse von Weinen, Spirituosen und verschiedenen Produkten enth\u00fcllen.<\/p>\n<p style=\"text-align: justify\">Sie lernen, Aperitifs, Weine und Biere zu verkosten, verstehen die Komplexit\u00e4t der Herstellung, kennen die Unterschiede zwischen Rebsorten, Speise- und Weinpaarungen, sensorische Analysen usw.<\/p>\n<p style=\"text-align: justify\">Durch die Teilnahme an unserem Verkostungsclub lernen Sie alle erstaunlichen Facetten verschiedener Getr\u00e4nke kennen! Alles in bester Stimmung und bester Gesellschaft und im Herzen eines au\u00dfergew\u00f6hnlichen Ortes: der Mixology Bar des IRS &#8211; Campus THUIR !<\/p>[\/et_pb_text][\/et_pb_column][\/et_pb_row][et_pb_row _builder_version=&#8221;4.19.4&#8243; _module_preset=&#8221;default&#8221; global_colors_info=&#8221;{}&#8221;][et_pb_column type=&#8221;4_4&#8243; _builder_version=&#8221;4.19.4&#8243; _module_preset=&#8221;default&#8221; global_colors_info=&#8221;{}&#8221;][et_pb_button button_url=&#8221;https:\/\/caves-byrrh-boutique.fr\/wp-content\/uploads\/2022\/11\/livret-club-degustation.pdf&#8221; button_text=&#8221;Verkostungsclubheft&#8221; button_alignment=&#8221;center&#8221; _builder_version=&#8221;4.19.4&#8243; _module_preset=&#8221;default&#8221; global_colors_info=&#8221;{}&#8221;][\/et_pb_button][\/et_pb_column][\/et_pb_row][\/et_pb_section][et_pb_section fb_built=&#8221;1&#8243; _builder_version=&#8221;4.19.4&#8243; _module_preset=&#8221;default&#8221; global_colors_info=&#8221;{}&#8221;][et_pb_row _builder_version=&#8221;4.19.4&#8243; _module_preset=&#8221;default&#8221; global_colors_info=&#8221;{}&#8221;][et_pb_column type=&#8221;4_4&#8243; _builder_version=&#8221;4.19.4&#8243; _module_preset=&#8221;default&#8221; global_colors_info=&#8221;{}&#8221;][et_pb_text _builder_version=&#8221;4.19.4&#8243; _module_preset=&#8221;default&#8221; global_colors_info=&#8221;{}&#8221;]<h2 style=\"text-align: center\"><span style=\"color: #993300\">Verkostungsworkshop<\/span><\/h2>[\/et_pb_text][et_pb_text _builder_version=&#8221;4.19.4&#8243; _module_preset=&#8221;default&#8221; global_colors_info=&#8221;{}&#8221;]<h3 style=\"text-align: center\">G\u00f6nnen Sie sich<\/h3>[\/et_pb_text][\/et_pb_column][\/et_pb_row][et_pb_row column_structure=&#8221;1_4,1_4,1_4,1_4&#8243; _builder_version=&#8221;4.19.4&#8243; _module_preset=&#8221;default&#8221; custom_padding=&#8221;||50px|||&#8221; global_colors_info=&#8221;{}&#8221;][et_pb_column type=&#8221;1_4&#8243; _builder_version=&#8221;4.19.4&#8243; _module_preset=&#8221;default&#8221; global_colors_info=&#8221;{}&#8221;][et_pb_image src=&#8221;https:\/\/aspres-thuir.com\/wp-content\/uploads\/2023\/02\/wine-tasting.png&#8221; title_text=&#8221;wine-tasting&#8221; align=&#8221;center&#8221; _builder_version=&#8221;4.19.4&#8243; _module_preset=&#8221;default&#8221; global_colors_info=&#8221;{}&#8221;][\/et_pb_image][et_pb_text _builder_version=&#8221;4.19.4&#8243; _module_preset=&#8221;default&#8221; global_colors_info=&#8221;{}&#8221;]<h3 class=\"elementor-heading-title elementor-size-default\" style=\"text-align: center\"><span style=\"color: #993300\">1 Sitzung<\/span><\/h3>[\/et_pb_text][et_pb_text _builder_version=&#8221;4.19.4&#8243; _module_preset=&#8221;default&#8221; global_colors_info=&#8221;{}&#8221;]<p>&nbsp;<\/p>[\/et_pb_text][et_pb_text _builder_version=&#8221;4.19.4&#8243; _module_preset=&#8221;default&#8221; global_colors_info=&#8221;{}&#8221;]<h4 style=\"text-align: center\"><span style=\"color: #008000\">40 \u20ac<\/span><\/h4>[\/et_pb_text][et_pb_text _builder_version=&#8221;4.19.4&#8243; _module_preset=&#8221;default&#8221; global_colors_info=&#8221;{}&#8221;]<p style=\"text-align: justify\">Sie haben Ihren Workshop gefunden ! Es geht hier entlang !<\/p>[\/et_pb_text][\/et_pb_column][et_pb_column type=&#8221;1_4&#8243; _builder_version=&#8221;4.19.4&#8243; _module_preset=&#8221;default&#8221; global_colors_info=&#8221;{}&#8221;][et_pb_image src=&#8221;https:\/\/aspres-thuir.com\/wp-content\/uploads\/2023\/02\/wine-tasting.png&#8221; title_text=&#8221;wine-tasting&#8221; align=&#8221;center&#8221; _builder_version=&#8221;4.19.4&#8243; _module_preset=&#8221;default&#8221; global_colors_info=&#8221;{}&#8221;][\/et_pb_image][et_pb_text _builder_version=&#8221;4.19.4&#8243; _module_preset=&#8221;default&#8221; global_colors_info=&#8221;{}&#8221;]<h3 class=\"elementor-heading-title elementor-size-default\" style=\"text-align: center\"><span style=\"color: #993300\">3 Sitzungen<\/span><\/h3>[\/et_pb_text][et_pb_text _builder_version=&#8221;4.19.4&#8243; _module_preset=&#8221;default&#8221; global_colors_info=&#8221;{}&#8221;]<h4 style=\"text-align: center\"><span style=\"text-decoration: line-through\">120 \u20ac<\/span><\/h4>[\/et_pb_text][et_pb_text _builder_version=&#8221;4.19.4&#8243; _module_preset=&#8221;default&#8221; global_colors_info=&#8221;{}&#8221;]<h4 style=\"text-align: center\"><span style=\"color: #008000\">111 \u20ac<\/span><\/h4>[\/et_pb_text][et_pb_text _builder_version=&#8221;4.19.4&#8243; _module_preset=&#8221;default&#8221; global_colors_info=&#8221;{}&#8221;]<p style=\"text-align: justify\">Profitieren Sie mit diesem Paket von einem interessanteren Preis und unterstreichen Sie Ihr Jahr mit angenehmen Momenten !<\/p>[\/et_pb_text][\/et_pb_column][et_pb_column type=&#8221;1_4&#8243; _builder_version=&#8221;4.19.4&#8243; _module_preset=&#8221;default&#8221; global_colors_info=&#8221;{}&#8221;][et_pb_image src=&#8221;https:\/\/aspres-thuir.com\/wp-content\/uploads\/2023\/02\/wine-tasting.png&#8221; title_text=&#8221;wine-tasting&#8221; align=&#8221;center&#8221; _builder_version=&#8221;4.19.4&#8243; _module_preset=&#8221;default&#8221; global_colors_info=&#8221;{}&#8221;][\/et_pb_image][et_pb_text _builder_version=&#8221;4.19.4&#8243; _module_preset=&#8221;default&#8221; global_colors_info=&#8221;{}&#8221;]<h3 class=\"elementor-heading-title elementor-size-default\" style=\"text-align: center\"><span style=\"color: #993300\">6 Sitzungen<\/span><\/h3>[\/et_pb_text][et_pb_text _builder_version=&#8221;4.19.4&#8243; _module_preset=&#8221;default&#8221; global_colors_info=&#8221;{}&#8221;]<h4 style=\"text-align: center\"><span style=\"text-decoration: line-through\">240 \u20ac<\/span><\/h4>[\/et_pb_text][et_pb_text _builder_version=&#8221;4.19.4&#8243; _module_preset=&#8221;default&#8221; global_colors_info=&#8221;{}&#8221;]<h4 style=\"text-align: center\"><span style=\"color: #008000\">198 \u20ac<\/span><\/h4>[\/et_pb_text][et_pb_text _builder_version=&#8221;4.19.4&#8243; _module_preset=&#8221;default&#8221; global_colors_info=&#8221;{}&#8221;]<p style=\"text-align: justify\">Profitieren Sie mit dem 6er-Workshop-Paket von noch mehr Vorteilen&#8230; die Tastings haben keine Geheimnisse mehr f\u00fcr Sie !<\/p>[\/et_pb_text][\/et_pb_column][et_pb_column type=&#8221;1_4&#8243; _builder_version=&#8221;4.19.4&#8243; _module_preset=&#8221;default&#8221; global_colors_info=&#8221;{}&#8221;][et_pb_image src=&#8221;https:\/\/aspres-thuir.com\/wp-content\/uploads\/2023\/02\/wine-tasting.png&#8221; title_text=&#8221;wine-tasting&#8221; align=&#8221;center&#8221; _builder_version=&#8221;4.19.4&#8243; _module_preset=&#8221;default&#8221; global_colors_info=&#8221;{}&#8221;][\/et_pb_image][et_pb_text _builder_version=&#8221;4.19.4&#8243; _module_preset=&#8221;default&#8221; global_colors_info=&#8221;{}&#8221;]<h3 class=\"elementor-heading-title elementor-size-default\" style=\"text-align: center\"><span style=\"color: #993300\">Das ganze Jahr<\/span><\/h3>[\/et_pb_text][et_pb_text _builder_version=&#8221;4.19.4&#8243; _module_preset=&#8221;default&#8221; global_colors_info=&#8221;{}&#8221;]<h4 style=\"text-align: center\"><span style=\"text-decoration: line-through\">400 \u20ac<\/span><\/h4>[\/et_pb_text][et_pb_text _builder_version=&#8221;4.19.4&#8243; _module_preset=&#8221;default&#8221; global_colors_info=&#8221;{}&#8221;]<h4 style=\"text-align: center\"><span style=\"color: #008000\">300 \u20ac<\/span><\/h4>[\/et_pb_text][et_pb_text _builder_version=&#8221;4.19.4&#8243; _module_preset=&#8221;default&#8221; global_colors_info=&#8221;{}&#8221;]<p style=\"text-align: justify\">Jeden Monat eine Verkostung! Etwas, um dieses Jahr funkelnd und fr\u00f6hlich zu machen !<\/p>[\/et_pb_text][\/et_pb_column][\/et_pb_row][et_pb_row _builder_version=&#8221;4.19.4&#8243; _module_preset=&#8221;default&#8221; global_colors_info=&#8221;{}&#8221;][et_pb_column type=&#8221;4_4&#8243; _builder_version=&#8221;4.19.4&#8243; _module_preset=&#8221;default&#8221; global_colors_info=&#8221;{}&#8221;][et_pb_text _builder_version=&#8221;4.21.0&#8243; _module_preset=&#8221;default&#8221; hover_enabled=&#8221;0&#8243; global_colors_info=&#8221;{}&#8221; sticky_enabled=&#8221;0&#8243;]<h3 style=\"text-align: center;\">Die Termine der Verkostungsworkshops folgen in K\u00fcrze &#8230;<\/h3>[\/et_pb_text][\/et_pb_column][\/et_pb_row][\/et_pb_section][et_pb_section fb_built=&#8221;1&#8243; _builder_version=&#8221;4.19.4&#8243; _module_preset=&#8221;default&#8221; global_colors_info=&#8221;{}&#8221;][et_pb_row _builder_version=&#8221;4.19.4&#8243; _module_preset=&#8221;default&#8221; global_colors_info=&#8221;{}&#8221;][et_pb_column type=&#8221;4_4&#8243; _builder_version=&#8221;4.19.4&#8243; _module_preset=&#8221;default&#8221; global_colors_info=&#8221;{}&#8221;][et_pb_text _builder_version=&#8221;4.19.4&#8243; _module_preset=&#8221;default&#8221; global_colors_info=&#8221;{}&#8221;]<h2 style=\"text-align: center\"><span style=\"color: #993300\">Meisterklasse<\/span><\/h2>[\/et_pb_text][et_pb_text _builder_version=&#8221;4.19.4&#8243; _module_preset=&#8221;default&#8221; global_colors_info=&#8221;{}&#8221;]<p style=\"text-align: justify\">Im Gegensatz zu den Workshops, in einem k\u00fcrzeren Format, sind die Meisterklasse etwas l\u00e4ngere Sitzungen, aber immer noch sehr lustig und werden auch hier von echten Profis geleitet. Fast 2 Stunden lang erkl\u00e4ren Ihnen diese gro\u00dfen Enthusiasten ihrer Berufe all ihre Techniken. Beobachten, Zuh\u00f6ren\u2026 aber auch Probieren und Gestalten erwarten Sie! Wir haben f\u00fcr dieses erste Jahr 2022-2023 4 Fachleute mit sehr unterschiedlichen Pers\u00f6nlichkeiten und Berufen, aber mit den folgenden Gemeinsamkeiten: die Leidenschaft zu lernen, zu geben und weiterzugeben.<\/p>[\/et_pb_text][et_pb_text _builder_version=&#8221;4.19.4&#8243; _module_preset=&#8221;default&#8221; global_colors_info=&#8221;{}&#8221;]<h3 style=\"text-align: center\">G\u00f6nnen Sie sich<\/h3>[\/et_pb_text][\/et_pb_column][\/et_pb_row][et_pb_row column_structure=&#8221;1_3,1_3,1_3&#8243; _builder_version=&#8221;4.19.4&#8243; _module_preset=&#8221;default&#8221; custom_padding=&#8221;||50px|||&#8221; global_colors_info=&#8221;{}&#8221;][et_pb_column type=&#8221;1_3&#8243; _builder_version=&#8221;4.19.4&#8243; _module_preset=&#8221;default&#8221; global_colors_info=&#8221;{}&#8221;][et_pb_image src=&#8221;https:\/\/aspres-thuir.com\/wp-content\/uploads\/2023\/02\/wine-tasting.png&#8221; title_text=&#8221;wine-tasting&#8221; align=&#8221;center&#8221; _builder_version=&#8221;4.19.4&#8243; _module_preset=&#8221;default&#8221; global_colors_info=&#8221;{}&#8221;][\/et_pb_image][et_pb_text _builder_version=&#8221;4.19.4&#8243; _module_preset=&#8221;default&#8221; global_colors_info=&#8221;{}&#8221;]<h3 class=\"elementor-heading-title elementor-size-default\" style=\"text-align: center\"><span style=\"color: #993300\">1 Sitzung<\/span><\/h3>[\/et_pb_text][et_pb_text _builder_version=&#8221;4.19.4&#8243; _module_preset=&#8221;default&#8221; global_colors_info=&#8221;{}&#8221;]<p>&nbsp;<\/p>[\/et_pb_text][et_pb_text _builder_version=&#8221;4.19.4&#8243; _module_preset=&#8221;default&#8221; global_colors_info=&#8221;{}&#8221;]<h4 style=\"text-align: center\"><span style=\"color: #008000\">45 \u20ac<\/span><\/h4>[\/et_pb_text][et_pb_text _builder_version=&#8221;4.19.4&#8243; _module_preset=&#8221;default&#8221; global_colors_info=&#8221;{}&#8221;]<p style=\"text-align: justify\">Diese Meisterklasse ist f\u00fcr Sie!<\/p>[\/et_pb_text][\/et_pb_column][et_pb_column type=&#8221;1_3&#8243; _builder_version=&#8221;4.19.4&#8243; _module_preset=&#8221;default&#8221; global_colors_info=&#8221;{}&#8221;][et_pb_image src=&#8221;https:\/\/aspres-thuir.com\/wp-content\/uploads\/2023\/02\/wine-tasting.png&#8221; title_text=&#8221;wine-tasting&#8221; align=&#8221;center&#8221; _builder_version=&#8221;4.19.4&#8243; _module_preset=&#8221;default&#8221; global_colors_info=&#8221;{}&#8221;][\/et_pb_image][et_pb_text _builder_version=&#8221;4.19.4&#8243; _module_preset=&#8221;default&#8221; global_colors_info=&#8221;{}&#8221;]<h3 class=\"elementor-heading-title elementor-size-default\" style=\"text-align: center\"><span style=\"color: #993300\">2 Sitzungen<\/span><\/h3>[\/et_pb_text][et_pb_text _builder_version=&#8221;4.19.4&#8243; _module_preset=&#8221;default&#8221; global_colors_info=&#8221;{}&#8221;]<h4 style=\"text-align: center\"><span style=\"text-decoration: line-through\">90 \u20ac<\/span><\/h4>[\/et_pb_text][et_pb_text _builder_version=&#8221;4.19.4&#8243; _module_preset=&#8221;default&#8221; global_colors_info=&#8221;{}&#8221;]<h4 style=\"text-align: center\"><span style=\"color: #008000\">84 \u20ac<\/span><\/h4>[\/et_pb_text][et_pb_text _builder_version=&#8221;4.19.4&#8243; _module_preset=&#8221;default&#8221; global_colors_info=&#8221;{}&#8221;]<p style=\"text-align: justify\">Profitieren Sie mit diesem Paket von einem attraktiveren Preis und treffen Sie die beiden Profis Ihrer Wahl.<\/p>[\/et_pb_text][\/et_pb_column][et_pb_column type=&#8221;1_3&#8243; _builder_version=&#8221;4.19.4&#8243; _module_preset=&#8221;default&#8221; global_colors_info=&#8221;{}&#8221;][et_pb_image src=&#8221;https:\/\/aspres-thuir.com\/wp-content\/uploads\/2023\/02\/wine-tasting.png&#8221; title_text=&#8221;wine-tasting&#8221; align=&#8221;center&#8221; _builder_version=&#8221;4.19.4&#8243; _module_preset=&#8221;default&#8221; global_colors_info=&#8221;{}&#8221;][\/et_pb_image][et_pb_text _builder_version=&#8221;4.19.4&#8243; _module_preset=&#8221;default&#8221; global_colors_info=&#8221;{}&#8221;]<h3 class=\"elementor-heading-title elementor-size-default\" style=\"text-align: center\"><span style=\"color: #993300\">Das ganze Jahr<\/span><\/h3>[\/et_pb_text][et_pb_text _builder_version=&#8221;4.19.4&#8243; _module_preset=&#8221;default&#8221; global_colors_info=&#8221;{}&#8221;]<h4 style=\"text-align: center\"><span style=\"text-decoration: line-through\">180 \u20ac<\/span><\/h4>[\/et_pb_text][et_pb_text _builder_version=&#8221;4.19.4&#8243; _module_preset=&#8221;default&#8221; global_colors_info=&#8221;{}&#8221;]<h4 style=\"text-align: center\"><span style=\"color: #008000\">160 \u20ac<\/span><\/h4>[\/et_pb_text][et_pb_text _builder_version=&#8221;4.19.4&#8243; _module_preset=&#8221;default&#8221; global_colors_info=&#8221;{}&#8221;]<section class=\"elementor-section elementor-inner-section elementor-element elementor-element-a987aae elementor-section-content-top elementor-section-boxed elementor-section-height-default elementor-section-height-default\" data-id=\"a987aae\" data-element_type=\"section\">\n<div class=\"elementor-container elementor-column-gap-default\">\n<div class=\"elementor-row\">\n<div class=\"elementor-column elementor-col-33 elementor-inner-column elementor-element elementor-element-ba75573\" data-id=\"ba75573\" data-element_type=\"column\">\n<div class=\"elementor-column-wrap elementor-element-populated\">\n<div class=\"elementor-widget-wrap\">\n<div class=\"elementor-element elementor-element-1790c77 elementor-widget elementor-widget-text-editor\" data-id=\"1790c77\" data-element_type=\"widget\" data-widget_type=\"text-editor.default\">\n<div class=\"elementor-widget-container\">\n<div class=\"elementor-text-editor elementor-clearfix\">\n<p>Ein Jahr voller Entdeckungen und K\u00f6stlichkeiten erwartet Sie !<\/p>\n<\/div>\n<\/div>\n<\/div>\n<\/div>\n<\/div>\n<\/div>\n<\/div>\n<\/div>\n<\/section>[\/et_pb_text][\/et_pb_column][\/et_pb_row][et_pb_row _builder_version=&#8221;4.19.4&#8243; _module_preset=&#8221;default&#8221; global_colors_info=&#8221;{}&#8221;][et_pb_column type=&#8221;4_4&#8243; _builder_version=&#8221;4.19.4&#8243; _module_preset=&#8221;default&#8221; global_colors_info=&#8221;{}&#8221;][et_pb_text _builder_version=&#8221;4.19.4&#8243; _module_preset=&#8221;default&#8221; global_colors_info=&#8221;{}&#8221;]<h3 style=\"text-align: center\">Kommende Termine des Tasting Clubs<\/h3>[\/et_pb_text][\/et_pb_column][\/et_pb_row][et_pb_row column_structure=&#8221;1_5,3_5,1_5&#8243; _builder_version=&#8221;4.19.4&#8243; _module_preset=&#8221;default&#8221; global_colors_info=&#8221;{}&#8221;][et_pb_column type=&#8221;1_5&#8243; _builder_version=&#8221;4.19.4&#8243; _module_preset=&#8221;default&#8221; global_colors_info=&#8221;{}&#8221;][et_pb_text _builder_version=&#8221;4.19.4&#8243; _module_preset=&#8221;default&#8221; global_colors_info=&#8221;{}&#8221;]<h5>28\/06\/2023 \u2013 19 uhr<\/h5>[\/et_pb_text][\/et_pb_column][et_pb_column type=&#8221;3_5&#8243; _builder_version=&#8221;4.19.4&#8243; _module_preset=&#8221;default&#8221; global_colors_info=&#8221;{}&#8221;][et_pb_text _builder_version=&#8221;4.19.4&#8243; _module_preset=&#8221;default&#8221; global_colors_info=&#8221;{}&#8221;]<p><a href=\"https:\/\/caves-byrrh-boutique.fr\/produit\/28-06-2023-19h-creation-de-cocktails-avec-david-pacouil\/\" title=\"28\/06\/2023 \u2013 19h \u2013 \u00ab Cr\u00e9ation de cocktails \u00bb avec David Pacouil\" class=\"wcpt-title  wcpt-1668387069\">\u201eCocktailkreation\u201c mit David Pacouil<\/a><\/p>[\/et_pb_text][\/et_pb_column][et_pb_column type=&#8221;1_5&#8243; _builder_version=&#8221;4.19.4&#8243; _module_preset=&#8221;default&#8221; global_colors_info=&#8221;{}&#8221;][et_pb_button button_url=&#8221;https:\/\/caves-byrrh-boutique.fr\/produit\/28-06-2023-19h-creation-de-cocktails-avec-david-pacouil\/&#8221; button_text=&#8221;buchen&#8221; _builder_version=&#8221;4.19.4&#8243; _module_preset=&#8221;default&#8221; global_colors_info=&#8221;{}&#8221;][\/et_pb_button][\/et_pb_column][\/et_pb_row][\/et_pb_section]<\/div>\n","protected":false},"excerpt":{"rendered":"","protected":false},"author":5,"featured_media":46017,"parent":0,"menu_order":0,"comment_status":"closed","ping_status":"closed","template":"","meta":{"_acf_changed":false,"_et_pb_use_builder":"","_et_pb_old_content":"","_et_gb_content_width":"","footnotes":""},"class_list":["post-46022","page","type-page","status-publish","has-post-thumbnail","hentry"],"acf":[],"yoast_head":"<!-- This site is optimized with the Yoast SEO plugin v26.9 - https:\/\/yoast.com\/product\/yoast-seo-wordpress\/ -->\n<title>Verkostungsclub - Office de Tourisme Aspres-Thuir<\/title>\n<meta name=\"robots\" content=\"index, follow, max-snippet:-1, max-image-preview:large, max-video-preview:-1\" \/>\n<link rel=\"canonical\" href=\"https:\/\/aspres-thuir.com\/de\/club-degustation\/\" \/>\n<meta property=\"og:locale\" content=\"de_DE\" \/>\n<meta property=\"og:type\" content=\"article\" \/>\n<meta property=\"og:title\" content=\"Verkostungsclub - Office de Tourisme Aspres-Thuir\" \/>\n<meta property=\"og:site_name\" content=\"Office de Tourisme Aspres-Thuir\" \/>\n<meta property=\"article:modified_time\" content=\"2023-06-22T09:34:53+00:00\" \/>\n<meta property=\"og:image\" content=\"https:\/\/aspres-thuir.com\/wp-content\/uploads\/2023\/02\/vince-veras-By89lXV0qVI-unsplash-scaled.jpg\" \/>\n\t<meta property=\"og:image:width\" content=\"2880\" \/>\n\t<meta property=\"og:image:height\" content=\"1920\" \/>\n\t<meta property=\"og:image:type\" content=\"image\/jpeg\" \/>\n<meta name=\"twitter:card\" content=\"summary_large_image\" \/>\n<meta name=\"twitter:label1\" content=\"Est. reading time\" \/>\n\t<meta name=\"twitter:data1\" content=\"4 minutes\" \/>\n<script type=\"application\/ld+json\" class=\"yoast-schema-graph\">{\"@context\":\"https:\/\/schema.org\",\"@graph\":[{\"@type\":\"WebPage\",\"@id\":\"https:\/\/aspres-thuir.com\/de\/club-degustation\/\",\"url\":\"https:\/\/aspres-thuir.com\/de\/club-degustation\/\",\"name\":\"Verkostungsclub - Office de Tourisme Aspres-Thuir\",\"isPartOf\":{\"@id\":\"https:\/\/aspres-thuir.com\/de\/#website\"},\"primaryImageOfPage\":{\"@id\":\"https:\/\/aspres-thuir.com\/de\/club-degustation\/#primaryimage\"},\"image\":{\"@id\":\"https:\/\/aspres-thuir.com\/de\/club-degustation\/#primaryimage\"},\"thumbnailUrl\":\"https:\/\/aspres-thuir.com\/wp-content\/uploads\/2023\/02\/vince-veras-By89lXV0qVI-unsplash-scaled.jpg\",\"datePublished\":\"2023-02-03T10:20:23+00:00\",\"dateModified\":\"2023-06-22T09:34:53+00:00\",\"breadcrumb\":{\"@id\":\"https:\/\/aspres-thuir.com\/de\/club-degustation\/#breadcrumb\"},\"inLanguage\":\"de-DE\",\"potentialAction\":[{\"@type\":\"ReadAction\",\"target\":[\"https:\/\/aspres-thuir.com\/de\/club-degustation\/\"]}]},{\"@type\":\"ImageObject\",\"inLanguage\":\"de-DE\",\"@id\":\"https:\/\/aspres-thuir.com\/de\/club-degustation\/#primaryimage\",\"url\":\"https:\/\/aspres-thuir.com\/wp-content\/uploads\/2023\/02\/vince-veras-By89lXV0qVI-unsplash-scaled.jpg\",\"contentUrl\":\"https:\/\/aspres-thuir.com\/wp-content\/uploads\/2023\/02\/vince-veras-By89lXV0qVI-unsplash-scaled.jpg\",\"width\":2880,\"height\":1920},{\"@type\":\"BreadcrumbList\",\"@id\":\"https:\/\/aspres-thuir.com\/de\/club-degustation\/#breadcrumb\",\"itemListElement\":[{\"@type\":\"ListItem\",\"position\":1,\"name\":\"\",\"item\":\"https:\/\/aspres-thuir.com\/de\/\"},{\"@type\":\"ListItem\",\"position\":2,\"name\":\"Verkostungsclub\"}]},{\"@type\":\"WebSite\",\"@id\":\"https:\/\/aspres-thuir.com\/de\/#website\",\"url\":\"https:\/\/aspres-thuir.com\/de\/\",\"name\":\"Office de Tourisme Aspres-Thuir\",\"description\":\"\",\"potentialAction\":[{\"@type\":\"SearchAction\",\"target\":{\"@type\":\"EntryPoint\",\"urlTemplate\":\"https:\/\/aspres-thuir.com\/de\/?s={search_term_string}\"},\"query-input\":{\"@type\":\"PropertyValueSpecification\",\"valueRequired\":true,\"valueName\":\"search_term_string\"}}],\"inLanguage\":\"de-DE\"}]}<\/script>\n<!-- \/ Yoast SEO plugin. -->","yoast_head_json":{"title":"Verkostungsclub - Office de Tourisme Aspres-Thuir","robots":{"index":"index","follow":"follow","max-snippet":"max-snippet:-1","max-image-preview":"max-image-preview:large","max-video-preview":"max-video-preview:-1"},"canonical":"https:\/\/aspres-thuir.com\/de\/club-degustation\/","og_locale":"de_DE","og_type":"article","og_title":"Verkostungsclub - Office de Tourisme Aspres-Thuir","og_site_name":"Office de Tourisme Aspres-Thuir","article_modified_time":"2023-06-22T09:34:53+00:00","og_image":[{"width":2880,"height":1920,"url":"https:\/\/aspres-thuir.com\/wp-content\/uploads\/2023\/02\/vince-veras-By89lXV0qVI-unsplash-scaled.jpg","type":"image\/jpeg"}],"twitter_card":"summary_large_image","twitter_misc":{"Est. reading time":"4 minutes"},"schema":{"@context":"https:\/\/schema.org","@graph":[{"@type":"WebPage","@id":"https:\/\/aspres-thuir.com\/de\/club-degustation\/","url":"https:\/\/aspres-thuir.com\/de\/club-degustation\/","name":"Verkostungsclub - Office de Tourisme Aspres-Thuir","isPartOf":{"@id":"https:\/\/aspres-thuir.com\/de\/#website"},"primaryImageOfPage":{"@id":"https:\/\/aspres-thuir.com\/de\/club-degustation\/#primaryimage"},"image":{"@id":"https:\/\/aspres-thuir.com\/de\/club-degustation\/#primaryimage"},"thumbnailUrl":"https:\/\/aspres-thuir.com\/wp-content\/uploads\/2023\/02\/vince-veras-By89lXV0qVI-unsplash-scaled.jpg","datePublished":"2023-02-03T10:20:23+00:00","dateModified":"2023-06-22T09:34:53+00:00","breadcrumb":{"@id":"https:\/\/aspres-thuir.com\/de\/club-degustation\/#breadcrumb"},"inLanguage":"de-DE","potentialAction":[{"@type":"ReadAction","target":["https:\/\/aspres-thuir.com\/de\/club-degustation\/"]}]},{"@type":"ImageObject","inLanguage":"de-DE","@id":"https:\/\/aspres-thuir.com\/de\/club-degustation\/#primaryimage","url":"https:\/\/aspres-thuir.com\/wp-content\/uploads\/2023\/02\/vince-veras-By89lXV0qVI-unsplash-scaled.jpg","contentUrl":"https:\/\/aspres-thuir.com\/wp-content\/uploads\/2023\/02\/vince-veras-By89lXV0qVI-unsplash-scaled.jpg","width":2880,"height":1920},{"@type":"BreadcrumbList","@id":"https:\/\/aspres-thuir.com\/de\/club-degustation\/#breadcrumb","itemListElement":[{"@type":"ListItem","position":1,"name":"","item":"https:\/\/aspres-thuir.com\/de\/"},{"@type":"ListItem","position":2,"name":"Verkostungsclub"}]},{"@type":"WebSite","@id":"https:\/\/aspres-thuir.com\/de\/#website","url":"https:\/\/aspres-thuir.com\/de\/","name":"Office de Tourisme Aspres-Thuir","description":"","potentialAction":[{"@type":"SearchAction","target":{"@type":"EntryPoint","urlTemplate":"https:\/\/aspres-thuir.com\/de\/?s={search_term_string}"},"query-input":{"@type":"PropertyValueSpecification","valueRequired":true,"valueName":"search_term_string"}}],"inLanguage":"de-DE"}]}},"_links":{"self":[{"href":"https:\/\/aspres-thuir.com\/de\/wp-json\/wp\/v2\/pages\/46022","targetHints":{"allow":["GET"]}}],"collection":[{"href":"https:\/\/aspres-thuir.com\/de\/wp-json\/wp\/v2\/pages"}],"about":[{"href":"https:\/\/aspres-thuir.com\/de\/wp-json\/wp\/v2\/types\/page"}],"author":[{"embeddable":true,"href":"https:\/\/aspres-thuir.com\/de\/wp-json\/wp\/v2\/users\/5"}],"replies":[{"embeddable":true,"href":"https:\/\/aspres-thuir.com\/de\/wp-json\/wp\/v2\/comments?post=46022"}],"version-history":[{"count":0,"href":"https:\/\/aspres-thuir.com\/de\/wp-json\/wp\/v2\/pages\/46022\/revisions"}],"wp:featuredmedia":[{"embeddable":true,"href":"https:\/\/aspres-thuir.com\/de\/wp-json\/wp\/v2\/media\/46017"}],"wp:attachment":[{"href":"https:\/\/aspres-thuir.com\/de\/wp-json\/wp\/v2\/media?parent=46022"}],"curies":[{"name":"wp","href":"https:\/\/api.w.org\/{rel}","templated":true}]}}