{"id":24706,"date":"2021-07-05T15:05:43","date_gmt":"2021-07-05T14:05:43","guid":{"rendered":"https:\/\/aspres-thuir.com\/artisanat-dart\/"},"modified":"2026-03-19T11:01:29","modified_gmt":"2026-03-19T10:01:29","slug":"art","status":"publish","type":"page","link":"https:\/\/aspres-thuir.com\/en\/art\/","title":{"rendered":"Art"},"content":{"rendered":"\n<p>The Aspres inspires&#8230;.<br>Many potters, sculptors, painters and ceramists&#8230;. have taken up residence here.<br>Go and meet them in the narrow streets or discover them in their workshops here and there in the Aspres.<\/p>\n\n\n\n<p><\/p>\n\n\n\n<div class=\"tsc-listing-wrap\" data-feed=\"services\" data-per-page=\"12\" data-columns=\"3\" data-listing-mode=\"infinite\"  data-locked-category=\"agencement-dinterieur,ameublement-et-decoration,artisanat,artiste-peintre,atelier-dart,centre-formation,ceramiste,galerie-dart\">\n\n    <!-- \u2550\u2550\u2550 MODE WIDGET \u2550\u2550\u2550 -->\n    \n            <div class=\"tsc-filters\">\n        <div class=\"tsc-filters-bar\">\n\n            <!-- Recherche -->\n            <div class=\"tsc-filter-group tsc-filter-search\">\n                <input type=\"text\" class=\"tsc-filter-input\" data-filter=\"search\" placeholder=\"Search...\">\n                <i class=\"fa-solid fa-magnifying-glass\"><\/i>\n            <\/div>\n\n            <!-- Cat\u00e9gorie (dropdown multi-s\u00e9lection) -->\n                        <div class=\"tsc-filter-group tsc-multi-drop\">\n                <input type=\"hidden\" data-filter=\"category\" value=\"\">\n                <button type=\"button\" class=\"tsc-md-trigger\">\n                    <span class=\"tsc-md-label\">All categories<\/span>\n                    <i class=\"fa-solid fa-chevron-down tsc-md-arrow\"><\/i>\n                <\/button>\n                <div class=\"tsc-md-panel\" hidden\n                     data-all-label=\"All categories\"\n                     data-count-tpl=\"%d categories\">\n                    <label class=\"tsc-md-item tsc-md-item-all\">\n                        <input type=\"checkbox\" class=\"tsc-md-check-all\"  checked='checked'>\n                        <span>All categories<\/span>\n                    <\/label>\n                                                            <label class=\"tsc-md-item\">\n                        <input type=\"checkbox\" class=\"tsc-md-check\" value=\"agencement-dinterieur\"\n                               data-label=\"Agencement d&#039;int\u00e9rieur\"\n                               >\n                        <span>Agencement d&#039;int\u00e9rieur <span class=\"tsc-md-count\">(1)<\/span><\/span>\n                    <\/label>\n                                        <label class=\"tsc-md-item\">\n                        <input type=\"checkbox\" class=\"tsc-md-check\" value=\"ameublement-et-decoration\"\n                               data-label=\"Ameublement et d\u00e9coration\"\n                               >\n                        <span>Ameublement et d\u00e9coration <span class=\"tsc-md-count\">(1)<\/span><\/span>\n                    <\/label>\n                                        <label class=\"tsc-md-item\">\n                        <input type=\"checkbox\" class=\"tsc-md-check\" value=\"artisanat\"\n                               data-label=\"Artisanat\"\n                               >\n                        <span>Artisanat <span class=\"tsc-md-count\">(4)<\/span><\/span>\n                    <\/label>\n                                        <label class=\"tsc-md-item\">\n                        <input type=\"checkbox\" class=\"tsc-md-check\" value=\"artiste-peintre\"\n                               data-label=\"Artiste peintre\"\n                               >\n                        <span>Artiste peintre <span class=\"tsc-md-count\">(1)<\/span><\/span>\n                    <\/label>\n                                        <label class=\"tsc-md-item\">\n                        <input type=\"checkbox\" class=\"tsc-md-check\" value=\"atelier-dart\"\n                               data-label=\"Atelier d&#039;art\"\n                               >\n                        <span>Atelier d&#039;art <span class=\"tsc-md-count\">(9)<\/span><\/span>\n                    <\/label>\n                                        <label class=\"tsc-md-item\">\n                        <input type=\"checkbox\" class=\"tsc-md-check\" value=\"centre-formation\"\n                               data-label=\"Centre Formation\"\n                               >\n                        <span>Centre Formation <span class=\"tsc-md-count\">(1)<\/span><\/span>\n                    <\/label>\n                                        <label class=\"tsc-md-item\">\n                        <input type=\"checkbox\" class=\"tsc-md-check\" value=\"ceramiste\"\n                               data-label=\"C\u00e9ramiste\"\n                               >\n                        <span>C\u00e9ramiste <span class=\"tsc-md-count\">(1)<\/span><\/span>\n                    <\/label>\n                                        <label class=\"tsc-md-item\">\n                        <input type=\"checkbox\" class=\"tsc-md-check\" value=\"galerie-dart\"\n                               data-label=\"Galerie d&#039;Art\"\n                               >\n                        <span>Galerie d&#039;Art <span class=\"tsc-md-count\">(1)<\/span><\/span>\n                    <\/label>\n                                    <\/div>\n            <\/div>\n            \n            <!-- Classement \u00e9toiles\/\u00e9pis (h\u00e9bergements) \u2014 dropdown multi-s\u00e9lection -->\n            \n            <!-- Commune -->\n            \n\n            <!-- Label (h\u00e9bergements) -->\n            \n            <!-- Tri \u2014 ic\u00f4ne en fin de barre (PAS pour les \u00e9v\u00e9nements) -->\n                        <div class=\"tsc-filter-group tsc-sort-wrap\">\n                <input type=\"hidden\" data-filter=\"orderby\" value=\"default\">\n                <button type=\"button\" class=\"tsc-sort-trigger\" title=\"Sort\">\n                    <i class=\"fa-light fa-arrow-up-wide-short\"><\/i>\n                <\/button>\n                <div class=\"tsc-sort-panel\" hidden>\n                    <div class=\"tsc-sort-item tsc-sort-active\" data-value=\"default\">\n                        Random                    <\/div>\n                    <div class=\"tsc-sort-item\" data-value=\"title\">A \u2192 Z<\/div>\n                    <div class=\"tsc-sort-item\" data-value=\"title-desc\">Z \u2192 A<\/div>\n                    <div class=\"tsc-sort-item\" data-value=\"date\">Most recent<\/div>\n                                        <div class=\"tsc-sort-item\" data-value=\"rand\">Random<\/div>\n                                    <\/div>\n            <\/div>\n                    <\/div>\n\n        <!-- Filtres avanc\u00e9s (h\u00e9bergements) -->\n        \n        <!-- Filtres avanc\u00e9s (services : type de cuisine) -->\n                            <\/div>\n    \n    <!-- \u2550\u2550\u2550 CONTENU \u2550\u2550\u2550 -->\n                <!-- MODE NORMAL -->\n        <div class=\"tsc-results-count\">\n            <span class=\"tsc-count-number\">1<\/span> result(s)        <\/div>\n        <div class=\"tsc-cards-grid tsc-cols-3\">\n            \n<article class=\"tsc-card tsc-card-design\" data-id=\"79438\">\n    <a href=\"https:\/\/aspres-thuir.com\/en\/service\/la-rose-noire\/\" class=\"tsc-card-link\">\n        <div class=\"tsc-card-image\">\n                            <div class=\"tsc-card-no-image\"><i class=\"fa-regular fa-image\"><\/i><\/div>\n            \n            \n                    <\/div>\n\n        <div class=\"tsc-card-body\">\n            <div class=\"tsc-card-header\">\n                <h3 class=\"tsc-card-title\">LA ROSE NOIRE<\/h3>\n                                    <span class=\"tsc-card-type-pill\">Galerie d&#039;Art<\/span>\n                            <\/div>\n\n            \n                    <\/div>\n    <\/a>\n<\/article>\n        <\/div>\n\n                \n    <div class=\"tsc-loader\" style=\"display:none;\">\n        <div class=\"tsc-spinner\"><\/div>\n    <\/div>\n<\/div>\n\n","protected":false},"excerpt":{"rendered":"<p>The Aspres inspires&#8230;.Many potters, sculptors, painters and ceramists&#8230;. have taken up residence here.Go and meet them in the narrow streets or discover them in their workshops here and there in the Aspres.<\/p>\n","protected":false},"author":2,"featured_media":30127,"parent":0,"menu_order":0,"comment_status":"closed","ping_status":"closed","template":"","meta":{"_acf_changed":false,"_et_pb_use_builder":"","_et_pb_old_content":"","_et_gb_content_width":"","footnotes":""},"class_list":["post-24706","page","type-page","status-publish","has-post-thumbnail","hentry"],"acf":[],"yoast_head":"<!-- This site is optimized with the Yoast SEO plugin v26.9 - https:\/\/yoast.com\/product\/yoast-seo-wordpress\/ -->\n<title>Art - Office de Tourisme Aspres-Thuir<\/title>\n<meta name=\"robots\" content=\"index, follow, max-snippet:-1, max-image-preview:large, max-video-preview:-1\" \/>\n<link rel=\"canonical\" href=\"https:\/\/aspres-thuir.com\/en\/art\/\" \/>\n<meta property=\"og:locale\" content=\"en_US\" \/>\n<meta property=\"og:type\" content=\"article\" \/>\n<meta property=\"og:title\" content=\"Art - Office de Tourisme Aspres-Thuir\" \/>\n<meta property=\"og:description\" content=\"The Aspres inspires&#8230;.Many potters, sculptors, painters and ceramists&#8230;. have taken up residence here.Go and meet them in the narrow streets or discover them in their workshops here and there in the Aspres.\" \/>\n<meta property=\"og:site_name\" content=\"Office de Tourisme Aspres-Thuir\" \/>\n<meta property=\"article:modified_time\" content=\"2026-03-19T10:01:29+00:00\" \/>\n<meta property=\"og:image\" content=\"https:\/\/aspres-thuir.com\/wp-content\/uploads\/2022\/02\/Aspres-Castelnou-Poterie-d-Anne.jpg\" \/>\n\t<meta property=\"og:image:width\" content=\"1466\" \/>\n\t<meta property=\"og:image:height\" content=\"820\" \/>\n\t<meta property=\"og:image:type\" content=\"image\/jpeg\" \/>\n<meta name=\"twitter:card\" content=\"summary_large_image\" \/>\n<meta name=\"twitter:label1\" content=\"Est. reading time\" \/>\n\t<meta name=\"twitter:data1\" content=\"1 minute\" \/>\n<script type=\"application\/ld+json\" class=\"yoast-schema-graph\">{\"@context\":\"https:\/\/schema.org\",\"@graph\":[{\"@type\":\"WebPage\",\"@id\":\"https:\/\/aspres-thuir.com\/en\/art\/\",\"url\":\"https:\/\/aspres-thuir.com\/en\/art\/\",\"name\":\"Art - Office de Tourisme Aspres-Thuir\",\"isPartOf\":{\"@id\":\"https:\/\/aspres-thuir.com\/en\/#website\"},\"primaryImageOfPage\":{\"@id\":\"https:\/\/aspres-thuir.com\/en\/art\/#primaryimage\"},\"image\":{\"@id\":\"https:\/\/aspres-thuir.com\/en\/art\/#primaryimage\"},\"thumbnailUrl\":\"https:\/\/aspres-thuir.com\/wp-content\/uploads\/2022\/02\/Aspres-Castelnou-Poterie-d-Anne.jpg\",\"datePublished\":\"2021-07-05T14:05:43+00:00\",\"dateModified\":\"2026-03-19T10:01:29+00:00\",\"breadcrumb\":{\"@id\":\"https:\/\/aspres-thuir.com\/en\/art\/#breadcrumb\"},\"inLanguage\":\"en-US\",\"potentialAction\":[{\"@type\":\"ReadAction\",\"target\":[\"https:\/\/aspres-thuir.com\/en\/art\/\"]}]},{\"@type\":\"ImageObject\",\"inLanguage\":\"en-US\",\"@id\":\"https:\/\/aspres-thuir.com\/en\/art\/#primaryimage\",\"url\":\"https:\/\/aspres-thuir.com\/wp-content\/uploads\/2022\/02\/Aspres-Castelnou-Poterie-d-Anne.jpg\",\"contentUrl\":\"https:\/\/aspres-thuir.com\/wp-content\/uploads\/2022\/02\/Aspres-Castelnou-Poterie-d-Anne.jpg\",\"width\":1466,\"height\":820},{\"@type\":\"BreadcrumbList\",\"@id\":\"https:\/\/aspres-thuir.com\/en\/art\/#breadcrumb\",\"itemListElement\":[{\"@type\":\"ListItem\",\"position\":1,\"name\":\"\",\"item\":\"https:\/\/aspres-thuir.com\/en\/\"},{\"@type\":\"ListItem\",\"position\":2,\"name\":\"Art\"}]},{\"@type\":\"WebSite\",\"@id\":\"https:\/\/aspres-thuir.com\/en\/#website\",\"url\":\"https:\/\/aspres-thuir.com\/en\/\",\"name\":\"Office de Tourisme Aspres-Thuir\",\"description\":\"\",\"potentialAction\":[{\"@type\":\"SearchAction\",\"target\":{\"@type\":\"EntryPoint\",\"urlTemplate\":\"https:\/\/aspres-thuir.com\/en\/?s={search_term_string}\"},\"query-input\":{\"@type\":\"PropertyValueSpecification\",\"valueRequired\":true,\"valueName\":\"search_term_string\"}}],\"inLanguage\":\"en-US\"}]}<\/script>\n<!-- \/ Yoast SEO plugin. -->","yoast_head_json":{"title":"Art - Office de Tourisme Aspres-Thuir","robots":{"index":"index","follow":"follow","max-snippet":"max-snippet:-1","max-image-preview":"max-image-preview:large","max-video-preview":"max-video-preview:-1"},"canonical":"https:\/\/aspres-thuir.com\/en\/art\/","og_locale":"en_US","og_type":"article","og_title":"Art - Office de Tourisme Aspres-Thuir","og_description":"The Aspres inspires&#8230;.Many potters, sculptors, painters and ceramists&#8230;. have taken up residence here.Go and meet them in the narrow streets or discover them in their workshops here and there in the Aspres.","og_site_name":"Office de Tourisme Aspres-Thuir","article_modified_time":"2026-03-19T10:01:29+00:00","og_image":[{"width":1466,"height":820,"url":"https:\/\/aspres-thuir.com\/wp-content\/uploads\/2022\/02\/Aspres-Castelnou-Poterie-d-Anne.jpg","type":"image\/jpeg"}],"twitter_card":"summary_large_image","twitter_misc":{"Est. reading time":"1 minute"},"schema":{"@context":"https:\/\/schema.org","@graph":[{"@type":"WebPage","@id":"https:\/\/aspres-thuir.com\/en\/art\/","url":"https:\/\/aspres-thuir.com\/en\/art\/","name":"Art - Office de Tourisme Aspres-Thuir","isPartOf":{"@id":"https:\/\/aspres-thuir.com\/en\/#website"},"primaryImageOfPage":{"@id":"https:\/\/aspres-thuir.com\/en\/art\/#primaryimage"},"image":{"@id":"https:\/\/aspres-thuir.com\/en\/art\/#primaryimage"},"thumbnailUrl":"https:\/\/aspres-thuir.com\/wp-content\/uploads\/2022\/02\/Aspres-Castelnou-Poterie-d-Anne.jpg","datePublished":"2021-07-05T14:05:43+00:00","dateModified":"2026-03-19T10:01:29+00:00","breadcrumb":{"@id":"https:\/\/aspres-thuir.com\/en\/art\/#breadcrumb"},"inLanguage":"en-US","potentialAction":[{"@type":"ReadAction","target":["https:\/\/aspres-thuir.com\/en\/art\/"]}]},{"@type":"ImageObject","inLanguage":"en-US","@id":"https:\/\/aspres-thuir.com\/en\/art\/#primaryimage","url":"https:\/\/aspres-thuir.com\/wp-content\/uploads\/2022\/02\/Aspres-Castelnou-Poterie-d-Anne.jpg","contentUrl":"https:\/\/aspres-thuir.com\/wp-content\/uploads\/2022\/02\/Aspres-Castelnou-Poterie-d-Anne.jpg","width":1466,"height":820},{"@type":"BreadcrumbList","@id":"https:\/\/aspres-thuir.com\/en\/art\/#breadcrumb","itemListElement":[{"@type":"ListItem","position":1,"name":"","item":"https:\/\/aspres-thuir.com\/en\/"},{"@type":"ListItem","position":2,"name":"Art"}]},{"@type":"WebSite","@id":"https:\/\/aspres-thuir.com\/en\/#website","url":"https:\/\/aspres-thuir.com\/en\/","name":"Office de Tourisme Aspres-Thuir","description":"","potentialAction":[{"@type":"SearchAction","target":{"@type":"EntryPoint","urlTemplate":"https:\/\/aspres-thuir.com\/en\/?s={search_term_string}"},"query-input":{"@type":"PropertyValueSpecification","valueRequired":true,"valueName":"search_term_string"}}],"inLanguage":"en-US"}]}},"_links":{"self":[{"href":"https:\/\/aspres-thuir.com\/en\/wp-json\/wp\/v2\/pages\/24706","targetHints":{"allow":["GET"]}}],"collection":[{"href":"https:\/\/aspres-thuir.com\/en\/wp-json\/wp\/v2\/pages"}],"about":[{"href":"https:\/\/aspres-thuir.com\/en\/wp-json\/wp\/v2\/types\/page"}],"author":[{"embeddable":true,"href":"https:\/\/aspres-thuir.com\/en\/wp-json\/wp\/v2\/users\/2"}],"replies":[{"embeddable":true,"href":"https:\/\/aspres-thuir.com\/en\/wp-json\/wp\/v2\/comments?post=24706"}],"version-history":[{"count":0,"href":"https:\/\/aspres-thuir.com\/en\/wp-json\/wp\/v2\/pages\/24706\/revisions"}],"wp:featuredmedia":[{"embeddable":true,"href":"https:\/\/aspres-thuir.com\/en\/wp-json\/wp\/v2\/media\/30127"}],"wp:attachment":[{"href":"https:\/\/aspres-thuir.com\/en\/wp-json\/wp\/v2\/media?parent=24706"}],"curies":[{"name":"wp","href":"https:\/\/api.w.org\/{rel}","templated":true}]}}