{"id":24723,"date":"2021-07-05T10:34:24","date_gmt":"2021-07-05T09:34:24","guid":{"rendered":"https:\/\/aspres-thuir.com\/meubles-non-classes\/"},"modified":"2026-03-19T13:06:16","modified_gmt":"2026-03-19T12:06:16","slug":"unclassified-furnished","status":"publish","type":"page","link":"https:\/\/aspres-thuir.com\/en\/unclassified-furnished\/","title":{"rendered":"Unclassified furnished"},"content":{"rendered":"\n<p>Here you will find a wide choice of furnished accommodation in the Aspres.<\/p>\n\n\n\n<p><\/p>\n\n\n\n<div class=\"tsc-listing-wrap\" data-feed=\"hebergements\" data-per-page=\"12\" data-columns=\"3\" data-listing-mode=\"infinite\"  data-locked-category=\"meubles-non-classes\">\n\n    <!-- \u2550\u2550\u2550 MODE WIDGET \u2550\u2550\u2550 -->\n    \n            <div class=\"tsc-filters\">\n        <div class=\"tsc-filters-bar\">\n\n            <!-- Recherche -->\n            <div class=\"tsc-filter-group tsc-filter-search\">\n                <input type=\"text\" class=\"tsc-filter-input\" data-filter=\"search\" placeholder=\"Search...\">\n                <i class=\"fa-solid fa-magnifying-glass\"><\/i>\n            <\/div>\n\n            <!-- Cat\u00e9gorie (dropdown multi-s\u00e9lection) -->\n                        <div class=\"tsc-filter-group tsc-multi-drop\">\n                <input type=\"hidden\" data-filter=\"category\" value=\"\">\n                <button type=\"button\" class=\"tsc-md-trigger\">\n                    <span class=\"tsc-md-label\">All categories<\/span>\n                    <i class=\"fa-solid fa-chevron-down tsc-md-arrow\"><\/i>\n                <\/button>\n                <div class=\"tsc-md-panel\" hidden\n                     data-all-label=\"All categories\"\n                     data-count-tpl=\"%d categories\">\n                    <label class=\"tsc-md-item tsc-md-item-all\">\n                        <input type=\"checkbox\" class=\"tsc-md-check-all\"  checked='checked'>\n                        <span>All categories<\/span>\n                    <\/label>\n                                                            <label class=\"tsc-md-item\">\n                        <input type=\"checkbox\" class=\"tsc-md-check\" value=\"meubles-non-classes\"\n                               data-label=\"Meubl\u00e9s non class\u00e9s\"\n                               >\n                        <span>Meubl\u00e9s non class\u00e9s <span class=\"tsc-md-count\">(81)<\/span><\/span>\n                    <\/label>\n                                    <\/div>\n            <\/div>\n            \n            <!-- Classement \u00e9toiles\/\u00e9pis (h\u00e9bergements) \u2014 dropdown multi-s\u00e9lection -->\n            \n            <!-- Commune -->\n                        <div class=\"tsc-filter-group\">\n                <select class=\"tsc-filter-select\" data-filter=\"commune\">\n                    <option value=\"\">All towns<\/option>\n                                            <option value=\"BANYULS-DELS-ASPRES\"\n                                >\n                            BANYULS-DELS-ASPRES                        <\/option>\n                                            <option value=\"BROUILLA\"\n                                >\n                            BROUILLA                        <\/option>\n                                            <option value=\"CAIXAS\"\n                                >\n                            CAIXAS                        <\/option>\n                                            <option value=\"CAMELAS\"\n                                >\n                            CAMELAS                        <\/option>\n                                            <option value=\"CASTELNOU\"\n                                >\n                            CASTELNOU                        <\/option>\n                                            <option value=\"FOURQUES\"\n                                >\n                            FOURQUES                        <\/option>\n                                            <option value=\"LLAURO\"\n                                >\n                            LLAURO                        <\/option>\n                                            <option value=\"MONTAURIOL\"\n                                >\n                            MONTAURIOL                        <\/option>\n                                            <option value=\"OMS\"\n                                >\n                            OMS                        <\/option>\n                                            <option value=\"PASSA\"\n                                >\n                            PASSA                        <\/option>\n                                            <option value=\"SAINT-JEAN-LASSEILLE\"\n                                >\n                            SAINT-JEAN-LASSEILLE                        <\/option>\n                                            <option value=\"SAINTE-COLOMBE-DE-LA-COMMANDERIE\"\n                                >\n                            SAINTE-COLOMBE-DE-LA-COMMANDERIE                        <\/option>\n                                            <option value=\"TERRATS\"\n                                >\n                            TERRATS                        <\/option>\n                                            <option value=\"THUIR\"\n                                >\n                            THUIR                        <\/option>\n                                            <option value=\"TORDERES\"\n                                >\n                            TORDERES                        <\/option>\n                                            <option value=\"TRESSERRE\"\n                                >\n                            TRESSERRE                        <\/option>\n                                            <option value=\"TROUILLAS\"\n                                >\n                            TROUILLAS                        <\/option>\n                                            <option value=\"VILLEMOLAQUE\"\n                                >\n                            VILLEMOLAQUE                        <\/option>\n                                    <\/select>\n            <\/div>\n            \n\n            <!-- Label (h\u00e9bergements) -->\n                        <div class=\"tsc-filter-group\">\n                <select class=\"tsc-filter-select\" data-filter=\"label\">\n                    <option value=\"\">All labels<\/option>\n                                            <option value=\"Accueil V\u00e9lo\"\n                                >\n                            Accueil V\u00e9lo (1)\n                        <\/option>\n                                            <option value=\"Bienvenue \u00e0 la ferme\"\n                                >\n                            Bienvenue \u00e0 la ferme (1)\n                        <\/option>\n                                            <option value=\"Camping Qualit\u00e9\"\n                                >\n                            Camping Qualit\u00e9 (1)\n                        <\/option>\n                                            <option value=\"Cl\u00e9vacances\"\n                                >\n                            Cl\u00e9vacances (1)\n                        <\/option>\n                                            <option value=\"G\u00eetes de France\"\n                                >\n                            G\u00eetes de France (1)\n                        <\/option>\n                                            <option value=\"Qualit\u00e9 Tourisme\"\n                                >\n                            Qualit\u00e9 Tourisme (2)\n                        <\/option>\n                                            <option value=\"Qualit\u00e9 Tourisme Occitanie Sud de France\"\n                                >\n                            Qualit\u00e9 Tourisme Occitanie Sud de France (3)\n                        <\/option>\n                                            <option value=\"Tables et Auberges de France\"\n                                >\n                            Tables et Auberges de France (1)\n                        <\/option>\n                                            <option value=\"Teritoria\"\n                                >\n                            Teritoria (1)\n                        <\/option>\n                                            <option value=\"Vignobles et D\u00e9couvertes\"\n                                >\n                            Vignobles et D\u00e9couvertes (2)\n                        <\/option>\n                                    <\/select>\n            <\/div>\n            \n            <!-- Tri \u2014 ic\u00f4ne en fin de barre (PAS pour les \u00e9v\u00e9nements) -->\n                        <div class=\"tsc-filter-group tsc-sort-wrap\">\n                <input type=\"hidden\" data-filter=\"orderby\" value=\"default\">\n                <button type=\"button\" class=\"tsc-sort-trigger\" title=\"Sort\">\n                    <i class=\"fa-light fa-arrow-up-wide-short\"><\/i>\n                <\/button>\n                <div class=\"tsc-sort-panel\" hidden>\n                    <div class=\"tsc-sort-item tsc-sort-active\" data-value=\"default\">\n                        Default order                    <\/div>\n                    <div class=\"tsc-sort-item\" data-value=\"title\">A \u2192 Z<\/div>\n                    <div class=\"tsc-sort-item\" data-value=\"title-desc\">Z \u2192 A<\/div>\n                    <div class=\"tsc-sort-item\" data-value=\"date\">Most recent<\/div>\n                                    <\/div>\n            <\/div>\n                    <\/div>\n\n        <!-- Filtres avanc\u00e9s (h\u00e9bergements) -->\n                <div class=\"tsc-filters-advanced\" style=\"display:none;\">\n            <div class=\"tsc-filter-row\">\n                <label class=\"tsc-checkbox-filter\">\n                    <input type=\"checkbox\" data-filter=\"animaux\"> <i class=\"fa-solid fa-paw\"><\/i> Pets allowed                <\/label>\n                <label class=\"tsc-checkbox-filter\">\n                    <input type=\"checkbox\" data-filter=\"piscine\"> <i class=\"fa-solid fa-water-ladder\"><\/i> Swimming pool                <\/label>\n            <\/div>\n        <\/div>\n        <button class=\"tsc-toggle-advanced\">\n            <i class=\"fa-solid fa-sliders\"><\/i> More filters        <\/button>\n        \n        <!-- Filtres avanc\u00e9s (services : type de cuisine) -->\n            <\/div>\n    \n    <!-- \u2550\u2550\u2550 CONTENU \u2550\u2550\u2550 -->\n                <!-- MODE NORMAL -->\n        <div class=\"tsc-results-count\">\n            <span class=\"tsc-count-number\">2<\/span> result(s)        <\/div>\n        <div class=\"tsc-cards-grid tsc-cols-3\">\n            \n<article class=\"tsc-card tsc-card-design\" data-id=\"77704\">\n    <a href=\"https:\/\/aspres-thuir.com\/en\/hebergement\/evasion-soleil-mer-et-montagne\/\" class=\"tsc-card-link\">\n        <div class=\"tsc-card-image\">\n                            <img decoding=\"async\" src=\"https:\/\/cdt66.media.tourinsoft.eu\/upload\/0C37F269-1CBA-4567-BB91-6114F6B3DF81.jpeg\"\n                     alt=\"EVASION SOLEIL MER ET MONTAGNE\" loading=\"lazy\">\n            \n            \n                    <\/div>\n\n        <div class=\"tsc-card-body\">\n            <div class=\"tsc-card-header\">\n                <h3 class=\"tsc-card-title\">EVASION SOLEIL MER ET MONTAGNE<\/h3>\n                                    <span class=\"tsc-card-type-pill\">Meubl\u00e9s<\/span>\n                            <\/div>\n\n                            <p class=\"tsc-card-commune\"><i class=\"fa-solid fa-location-dot\"><\/i> THUIR<\/p>\n            \n                        <div class=\"tsc-card-pills\">\n                <div class=\"tsc-pills-left\">\n                                            <span class=\"tsc-pill\"><i class=\"fa-solid fa-user-group\"><\/i> 6 pers.<\/span>\n                                                                                                                    <\/div>\n                            <\/div>\n                    <\/div>\n    <\/a>\n<\/article>\n\n<article class=\"tsc-card tsc-card-design\" data-id=\"77703\">\n    <a href=\"https:\/\/aspres-thuir.com\/en\/hebergement\/chateau-de-sau\/\" class=\"tsc-card-link\">\n        <div class=\"tsc-card-image\">\n                            <img decoding=\"async\" src=\"https:\/\/cdt66.media.tourinsoft.eu\/upload\/Aspres-Thuir-Domaine-de-Sau-1.jpg\"\n                     alt=\"CH\u00c2TEAU DE SA\u00dc\" loading=\"lazy\">\n            \n            \n                    <\/div>\n\n        <div class=\"tsc-card-body\">\n            <div class=\"tsc-card-header\">\n                <h3 class=\"tsc-card-title\">CH\u00c2TEAU DE SA\u00dc<\/h3>\n                                    <span class=\"tsc-card-type-pill\">Meubl\u00e9s<\/span>\n                            <\/div>\n\n                            <p class=\"tsc-card-commune\"><i class=\"fa-solid fa-location-dot\"><\/i> THUIR<\/p>\n            \n                        <div class=\"tsc-card-pills\">\n                <div class=\"tsc-pills-left\">\n                                            <span class=\"tsc-pill\"><i class=\"fa-solid fa-user-group\"><\/i> 28 pers.<\/span>\n                                                                <span class=\"tsc-pill\"><i class=\"fa-solid fa-bed\"><\/i> 13 rm.<\/span>\n                                                                                                <\/div>\n                                    <span class=\"tsc-card-price-tag\">from 10 780\u20ac<\/span>\n                            <\/div>\n                    <\/div>\n    <\/a>\n<\/article>\n        <\/div>\n\n                \n    <div class=\"tsc-loader\" style=\"display:none;\">\n        <div class=\"tsc-spinner\"><\/div>\n    <\/div>\n<\/div>\n\n","protected":false},"excerpt":{"rendered":"<p>Here you will find a wide choice of furnished accommodation in the Aspres.<\/p>\n","protected":false},"author":2,"featured_media":30174,"parent":0,"menu_order":0,"comment_status":"closed","ping_status":"closed","template":"","meta":{"_acf_changed":false,"_et_pb_use_builder":"","_et_pb_old_content":"","_et_gb_content_width":"","footnotes":""},"class_list":["post-24723","page","type-page","status-publish","has-post-thumbnail","hentry"],"acf":[],"yoast_head":"<!-- This site is optimized with the Yoast SEO plugin v26.9 - https:\/\/yoast.com\/product\/yoast-seo-wordpress\/ -->\n<title>Unclassified furnished - Office de Tourisme Aspres-Thuir<\/title>\n<meta name=\"robots\" content=\"index, follow, max-snippet:-1, max-image-preview:large, max-video-preview:-1\" \/>\n<link rel=\"canonical\" href=\"https:\/\/aspres-thuir.com\/en\/unclassified-furnished\/\" \/>\n<meta property=\"og:locale\" content=\"en_US\" \/>\n<meta property=\"og:type\" content=\"article\" \/>\n<meta property=\"og:title\" content=\"Unclassified furnished - Office de Tourisme Aspres-Thuir\" \/>\n<meta property=\"og:description\" content=\"Here you will find a wide choice of furnished accommodation in the Aspres.\" \/>\n<meta property=\"og:site_name\" content=\"Office de Tourisme Aspres-Thuir\" \/>\n<meta property=\"article:modified_time\" content=\"2026-03-19T12:06:16+00:00\" \/>\n<meta property=\"og:image\" content=\"https:\/\/aspres-thuir.com\/wp-content\/uploads\/2022\/02\/deborah-cortelazzi-gREquCUXQLI-unsplash-scaled-e1645458496248.jpg\" \/>\n\t<meta property=\"og:image:width\" content=\"2880\" \/>\n\t<meta property=\"og:image:height\" content=\"1921\" \/>\n\t<meta property=\"og:image:type\" content=\"image\/jpeg\" \/>\n<meta name=\"twitter:card\" content=\"summary_large_image\" \/>\n<meta name=\"twitter:label1\" content=\"Est. reading time\" \/>\n\t<meta name=\"twitter:data1\" content=\"1 minute\" \/>\n<script type=\"application\/ld+json\" class=\"yoast-schema-graph\">{\"@context\":\"https:\/\/schema.org\",\"@graph\":[{\"@type\":\"WebPage\",\"@id\":\"https:\/\/aspres-thuir.com\/en\/unclassified-furnished\/\",\"url\":\"https:\/\/aspres-thuir.com\/en\/unclassified-furnished\/\",\"name\":\"Unclassified furnished - Office de Tourisme Aspres-Thuir\",\"isPartOf\":{\"@id\":\"https:\/\/aspres-thuir.com\/en\/#website\"},\"primaryImageOfPage\":{\"@id\":\"https:\/\/aspres-thuir.com\/en\/unclassified-furnished\/#primaryimage\"},\"image\":{\"@id\":\"https:\/\/aspres-thuir.com\/en\/unclassified-furnished\/#primaryimage\"},\"thumbnailUrl\":\"https:\/\/aspres-thuir.com\/wp-content\/uploads\/2022\/02\/deborah-cortelazzi-gREquCUXQLI-unsplash-scaled-e1645458496248.jpg\",\"datePublished\":\"2021-07-05T09:34:24+00:00\",\"dateModified\":\"2026-03-19T12:06:16+00:00\",\"breadcrumb\":{\"@id\":\"https:\/\/aspres-thuir.com\/en\/unclassified-furnished\/#breadcrumb\"},\"inLanguage\":\"en-US\",\"potentialAction\":[{\"@type\":\"ReadAction\",\"target\":[\"https:\/\/aspres-thuir.com\/en\/unclassified-furnished\/\"]}]},{\"@type\":\"ImageObject\",\"inLanguage\":\"en-US\",\"@id\":\"https:\/\/aspres-thuir.com\/en\/unclassified-furnished\/#primaryimage\",\"url\":\"https:\/\/aspres-thuir.com\/wp-content\/uploads\/2022\/02\/deborah-cortelazzi-gREquCUXQLI-unsplash-scaled-e1645458496248.jpg\",\"contentUrl\":\"https:\/\/aspres-thuir.com\/wp-content\/uploads\/2022\/02\/deborah-cortelazzi-gREquCUXQLI-unsplash-scaled-e1645458496248.jpg\",\"width\":2880,\"height\":1921},{\"@type\":\"BreadcrumbList\",\"@id\":\"https:\/\/aspres-thuir.com\/en\/unclassified-furnished\/#breadcrumb\",\"itemListElement\":[{\"@type\":\"ListItem\",\"position\":1,\"name\":\"\",\"item\":\"https:\/\/aspres-thuir.com\/en\/\"},{\"@type\":\"ListItem\",\"position\":2,\"name\":\"Unclassified furnished\"}]},{\"@type\":\"WebSite\",\"@id\":\"https:\/\/aspres-thuir.com\/en\/#website\",\"url\":\"https:\/\/aspres-thuir.com\/en\/\",\"name\":\"Office de Tourisme Aspres-Thuir\",\"description\":\"\",\"potentialAction\":[{\"@type\":\"SearchAction\",\"target\":{\"@type\":\"EntryPoint\",\"urlTemplate\":\"https:\/\/aspres-thuir.com\/en\/?s={search_term_string}\"},\"query-input\":{\"@type\":\"PropertyValueSpecification\",\"valueRequired\":true,\"valueName\":\"search_term_string\"}}],\"inLanguage\":\"en-US\"}]}<\/script>\n<!-- \/ Yoast SEO plugin. -->","yoast_head_json":{"title":"Unclassified furnished - Office de Tourisme Aspres-Thuir","robots":{"index":"index","follow":"follow","max-snippet":"max-snippet:-1","max-image-preview":"max-image-preview:large","max-video-preview":"max-video-preview:-1"},"canonical":"https:\/\/aspres-thuir.com\/en\/unclassified-furnished\/","og_locale":"en_US","og_type":"article","og_title":"Unclassified furnished - Office de Tourisme Aspres-Thuir","og_description":"Here you will find a wide choice of furnished accommodation in the Aspres.","og_site_name":"Office de Tourisme Aspres-Thuir","article_modified_time":"2026-03-19T12:06:16+00:00","og_image":[{"width":2880,"height":1921,"url":"https:\/\/aspres-thuir.com\/wp-content\/uploads\/2022\/02\/deborah-cortelazzi-gREquCUXQLI-unsplash-scaled-e1645458496248.jpg","type":"image\/jpeg"}],"twitter_card":"summary_large_image","twitter_misc":{"Est. reading time":"1 minute"},"schema":{"@context":"https:\/\/schema.org","@graph":[{"@type":"WebPage","@id":"https:\/\/aspres-thuir.com\/en\/unclassified-furnished\/","url":"https:\/\/aspres-thuir.com\/en\/unclassified-furnished\/","name":"Unclassified furnished - Office de Tourisme Aspres-Thuir","isPartOf":{"@id":"https:\/\/aspres-thuir.com\/en\/#website"},"primaryImageOfPage":{"@id":"https:\/\/aspres-thuir.com\/en\/unclassified-furnished\/#primaryimage"},"image":{"@id":"https:\/\/aspres-thuir.com\/en\/unclassified-furnished\/#primaryimage"},"thumbnailUrl":"https:\/\/aspres-thuir.com\/wp-content\/uploads\/2022\/02\/deborah-cortelazzi-gREquCUXQLI-unsplash-scaled-e1645458496248.jpg","datePublished":"2021-07-05T09:34:24+00:00","dateModified":"2026-03-19T12:06:16+00:00","breadcrumb":{"@id":"https:\/\/aspres-thuir.com\/en\/unclassified-furnished\/#breadcrumb"},"inLanguage":"en-US","potentialAction":[{"@type":"ReadAction","target":["https:\/\/aspres-thuir.com\/en\/unclassified-furnished\/"]}]},{"@type":"ImageObject","inLanguage":"en-US","@id":"https:\/\/aspres-thuir.com\/en\/unclassified-furnished\/#primaryimage","url":"https:\/\/aspres-thuir.com\/wp-content\/uploads\/2022\/02\/deborah-cortelazzi-gREquCUXQLI-unsplash-scaled-e1645458496248.jpg","contentUrl":"https:\/\/aspres-thuir.com\/wp-content\/uploads\/2022\/02\/deborah-cortelazzi-gREquCUXQLI-unsplash-scaled-e1645458496248.jpg","width":2880,"height":1921},{"@type":"BreadcrumbList","@id":"https:\/\/aspres-thuir.com\/en\/unclassified-furnished\/#breadcrumb","itemListElement":[{"@type":"ListItem","position":1,"name":"","item":"https:\/\/aspres-thuir.com\/en\/"},{"@type":"ListItem","position":2,"name":"Unclassified furnished"}]},{"@type":"WebSite","@id":"https:\/\/aspres-thuir.com\/en\/#website","url":"https:\/\/aspres-thuir.com\/en\/","name":"Office de Tourisme Aspres-Thuir","description":"","potentialAction":[{"@type":"SearchAction","target":{"@type":"EntryPoint","urlTemplate":"https:\/\/aspres-thuir.com\/en\/?s={search_term_string}"},"query-input":{"@type":"PropertyValueSpecification","valueRequired":true,"valueName":"search_term_string"}}],"inLanguage":"en-US"}]}},"_links":{"self":[{"href":"https:\/\/aspres-thuir.com\/en\/wp-json\/wp\/v2\/pages\/24723","targetHints":{"allow":["GET"]}}],"collection":[{"href":"https:\/\/aspres-thuir.com\/en\/wp-json\/wp\/v2\/pages"}],"about":[{"href":"https:\/\/aspres-thuir.com\/en\/wp-json\/wp\/v2\/types\/page"}],"author":[{"embeddable":true,"href":"https:\/\/aspres-thuir.com\/en\/wp-json\/wp\/v2\/users\/2"}],"replies":[{"embeddable":true,"href":"https:\/\/aspres-thuir.com\/en\/wp-json\/wp\/v2\/comments?post=24723"}],"version-history":[{"count":0,"href":"https:\/\/aspres-thuir.com\/en\/wp-json\/wp\/v2\/pages\/24723\/revisions"}],"wp:featuredmedia":[{"embeddable":true,"href":"https:\/\/aspres-thuir.com\/en\/wp-json\/wp\/v2\/media\/30174"}],"wp:attachment":[{"href":"https:\/\/aspres-thuir.com\/en\/wp-json\/wp\/v2\/media?parent=24723"}],"curies":[{"name":"wp","href":"https:\/\/api.w.org\/{rel}","templated":true}]}}