{"id":24731,"date":"2021-07-05T14:53:23","date_gmt":"2021-07-05T13:53:23","guid":{"rendered":"https:\/\/aspres-thuir.com\/restauration\/"},"modified":"2026-03-19T13:13:13","modified_gmt":"2026-03-19T12:13:13","slug":"restoration","status":"publish","type":"page","link":"https:\/\/aspres-thuir.com\/en\/restoration\/","title":{"rendered":"Restoration"},"content":{"rendered":"\n<p>Whether you are looking for local or gourmet cuisine, fine gourmets and lovers of local products, stop off at one of our restaurants, they will be the ideal place to discover the gastronomy and specialties of our region.<br>To fully savor the Aspres, go to one of our restaurants.<\/p>\n\n\n\n<p>Take your pick and enjoy!<\/p>\n\n\n\n<div class=\"tsc-listing-wrap \" data-feed=\"services\" data-per-page=\"12\" data-columns=\"3\" data-listing-mode=\"infinite\" data-filter-layout=\"horizontal\"  data-locked-category=\"restaurant,restauration,rapide,bar,bar-restaurant,hotel-restaurant,pizza-a-emporter\" >\n\n    <!-- \u2550\u2550\u2550 MODE WIDGET \u2550\u2550\u2550 -->\n    \n                <div class=\"tsc-filters \">\n\n        \n        <div class=\"tsc-filters-bar\">\n\n            <!-- Recherche -->\n            <div class=\"tsc-filter-group tsc-filter-search\">\n                <input type=\"text\" class=\"tsc-filter-input\" data-filter=\"search\" placeholder=\"Search...\">\n                <i class=\"fa-solid fa-magnifying-glass\"><\/i>\n            <\/div>\n\n            <!-- Cat\u00e9gorie (dropdown multi-s\u00e9lection) -->\n                        <div class=\"tsc-filter-group tsc-multi-drop\">\n                <input type=\"hidden\" data-filter=\"category\" value=\"\">\n                <button type=\"button\" class=\"tsc-md-trigger\">\n                    <span class=\"tsc-md-label\">All categories<\/span>\n                    <i class=\"fa-solid fa-chevron-down tsc-md-arrow\"><\/i>\n                <\/button>\n                <div class=\"tsc-md-panel\" hidden\n                     data-all-label=\"All categories\"\n                     data-count-tpl=\"%d categories\">\n                    <label class=\"tsc-md-item tsc-md-item-all\">\n                        <input type=\"checkbox\" class=\"tsc-md-check-all\"  checked='checked'>\n                        <span>All categories<\/span>\n                    <\/label>\n                                                            <label class=\"tsc-md-item\">\n                        <input type=\"checkbox\" class=\"tsc-md-check\" value=\"bar\"\n                               data-label=\"Bar\"\n                               >\n                        <span>Bar <span class=\"tsc-md-count\">(3)<\/span><\/span>\n                    <\/label>\n                                        <label class=\"tsc-md-item\">\n                        <input type=\"checkbox\" class=\"tsc-md-check\" value=\"bar-restaurant\"\n                               data-label=\"Bar-restaurant\"\n                               >\n                        <span>Bar-restaurant <span class=\"tsc-md-count\">(6)<\/span><\/span>\n                    <\/label>\n                                        <label class=\"tsc-md-item\">\n                        <input type=\"checkbox\" class=\"tsc-md-check\" value=\"hotel-restaurant\"\n                               data-label=\"Hotel-restaurant\"\n                               >\n                        <span>Hotel-restaurant <span class=\"tsc-md-count\">(2)<\/span><\/span>\n                    <\/label>\n                                        <label class=\"tsc-md-item\">\n                        <input type=\"checkbox\" class=\"tsc-md-check\" value=\"pizza-a-emporter\"\n                               data-label=\"Pizza \u00e0 emporter\"\n                               >\n                        <span>Pizza \u00e0 emporter <span class=\"tsc-md-count\">(2)<\/span><\/span>\n                    <\/label>\n                                        <label class=\"tsc-md-item\">\n                        <input type=\"checkbox\" class=\"tsc-md-check\" value=\"restaurant\"\n                               data-label=\"Restaurant\"\n                               >\n                        <span>Restaurant <span class=\"tsc-md-count\">(18)<\/span><\/span>\n                    <\/label>\n                                    <\/div>\n            <\/div>\n            \n            <!-- Classement \u00e9toiles\/\u00e9pis (h\u00e9bergements) \u2014 dropdown multi-s\u00e9lection -->\n            \n            <!-- Commune (dropdown unifi\u00e9) -->\n            \n            <!-- Label (dropdown unifi\u00e9) -->\n            \n            <!-- Tri \u2014 ic\u00f4ne en fin de barre (PAS pour les \u00e9v\u00e9nements, PAS en vertical car d\u00e9j\u00e0 dans le header) -->\n                        <div class=\"tsc-filter-group tsc-sort-wrap\">\n                <input type=\"hidden\" data-filter=\"orderby\" value=\"default\">\n                <button type=\"button\" class=\"tsc-sort-trigger\" title=\"Sort\">\n                    <i class=\"fa-light fa-arrow-up-wide-short\"><\/i>\n                <\/button>\n                <div class=\"tsc-sort-panel\" hidden>\n                    <div class=\"tsc-sort-item tsc-sort-active\" data-value=\"default\">\n                        Random                    <\/div>\n                    <div class=\"tsc-sort-item\" data-value=\"title\">A \u2192 Z<\/div>\n                    <div class=\"tsc-sort-item\" data-value=\"title-desc\">Z \u2192 A<\/div>\n                    <div class=\"tsc-sort-item\" data-value=\"date\">Most recent<\/div>\n                                        <div class=\"tsc-sort-item\" data-value=\"rand\">Random<\/div>\n                                    <\/div>\n            <\/div>\n                    <\/div>\n\n        <!-- Filtres avanc\u00e9s (h\u00e9bergements) -->\n        \n        <!-- Filtres avanc\u00e9s (services : type de cuisine) -->\n                            <\/div>\n    \n    \n    <!-- \u2550\u2550\u2550 CONTENU \u2550\u2550\u2550 -->\n                <!-- MODE NORMAL -->\n        <div class=\"tsc-results-count\">\n            <span class=\"tsc-count-number\">31<\/span> result(s)        <\/div>\n        <div class=\"tsc-cards-grid tsc-cols-3\">\n            \n<article class=\"tsc-card tsc-card-design\" data-id=\"82723\">\n    <a href=\"https:\/\/aspres-thuir.com\/en\/service\/restaurant-la-poterie\/\" class=\"tsc-card-link\">\n        <div class=\"tsc-card-image\">\n                            <img decoding=\"async\" src=\"https:\/\/cdt66.media.tourinsoft.eu\/upload\/Aspres-Castelnou-Restaurant-La-Poterie.jpg\"\n                     alt=\"RESTAURANT LA POTERIE\" loading=\"lazy\">\n            \n            \n                    <\/div>\n\n        <div class=\"tsc-card-body\">\n            <div class=\"tsc-card-header\">\n                <h3 class=\"tsc-card-title\">RESTAURANT LA POTERIE<\/h3>\n                                    <span class=\"tsc-card-type-pill\">Restaurant<\/span>\n                            <\/div>\n\n            \n                    <\/div>\n    <\/a>\n<\/article>\n\n<article class=\"tsc-card tsc-card-design\" data-id=\"82711\">\n    <a href=\"https:\/\/aspres-thuir.com\/en\/service\/bella-cosa\/\" class=\"tsc-card-link\">\n        <div class=\"tsc-card-image\">\n                            <img decoding=\"async\" src=\"https:\/\/cdt66.media.tourinsoft.eu\/upload\/LA-POPOTE-AVRIL-2024--2-.JPG\"\n                     alt=\"BELLA COSA\" loading=\"lazy\">\n            \n            \n                    <\/div>\n\n        <div class=\"tsc-card-body\">\n            <div class=\"tsc-card-header\">\n                <h3 class=\"tsc-card-title\">BELLA COSA<\/h3>\n                                    <span class=\"tsc-card-type-pill\">Restaurant<\/span>\n                            <\/div>\n\n            \n                    <\/div>\n    <\/a>\n<\/article>\n\n<article class=\"tsc-card tsc-card-design\" data-id=\"82727\">\n    <a href=\"https:\/\/aspres-thuir.com\/en\/service\/mas-del-gall\/\" class=\"tsc-card-link\">\n        <div class=\"tsc-card-image\">\n                            <img decoding=\"async\" src=\"https:\/\/cdt66.media.tourinsoft.eu\/upload\/Aspres-Castelnou-Mas-del-Gall-3.jpg\"\n                     alt=\"MAS DEL GALL\" loading=\"lazy\">\n            \n            \n                    <\/div>\n\n        <div class=\"tsc-card-body\">\n            <div class=\"tsc-card-header\">\n                <h3 class=\"tsc-card-title\">MAS DEL GALL<\/h3>\n                                    <span class=\"tsc-card-type-pill\">Restaurant<\/span>\n                            <\/div>\n\n            \n                    <\/div>\n    <\/a>\n<\/article>\n\n<article class=\"tsc-card tsc-card-design\" data-id=\"82702\">\n    <a href=\"https:\/\/aspres-thuir.com\/en\/service\/numero-7\/\" class=\"tsc-card-link\">\n        <div class=\"tsc-card-image\">\n                            <img decoding=\"async\" src=\"https:\/\/cdt66.media.tourinsoft.eu\/upload\/Aspres-Thuir-Restaurant-le-7-Bar-1.JPG\"\n                     alt=\"NUMERO 7\" loading=\"lazy\">\n            \n            \n                    <\/div>\n\n        <div class=\"tsc-card-body\">\n            <div class=\"tsc-card-header\">\n                <h3 class=\"tsc-card-title\">NUMERO 7<\/h3>\n                                    <span class=\"tsc-card-type-pill\">Bar-restaurant<\/span>\n                            <\/div>\n\n            \n                    <\/div>\n    <\/a>\n<\/article>\n\n<article class=\"tsc-card tsc-card-design\" data-id=\"82719\">\n    <a href=\"https:\/\/aspres-thuir.com\/en\/service\/bistrot-de-llauro\/\" class=\"tsc-card-link\">\n        <div class=\"tsc-card-image\">\n                            <img decoding=\"async\" src=\"https:\/\/cdt66.media.tourinsoft.eu\/upload\/Aspres-Llauro-Restaurant-La-table-2.jpg\"\n                     alt=\"BISTROT DE LLAURO\" loading=\"lazy\">\n            \n            \n                    <\/div>\n\n        <div class=\"tsc-card-body\">\n            <div class=\"tsc-card-header\">\n                <h3 class=\"tsc-card-title\">BISTROT DE LLAURO<\/h3>\n                                    <span class=\"tsc-card-type-pill\">Bar-restaurant<\/span>\n                            <\/div>\n\n            \n                    <\/div>\n    <\/a>\n<\/article>\n\n<article class=\"tsc-card tsc-card-design\" data-id=\"82721\">\n    <a href=\"https:\/\/aspres-thuir.com\/en\/service\/entre-parentheses-le-cafe-brocante-de-thuir\/\" class=\"tsc-card-link\">\n        <div class=\"tsc-card-image\">\n                            <img decoding=\"async\" src=\"https:\/\/cdt66.media.tourinsoft.eu\/upload\/DSC-0601.JPG\"\n                     alt=\"ENTRE PARENTHESES &#8211; LE CAFE BROCANTE DE THUIR\" loading=\"lazy\">\n            \n            \n                    <\/div>\n\n        <div class=\"tsc-card-body\">\n            <div class=\"tsc-card-header\">\n                <h3 class=\"tsc-card-title\">ENTRE PARENTHESES &#8211; LE CAFE BROCANTE DE THUIR<\/h3>\n                                    <span class=\"tsc-card-type-pill\">Bar<\/span>\n                            <\/div>\n\n            \n                    <\/div>\n    <\/a>\n<\/article>\n\n<article class=\"tsc-card tsc-card-design\" data-id=\"81776\">\n    <a href=\"https:\/\/aspres-thuir.com\/en\/service\/la-baraka\/\" class=\"tsc-card-link\">\n        <div class=\"tsc-card-image\">\n                            <div class=\"tsc-card-no-image\"><i class=\"fa-regular fa-image\"><\/i><\/div>\n            \n            \n                    <\/div>\n\n        <div class=\"tsc-card-body\">\n            <div class=\"tsc-card-header\">\n                <h3 class=\"tsc-card-title\">LA BARAKA<\/h3>\n                                    <span class=\"tsc-card-type-pill\">Pizza \u00e0 emporter<\/span>\n                            <\/div>\n\n            \n                    <\/div>\n    <\/a>\n<\/article>\n\n<article class=\"tsc-card tsc-card-design\" data-id=\"82705\">\n    <a href=\"https:\/\/aspres-thuir.com\/en\/service\/cafe-de-france\/\" class=\"tsc-card-link\">\n        <div class=\"tsc-card-image\">\n                            <div class=\"tsc-card-no-image\"><i class=\"fa-regular fa-image\"><\/i><\/div>\n            \n            \n                    <\/div>\n\n        <div class=\"tsc-card-body\">\n            <div class=\"tsc-card-header\">\n                <h3 class=\"tsc-card-title\">CAF\u00c9 DE FRANCE<\/h3>\n                                    <span class=\"tsc-card-type-pill\">Bar<\/span>\n                            <\/div>\n\n            \n                    <\/div>\n    <\/a>\n<\/article>\n\n<article class=\"tsc-card tsc-card-design\" data-id=\"82704\">\n    <a href=\"https:\/\/aspres-thuir.com\/en\/service\/bar-de-letoile\/\" class=\"tsc-card-link\">\n        <div class=\"tsc-card-image\">\n                            <div class=\"tsc-card-no-image\"><i class=\"fa-regular fa-image\"><\/i><\/div>\n            \n            \n                    <\/div>\n\n        <div class=\"tsc-card-body\">\n            <div class=\"tsc-card-header\">\n                <h3 class=\"tsc-card-title\">BAR DE L&#8217;ETOILE<\/h3>\n                                    <span class=\"tsc-card-type-pill\">Bar<\/span>\n                            <\/div>\n\n            \n                    <\/div>\n    <\/a>\n<\/article>\n\n<article class=\"tsc-card tsc-card-design\" data-id=\"82691\">\n    <a href=\"https:\/\/aspres-thuir.com\/en\/service\/lhostal\/\" class=\"tsc-card-link\">\n        <div class=\"tsc-card-image\">\n                            <img decoding=\"async\" src=\"https:\/\/cdt66.media.tourinsoft.eu\/upload\/Aspres-Castelnou-Hostal-terrasse.JPG\"\n                     alt=\"L&#8217;HOSTAL\" loading=\"lazy\">\n            \n            \n                    <\/div>\n\n        <div class=\"tsc-card-body\">\n            <div class=\"tsc-card-header\">\n                <h3 class=\"tsc-card-title\">L&#8217;HOSTAL<\/h3>\n                                    <span class=\"tsc-card-type-pill\">Bar-restaurant<\/span>\n                            <\/div>\n\n            \n                    <\/div>\n    <\/a>\n<\/article>\n\n<article class=\"tsc-card tsc-card-design\" data-id=\"82706\">\n    <a href=\"https:\/\/aspres-thuir.com\/en\/service\/moana-nui\/\" class=\"tsc-card-link\">\n        <div class=\"tsc-card-image\">\n                            <img decoding=\"async\" src=\"https:\/\/cdt66.media.tourinsoft.eu\/upload\/IMG-8810.jpg\"\n                     alt=\"MOANA NUI\" loading=\"lazy\">\n            \n            \n                    <\/div>\n\n        <div class=\"tsc-card-body\">\n            <div class=\"tsc-card-header\">\n                <h3 class=\"tsc-card-title\">MOANA NUI<\/h3>\n                                    <span class=\"tsc-card-type-pill\">Restaurant<\/span>\n                            <\/div>\n\n            \n                    <\/div>\n    <\/a>\n<\/article>\n\n<article class=\"tsc-card tsc-card-design\" data-id=\"82703\">\n    <a href=\"https:\/\/aspres-thuir.com\/en\/service\/hotel-la-garenne\/\" class=\"tsc-card-link\">\n        <div class=\"tsc-card-image\">\n                            <img decoding=\"async\" src=\"https:\/\/cdt66.media.tourinsoft.eu\/upload\/Aspres-Torderes-La-Garenne-2-2.jpg\"\n                     alt=\"HOTEL LA GARENNE\" loading=\"lazy\">\n            \n            \n                    <\/div>\n\n        <div class=\"tsc-card-body\">\n            <div class=\"tsc-card-header\">\n                <h3 class=\"tsc-card-title\">HOTEL LA GARENNE<\/h3>\n                                    <span class=\"tsc-card-type-pill\">Hotel-restaurant<\/span>\n                            <\/div>\n\n            \n                    <\/div>\n    <\/a>\n<\/article>\n        <\/div>\n\n                <div class=\"tsc-infinite-sentinel\" data-total-pages=\"3\" data-current-page=\"1\">\n            <div class=\"tsc-infinite-loader\" style=\"display:none;\">\n                <div class=\"tsc-spinner\"><\/div>\n                <span>Loading\u2026<\/span>\n            <\/div>\n            <div class=\"tsc-infinite-end\" style=\"display:none;\">\n                <span>All results displayed<\/span>\n            <\/div>\n        <\/div>\n                \n    \n    <div class=\"tsc-loader\" style=\"display:none;\">\n        <div class=\"tsc-spinner\"><\/div>\n    <\/div>\n<\/div>\n\n","protected":false},"excerpt":{"rendered":"<p>Whether you are looking for local or gourmet cuisine, fine gourmets and lovers of local products, stop off at one of our restaurants, they will be the ideal place to discover the gastronomy and specialties of our region.To fully savor the Aspres, go to one of our restaurants. Take your pick and enjoy!<\/p>\n","protected":false},"author":2,"featured_media":30092,"parent":0,"menu_order":0,"comment_status":"closed","ping_status":"closed","template":"","meta":{"_acf_changed":false,"_et_pb_use_builder":"","_et_pb_old_content":"","_et_gb_content_width":"","footnotes":""},"class_list":["post-24731","page","type-page","status-publish","has-post-thumbnail","hentry"],"acf":[],"yoast_head":"<!-- This site is optimized with the Yoast SEO plugin v26.9 - https:\/\/yoast.com\/product\/yoast-seo-wordpress\/ -->\n<title>Restoration - Office de Tourisme Aspres-Thuir<\/title>\n<meta name=\"robots\" content=\"index, follow, max-snippet:-1, max-image-preview:large, max-video-preview:-1\" \/>\n<link rel=\"canonical\" href=\"https:\/\/aspres-thuir.com\/en\/restoration\/\" \/>\n<meta property=\"og:locale\" content=\"en_US\" \/>\n<meta property=\"og:type\" content=\"article\" \/>\n<meta property=\"og:title\" content=\"Restoration - Office de Tourisme Aspres-Thuir\" \/>\n<meta property=\"og:description\" content=\"Whether you are looking for local or gourmet cuisine, fine gourmets and lovers of local products, stop off at one of our restaurants, they will be the ideal place to discover the gastronomy and specialties of our region.To fully savor the Aspres, go to one of our restaurants. Take your pick and enjoy!\" \/>\n<meta property=\"og:site_name\" content=\"Office de Tourisme Aspres-Thuir\" \/>\n<meta property=\"article:modified_time\" content=\"2026-03-19T12:13:13+00:00\" \/>\n<meta property=\"og:image\" content=\"https:\/\/aspres-thuir.com\/wp-content\/uploads\/2022\/02\/ali-inay-y3aP9oo9Pjc-unsplash-scaled-e1645454707936.jpg\" \/>\n\t<meta property=\"og:image:width\" content=\"2880\" \/>\n\t<meta property=\"og:image:height\" content=\"1620\" \/>\n\t<meta property=\"og:image:type\" content=\"image\/jpeg\" \/>\n<meta name=\"twitter:card\" content=\"summary_large_image\" \/>\n<meta name=\"twitter:label1\" content=\"Est. reading time\" \/>\n\t<meta name=\"twitter:data1\" content=\"1 minute\" \/>\n<script type=\"application\/ld+json\" class=\"yoast-schema-graph\">{\"@context\":\"https:\/\/schema.org\",\"@graph\":[{\"@type\":\"WebPage\",\"@id\":\"https:\/\/aspres-thuir.com\/en\/restoration\/\",\"url\":\"https:\/\/aspres-thuir.com\/en\/restoration\/\",\"name\":\"Restoration - Office de Tourisme Aspres-Thuir\",\"isPartOf\":{\"@id\":\"https:\/\/aspres-thuir.com\/en\/#website\"},\"primaryImageOfPage\":{\"@id\":\"https:\/\/aspres-thuir.com\/en\/restoration\/#primaryimage\"},\"image\":{\"@id\":\"https:\/\/aspres-thuir.com\/en\/restoration\/#primaryimage\"},\"thumbnailUrl\":\"https:\/\/aspres-thuir.com\/wp-content\/uploads\/2022\/02\/ali-inay-y3aP9oo9Pjc-unsplash-scaled-e1645454707936.jpg\",\"datePublished\":\"2021-07-05T13:53:23+00:00\",\"dateModified\":\"2026-03-19T12:13:13+00:00\",\"breadcrumb\":{\"@id\":\"https:\/\/aspres-thuir.com\/en\/restoration\/#breadcrumb\"},\"inLanguage\":\"en-US\",\"potentialAction\":[{\"@type\":\"ReadAction\",\"target\":[\"https:\/\/aspres-thuir.com\/en\/restoration\/\"]}]},{\"@type\":\"ImageObject\",\"inLanguage\":\"en-US\",\"@id\":\"https:\/\/aspres-thuir.com\/en\/restoration\/#primaryimage\",\"url\":\"https:\/\/aspres-thuir.com\/wp-content\/uploads\/2022\/02\/ali-inay-y3aP9oo9Pjc-unsplash-scaled-e1645454707936.jpg\",\"contentUrl\":\"https:\/\/aspres-thuir.com\/wp-content\/uploads\/2022\/02\/ali-inay-y3aP9oo9Pjc-unsplash-scaled-e1645454707936.jpg\",\"width\":2880,\"height\":1620},{\"@type\":\"BreadcrumbList\",\"@id\":\"https:\/\/aspres-thuir.com\/en\/restoration\/#breadcrumb\",\"itemListElement\":[{\"@type\":\"ListItem\",\"position\":1,\"name\":\"\",\"item\":\"https:\/\/aspres-thuir.com\/en\/\"},{\"@type\":\"ListItem\",\"position\":2,\"name\":\"Restoration\"}]},{\"@type\":\"WebSite\",\"@id\":\"https:\/\/aspres-thuir.com\/en\/#website\",\"url\":\"https:\/\/aspres-thuir.com\/en\/\",\"name\":\"Office de Tourisme Aspres-Thuir\",\"description\":\"\",\"potentialAction\":[{\"@type\":\"SearchAction\",\"target\":{\"@type\":\"EntryPoint\",\"urlTemplate\":\"https:\/\/aspres-thuir.com\/en\/?s={search_term_string}\"},\"query-input\":{\"@type\":\"PropertyValueSpecification\",\"valueRequired\":true,\"valueName\":\"search_term_string\"}}],\"inLanguage\":\"en-US\"}]}<\/script>\n<!-- \/ Yoast SEO plugin. -->","yoast_head_json":{"title":"Restoration - Office de Tourisme Aspres-Thuir","robots":{"index":"index","follow":"follow","max-snippet":"max-snippet:-1","max-image-preview":"max-image-preview:large","max-video-preview":"max-video-preview:-1"},"canonical":"https:\/\/aspres-thuir.com\/en\/restoration\/","og_locale":"en_US","og_type":"article","og_title":"Restoration - Office de Tourisme Aspres-Thuir","og_description":"Whether you are looking for local or gourmet cuisine, fine gourmets and lovers of local products, stop off at one of our restaurants, they will be the ideal place to discover the gastronomy and specialties of our region.To fully savor the Aspres, go to one of our restaurants. Take your pick and enjoy!","og_site_name":"Office de Tourisme Aspres-Thuir","article_modified_time":"2026-03-19T12:13:13+00:00","og_image":[{"width":2880,"height":1620,"url":"https:\/\/aspres-thuir.com\/wp-content\/uploads\/2022\/02\/ali-inay-y3aP9oo9Pjc-unsplash-scaled-e1645454707936.jpg","type":"image\/jpeg"}],"twitter_card":"summary_large_image","twitter_misc":{"Est. reading time":"1 minute"},"schema":{"@context":"https:\/\/schema.org","@graph":[{"@type":"WebPage","@id":"https:\/\/aspres-thuir.com\/en\/restoration\/","url":"https:\/\/aspres-thuir.com\/en\/restoration\/","name":"Restoration - Office de Tourisme Aspres-Thuir","isPartOf":{"@id":"https:\/\/aspres-thuir.com\/en\/#website"},"primaryImageOfPage":{"@id":"https:\/\/aspres-thuir.com\/en\/restoration\/#primaryimage"},"image":{"@id":"https:\/\/aspres-thuir.com\/en\/restoration\/#primaryimage"},"thumbnailUrl":"https:\/\/aspres-thuir.com\/wp-content\/uploads\/2022\/02\/ali-inay-y3aP9oo9Pjc-unsplash-scaled-e1645454707936.jpg","datePublished":"2021-07-05T13:53:23+00:00","dateModified":"2026-03-19T12:13:13+00:00","breadcrumb":{"@id":"https:\/\/aspres-thuir.com\/en\/restoration\/#breadcrumb"},"inLanguage":"en-US","potentialAction":[{"@type":"ReadAction","target":["https:\/\/aspres-thuir.com\/en\/restoration\/"]}]},{"@type":"ImageObject","inLanguage":"en-US","@id":"https:\/\/aspres-thuir.com\/en\/restoration\/#primaryimage","url":"https:\/\/aspres-thuir.com\/wp-content\/uploads\/2022\/02\/ali-inay-y3aP9oo9Pjc-unsplash-scaled-e1645454707936.jpg","contentUrl":"https:\/\/aspres-thuir.com\/wp-content\/uploads\/2022\/02\/ali-inay-y3aP9oo9Pjc-unsplash-scaled-e1645454707936.jpg","width":2880,"height":1620},{"@type":"BreadcrumbList","@id":"https:\/\/aspres-thuir.com\/en\/restoration\/#breadcrumb","itemListElement":[{"@type":"ListItem","position":1,"name":"","item":"https:\/\/aspres-thuir.com\/en\/"},{"@type":"ListItem","position":2,"name":"Restoration"}]},{"@type":"WebSite","@id":"https:\/\/aspres-thuir.com\/en\/#website","url":"https:\/\/aspres-thuir.com\/en\/","name":"Office de Tourisme Aspres-Thuir","description":"","potentialAction":[{"@type":"SearchAction","target":{"@type":"EntryPoint","urlTemplate":"https:\/\/aspres-thuir.com\/en\/?s={search_term_string}"},"query-input":{"@type":"PropertyValueSpecification","valueRequired":true,"valueName":"search_term_string"}}],"inLanguage":"en-US"}]}},"_links":{"self":[{"href":"https:\/\/aspres-thuir.com\/en\/wp-json\/wp\/v2\/pages\/24731","targetHints":{"allow":["GET"]}}],"collection":[{"href":"https:\/\/aspres-thuir.com\/en\/wp-json\/wp\/v2\/pages"}],"about":[{"href":"https:\/\/aspres-thuir.com\/en\/wp-json\/wp\/v2\/types\/page"}],"author":[{"embeddable":true,"href":"https:\/\/aspres-thuir.com\/en\/wp-json\/wp\/v2\/users\/2"}],"replies":[{"embeddable":true,"href":"https:\/\/aspres-thuir.com\/en\/wp-json\/wp\/v2\/comments?post=24731"}],"version-history":[{"count":0,"href":"https:\/\/aspres-thuir.com\/en\/wp-json\/wp\/v2\/pages\/24731\/revisions"}],"wp:featuredmedia":[{"embeddable":true,"href":"https:\/\/aspres-thuir.com\/en\/wp-json\/wp\/v2\/media\/30092"}],"wp:attachment":[{"href":"https:\/\/aspres-thuir.com\/en\/wp-json\/wp\/v2\/media?parent=24731"}],"curies":[{"name":"wp","href":"https:\/\/api.w.org\/{rel}","templated":true}]}}