{"id":41107,"date":"2022-05-05T16:36:13","date_gmt":"2022-05-05T15:36:13","guid":{"rendered":"https:\/\/aspres-thuir.com\/les-marches\/"},"modified":"2023-01-05T17:11:53","modified_gmt":"2023-01-05T16:11:53","slug":"markets","status":"publish","type":"page","link":"https:\/\/aspres-thuir.com\/en\/markets\/","title":{"rendered":"Markets"},"content":{"rendered":"<p>Vous trouverez les jours de march\u00e9s des diff\u00e9rentes communes des Aspres.<\/p>\n\n\n<div class=\"wp-block-divi-layout\">[et_pb_section fb_built=&#8221;1&#8243; admin_label=&#8221;section&#8221; _builder_version=&#8221;4.16&#8243; global_colors_info=&#8221;{}&#8221;][et_pb_row column_structure=&#8221;1_2,1_2&#8243; admin_label=&#8221;row&#8221; _builder_version=&#8221;4.16&#8243; background_size=&#8221;initial&#8221; background_position=&#8221;top_left&#8221; background_repeat=&#8221;repeat&#8221; global_colors_info=&#8221;{}&#8221;][et_pb_column type=&#8221;1_2&#8243; _builder_version=&#8221;4.17.3&#8243; _module_preset=&#8221;default&#8221; global_colors_info=&#8221;{}&#8221;][et_pb_image src=&#8221;https:\/\/aspres-thuir.com\/wp-content\/uploads\/2022\/05\/thuir.jpg&#8221; title_text=&#8221;thuir&#8221; _builder_version=&#8221;4.17.3&#8243; _module_preset=&#8221;default&#8221; border_radii=&#8221;on|12px|12px|12px|12px&#8221; box_shadow_style=&#8221;preset2&#8243; global_colors_info=&#8221;{}&#8221;][\/et_pb_image][et_pb_image src=&#8221;https:\/\/aspres-thuir.com\/wp-content\/uploads\/2022\/05\/image.jpg&#8221; title_text=&#8221;March\u00e9Thuir&#8221; _builder_version=&#8221;4.17.3&#8243; _module_preset=&#8221;default&#8221; border_radii=&#8221;on|12px|12px|12px|12px&#8221; box_shadow_style=&#8221;preset2&#8243; global_colors_info=&#8221;{}&#8221;][\/et_pb_image][et_pb_image src=&#8221;https:\/\/aspres-thuir.com\/wp-content\/uploads\/2022\/05\/image-1.jpg&#8221; title_text=&#8221;image (1)&#8221; _builder_version=&#8221;4.17.3&#8243; _module_preset=&#8221;default&#8221; border_radii=&#8221;on|12px|12px|12px|12px&#8221; box_shadow_style=&#8221;preset2&#8243; global_colors_info=&#8221;{}&#8221;][\/et_pb_image][et_pb_image src=&#8221;https:\/\/aspres-thuir.com\/wp-content\/uploads\/2022\/05\/image-2.jpg&#8221; title_text=&#8221;image (2)&#8221; _builder_version=&#8221;4.17.3&#8243; _module_preset=&#8221;default&#8221; border_radii=&#8221;on|12px|12px|12px|12px&#8221; box_shadow_style=&#8221;preset2&#8243; global_colors_info=&#8221;{}&#8221;][\/et_pb_image][\/et_pb_column][et_pb_column type=&#8221;1_2&#8243; _builder_version=&#8221;4.17.3&#8243; _module_preset=&#8221;default&#8221; global_colors_info=&#8221;{}&#8221;][et_pb_text _builder_version=&#8221;4.19.2&#8243; _module_preset=&#8221;default&#8221; hover_enabled=&#8221;0&#8243; global_colors_info=&#8221;{}&#8221; sticky_enabled=&#8221;0&#8243;]<h1>Markets of Thuir<\/h1>\n<h3>Market<\/h3>\n<p>THUIR is a city of markets.<\/p>\n<p>Every Saturday morning, the Place de la R\u00e9publique and the adjacent streets host the traditional market, the streets come alive and are invaded by many colorful stalls.<\/p>\n<p>You can find everything there: fruits, vegetables, meats, fish, shellfish, cheeses, clothes, jewellery, books, decorations\u2026.. as well as a large number of local producers and artisans.<\/p>\n<p>&nbsp;<\/p>\n<h3>The spring gourmet market<\/h3>\n<p>On the 1st Sunday of May, around sixty local producers and craftsmen welcome you and offer wines, cheeses, honey, fat&#8230; jewellery, pottery&#8230;<\/p>\n<p>&nbsp;<\/p>\n<h3>Fat fair<\/h3>\n<p>At the beginning of December, the Foire au gras allows you to do your Christmas market with the farmers of the department.<\/p>\n<p>You will find duck in all its forms: foie gras, duck breasts, thighs, confits, terrines, cooked dishes, etc.<\/p>\n<p>But also farm poultry, chickens, guinea fowl, ostriches, capons&#8230;<\/p>\n<p>And more: honey, gingerbread, jams, almonds, fruit, Ros\u00e9e des Pyr\u00e9n\u00e9es veal, snails, pigs, charcuterie, fruit juices, syrups, cheeses from cows, goats and sheep, olive oil, wines, oysters, crisps, mustards\u2026<\/p>\n<p>&nbsp;<\/p>\n<p><strong>Address :<\/strong><\/p>\n<p><span>Boulevard Leon Jean Gr\u00e9gory<\/span><br \/><span>66300 &#8211; Thuir<\/span><\/p>\n<p>&nbsp;<\/p>[\/et_pb_text][\/et_pb_column][\/et_pb_row][et_pb_row _builder_version=&#8221;4.17.4&#8243; _module_preset=&#8221;default&#8221; global_colors_info=&#8221;{}&#8221;][et_pb_column type=&#8221;4_4&#8243; _builder_version=&#8221;4.17.4&#8243; _module_preset=&#8221;default&#8221; global_colors_info=&#8221;{}&#8221;][\/et_pb_column][\/et_pb_row][et_pb_row column_structure=&#8221;1_2,1_2&#8243; admin_label=&#8221;row&#8221; _builder_version=&#8221;4.17.3&#8243; background_size=&#8221;initial&#8221; background_position=&#8221;top_left&#8221; background_repeat=&#8221;repeat&#8221; global_colors_info=&#8221;{}&#8221;][et_pb_column type=&#8221;1_2&#8243; _builder_version=&#8221;4.17.3&#8243; _module_preset=&#8221;default&#8221; global_colors_info=&#8221;{}&#8221;][et_pb_text _builder_version=&#8221;4.19.2&#8243; _module_preset=&#8221;default&#8221; hover_enabled=&#8221;0&#8243; global_colors_info=&#8221;{}&#8221; sticky_enabled=&#8221;0&#8243;]<h1>Markets of Castelnou<\/h1>\n<h3>Small market of farmers and artisans<\/h3>\n<p>In small wooden huts, full of charm, the producers themselves offer you all their excellent products from here: Organic olive oils, snails, fruit juices, &#8220;rousquilles&#8221; and Catalan biscuits, organic bread, jams, fruit and organic vegetables, honey and gingerbread, saffron, organic Roussillon wines, organic natural sweet wines, goat cheeses, terrines and duck foie gras\u2026 but also crafts with jewellery, leather\u2026<\/p>\n<p><strong>Date :<\/strong> Tuesdays from July to mid-September<\/p>\n<p>&nbsp;<\/p>\n<h3>Naughty market<\/h3>\n<p><strong>Date :<\/strong> Mid-February<\/p>\n<p>&nbsp;<\/p>\n<h3>Zen market<\/h3>\n<p><strong>Date :<\/strong> April<\/p>\n<p>&nbsp;<\/p>\n<h3>Farmer&#8217;s Taste Market<\/h3>\n<p>Come and spend an exceptional day sharing with local producers and artisans during the March\u00e9 du Go\u00fbt Fermier!<\/p>\n<p>Walks in the medieval village, to meet its craftsmen and many discoveries. From 9 a.m.: Opening of the market, around thirty local farmers and artisans offer you the best of their land: seasonal fruits and vegetables, jams, fruit juices, olives and olive oils, duck terrines, snails, cheeses , honeys and other sweets, breads, wines and natural sweet wines.<\/p>\n<p>But also pottery, basketry, jewellery, leather goods&#8230; Then Swing musical atmosphere and French songs with the group &#8220;Swing Sam Soul&#8221;.<\/p>\n<p>And also the presence of the sensitive Clown Tango who will animate the market by mixing naivety, tenderness and humor.<\/p>\n<p><strong>Date :<\/strong> October<\/p>\n<p>&nbsp;<\/p>\n<h3>Christmas market for producers and artisans<\/h3>\n<p>Every year in December takes place at the foot of the church a Market of farmers and local artisans who will offer you on the occasion of the end of year celebrations: festive farm products, arts and crafts for your gifts, mulled wine with spices and other characteristic products of our region. Musical atmosphere. In the village: Walks in the medieval village, craft shops and restaurants in the village.<\/p>\n<p><strong>Date :<\/strong> Early December<\/p>\n<p>&nbsp;<\/p>\n<p><strong>Address :<\/strong><\/p>\n<p>At the foot of the church<\/p>\n<p>66300 &#8211; Castelnou<\/p>[\/et_pb_text][\/et_pb_column][et_pb_column type=&#8221;1_2&#8243; _builder_version=&#8221;4.17.3&#8243; _module_preset=&#8221;default&#8221; global_colors_info=&#8221;{}&#8221;][et_pb_image src=&#8221;https:\/\/aspres-thuir.com\/wp-content\/uploads\/2022\/05\/Castelnou.jpg&#8221; title_text=&#8221;Castelnou&#8221; _builder_version=&#8221;4.17.3&#8243; _module_preset=&#8221;default&#8221; border_radii=&#8221;on|12px|12px|12px|12px&#8221; box_shadow_style=&#8221;preset2&#8243; global_colors_info=&#8221;{}&#8221;][\/et_pb_image][et_pb_image src=&#8221;https:\/\/aspres-thuir.com\/wp-content\/uploads\/2022\/04\/20180724-122039-scaled.jpg&#8221; title_text=&#8221;20180724-122039&#8243; _builder_version=&#8221;4.17.3&#8243; _module_preset=&#8221;default&#8221; border_radii=&#8221;on|12px|12px|12px|12px&#8221; box_shadow_style=&#8221;preset2&#8243; global_colors_info=&#8221;{}&#8221;][\/et_pb_image][et_pb_image src=&#8221;https:\/\/aspres-thuir.com\/wp-content\/uploads\/2022\/05\/Capture.png&#8221; title_text=&#8221;Capture&#8221; _builder_version=&#8221;4.17.3&#8243; _module_preset=&#8221;default&#8221; border_radii=&#8221;on|12px|12px|12px|12px&#8221; box_shadow_style=&#8221;preset2&#8243; global_colors_info=&#8221;{}&#8221;][\/et_pb_image][et_pb_image src=&#8221;https:\/\/aspres-thuir.com\/wp-content\/uploads\/2022\/05\/Capture.PNG-2.png&#8221; title_text=&#8221;Capture.PNG 2&#8243; _builder_version=&#8221;4.17.3&#8243; _module_preset=&#8221;default&#8221; border_radii=&#8221;on|12px|12px|12px|12px&#8221; box_shadow_style=&#8221;preset2&#8243; global_colors_info=&#8221;{}&#8221;][\/et_pb_image][\/et_pb_column][\/et_pb_row][et_pb_row _builder_version=&#8221;4.17.4&#8243; _module_preset=&#8221;default&#8221; global_colors_info=&#8221;{}&#8221;][et_pb_column type=&#8221;4_4&#8243; _builder_version=&#8221;4.17.4&#8243; _module_preset=&#8221;default&#8221; global_colors_info=&#8221;{}&#8221;][\/et_pb_column][\/et_pb_row][et_pb_row column_structure=&#8221;1_2,1_2&#8243; admin_label=&#8221;row&#8221; _builder_version=&#8221;4.16&#8243; background_size=&#8221;initial&#8221; background_position=&#8221;top_left&#8221; background_repeat=&#8221;repeat&#8221; global_colors_info=&#8221;{}&#8221;][et_pb_column type=&#8221;1_2&#8243; _builder_version=&#8221;4.17.3&#8243; _module_preset=&#8221;default&#8221; global_colors_info=&#8221;{}&#8221;][et_pb_image src=&#8221;https:\/\/aspres-thuir.com\/wp-content\/uploads\/2022\/05\/marche-tresserre-30.jpg&#8221; title_text=&#8221;oznorCOQR_vivi&#8221; _builder_version=&#8221;4.17.3&#8243; _module_preset=&#8221;default&#8221; border_radii=&#8221;on|12px|12px|12px|12px&#8221; box_shadow_style=&#8221;preset2&#8243; global_colors_info=&#8221;{}&#8221;][\/et_pb_image][\/et_pb_column][et_pb_column type=&#8221;1_2&#8243; _builder_version=&#8221;4.17.3&#8243; _module_preset=&#8221;default&#8221; global_colors_info=&#8221;{}&#8221;][et_pb_text _builder_version=&#8221;4.19.2&#8243; _module_preset=&#8221;default&#8221; hover_enabled=&#8221;0&#8243; global_colors_info=&#8221;{}&#8221; sticky_enabled=&#8221;0&#8243;]<h1>Tressere market<\/h1>\n<h3>Market<\/h3>\n<p>The market is set up every Friday morning from 7:30 a.m. to 12 p.m. in the Espace des Oliviers.<\/p>\n<p>In the event of heavy rain or strong gusts of wind, it will move below the usual space in the courtyard of the Cave aux Contes.<\/p>\n<h3 style=\"text-align: justify;\">Night markets<\/h3>\n<p>The night markets of Tresserre are back this summer!<\/p>\n<p>A summery and festive atmosphere. You will find musical entertainment, crafts and catering.<\/p>\n<p>Every Wednesday, from July 6 from 7 p.m. to midnight.<\/p>\n<p>&nbsp;<\/p>\n<p><strong>Address :\u00a0<\/strong><\/p>\n<p>Square of Olives<\/p>\n<p>66300 &#8211; Tresserre<\/p>\n<p>&nbsp;<\/p>[\/et_pb_text][\/et_pb_column][\/et_pb_row][et_pb_row _builder_version=&#8221;4.17.4&#8243; _module_preset=&#8221;default&#8221; global_colors_info=&#8221;{}&#8221;][et_pb_column type=&#8221;4_4&#8243; _builder_version=&#8221;4.17.4&#8243; _module_preset=&#8221;default&#8221; global_colors_info=&#8221;{}&#8221;][\/et_pb_column][\/et_pb_row][et_pb_row column_structure=&#8221;1_2,1_2&#8243; admin_label=&#8221;row&#8221; _builder_version=&#8221;4.17.3&#8243; background_size=&#8221;initial&#8221; background_position=&#8221;top_left&#8221; background_repeat=&#8221;repeat&#8221; global_colors_info=&#8221;{}&#8221;][et_pb_column type=&#8221;1_2&#8243; _builder_version=&#8221;4.17.3&#8243; _module_preset=&#8221;default&#8221; global_colors_info=&#8221;{}&#8221;][et_pb_text _builder_version=&#8221;4.19.2&#8243; _module_preset=&#8221;default&#8221; hover_enabled=&#8221;0&#8243; global_colors_info=&#8221;{}&#8221; sticky_enabled=&#8221;0&#8243;]<h1>Brouilla Market<\/h1>\n<p>This market takes place all year round, on Tuesdays and Thursdays from 8 a.m. to 1 p.m.<\/p>\n<p>Hours may vary depending on weather and season.<\/p>\n<p>&nbsp;<\/p>\n<p><strong>Address :\u00a0<\/strong><\/p>\n<p>Downtown<\/p>\n<p>66620 &#8211; Brouilla<\/p>\n<p>&nbsp;<\/p>\n<p>&nbsp;<\/p>[\/et_pb_text][\/et_pb_column][et_pb_column type=&#8221;1_2&#8243; _builder_version=&#8221;4.17.3&#8243; _module_preset=&#8221;default&#8221; global_colors_info=&#8221;{}&#8221;][et_pb_image src=&#8221;https:\/\/aspres-thuir.com\/wp-content\/uploads\/2022\/05\/peter-wendt-r5KSMkyoSc-unsplash-3.jpg&#8221; title_text=&#8221;peter-wendt&#8211;r5KSMkyoSc-unsplash&#8221; _builder_version=&#8221;4.17.3&#8243; _module_preset=&#8221;default&#8221; border_radii=&#8221;on|12px|12px|12px|12px&#8221; box_shadow_style=&#8221;preset2&#8243; global_colors_info=&#8221;{}&#8221;][\/et_pb_image][\/et_pb_column][\/et_pb_row][et_pb_row _builder_version=&#8221;4.17.4&#8243; _module_preset=&#8221;default&#8221; global_colors_info=&#8221;{}&#8221;][et_pb_column type=&#8221;4_4&#8243; _builder_version=&#8221;4.17.4&#8243; _module_preset=&#8221;default&#8221; global_colors_info=&#8221;{}&#8221;][\/et_pb_column][\/et_pb_row][et_pb_row column_structure=&#8221;1_2,1_2&#8243; admin_label=&#8221;row&#8221; _builder_version=&#8221;4.16&#8243; background_size=&#8221;initial&#8221; background_position=&#8221;top_left&#8221; background_repeat=&#8221;repeat&#8221; global_colors_info=&#8221;{}&#8221;][et_pb_column type=&#8221;1_2&#8243; _builder_version=&#8221;4.17.3&#8243; _module_preset=&#8221;default&#8221; global_colors_info=&#8221;{}&#8221;][et_pb_image src=&#8221;https:\/\/aspres-thuir.com\/wp-content\/uploads\/2022\/05\/Marche\u0301PV\u00a9Cyril-TRICOT-692&#215;376-1.jpg&#8221; title_text=&#8221;Marche\u0301PV\u00a9Cyril-TRICOT-692&#215;376&#8243; _builder_version=&#8221;4.17.3&#8243; _module_preset=&#8221;default&#8221; border_radii=&#8221;on|12px|12px|12px|12px&#8221; box_shadow_style=&#8221;preset2&#8243; global_colors_info=&#8221;{}&#8221;][\/et_pb_image][\/et_pb_column][et_pb_column type=&#8221;1_2&#8243; _builder_version=&#8221;4.17.3&#8243; _module_preset=&#8221;default&#8221; global_colors_info=&#8221;{}&#8221;][et_pb_text _builder_version=&#8221;4.19.2&#8243; _module_preset=&#8221;default&#8221; hover_enabled=&#8221;0&#8243; global_colors_info=&#8221;{}&#8221; sticky_enabled=&#8221;0&#8243;]<h1>Trouillas Market<\/h1>\n<h3>Market<\/h3>\n<p>This market takes place all year round on Tuesdays, Wednesdays and Fridays from 8 a.m. to 1 p.m.<\/p>\n<p>&nbsp;<\/p>\n<p><strong>Adresse :<\/strong><\/p>\n<p>Downtown<\/p>\n<p>66300 &#8211; Trouillas<\/p>[\/et_pb_text][\/et_pb_column][\/et_pb_row][\/et_pb_section]<\/div>\n","protected":false},"excerpt":{"rendered":"<p>Vous trouverez les jours de march\u00e9s des diff\u00e9rentes communes des Aspres.<\/p>\n","protected":false},"author":5,"featured_media":34296,"parent":0,"menu_order":0,"comment_status":"closed","ping_status":"closed","template":"","meta":{"_acf_changed":false,"_et_pb_use_builder":"","_et_pb_old_content":"","_et_gb_content_width":"","footnotes":""},"class_list":["post-41107","page","type-page","status-publish","has-post-thumbnail","hentry"],"acf":[],"yoast_head":"<!-- This site is optimized with the Yoast SEO plugin v26.9 - https:\/\/yoast.com\/product\/yoast-seo-wordpress\/ -->\n<title>Markets - Office de Tourisme Aspres-Thuir<\/title>\n<meta name=\"robots\" content=\"index, follow, max-snippet:-1, max-image-preview:large, max-video-preview:-1\" \/>\n<link rel=\"canonical\" href=\"https:\/\/aspres-thuir.com\/en\/markets\/\" \/>\n<meta property=\"og:locale\" content=\"en_US\" \/>\n<meta property=\"og:type\" content=\"article\" \/>\n<meta property=\"og:title\" content=\"Markets - Office de Tourisme Aspres-Thuir\" \/>\n<meta property=\"og:description\" content=\"Vous trouverez les jours de march\u00e9s des diff\u00e9rentes communes des Aspres.\" \/>\n<meta property=\"og:site_name\" content=\"Office de Tourisme Aspres-Thuir\" \/>\n<meta property=\"article:modified_time\" content=\"2023-01-05T16:11:53+00:00\" \/>\n<meta property=\"og:image\" content=\"https:\/\/aspres-thuir.com\/wp-content\/uploads\/2022\/05\/taoh-nichols-fzaxWVt1qHw-unsplash-1-scaled.jpg\" \/>\n\t<meta property=\"og:image:width\" content=\"2880\" \/>\n\t<meta property=\"og:image:height\" content=\"2160\" \/>\n\t<meta property=\"og:image:type\" content=\"image\/jpeg\" \/>\n<meta name=\"twitter:card\" content=\"summary_large_image\" \/>\n<meta name=\"twitter:label1\" content=\"Est. reading time\" \/>\n\t<meta name=\"twitter:data1\" content=\"5 minutes\" \/>\n<script type=\"application\/ld+json\" class=\"yoast-schema-graph\">{\"@context\":\"https:\/\/schema.org\",\"@graph\":[{\"@type\":\"WebPage\",\"@id\":\"https:\/\/aspres-thuir.com\/en\/markets\/\",\"url\":\"https:\/\/aspres-thuir.com\/en\/markets\/\",\"name\":\"Markets - Office de Tourisme Aspres-Thuir\",\"isPartOf\":{\"@id\":\"https:\/\/aspres-thuir.com\/en\/#website\"},\"primaryImageOfPage\":{\"@id\":\"https:\/\/aspres-thuir.com\/en\/markets\/#primaryimage\"},\"image\":{\"@id\":\"https:\/\/aspres-thuir.com\/en\/markets\/#primaryimage\"},\"thumbnailUrl\":\"https:\/\/aspres-thuir.com\/wp-content\/uploads\/2022\/05\/taoh-nichols-fzaxWVt1qHw-unsplash-1-scaled.jpg\",\"datePublished\":\"2022-05-05T15:36:13+00:00\",\"dateModified\":\"2023-01-05T16:11:53+00:00\",\"breadcrumb\":{\"@id\":\"https:\/\/aspres-thuir.com\/en\/markets\/#breadcrumb\"},\"inLanguage\":\"en-US\",\"potentialAction\":[{\"@type\":\"ReadAction\",\"target\":[\"https:\/\/aspres-thuir.com\/en\/markets\/\"]}]},{\"@type\":\"ImageObject\",\"inLanguage\":\"en-US\",\"@id\":\"https:\/\/aspres-thuir.com\/en\/markets\/#primaryimage\",\"url\":\"https:\/\/aspres-thuir.com\/wp-content\/uploads\/2022\/05\/taoh-nichols-fzaxWVt1qHw-unsplash-1-scaled.jpg\",\"contentUrl\":\"https:\/\/aspres-thuir.com\/wp-content\/uploads\/2022\/05\/taoh-nichols-fzaxWVt1qHw-unsplash-1-scaled.jpg\",\"width\":2880,\"height\":2160},{\"@type\":\"BreadcrumbList\",\"@id\":\"https:\/\/aspres-thuir.com\/en\/markets\/#breadcrumb\",\"itemListElement\":[{\"@type\":\"ListItem\",\"position\":1,\"name\":\"\",\"item\":\"https:\/\/aspres-thuir.com\/en\/\"},{\"@type\":\"ListItem\",\"position\":2,\"name\":\"Markets\"}]},{\"@type\":\"WebSite\",\"@id\":\"https:\/\/aspres-thuir.com\/en\/#website\",\"url\":\"https:\/\/aspres-thuir.com\/en\/\",\"name\":\"Office de Tourisme Aspres-Thuir\",\"description\":\"\",\"potentialAction\":[{\"@type\":\"SearchAction\",\"target\":{\"@type\":\"EntryPoint\",\"urlTemplate\":\"https:\/\/aspres-thuir.com\/en\/?s={search_term_string}\"},\"query-input\":{\"@type\":\"PropertyValueSpecification\",\"valueRequired\":true,\"valueName\":\"search_term_string\"}}],\"inLanguage\":\"en-US\"}]}<\/script>\n<!-- \/ Yoast SEO plugin. -->","yoast_head_json":{"title":"Markets - Office de Tourisme Aspres-Thuir","robots":{"index":"index","follow":"follow","max-snippet":"max-snippet:-1","max-image-preview":"max-image-preview:large","max-video-preview":"max-video-preview:-1"},"canonical":"https:\/\/aspres-thuir.com\/en\/markets\/","og_locale":"en_US","og_type":"article","og_title":"Markets - Office de Tourisme Aspres-Thuir","og_description":"Vous trouverez les jours de march\u00e9s des diff\u00e9rentes communes des Aspres.","og_site_name":"Office de Tourisme Aspres-Thuir","article_modified_time":"2023-01-05T16:11:53+00:00","og_image":[{"width":2880,"height":2160,"url":"https:\/\/aspres-thuir.com\/wp-content\/uploads\/2022\/05\/taoh-nichols-fzaxWVt1qHw-unsplash-1-scaled.jpg","type":"image\/jpeg"}],"twitter_card":"summary_large_image","twitter_misc":{"Est. reading time":"5 minutes"},"schema":{"@context":"https:\/\/schema.org","@graph":[{"@type":"WebPage","@id":"https:\/\/aspres-thuir.com\/en\/markets\/","url":"https:\/\/aspres-thuir.com\/en\/markets\/","name":"Markets - Office de Tourisme Aspres-Thuir","isPartOf":{"@id":"https:\/\/aspres-thuir.com\/en\/#website"},"primaryImageOfPage":{"@id":"https:\/\/aspres-thuir.com\/en\/markets\/#primaryimage"},"image":{"@id":"https:\/\/aspres-thuir.com\/en\/markets\/#primaryimage"},"thumbnailUrl":"https:\/\/aspres-thuir.com\/wp-content\/uploads\/2022\/05\/taoh-nichols-fzaxWVt1qHw-unsplash-1-scaled.jpg","datePublished":"2022-05-05T15:36:13+00:00","dateModified":"2023-01-05T16:11:53+00:00","breadcrumb":{"@id":"https:\/\/aspres-thuir.com\/en\/markets\/#breadcrumb"},"inLanguage":"en-US","potentialAction":[{"@type":"ReadAction","target":["https:\/\/aspres-thuir.com\/en\/markets\/"]}]},{"@type":"ImageObject","inLanguage":"en-US","@id":"https:\/\/aspres-thuir.com\/en\/markets\/#primaryimage","url":"https:\/\/aspres-thuir.com\/wp-content\/uploads\/2022\/05\/taoh-nichols-fzaxWVt1qHw-unsplash-1-scaled.jpg","contentUrl":"https:\/\/aspres-thuir.com\/wp-content\/uploads\/2022\/05\/taoh-nichols-fzaxWVt1qHw-unsplash-1-scaled.jpg","width":2880,"height":2160},{"@type":"BreadcrumbList","@id":"https:\/\/aspres-thuir.com\/en\/markets\/#breadcrumb","itemListElement":[{"@type":"ListItem","position":1,"name":"","item":"https:\/\/aspres-thuir.com\/en\/"},{"@type":"ListItem","position":2,"name":"Markets"}]},{"@type":"WebSite","@id":"https:\/\/aspres-thuir.com\/en\/#website","url":"https:\/\/aspres-thuir.com\/en\/","name":"Office de Tourisme Aspres-Thuir","description":"","potentialAction":[{"@type":"SearchAction","target":{"@type":"EntryPoint","urlTemplate":"https:\/\/aspres-thuir.com\/en\/?s={search_term_string}"},"query-input":{"@type":"PropertyValueSpecification","valueRequired":true,"valueName":"search_term_string"}}],"inLanguage":"en-US"}]}},"_links":{"self":[{"href":"https:\/\/aspres-thuir.com\/en\/wp-json\/wp\/v2\/pages\/41107","targetHints":{"allow":["GET"]}}],"collection":[{"href":"https:\/\/aspres-thuir.com\/en\/wp-json\/wp\/v2\/pages"}],"about":[{"href":"https:\/\/aspres-thuir.com\/en\/wp-json\/wp\/v2\/types\/page"}],"author":[{"embeddable":true,"href":"https:\/\/aspres-thuir.com\/en\/wp-json\/wp\/v2\/users\/5"}],"replies":[{"embeddable":true,"href":"https:\/\/aspres-thuir.com\/en\/wp-json\/wp\/v2\/comments?post=41107"}],"version-history":[{"count":0,"href":"https:\/\/aspres-thuir.com\/en\/wp-json\/wp\/v2\/pages\/41107\/revisions"}],"wp:featuredmedia":[{"embeddable":true,"href":"https:\/\/aspres-thuir.com\/en\/wp-json\/wp\/v2\/media\/34296"}],"wp:attachment":[{"href":"https:\/\/aspres-thuir.com\/en\/wp-json\/wp\/v2\/media?parent=41107"}],"curies":[{"name":"wp","href":"https:\/\/api.w.org\/{rel}","templated":true}]}}