{"id":24613,"date":"2021-04-08T17:03:54","date_gmt":"2021-04-08T16:03:54","guid":{"rendered":"https:\/\/aspres-thuir.com\/nos-communes\/"},"modified":"2023-01-05T17:16:53","modified_gmt":"2023-01-05T16:16:53","slug":"municipios","status":"publish","type":"page","link":"https:\/\/aspres-thuir.com\/es\/municipios\/","title":{"rendered":"Municipios"},"content":{"rendered":"<p>Situadas en las primeras estribaciones del Canig\u00f3, estas localidades est\u00e1n formadas por valles cubiertos de espesos bosques en altitud y menos vegetaci\u00f3n en la llanura. Cada uno de los municipios de esta zona est\u00e1 ligado por la presencia de una capilla o una iglesia cargada de historia. Hoy, los Aspres apuestan por el &#8220;turismo verde&#8221;, su aut\u00e9ntico patrimonio, tanto cultural como gastron\u00f3mico, est\u00e1 listo para revelarte todas las riquezas del pa\u00eds catal\u00e1n.<\/p>\n","protected":false},"excerpt":{"rendered":"<p>Situadas en las primeras estribaciones del Canig\u00f3, estas localidades est\u00e1n formadas por valles cubiertos de espesos bosques en altitud y menos vegetaci\u00f3n en la llanura. Cada uno de los municipios de esta zona est\u00e1 ligado por la presencia de una capilla o una iglesia cargada de historia. Hoy, los Aspres apuestan por el &#8220;turismo verde&#8221;, [&hellip;]<\/p>\n","protected":false},"author":2,"featured_media":30099,"parent":0,"menu_order":0,"comment_status":"closed","ping_status":"closed","template":"","meta":{"_acf_changed":false,"_et_pb_use_builder":"","_et_pb_old_content":"","_et_gb_content_width":"","footnotes":""},"class_list":["post-24613","page","type-page","status-publish","has-post-thumbnail","hentry"],"acf":[],"yoast_head":"<!-- This site is optimized with the Yoast SEO plugin v26.9 - https:\/\/yoast.com\/product\/yoast-seo-wordpress\/ -->\n<title>Municipios - Office de Tourisme Aspres-Thuir<\/title>\n<meta name=\"robots\" content=\"index, follow, max-snippet:-1, max-image-preview:large, max-video-preview:-1\" \/>\n<link rel=\"canonical\" href=\"https:\/\/aspres-thuir.com\/es\/municipios\/\" \/>\n<meta property=\"og:locale\" content=\"es_ES\" \/>\n<meta property=\"og:type\" content=\"article\" \/>\n<meta property=\"og:title\" content=\"Municipios - Office de Tourisme Aspres-Thuir\" \/>\n<meta property=\"og:description\" content=\"Situadas en las primeras estribaciones del Canig\u00f3, estas localidades est\u00e1n formadas por valles cubiertos de espesos bosques en altitud y menos vegetaci\u00f3n en la llanura. Cada uno de los municipios de esta zona est\u00e1 ligado por la presencia de una capilla o una iglesia cargada de historia. Hoy, los Aspres apuestan por el &#8220;turismo verde&#8221;, [&hellip;]\" \/>\n<meta property=\"og:site_name\" content=\"Office de Tourisme Aspres-Thuir\" \/>\n<meta property=\"article:modified_time\" content=\"2023-01-05T16:16:53+00:00\" \/>\n<meta property=\"og:image\" content=\"https:\/\/aspres-thuir.com\/wp-content\/uploads\/2022\/02\/Ste-colombe-de-la-commanderie-8-scaled-e1645455085712.jpg\" \/>\n\t<meta property=\"og:image:width\" content=\"2880\" \/>\n\t<meta property=\"og:image:height\" content=\"894\" \/>\n\t<meta property=\"og:image:type\" content=\"image\/jpeg\" \/>\n<meta name=\"twitter:card\" content=\"summary_large_image\" \/>\n<meta name=\"twitter:label1\" content=\"Est. reading time\" \/>\n\t<meta name=\"twitter:data1\" content=\"1 minute\" \/>\n<script type=\"application\/ld+json\" class=\"yoast-schema-graph\">{\"@context\":\"https:\/\/schema.org\",\"@graph\":[{\"@type\":\"WebPage\",\"@id\":\"https:\/\/aspres-thuir.com\/es\/municipios\/\",\"url\":\"https:\/\/aspres-thuir.com\/es\/municipios\/\",\"name\":\"Municipios - Office de Tourisme Aspres-Thuir\",\"isPartOf\":{\"@id\":\"https:\/\/aspres-thuir.com\/es\/#website\"},\"primaryImageOfPage\":{\"@id\":\"https:\/\/aspres-thuir.com\/es\/municipios\/#primaryimage\"},\"image\":{\"@id\":\"https:\/\/aspres-thuir.com\/es\/municipios\/#primaryimage\"},\"thumbnailUrl\":\"https:\/\/aspres-thuir.com\/wp-content\/uploads\/2022\/02\/Ste-colombe-de-la-commanderie-8-scaled-e1645455085712.jpg\",\"datePublished\":\"2021-04-08T16:03:54+00:00\",\"dateModified\":\"2023-01-05T16:16:53+00:00\",\"breadcrumb\":{\"@id\":\"https:\/\/aspres-thuir.com\/es\/municipios\/#breadcrumb\"},\"inLanguage\":\"es-ES\",\"potentialAction\":[{\"@type\":\"ReadAction\",\"target\":[\"https:\/\/aspres-thuir.com\/es\/municipios\/\"]}]},{\"@type\":\"ImageObject\",\"inLanguage\":\"es-ES\",\"@id\":\"https:\/\/aspres-thuir.com\/es\/municipios\/#primaryimage\",\"url\":\"https:\/\/aspres-thuir.com\/wp-content\/uploads\/2022\/02\/Ste-colombe-de-la-commanderie-8-scaled-e1645455085712.jpg\",\"contentUrl\":\"https:\/\/aspres-thuir.com\/wp-content\/uploads\/2022\/02\/Ste-colombe-de-la-commanderie-8-scaled-e1645455085712.jpg\",\"width\":2880,\"height\":894},{\"@type\":\"BreadcrumbList\",\"@id\":\"https:\/\/aspres-thuir.com\/es\/municipios\/#breadcrumb\",\"itemListElement\":[{\"@type\":\"ListItem\",\"position\":1,\"name\":\"\",\"item\":\"https:\/\/aspres-thuir.com\/es\/\"},{\"@type\":\"ListItem\",\"position\":2,\"name\":\"Municipios\"}]},{\"@type\":\"WebSite\",\"@id\":\"https:\/\/aspres-thuir.com\/es\/#website\",\"url\":\"https:\/\/aspres-thuir.com\/es\/\",\"name\":\"Office de Tourisme Aspres-Thuir\",\"description\":\"\",\"potentialAction\":[{\"@type\":\"SearchAction\",\"target\":{\"@type\":\"EntryPoint\",\"urlTemplate\":\"https:\/\/aspres-thuir.com\/es\/?s={search_term_string}\"},\"query-input\":{\"@type\":\"PropertyValueSpecification\",\"valueRequired\":true,\"valueName\":\"search_term_string\"}}],\"inLanguage\":\"es-ES\"}]}<\/script>\n<!-- \/ Yoast SEO plugin. -->","yoast_head_json":{"title":"Municipios - Office de Tourisme Aspres-Thuir","robots":{"index":"index","follow":"follow","max-snippet":"max-snippet:-1","max-image-preview":"max-image-preview:large","max-video-preview":"max-video-preview:-1"},"canonical":"https:\/\/aspres-thuir.com\/es\/municipios\/","og_locale":"es_ES","og_type":"article","og_title":"Municipios - Office de Tourisme Aspres-Thuir","og_description":"Situadas en las primeras estribaciones del Canig\u00f3, estas localidades est\u00e1n formadas por valles cubiertos de espesos bosques en altitud y menos vegetaci\u00f3n en la llanura. Cada uno de los municipios de esta zona est\u00e1 ligado por la presencia de una capilla o una iglesia cargada de historia. Hoy, los Aspres apuestan por el &#8220;turismo verde&#8221;, [&hellip;]","og_site_name":"Office de Tourisme Aspres-Thuir","article_modified_time":"2023-01-05T16:16:53+00:00","og_image":[{"width":2880,"height":894,"url":"https:\/\/aspres-thuir.com\/wp-content\/uploads\/2022\/02\/Ste-colombe-de-la-commanderie-8-scaled-e1645455085712.jpg","type":"image\/jpeg"}],"twitter_card":"summary_large_image","twitter_misc":{"Est. reading time":"1 minute"},"schema":{"@context":"https:\/\/schema.org","@graph":[{"@type":"WebPage","@id":"https:\/\/aspres-thuir.com\/es\/municipios\/","url":"https:\/\/aspres-thuir.com\/es\/municipios\/","name":"Municipios - Office de Tourisme Aspres-Thuir","isPartOf":{"@id":"https:\/\/aspres-thuir.com\/es\/#website"},"primaryImageOfPage":{"@id":"https:\/\/aspres-thuir.com\/es\/municipios\/#primaryimage"},"image":{"@id":"https:\/\/aspres-thuir.com\/es\/municipios\/#primaryimage"},"thumbnailUrl":"https:\/\/aspres-thuir.com\/wp-content\/uploads\/2022\/02\/Ste-colombe-de-la-commanderie-8-scaled-e1645455085712.jpg","datePublished":"2021-04-08T16:03:54+00:00","dateModified":"2023-01-05T16:16:53+00:00","breadcrumb":{"@id":"https:\/\/aspres-thuir.com\/es\/municipios\/#breadcrumb"},"inLanguage":"es-ES","potentialAction":[{"@type":"ReadAction","target":["https:\/\/aspres-thuir.com\/es\/municipios\/"]}]},{"@type":"ImageObject","inLanguage":"es-ES","@id":"https:\/\/aspres-thuir.com\/es\/municipios\/#primaryimage","url":"https:\/\/aspres-thuir.com\/wp-content\/uploads\/2022\/02\/Ste-colombe-de-la-commanderie-8-scaled-e1645455085712.jpg","contentUrl":"https:\/\/aspres-thuir.com\/wp-content\/uploads\/2022\/02\/Ste-colombe-de-la-commanderie-8-scaled-e1645455085712.jpg","width":2880,"height":894},{"@type":"BreadcrumbList","@id":"https:\/\/aspres-thuir.com\/es\/municipios\/#breadcrumb","itemListElement":[{"@type":"ListItem","position":1,"name":"","item":"https:\/\/aspres-thuir.com\/es\/"},{"@type":"ListItem","position":2,"name":"Municipios"}]},{"@type":"WebSite","@id":"https:\/\/aspres-thuir.com\/es\/#website","url":"https:\/\/aspres-thuir.com\/es\/","name":"Office de Tourisme Aspres-Thuir","description":"","potentialAction":[{"@type":"SearchAction","target":{"@type":"EntryPoint","urlTemplate":"https:\/\/aspres-thuir.com\/es\/?s={search_term_string}"},"query-input":{"@type":"PropertyValueSpecification","valueRequired":true,"valueName":"search_term_string"}}],"inLanguage":"es-ES"}]}},"_links":{"self":[{"href":"https:\/\/aspres-thuir.com\/es\/wp-json\/wp\/v2\/pages\/24613","targetHints":{"allow":["GET"]}}],"collection":[{"href":"https:\/\/aspres-thuir.com\/es\/wp-json\/wp\/v2\/pages"}],"about":[{"href":"https:\/\/aspres-thuir.com\/es\/wp-json\/wp\/v2\/types\/page"}],"author":[{"embeddable":true,"href":"https:\/\/aspres-thuir.com\/es\/wp-json\/wp\/v2\/users\/2"}],"replies":[{"embeddable":true,"href":"https:\/\/aspres-thuir.com\/es\/wp-json\/wp\/v2\/comments?post=24613"}],"version-history":[{"count":0,"href":"https:\/\/aspres-thuir.com\/es\/wp-json\/wp\/v2\/pages\/24613\/revisions"}],"wp:featuredmedia":[{"embeddable":true,"href":"https:\/\/aspres-thuir.com\/es\/wp-json\/wp\/v2\/media\/30099"}],"wp:attachment":[{"href":"https:\/\/aspres-thuir.com\/es\/wp-json\/wp\/v2\/media?parent=24613"}],"curies":[{"name":"wp","href":"https:\/\/api.w.org\/{rel}","templated":true}]}}