{"id":24634,"date":"2021-04-08T17:05:31","date_gmt":"2021-04-08T16:05:31","guid":{"rendered":"https:\/\/aspres-thuir.com\/caves-byrrh\/"},"modified":"2023-05-25T11:37:19","modified_gmt":"2023-05-25T10:37:19","slug":"caves-byrrh","status":"publish","type":"page","link":"https:\/\/aspres-thuir.com\/es\/caves-byrrh\/","title":{"rendered":"Caves Byrrh"},"content":{"rendered":"<p>El 30 de noviembre de 2011, el circuito tur\u00edstico Caves Byrrh pas\u00f3 oficialmente a formar parte del patrimonio de la Communaut\u00e9 des Communes des Aspres, que ha realizado importantes obras para crear un nuevo circuito tur\u00edstico.<\/p>\n<h5>Las bodegas de Byrrh en Thuir<\/h5>\n<p>Establecidas en Thuir desde hace m\u00e1s de cien a\u00f1os, las Cuevas Byrrh son la cuna de Byrrh, un elixir inventado por los hermanos Simon y Pallade Violet en 1866.<br \/>\nLa historia de Byrrh comienza como un cuento de hadas. Los creadores de esta marca, que se ha convertido en uno de los negocios m\u00e1s poderosos del mundo, comenzaron su vida como simples pastores.<br \/>\nProceden de una familia modesta de Vallespir y se trasladaron a la llanura del Rosell\u00f3n para trabajar en el comercio itinerante de tejidos y mercer\u00eda.<br \/>\nSe instalaron en Thuir, donde abrieron una tienda.<br \/>\nSimon Violet, ayudado por su ciencia del gusto y su profundo conocimiento de los vinos, desarroll\u00f3 la maravillosa f\u00f3rmula del Byrrh, un &#8220;vino t\u00f3nico e higi\u00e9nico&#8221;.<br \/>\nSu fama pronto se extendi\u00f3 m\u00e1s all\u00e1 de la regi\u00f3n y se hizo mundialmente famosa en la d\u00e9cada de 1930.<\/p>\n<p>A lo largo de este innovador recorrido por las bodegas Byrrh, se sorprender\u00e1 a cada paso:<br \/>\n&#8211; Este magn\u00edfico y gigantesco patrimonio industrial,<br \/>\n&#8211; El descubrimiento del patrimonio cultural de los carteles de 1903, expuestos por primera vez en Thuir<br \/>\n&#8211; La historia de la familia fundadora y de la empresa, que se contar\u00e1 a trav\u00e9s de apariciones a lo largo del recorrido, gracias a las nuevas tecnolog\u00edas que est\u00e1n al servicio del patrimonio.<br \/>\nTestigo de las ambiciones de la familia Violet para Byrrh, la mayor cuba de roble del mundo ser\u00e1 una verdadera proeza t\u00e9cnica con una capacidad de un mill\u00f3n doscientos litros.<\/p>\n","protected":false},"excerpt":{"rendered":"<p>El 30 de noviembre de 2011, el circuito tur\u00edstico Caves Byrrh pas\u00f3 oficialmente a formar parte del patrimonio de la Communaut\u00e9 des Communes des Aspres, que ha realizado importantes obras para crear un nuevo circuito tur\u00edstico. Las bodegas de Byrrh en Thuir Establecidas en Thuir desde hace m\u00e1s de cien a\u00f1os, las Cuevas Byrrh son [&hellip;]<\/p>\n","protected":false},"author":2,"featured_media":29622,"parent":0,"menu_order":0,"comment_status":"closed","ping_status":"closed","template":"","meta":{"_acf_changed":false,"_et_pb_use_builder":"","_et_pb_old_content":"","_et_gb_content_width":"","footnotes":""},"class_list":["post-24634","page","type-page","status-publish","has-post-thumbnail","hentry"],"acf":[],"yoast_head":"<!-- This site is optimized with the Yoast SEO plugin v26.9 - https:\/\/yoast.com\/product\/yoast-seo-wordpress\/ -->\n<title>Caves Byrrh - Office de Tourisme Aspres-Thuir<\/title>\n<meta name=\"robots\" content=\"index, follow, max-snippet:-1, max-image-preview:large, max-video-preview:-1\" \/>\n<link rel=\"canonical\" href=\"https:\/\/aspres-thuir.com\/es\/caves-byrrh\/\" \/>\n<meta property=\"og:locale\" content=\"es_ES\" \/>\n<meta property=\"og:type\" content=\"article\" \/>\n<meta property=\"og:title\" content=\"Caves Byrrh - Office de Tourisme Aspres-Thuir\" \/>\n<meta property=\"og:description\" content=\"El 30 de noviembre de 2011, el circuito tur\u00edstico Caves Byrrh pas\u00f3 oficialmente a formar parte del patrimonio de la Communaut\u00e9 des Communes des Aspres, que ha realizado importantes obras para crear un nuevo circuito tur\u00edstico. Las bodegas de Byrrh en Thuir Establecidas en Thuir desde hace m\u00e1s de cien a\u00f1os, las Cuevas Byrrh son [&hellip;]\" \/>\n<meta property=\"og:site_name\" content=\"Office de Tourisme Aspres-Thuir\" \/>\n<meta property=\"article:modified_time\" content=\"2023-05-25T10:37:19+00:00\" \/>\n<meta property=\"og:image\" content=\"https:\/\/aspres-thuir.com\/wp-content\/uploads\/2022\/02\/IMG_0508-scaled-e1643993653296.jpg\" \/>\n\t<meta property=\"og:image:width\" content=\"2880\" \/>\n\t<meta property=\"og:image:height\" content=\"1874\" \/>\n\t<meta property=\"og:image:type\" content=\"image\/jpeg\" \/>\n<meta name=\"twitter:card\" content=\"summary_large_image\" \/>\n<meta name=\"twitter:label1\" content=\"Est. reading time\" \/>\n\t<meta name=\"twitter:data1\" content=\"2 minutes\" \/>\n<script type=\"application\/ld+json\" class=\"yoast-schema-graph\">{\"@context\":\"https:\/\/schema.org\",\"@graph\":[{\"@type\":\"WebPage\",\"@id\":\"https:\/\/aspres-thuir.com\/es\/caves-byrrh\/\",\"url\":\"https:\/\/aspres-thuir.com\/es\/caves-byrrh\/\",\"name\":\"Caves Byrrh - Office de Tourisme Aspres-Thuir\",\"isPartOf\":{\"@id\":\"https:\/\/aspres-thuir.com\/es\/#website\"},\"primaryImageOfPage\":{\"@id\":\"https:\/\/aspres-thuir.com\/es\/caves-byrrh\/#primaryimage\"},\"image\":{\"@id\":\"https:\/\/aspres-thuir.com\/es\/caves-byrrh\/#primaryimage\"},\"thumbnailUrl\":\"https:\/\/aspres-thuir.com\/wp-content\/uploads\/2022\/02\/IMG_0508-scaled-e1643993653296.jpg\",\"datePublished\":\"2021-04-08T16:05:31+00:00\",\"dateModified\":\"2023-05-25T10:37:19+00:00\",\"breadcrumb\":{\"@id\":\"https:\/\/aspres-thuir.com\/es\/caves-byrrh\/#breadcrumb\"},\"inLanguage\":\"es-ES\",\"potentialAction\":[{\"@type\":\"ReadAction\",\"target\":[\"https:\/\/aspres-thuir.com\/es\/caves-byrrh\/\"]}]},{\"@type\":\"ImageObject\",\"inLanguage\":\"es-ES\",\"@id\":\"https:\/\/aspres-thuir.com\/es\/caves-byrrh\/#primaryimage\",\"url\":\"https:\/\/aspres-thuir.com\/wp-content\/uploads\/2022\/02\/IMG_0508-scaled-e1643993653296.jpg\",\"contentUrl\":\"https:\/\/aspres-thuir.com\/wp-content\/uploads\/2022\/02\/IMG_0508-scaled-e1643993653296.jpg\",\"width\":2880,\"height\":1874},{\"@type\":\"BreadcrumbList\",\"@id\":\"https:\/\/aspres-thuir.com\/es\/caves-byrrh\/#breadcrumb\",\"itemListElement\":[{\"@type\":\"ListItem\",\"position\":1,\"name\":\"\",\"item\":\"https:\/\/aspres-thuir.com\/es\/\"},{\"@type\":\"ListItem\",\"position\":2,\"name\":\"Caves Byrrh\"}]},{\"@type\":\"WebSite\",\"@id\":\"https:\/\/aspres-thuir.com\/es\/#website\",\"url\":\"https:\/\/aspres-thuir.com\/es\/\",\"name\":\"Office de Tourisme Aspres-Thuir\",\"description\":\"\",\"potentialAction\":[{\"@type\":\"SearchAction\",\"target\":{\"@type\":\"EntryPoint\",\"urlTemplate\":\"https:\/\/aspres-thuir.com\/es\/?s={search_term_string}\"},\"query-input\":{\"@type\":\"PropertyValueSpecification\",\"valueRequired\":true,\"valueName\":\"search_term_string\"}}],\"inLanguage\":\"es-ES\"}]}<\/script>\n<!-- \/ Yoast SEO plugin. -->","yoast_head_json":{"title":"Caves Byrrh - Office de Tourisme Aspres-Thuir","robots":{"index":"index","follow":"follow","max-snippet":"max-snippet:-1","max-image-preview":"max-image-preview:large","max-video-preview":"max-video-preview:-1"},"canonical":"https:\/\/aspres-thuir.com\/es\/caves-byrrh\/","og_locale":"es_ES","og_type":"article","og_title":"Caves Byrrh - Office de Tourisme Aspres-Thuir","og_description":"El 30 de noviembre de 2011, el circuito tur\u00edstico Caves Byrrh pas\u00f3 oficialmente a formar parte del patrimonio de la Communaut\u00e9 des Communes des Aspres, que ha realizado importantes obras para crear un nuevo circuito tur\u00edstico. Las bodegas de Byrrh en Thuir Establecidas en Thuir desde hace m\u00e1s de cien a\u00f1os, las Cuevas Byrrh son [&hellip;]","og_site_name":"Office de Tourisme Aspres-Thuir","article_modified_time":"2023-05-25T10:37:19+00:00","og_image":[{"width":2880,"height":1874,"url":"https:\/\/aspres-thuir.com\/wp-content\/uploads\/2022\/02\/IMG_0508-scaled-e1643993653296.jpg","type":"image\/jpeg"}],"twitter_card":"summary_large_image","twitter_misc":{"Est. reading time":"2 minutes"},"schema":{"@context":"https:\/\/schema.org","@graph":[{"@type":"WebPage","@id":"https:\/\/aspres-thuir.com\/es\/caves-byrrh\/","url":"https:\/\/aspres-thuir.com\/es\/caves-byrrh\/","name":"Caves Byrrh - Office de Tourisme Aspres-Thuir","isPartOf":{"@id":"https:\/\/aspres-thuir.com\/es\/#website"},"primaryImageOfPage":{"@id":"https:\/\/aspres-thuir.com\/es\/caves-byrrh\/#primaryimage"},"image":{"@id":"https:\/\/aspres-thuir.com\/es\/caves-byrrh\/#primaryimage"},"thumbnailUrl":"https:\/\/aspres-thuir.com\/wp-content\/uploads\/2022\/02\/IMG_0508-scaled-e1643993653296.jpg","datePublished":"2021-04-08T16:05:31+00:00","dateModified":"2023-05-25T10:37:19+00:00","breadcrumb":{"@id":"https:\/\/aspres-thuir.com\/es\/caves-byrrh\/#breadcrumb"},"inLanguage":"es-ES","potentialAction":[{"@type":"ReadAction","target":["https:\/\/aspres-thuir.com\/es\/caves-byrrh\/"]}]},{"@type":"ImageObject","inLanguage":"es-ES","@id":"https:\/\/aspres-thuir.com\/es\/caves-byrrh\/#primaryimage","url":"https:\/\/aspres-thuir.com\/wp-content\/uploads\/2022\/02\/IMG_0508-scaled-e1643993653296.jpg","contentUrl":"https:\/\/aspres-thuir.com\/wp-content\/uploads\/2022\/02\/IMG_0508-scaled-e1643993653296.jpg","width":2880,"height":1874},{"@type":"BreadcrumbList","@id":"https:\/\/aspres-thuir.com\/es\/caves-byrrh\/#breadcrumb","itemListElement":[{"@type":"ListItem","position":1,"name":"","item":"https:\/\/aspres-thuir.com\/es\/"},{"@type":"ListItem","position":2,"name":"Caves Byrrh"}]},{"@type":"WebSite","@id":"https:\/\/aspres-thuir.com\/es\/#website","url":"https:\/\/aspres-thuir.com\/es\/","name":"Office de Tourisme Aspres-Thuir","description":"","potentialAction":[{"@type":"SearchAction","target":{"@type":"EntryPoint","urlTemplate":"https:\/\/aspres-thuir.com\/es\/?s={search_term_string}"},"query-input":{"@type":"PropertyValueSpecification","valueRequired":true,"valueName":"search_term_string"}}],"inLanguage":"es-ES"}]}},"_links":{"self":[{"href":"https:\/\/aspres-thuir.com\/es\/wp-json\/wp\/v2\/pages\/24634","targetHints":{"allow":["GET"]}}],"collection":[{"href":"https:\/\/aspres-thuir.com\/es\/wp-json\/wp\/v2\/pages"}],"about":[{"href":"https:\/\/aspres-thuir.com\/es\/wp-json\/wp\/v2\/types\/page"}],"author":[{"embeddable":true,"href":"https:\/\/aspres-thuir.com\/es\/wp-json\/wp\/v2\/users\/2"}],"replies":[{"embeddable":true,"href":"https:\/\/aspres-thuir.com\/es\/wp-json\/wp\/v2\/comments?post=24634"}],"version-history":[{"count":0,"href":"https:\/\/aspres-thuir.com\/es\/wp-json\/wp\/v2\/pages\/24634\/revisions"}],"wp:featuredmedia":[{"embeddable":true,"href":"https:\/\/aspres-thuir.com\/es\/wp-json\/wp\/v2\/media\/29622"}],"wp:attachment":[{"href":"https:\/\/aspres-thuir.com\/es\/wp-json\/wp\/v2\/media?parent=24634"}],"curies":[{"name":"wp","href":"https:\/\/api.w.org\/{rel}","templated":true}]}}