{"id":24645,"date":"2021-04-08T17:06:19","date_gmt":"2021-04-08T16:06:19","guid":{"rendered":"https:\/\/aspres-thuir.com\/theatre\/"},"modified":"2024-10-29T10:55:34","modified_gmt":"2024-10-29T09:55:34","slug":"teatro","status":"publish","type":"page","link":"https:\/\/aspres-thuir.com\/es\/teatro\/","title":{"rendered":"Teatro"},"content":{"rendered":"<p>El Th\u00e9\u00e2tre des Aspres, situado en el centro de la ciudad frente a las Cuevas Byrrh, abri\u00f3 sus puertas en abril de 2013.<br \/>\nCon un c\u00f3modo auditorio de 500 plazas y un equipamiento esc\u00e9nico de \u00faltima generaci\u00f3n, acoge m\u00e1s de veinte espect\u00e1culos profesionales cada temporada cultural, de los cuales casi la mitad est\u00e1n dedicados a obras para el p\u00fablico joven. Tambi\u00e9n est\u00e1 a disposici\u00f3n de las asociaciones culturales de Thuirin, que pueden as\u00ed ofrecer sus espect\u00e1culos de fin de a\u00f1o en muy buenas condiciones t\u00e9cnicas.<\/p>\n<p>La programaci\u00f3n del teatro incluye numerosas sesiones para ni\u00f1os de las escuelas de Thuir y Aspres, y la Ligue de l&#8217;Enseignement 66 programa sesiones escolares a nivel departamental.<br \/>\nEl Th\u00e9\u00e2tre des Aspres tambi\u00e9n se alquila para conferencias.<br \/>\nGracias a una pol\u00edtica cultural que permite ofrecer espect\u00e1culos de gran calidad art\u00edstica a precios accesibles para el mayor n\u00famero de personas, el Th\u00e9\u00e2tre des Aspres se ha consolidado en su zona y ha conseguido conquistar a un p\u00fablico cada vez m\u00e1s numeroso. Tiene una tasa de ocupaci\u00f3n del 91%, con un 60% de la audiencia viviendo en Thuir o en Aspres.<br \/>\nEl Th\u00e9\u00e2tre des Aspres tambi\u00e9n est\u00e1 equipado con una pantalla y ofrece sesiones de cine.<\/p>\n","protected":false},"excerpt":{"rendered":"<p>El Th\u00e9\u00e2tre des Aspres, situado en el centro de la ciudad frente a las Cuevas Byrrh, abri\u00f3 sus puertas en abril de 2013. Con un c\u00f3modo auditorio de 500 plazas y un equipamiento esc\u00e9nico de \u00faltima generaci\u00f3n, acoge m\u00e1s de veinte espect\u00e1culos profesionales cada temporada cultural, de los cuales casi la mitad est\u00e1n dedicados a [&hellip;]<\/p>\n","protected":false},"author":2,"featured_media":40821,"parent":0,"menu_order":0,"comment_status":"closed","ping_status":"closed","template":"","meta":{"_acf_changed":false,"_et_pb_use_builder":"","_et_pb_old_content":"","_et_gb_content_width":"","footnotes":""},"class_list":["post-24645","page","type-page","status-publish","has-post-thumbnail","hentry"],"acf":[],"yoast_head":"<!-- This site is optimized with the Yoast SEO plugin v26.9 - https:\/\/yoast.com\/product\/yoast-seo-wordpress\/ -->\n<title>Teatro - Office de Tourisme Aspres-Thuir<\/title>\n<meta name=\"robots\" content=\"index, follow, max-snippet:-1, max-image-preview:large, max-video-preview:-1\" \/>\n<link rel=\"canonical\" href=\"https:\/\/aspres-thuir.com\/es\/teatro\/\" \/>\n<meta property=\"og:locale\" content=\"es_ES\" \/>\n<meta property=\"og:type\" content=\"article\" \/>\n<meta property=\"og:title\" content=\"Teatro - Office de Tourisme Aspres-Thuir\" \/>\n<meta property=\"og:description\" content=\"El Th\u00e9\u00e2tre des Aspres, situado en el centro de la ciudad frente a las Cuevas Byrrh, abri\u00f3 sus puertas en abril de 2013. Con un c\u00f3modo auditorio de 500 plazas y un equipamiento esc\u00e9nico de \u00faltima generaci\u00f3n, acoge m\u00e1s de veinte espect\u00e1culos profesionales cada temporada cultural, de los cuales casi la mitad est\u00e1n dedicados a [&hellip;]\" \/>\n<meta property=\"og:site_name\" content=\"Office de Tourisme Aspres-Thuir\" \/>\n<meta property=\"article:modified_time\" content=\"2024-10-29T09:55:34+00:00\" \/>\n<meta property=\"og:image\" content=\"https:\/\/aspres-thuir.com\/wp-content\/uploads\/2022\/10\/1V0A1795-scaled.jpg\" \/>\n\t<meta property=\"og:image:width\" content=\"2880\" \/>\n\t<meta property=\"og:image:height\" content=\"1920\" \/>\n\t<meta property=\"og:image:type\" content=\"image\/jpeg\" \/>\n<meta name=\"twitter:card\" content=\"summary_large_image\" \/>\n<meta name=\"twitter:label1\" content=\"Est. reading time\" \/>\n\t<meta name=\"twitter:data1\" content=\"2 minutes\" \/>\n<script type=\"application\/ld+json\" class=\"yoast-schema-graph\">{\"@context\":\"https:\/\/schema.org\",\"@graph\":[{\"@type\":\"WebPage\",\"@id\":\"https:\/\/aspres-thuir.com\/es\/teatro\/\",\"url\":\"https:\/\/aspres-thuir.com\/es\/teatro\/\",\"name\":\"Teatro - Office de Tourisme Aspres-Thuir\",\"isPartOf\":{\"@id\":\"https:\/\/aspres-thuir.com\/es\/#website\"},\"primaryImageOfPage\":{\"@id\":\"https:\/\/aspres-thuir.com\/es\/teatro\/#primaryimage\"},\"image\":{\"@id\":\"https:\/\/aspres-thuir.com\/es\/teatro\/#primaryimage\"},\"thumbnailUrl\":\"https:\/\/aspres-thuir.com\/wp-content\/uploads\/2022\/10\/1V0A1795-scaled.jpg\",\"datePublished\":\"2021-04-08T16:06:19+00:00\",\"dateModified\":\"2024-10-29T09:55:34+00:00\",\"breadcrumb\":{\"@id\":\"https:\/\/aspres-thuir.com\/es\/teatro\/#breadcrumb\"},\"inLanguage\":\"es-ES\",\"potentialAction\":[{\"@type\":\"ReadAction\",\"target\":[\"https:\/\/aspres-thuir.com\/es\/teatro\/\"]}]},{\"@type\":\"ImageObject\",\"inLanguage\":\"es-ES\",\"@id\":\"https:\/\/aspres-thuir.com\/es\/teatro\/#primaryimage\",\"url\":\"https:\/\/aspres-thuir.com\/wp-content\/uploads\/2022\/10\/1V0A1795-scaled.jpg\",\"contentUrl\":\"https:\/\/aspres-thuir.com\/wp-content\/uploads\/2022\/10\/1V0A1795-scaled.jpg\",\"width\":2880,\"height\":1920},{\"@type\":\"BreadcrumbList\",\"@id\":\"https:\/\/aspres-thuir.com\/es\/teatro\/#breadcrumb\",\"itemListElement\":[{\"@type\":\"ListItem\",\"position\":1,\"name\":\"\",\"item\":\"https:\/\/aspres-thuir.com\/es\/\"},{\"@type\":\"ListItem\",\"position\":2,\"name\":\"Teatro\"}]},{\"@type\":\"WebSite\",\"@id\":\"https:\/\/aspres-thuir.com\/es\/#website\",\"url\":\"https:\/\/aspres-thuir.com\/es\/\",\"name\":\"Office de Tourisme Aspres-Thuir\",\"description\":\"\",\"potentialAction\":[{\"@type\":\"SearchAction\",\"target\":{\"@type\":\"EntryPoint\",\"urlTemplate\":\"https:\/\/aspres-thuir.com\/es\/?s={search_term_string}\"},\"query-input\":{\"@type\":\"PropertyValueSpecification\",\"valueRequired\":true,\"valueName\":\"search_term_string\"}}],\"inLanguage\":\"es-ES\"}]}<\/script>\n<!-- \/ Yoast SEO plugin. -->","yoast_head_json":{"title":"Teatro - Office de Tourisme Aspres-Thuir","robots":{"index":"index","follow":"follow","max-snippet":"max-snippet:-1","max-image-preview":"max-image-preview:large","max-video-preview":"max-video-preview:-1"},"canonical":"https:\/\/aspres-thuir.com\/es\/teatro\/","og_locale":"es_ES","og_type":"article","og_title":"Teatro - Office de Tourisme Aspres-Thuir","og_description":"El Th\u00e9\u00e2tre des Aspres, situado en el centro de la ciudad frente a las Cuevas Byrrh, abri\u00f3 sus puertas en abril de 2013. Con un c\u00f3modo auditorio de 500 plazas y un equipamiento esc\u00e9nico de \u00faltima generaci\u00f3n, acoge m\u00e1s de veinte espect\u00e1culos profesionales cada temporada cultural, de los cuales casi la mitad est\u00e1n dedicados a [&hellip;]","og_site_name":"Office de Tourisme Aspres-Thuir","article_modified_time":"2024-10-29T09:55:34+00:00","og_image":[{"width":2880,"height":1920,"url":"https:\/\/aspres-thuir.com\/wp-content\/uploads\/2022\/10\/1V0A1795-scaled.jpg","type":"image\/jpeg"}],"twitter_card":"summary_large_image","twitter_misc":{"Est. reading time":"2 minutes"},"schema":{"@context":"https:\/\/schema.org","@graph":[{"@type":"WebPage","@id":"https:\/\/aspres-thuir.com\/es\/teatro\/","url":"https:\/\/aspres-thuir.com\/es\/teatro\/","name":"Teatro - Office de Tourisme Aspres-Thuir","isPartOf":{"@id":"https:\/\/aspres-thuir.com\/es\/#website"},"primaryImageOfPage":{"@id":"https:\/\/aspres-thuir.com\/es\/teatro\/#primaryimage"},"image":{"@id":"https:\/\/aspres-thuir.com\/es\/teatro\/#primaryimage"},"thumbnailUrl":"https:\/\/aspres-thuir.com\/wp-content\/uploads\/2022\/10\/1V0A1795-scaled.jpg","datePublished":"2021-04-08T16:06:19+00:00","dateModified":"2024-10-29T09:55:34+00:00","breadcrumb":{"@id":"https:\/\/aspres-thuir.com\/es\/teatro\/#breadcrumb"},"inLanguage":"es-ES","potentialAction":[{"@type":"ReadAction","target":["https:\/\/aspres-thuir.com\/es\/teatro\/"]}]},{"@type":"ImageObject","inLanguage":"es-ES","@id":"https:\/\/aspres-thuir.com\/es\/teatro\/#primaryimage","url":"https:\/\/aspres-thuir.com\/wp-content\/uploads\/2022\/10\/1V0A1795-scaled.jpg","contentUrl":"https:\/\/aspres-thuir.com\/wp-content\/uploads\/2022\/10\/1V0A1795-scaled.jpg","width":2880,"height":1920},{"@type":"BreadcrumbList","@id":"https:\/\/aspres-thuir.com\/es\/teatro\/#breadcrumb","itemListElement":[{"@type":"ListItem","position":1,"name":"","item":"https:\/\/aspres-thuir.com\/es\/"},{"@type":"ListItem","position":2,"name":"Teatro"}]},{"@type":"WebSite","@id":"https:\/\/aspres-thuir.com\/es\/#website","url":"https:\/\/aspres-thuir.com\/es\/","name":"Office de Tourisme Aspres-Thuir","description":"","potentialAction":[{"@type":"SearchAction","target":{"@type":"EntryPoint","urlTemplate":"https:\/\/aspres-thuir.com\/es\/?s={search_term_string}"},"query-input":{"@type":"PropertyValueSpecification","valueRequired":true,"valueName":"search_term_string"}}],"inLanguage":"es-ES"}]}},"_links":{"self":[{"href":"https:\/\/aspres-thuir.com\/es\/wp-json\/wp\/v2\/pages\/24645","targetHints":{"allow":["GET"]}}],"collection":[{"href":"https:\/\/aspres-thuir.com\/es\/wp-json\/wp\/v2\/pages"}],"about":[{"href":"https:\/\/aspres-thuir.com\/es\/wp-json\/wp\/v2\/types\/page"}],"author":[{"embeddable":true,"href":"https:\/\/aspres-thuir.com\/es\/wp-json\/wp\/v2\/users\/2"}],"replies":[{"embeddable":true,"href":"https:\/\/aspres-thuir.com\/es\/wp-json\/wp\/v2\/comments?post=24645"}],"version-history":[{"count":0,"href":"https:\/\/aspres-thuir.com\/es\/wp-json\/wp\/v2\/pages\/24645\/revisions"}],"wp:featuredmedia":[{"embeddable":true,"href":"https:\/\/aspres-thuir.com\/es\/wp-json\/wp\/v2\/media\/40821"}],"wp:attachment":[{"href":"https:\/\/aspres-thuir.com\/es\/wp-json\/wp\/v2\/media?parent=24645"}],"curies":[{"name":"wp","href":"https:\/\/api.w.org\/{rel}","templated":true}]}}