{"id":24690,"date":"2021-04-08T17:07:22","date_gmt":"2021-04-08T16:07:22","guid":{"rendered":"https:\/\/aspres-thuir.com\/taxe-de-sejour\/"},"modified":"2023-01-05T17:17:56","modified_gmt":"2023-01-05T16:17:56","slug":"tasa-turistica","status":"publish","type":"page","link":"https:\/\/aspres-thuir.com\/es\/tasa-turistica\/","title":{"rendered":"Tasa tur\u00edstica"},"content":{"rendered":"<blockquote><p>\u00bf Eres due\u00f1o de alojamiento ? Encuentre en esta p\u00e1gina diversa informaci\u00f3n que le preocupa.<\/p><\/blockquote>\n<h2>Una p\u00e1gina pr\u00e1ctica para anfitriones<\/h2>\n<p>El impuesto tur\u00edstico fue instituido en Francia por la ley del 13 de abril de 1910 para contribuir al desarrollo tur\u00edstico local.<\/p>\n<p>En este contexto, la Comunidad de Comunas de Aspres ha deliberado establecer el impuesto tur\u00edstico a partir del 1 de enero de 2011. La deliberaci\u00f3n de la Comunidad de Comunas indica, de conformidad con la ley, que el producto de la tasa tur\u00edstica se paga \u00edntegramente a la Oficina de Turismo Intermunicipal de Aspres-Thuir para la acogida y promoci\u00f3n tur\u00edstica de la zona. el cobro de la tasa tur\u00edstica es obligatorio en todos los alojamientos tur\u00edsticos.<\/p>\n<p>Para los alojamientos en la comunidad de Comunas de Aspres a partir del 1 de enero de 2020, la tasa tur\u00edstica se recauda en t\u00e9rminos reales para todo tipo de alojamiento.<\/p>\n<p>Si eres propietario de un alojamiento tur\u00edstico, debes cobrar la tasa tur\u00edstica. Encuentra a continuaci\u00f3n la gu\u00eda pr\u00e1ctica de la tasa tur\u00edstica, as\u00ed como todos los documentos necesarios para realizar tu declaraci\u00f3n.<\/p>\n<p>Para mayor informaci\u00f3n, los textos legales que rigen el impuesto tur\u00edstico se encuentran en: El C\u00f3digo General de las Comunidades Territoriales: L2333-26 a L2333-40; R2333-43 a R2333-64; D2333-45 El C\u00f3digo de Turismo: L422-3 a 422-5<\/p>\n<p><em>Pour plus d\u2019informations, les textes de lois encadrant la taxe de s\u00e9jour sont r\u00e9pertori\u00e9s dans : Le Code G\u00e9n\u00e9ral des Collectivit\u00e9s Territoriales : L2333-26 \u00e0 L2333-40 ; R2333- 43 \u00e0 R2333-64 ; D2333-45 Le Code du tourisme : L422-3 \u00e0 422-5<\/em><\/p>\n","protected":false},"excerpt":{"rendered":"<p>\u00bf Eres due\u00f1o de alojamiento ? Encuentre en esta p\u00e1gina diversa informaci\u00f3n que le preocupa. Una p\u00e1gina pr\u00e1ctica para anfitriones El impuesto tur\u00edstico fue instituido en Francia por la ley del 13 de abril de 1910 para contribuir al desarrollo tur\u00edstico local. En este contexto, la Comunidad de Comunas de Aspres ha deliberado establecer el [&hellip;]<\/p>\n","protected":false},"author":2,"featured_media":30206,"parent":0,"menu_order":0,"comment_status":"closed","ping_status":"closed","template":"","meta":{"_acf_changed":false,"_et_pb_use_builder":"","_et_pb_old_content":"","_et_gb_content_width":"","footnotes":""},"class_list":["post-24690","page","type-page","status-publish","has-post-thumbnail","hentry"],"acf":[],"yoast_head":"<!-- This site is optimized with the Yoast SEO plugin v26.9 - https:\/\/yoast.com\/product\/yoast-seo-wordpress\/ -->\n<title>Tasa tur\u00edstica - Office de Tourisme Aspres-Thuir<\/title>\n<meta name=\"robots\" content=\"index, follow, max-snippet:-1, max-image-preview:large, max-video-preview:-1\" \/>\n<link rel=\"canonical\" href=\"https:\/\/aspres-thuir.com\/es\/tasa-turistica\/\" \/>\n<meta property=\"og:locale\" content=\"es_ES\" \/>\n<meta property=\"og:type\" content=\"article\" \/>\n<meta property=\"og:title\" content=\"Tasa tur\u00edstica - Office de Tourisme Aspres-Thuir\" \/>\n<meta property=\"og:description\" content=\"\u00bf Eres due\u00f1o de alojamiento ? Encuentre en esta p\u00e1gina diversa informaci\u00f3n que le preocupa. Una p\u00e1gina pr\u00e1ctica para anfitriones El impuesto tur\u00edstico fue instituido en Francia por la ley del 13 de abril de 1910 para contribuir al desarrollo tur\u00edstico local. En este contexto, la Comunidad de Comunas de Aspres ha deliberado establecer el [&hellip;]\" \/>\n<meta property=\"og:site_name\" content=\"Office de Tourisme Aspres-Thuir\" \/>\n<meta property=\"article:modified_time\" content=\"2023-01-05T16:17:56+00:00\" \/>\n<meta property=\"og:image\" content=\"https:\/\/aspres-thuir.com\/wp-content\/uploads\/2022\/02\/recha-oktaviani-h2aDKwigQeA-unsplash-scaled-e1645529548457.jpg\" \/>\n\t<meta property=\"og:image:width\" content=\"2880\" \/>\n\t<meta property=\"og:image:height\" content=\"1920\" \/>\n\t<meta property=\"og:image:type\" content=\"image\/jpeg\" \/>\n<meta name=\"twitter:card\" content=\"summary_large_image\" \/>\n<meta name=\"twitter:label1\" content=\"Est. reading time\" \/>\n\t<meta name=\"twitter:data1\" content=\"2 minutes\" \/>\n<script type=\"application\/ld+json\" class=\"yoast-schema-graph\">{\"@context\":\"https:\/\/schema.org\",\"@graph\":[{\"@type\":\"WebPage\",\"@id\":\"https:\/\/aspres-thuir.com\/es\/tasa-turistica\/\",\"url\":\"https:\/\/aspres-thuir.com\/es\/tasa-turistica\/\",\"name\":\"Tasa tur\u00edstica - Office de Tourisme Aspres-Thuir\",\"isPartOf\":{\"@id\":\"https:\/\/aspres-thuir.com\/es\/#website\"},\"primaryImageOfPage\":{\"@id\":\"https:\/\/aspres-thuir.com\/es\/tasa-turistica\/#primaryimage\"},\"image\":{\"@id\":\"https:\/\/aspres-thuir.com\/es\/tasa-turistica\/#primaryimage\"},\"thumbnailUrl\":\"https:\/\/aspres-thuir.com\/wp-content\/uploads\/2022\/02\/recha-oktaviani-h2aDKwigQeA-unsplash-scaled-e1645529548457.jpg\",\"datePublished\":\"2021-04-08T16:07:22+00:00\",\"dateModified\":\"2023-01-05T16:17:56+00:00\",\"breadcrumb\":{\"@id\":\"https:\/\/aspres-thuir.com\/es\/tasa-turistica\/#breadcrumb\"},\"inLanguage\":\"es-ES\",\"potentialAction\":[{\"@type\":\"ReadAction\",\"target\":[\"https:\/\/aspres-thuir.com\/es\/tasa-turistica\/\"]}]},{\"@type\":\"ImageObject\",\"inLanguage\":\"es-ES\",\"@id\":\"https:\/\/aspres-thuir.com\/es\/tasa-turistica\/#primaryimage\",\"url\":\"https:\/\/aspres-thuir.com\/wp-content\/uploads\/2022\/02\/recha-oktaviani-h2aDKwigQeA-unsplash-scaled-e1645529548457.jpg\",\"contentUrl\":\"https:\/\/aspres-thuir.com\/wp-content\/uploads\/2022\/02\/recha-oktaviani-h2aDKwigQeA-unsplash-scaled-e1645529548457.jpg\",\"width\":2880,\"height\":1920},{\"@type\":\"BreadcrumbList\",\"@id\":\"https:\/\/aspres-thuir.com\/es\/tasa-turistica\/#breadcrumb\",\"itemListElement\":[{\"@type\":\"ListItem\",\"position\":1,\"name\":\"\",\"item\":\"https:\/\/aspres-thuir.com\/es\/\"},{\"@type\":\"ListItem\",\"position\":2,\"name\":\"Tasa tur\u00edstica\"}]},{\"@type\":\"WebSite\",\"@id\":\"https:\/\/aspres-thuir.com\/es\/#website\",\"url\":\"https:\/\/aspres-thuir.com\/es\/\",\"name\":\"Office de Tourisme Aspres-Thuir\",\"description\":\"\",\"potentialAction\":[{\"@type\":\"SearchAction\",\"target\":{\"@type\":\"EntryPoint\",\"urlTemplate\":\"https:\/\/aspres-thuir.com\/es\/?s={search_term_string}\"},\"query-input\":{\"@type\":\"PropertyValueSpecification\",\"valueRequired\":true,\"valueName\":\"search_term_string\"}}],\"inLanguage\":\"es-ES\"}]}<\/script>\n<!-- \/ Yoast SEO plugin. -->","yoast_head_json":{"title":"Tasa tur\u00edstica - Office de Tourisme Aspres-Thuir","robots":{"index":"index","follow":"follow","max-snippet":"max-snippet:-1","max-image-preview":"max-image-preview:large","max-video-preview":"max-video-preview:-1"},"canonical":"https:\/\/aspres-thuir.com\/es\/tasa-turistica\/","og_locale":"es_ES","og_type":"article","og_title":"Tasa tur\u00edstica - Office de Tourisme Aspres-Thuir","og_description":"\u00bf Eres due\u00f1o de alojamiento ? Encuentre en esta p\u00e1gina diversa informaci\u00f3n que le preocupa. Una p\u00e1gina pr\u00e1ctica para anfitriones El impuesto tur\u00edstico fue instituido en Francia por la ley del 13 de abril de 1910 para contribuir al desarrollo tur\u00edstico local. En este contexto, la Comunidad de Comunas de Aspres ha deliberado establecer el [&hellip;]","og_site_name":"Office de Tourisme Aspres-Thuir","article_modified_time":"2023-01-05T16:17:56+00:00","og_image":[{"width":2880,"height":1920,"url":"https:\/\/aspres-thuir.com\/wp-content\/uploads\/2022\/02\/recha-oktaviani-h2aDKwigQeA-unsplash-scaled-e1645529548457.jpg","type":"image\/jpeg"}],"twitter_card":"summary_large_image","twitter_misc":{"Est. reading time":"2 minutes"},"schema":{"@context":"https:\/\/schema.org","@graph":[{"@type":"WebPage","@id":"https:\/\/aspres-thuir.com\/es\/tasa-turistica\/","url":"https:\/\/aspres-thuir.com\/es\/tasa-turistica\/","name":"Tasa tur\u00edstica - Office de Tourisme Aspres-Thuir","isPartOf":{"@id":"https:\/\/aspres-thuir.com\/es\/#website"},"primaryImageOfPage":{"@id":"https:\/\/aspres-thuir.com\/es\/tasa-turistica\/#primaryimage"},"image":{"@id":"https:\/\/aspres-thuir.com\/es\/tasa-turistica\/#primaryimage"},"thumbnailUrl":"https:\/\/aspres-thuir.com\/wp-content\/uploads\/2022\/02\/recha-oktaviani-h2aDKwigQeA-unsplash-scaled-e1645529548457.jpg","datePublished":"2021-04-08T16:07:22+00:00","dateModified":"2023-01-05T16:17:56+00:00","breadcrumb":{"@id":"https:\/\/aspres-thuir.com\/es\/tasa-turistica\/#breadcrumb"},"inLanguage":"es-ES","potentialAction":[{"@type":"ReadAction","target":["https:\/\/aspres-thuir.com\/es\/tasa-turistica\/"]}]},{"@type":"ImageObject","inLanguage":"es-ES","@id":"https:\/\/aspres-thuir.com\/es\/tasa-turistica\/#primaryimage","url":"https:\/\/aspres-thuir.com\/wp-content\/uploads\/2022\/02\/recha-oktaviani-h2aDKwigQeA-unsplash-scaled-e1645529548457.jpg","contentUrl":"https:\/\/aspres-thuir.com\/wp-content\/uploads\/2022\/02\/recha-oktaviani-h2aDKwigQeA-unsplash-scaled-e1645529548457.jpg","width":2880,"height":1920},{"@type":"BreadcrumbList","@id":"https:\/\/aspres-thuir.com\/es\/tasa-turistica\/#breadcrumb","itemListElement":[{"@type":"ListItem","position":1,"name":"","item":"https:\/\/aspres-thuir.com\/es\/"},{"@type":"ListItem","position":2,"name":"Tasa tur\u00edstica"}]},{"@type":"WebSite","@id":"https:\/\/aspres-thuir.com\/es\/#website","url":"https:\/\/aspres-thuir.com\/es\/","name":"Office de Tourisme Aspres-Thuir","description":"","potentialAction":[{"@type":"SearchAction","target":{"@type":"EntryPoint","urlTemplate":"https:\/\/aspres-thuir.com\/es\/?s={search_term_string}"},"query-input":{"@type":"PropertyValueSpecification","valueRequired":true,"valueName":"search_term_string"}}],"inLanguage":"es-ES"}]}},"_links":{"self":[{"href":"https:\/\/aspres-thuir.com\/es\/wp-json\/wp\/v2\/pages\/24690","targetHints":{"allow":["GET"]}}],"collection":[{"href":"https:\/\/aspres-thuir.com\/es\/wp-json\/wp\/v2\/pages"}],"about":[{"href":"https:\/\/aspres-thuir.com\/es\/wp-json\/wp\/v2\/types\/page"}],"author":[{"embeddable":true,"href":"https:\/\/aspres-thuir.com\/es\/wp-json\/wp\/v2\/users\/2"}],"replies":[{"embeddable":true,"href":"https:\/\/aspres-thuir.com\/es\/wp-json\/wp\/v2\/comments?post=24690"}],"version-history":[{"count":0,"href":"https:\/\/aspres-thuir.com\/es\/wp-json\/wp\/v2\/pages\/24690\/revisions"}],"wp:featuredmedia":[{"embeddable":true,"href":"https:\/\/aspres-thuir.com\/es\/wp-json\/wp\/v2\/media\/30206"}],"wp:attachment":[{"href":"https:\/\/aspres-thuir.com\/es\/wp-json\/wp\/v2\/media?parent=24690"}],"curies":[{"name":"wp","href":"https:\/\/api.w.org\/{rel}","templated":true}]}}