{"id":24700,"date":"2021-04-08T17:04:11","date_gmt":"2021-04-08T16:04:11","guid":{"rendered":"https:\/\/aspres-thuir.com\/notre-patrimoine\/"},"modified":"2026-03-19T10:47:49","modified_gmt":"2026-03-19T09:47:49","slug":"patrimonio","status":"publish","type":"page","link":"https:\/\/aspres-thuir.com\/es\/patrimonio\/","title":{"rendered":"Patrimonio"},"content":{"rendered":"\n<p>A pie, en coche o en bicicleta, solo, en familia o con amigos, pasear por los pueblos y aldeas del Aspres es la mejor manera de descubrir el rico y variado patrimonio de nuestro territorio.<br>Durante sus paseos, descubrir\u00e1 peque\u00f1as maravillas, all\u00ed una iglesia rom\u00e1nica perdida en medio de un alcornoque, en otro lugar un pueblo t\u00edpico con genoveses pintados, o un pueblo medieval clasificado entre los Pueblos m\u00e1s bellos de Francia.<br>\u00a1 Pasea, pi\u00e9rdete y sorpr\u00e9ndete !<\/p>\n\n\n\n<div class=\"tsc-listing-wrap \" data-feed=\"services\" data-per-page=\"12\" data-columns=\"3\" data-listing-mode=\"infinite\" data-filter-layout=\"horizontal\"  data-locked-category=\"chateaux-et-sites-de-defense,lieux-de-memoire,musees-centres-dinterpretation-et-collections,sites-religieux\">\n\n    <!-- \u2550\u2550\u2550 MODE WIDGET \u2550\u2550\u2550 -->\n    \n                <div class=\"tsc-filters \">\n\n        \n        <div class=\"tsc-filters-bar\">\n\n            <!-- Recherche -->\n            <div class=\"tsc-filter-group tsc-filter-search\">\n                <input type=\"text\" class=\"tsc-filter-input\" data-filter=\"search\" placeholder=\"Buscar...\">\n                <i class=\"fa-solid fa-magnifying-glass\"><\/i>\n            <\/div>\n\n            <!-- Cat\u00e9gorie (dropdown multi-s\u00e9lection) -->\n                        <div class=\"tsc-filter-group tsc-multi-drop\">\n                <input type=\"hidden\" data-filter=\"category\" value=\"\">\n                <button type=\"button\" class=\"tsc-md-trigger\">\n                    <span class=\"tsc-md-label\">Todas las categor\u00edas<\/span>\n                    <i class=\"fa-solid fa-chevron-down tsc-md-arrow\"><\/i>\n                <\/button>\n                <div class=\"tsc-md-panel\" hidden\n                     data-all-label=\"Todas las categor\u00edas\"\n                     data-count-tpl=\"%d categor\u00edas\">\n                    <label class=\"tsc-md-item tsc-md-item-all\">\n                        <input type=\"checkbox\" class=\"tsc-md-check-all\"  checked='checked'>\n                        <span>Todas las categor\u00edas<\/span>\n                    <\/label>\n                                                            <label class=\"tsc-md-item\">\n                        <input type=\"checkbox\" class=\"tsc-md-check\" value=\"chateaux-et-sites-de-defense\"\n                               data-label=\"Ch\u00e2teaux et sites de d\u00e9fense\"\n                               >\n                        <span>Ch\u00e2teaux et sites de d\u00e9fense <span class=\"tsc-md-count\">(1)<\/span><\/span>\n                    <\/label>\n                                        <label class=\"tsc-md-item\">\n                        <input type=\"checkbox\" class=\"tsc-md-check\" value=\"lieux-de-memoire\"\n                               data-label=\"Lieux de m\u00e9moire\"\n                               >\n                        <span>Lieux de m\u00e9moire <span class=\"tsc-md-count\">(1)<\/span><\/span>\n                    <\/label>\n                                        <label class=\"tsc-md-item\">\n                        <input type=\"checkbox\" class=\"tsc-md-check\" value=\"musees-centres-dinterpretation-et-collections\"\n                               data-label=\"Mus\u00e9es, centres d&#039;interpr\u00e9tation et collections\"\n                               >\n                        <span>Mus\u00e9es, centres d&#039;interpr\u00e9tation et collections <span class=\"tsc-md-count\">(2)<\/span><\/span>\n                    <\/label>\n                                        <label class=\"tsc-md-item\">\n                        <input type=\"checkbox\" class=\"tsc-md-check\" value=\"sites-religieux\"\n                               data-label=\"Sites religieux\"\n                               >\n                        <span>Sites religieux <span class=\"tsc-md-count\">(32)<\/span><\/span>\n                    <\/label>\n                                    <\/div>\n            <\/div>\n            \n            <!-- Classement \u00e9toiles\/\u00e9pis (h\u00e9bergements) \u2014 dropdown multi-s\u00e9lection -->\n            \n            <!-- Commune (dropdown unifi\u00e9) -->\n            \n            <!-- Label (dropdown unifi\u00e9) -->\n            \n            <!-- Tri \u2014 ic\u00f4ne en fin de barre (PAS pour les \u00e9v\u00e9nements, PAS en vertical car d\u00e9j\u00e0 dans le header) -->\n                        <div class=\"tsc-filter-group tsc-sort-wrap\">\n                <input type=\"hidden\" data-filter=\"orderby\" value=\"default\">\n                <button type=\"button\" class=\"tsc-sort-trigger\" title=\"Ordenar\">\n                    <i class=\"fa-light fa-arrow-up-wide-short\"><\/i>\n                <\/button>\n                <div class=\"tsc-sort-panel\" hidden>\n                    <div class=\"tsc-sort-item tsc-sort-active\" data-value=\"default\">\n                        Aleatorio                    <\/div>\n                    <div class=\"tsc-sort-item\" data-value=\"title\">A \u2192 Z<\/div>\n                    <div class=\"tsc-sort-item\" data-value=\"title-desc\">Z \u2192 A<\/div>\n                    <div class=\"tsc-sort-item\" data-value=\"date\">M\u00e1s recientes<\/div>\n                                        <div class=\"tsc-sort-item\" data-value=\"rand\">Aleatorio<\/div>\n                                    <\/div>\n            <\/div>\n                    <\/div>\n\n        <!-- Filtres avanc\u00e9s (h\u00e9bergements) -->\n        \n        <!-- Filtres avanc\u00e9s (services : type de cuisine) -->\n                            <\/div>\n    \n    \n    <!-- \u2550\u2550\u2550 CONTENU \u2550\u2550\u2550 -->\n                <!-- MODE NORMAL -->\n        <div class=\"tsc-results-count\">\n            <span class=\"tsc-count-number\">0<\/span> resultado(s)        <\/div>\n        <div class=\"tsc-cards-grid tsc-cols-3\">\n            <div class=\"tsc-no-results\"><p>Sin resultados.<\/p><\/div>        <\/div>\n\n                \n    \n    <div class=\"tsc-loader\" style=\"display:none;\">\n        <div class=\"tsc-spinner\"><\/div>\n    <\/div>\n<\/div>\n\n","protected":false},"excerpt":{"rendered":"<p>A pie, en coche o en bicicleta, solo, en familia o con amigos, pasear por los pueblos y aldeas del Aspres es la mejor manera de descubrir el rico y variado patrimonio de nuestro territorio.Durante sus paseos, descubrir\u00e1 peque\u00f1as maravillas, all\u00ed una iglesia rom\u00e1nica perdida en medio de un alcornoque, en otro lugar un pueblo [&hellip;]<\/p>\n","protected":false},"author":2,"featured_media":41168,"parent":0,"menu_order":0,"comment_status":"closed","ping_status":"closed","template":"","meta":{"_acf_changed":false,"_et_pb_use_builder":"","_et_pb_old_content":"","_et_gb_content_width":"","footnotes":""},"class_list":["post-24700","page","type-page","status-publish","has-post-thumbnail","hentry"],"acf":[],"yoast_head":"<!-- This site is optimized with the Yoast SEO plugin v26.9 - https:\/\/yoast.com\/product\/yoast-seo-wordpress\/ -->\n<title>Patrimonio - Office de Tourisme Aspres-Thuir<\/title>\n<meta name=\"robots\" content=\"index, follow, max-snippet:-1, max-image-preview:large, max-video-preview:-1\" \/>\n<link rel=\"canonical\" href=\"https:\/\/aspres-thuir.com\/es\/patrimonio\/\" \/>\n<meta property=\"og:locale\" content=\"es_ES\" \/>\n<meta property=\"og:type\" content=\"article\" \/>\n<meta property=\"og:title\" content=\"Patrimonio - Office de Tourisme Aspres-Thuir\" \/>\n<meta property=\"og:description\" content=\"A pie, en coche o en bicicleta, solo, en familia o con amigos, pasear por los pueblos y aldeas del Aspres es la mejor manera de descubrir el rico y variado patrimonio de nuestro territorio.Durante sus paseos, descubrir\u00e1 peque\u00f1as maravillas, all\u00ed una iglesia rom\u00e1nica perdida en medio de un alcornoque, en otro lugar un pueblo [&hellip;]\" \/>\n<meta property=\"og:site_name\" content=\"Office de Tourisme Aspres-Thuir\" \/>\n<meta property=\"article:modified_time\" content=\"2026-03-19T09:47:49+00:00\" \/>\n<meta property=\"og:image\" content=\"https:\/\/aspres-thuir.com\/wp-content\/uploads\/2022\/01\/monastirdelcamp13.jpg\" \/>\n\t<meta property=\"og:image:width\" content=\"1920\" \/>\n\t<meta property=\"og:image:height\" content=\"790\" \/>\n\t<meta property=\"og:image:type\" content=\"image\/jpeg\" \/>\n<meta name=\"twitter:card\" content=\"summary_large_image\" \/>\n<meta name=\"twitter:label1\" content=\"Est. reading time\" \/>\n\t<meta name=\"twitter:data1\" content=\"1 minute\" \/>\n<script type=\"application\/ld+json\" class=\"yoast-schema-graph\">{\"@context\":\"https:\/\/schema.org\",\"@graph\":[{\"@type\":\"WebPage\",\"@id\":\"https:\/\/aspres-thuir.com\/es\/patrimonio\/\",\"url\":\"https:\/\/aspres-thuir.com\/es\/patrimonio\/\",\"name\":\"Patrimonio - Office de Tourisme Aspres-Thuir\",\"isPartOf\":{\"@id\":\"https:\/\/aspres-thuir.com\/es\/#website\"},\"primaryImageOfPage\":{\"@id\":\"https:\/\/aspres-thuir.com\/es\/patrimonio\/#primaryimage\"},\"image\":{\"@id\":\"https:\/\/aspres-thuir.com\/es\/patrimonio\/#primaryimage\"},\"thumbnailUrl\":\"https:\/\/aspres-thuir.com\/wp-content\/uploads\/2022\/01\/monastirdelcamp13.jpg\",\"datePublished\":\"2021-04-08T16:04:11+00:00\",\"dateModified\":\"2026-03-19T09:47:49+00:00\",\"breadcrumb\":{\"@id\":\"https:\/\/aspres-thuir.com\/es\/patrimonio\/#breadcrumb\"},\"inLanguage\":\"es-ES\",\"potentialAction\":[{\"@type\":\"ReadAction\",\"target\":[\"https:\/\/aspres-thuir.com\/es\/patrimonio\/\"]}]},{\"@type\":\"ImageObject\",\"inLanguage\":\"es-ES\",\"@id\":\"https:\/\/aspres-thuir.com\/es\/patrimonio\/#primaryimage\",\"url\":\"https:\/\/aspres-thuir.com\/wp-content\/uploads\/2022\/01\/monastirdelcamp13.jpg\",\"contentUrl\":\"https:\/\/aspres-thuir.com\/wp-content\/uploads\/2022\/01\/monastirdelcamp13.jpg\",\"width\":1920,\"height\":790},{\"@type\":\"BreadcrumbList\",\"@id\":\"https:\/\/aspres-thuir.com\/es\/patrimonio\/#breadcrumb\",\"itemListElement\":[{\"@type\":\"ListItem\",\"position\":1,\"name\":\"\",\"item\":\"https:\/\/aspres-thuir.com\/es\/\"},{\"@type\":\"ListItem\",\"position\":2,\"name\":\"Patrimonio\"}]},{\"@type\":\"WebSite\",\"@id\":\"https:\/\/aspres-thuir.com\/es\/#website\",\"url\":\"https:\/\/aspres-thuir.com\/es\/\",\"name\":\"Office de Tourisme Aspres-Thuir\",\"description\":\"\",\"potentialAction\":[{\"@type\":\"SearchAction\",\"target\":{\"@type\":\"EntryPoint\",\"urlTemplate\":\"https:\/\/aspres-thuir.com\/es\/?s={search_term_string}\"},\"query-input\":{\"@type\":\"PropertyValueSpecification\",\"valueRequired\":true,\"valueName\":\"search_term_string\"}}],\"inLanguage\":\"es-ES\"}]}<\/script>\n<!-- \/ Yoast SEO plugin. -->","yoast_head_json":{"title":"Patrimonio - Office de Tourisme Aspres-Thuir","robots":{"index":"index","follow":"follow","max-snippet":"max-snippet:-1","max-image-preview":"max-image-preview:large","max-video-preview":"max-video-preview:-1"},"canonical":"https:\/\/aspres-thuir.com\/es\/patrimonio\/","og_locale":"es_ES","og_type":"article","og_title":"Patrimonio - Office de Tourisme Aspres-Thuir","og_description":"A pie, en coche o en bicicleta, solo, en familia o con amigos, pasear por los pueblos y aldeas del Aspres es la mejor manera de descubrir el rico y variado patrimonio de nuestro territorio.Durante sus paseos, descubrir\u00e1 peque\u00f1as maravillas, all\u00ed una iglesia rom\u00e1nica perdida en medio de un alcornoque, en otro lugar un pueblo [&hellip;]","og_site_name":"Office de Tourisme Aspres-Thuir","article_modified_time":"2026-03-19T09:47:49+00:00","og_image":[{"width":1920,"height":790,"url":"https:\/\/aspres-thuir.com\/wp-content\/uploads\/2022\/01\/monastirdelcamp13.jpg","type":"image\/jpeg"}],"twitter_card":"summary_large_image","twitter_misc":{"Est. reading time":"1 minute"},"schema":{"@context":"https:\/\/schema.org","@graph":[{"@type":"WebPage","@id":"https:\/\/aspres-thuir.com\/es\/patrimonio\/","url":"https:\/\/aspres-thuir.com\/es\/patrimonio\/","name":"Patrimonio - Office de Tourisme Aspres-Thuir","isPartOf":{"@id":"https:\/\/aspres-thuir.com\/es\/#website"},"primaryImageOfPage":{"@id":"https:\/\/aspres-thuir.com\/es\/patrimonio\/#primaryimage"},"image":{"@id":"https:\/\/aspres-thuir.com\/es\/patrimonio\/#primaryimage"},"thumbnailUrl":"https:\/\/aspres-thuir.com\/wp-content\/uploads\/2022\/01\/monastirdelcamp13.jpg","datePublished":"2021-04-08T16:04:11+00:00","dateModified":"2026-03-19T09:47:49+00:00","breadcrumb":{"@id":"https:\/\/aspres-thuir.com\/es\/patrimonio\/#breadcrumb"},"inLanguage":"es-ES","potentialAction":[{"@type":"ReadAction","target":["https:\/\/aspres-thuir.com\/es\/patrimonio\/"]}]},{"@type":"ImageObject","inLanguage":"es-ES","@id":"https:\/\/aspres-thuir.com\/es\/patrimonio\/#primaryimage","url":"https:\/\/aspres-thuir.com\/wp-content\/uploads\/2022\/01\/monastirdelcamp13.jpg","contentUrl":"https:\/\/aspres-thuir.com\/wp-content\/uploads\/2022\/01\/monastirdelcamp13.jpg","width":1920,"height":790},{"@type":"BreadcrumbList","@id":"https:\/\/aspres-thuir.com\/es\/patrimonio\/#breadcrumb","itemListElement":[{"@type":"ListItem","position":1,"name":"","item":"https:\/\/aspres-thuir.com\/es\/"},{"@type":"ListItem","position":2,"name":"Patrimonio"}]},{"@type":"WebSite","@id":"https:\/\/aspres-thuir.com\/es\/#website","url":"https:\/\/aspres-thuir.com\/es\/","name":"Office de Tourisme Aspres-Thuir","description":"","potentialAction":[{"@type":"SearchAction","target":{"@type":"EntryPoint","urlTemplate":"https:\/\/aspres-thuir.com\/es\/?s={search_term_string}"},"query-input":{"@type":"PropertyValueSpecification","valueRequired":true,"valueName":"search_term_string"}}],"inLanguage":"es-ES"}]}},"_links":{"self":[{"href":"https:\/\/aspres-thuir.com\/es\/wp-json\/wp\/v2\/pages\/24700","targetHints":{"allow":["GET"]}}],"collection":[{"href":"https:\/\/aspres-thuir.com\/es\/wp-json\/wp\/v2\/pages"}],"about":[{"href":"https:\/\/aspres-thuir.com\/es\/wp-json\/wp\/v2\/types\/page"}],"author":[{"embeddable":true,"href":"https:\/\/aspres-thuir.com\/es\/wp-json\/wp\/v2\/users\/2"}],"replies":[{"embeddable":true,"href":"https:\/\/aspres-thuir.com\/es\/wp-json\/wp\/v2\/comments?post=24700"}],"version-history":[{"count":0,"href":"https:\/\/aspres-thuir.com\/es\/wp-json\/wp\/v2\/pages\/24700\/revisions"}],"wp:featuredmedia":[{"embeddable":true,"href":"https:\/\/aspres-thuir.com\/es\/wp-json\/wp\/v2\/media\/41168"}],"wp:attachment":[{"href":"https:\/\/aspres-thuir.com\/es\/wp-json\/wp\/v2\/media?parent=24700"}],"curies":[{"name":"wp","href":"https:\/\/api.w.org\/{rel}","templated":true}]}}