{"id":41109,"date":"2022-05-05T16:36:13","date_gmt":"2022-05-05T15:36:13","guid":{"rendered":"https:\/\/aspres-thuir.com\/les-marches\/"},"modified":"2023-01-05T17:16:44","modified_gmt":"2023-01-05T16:16:44","slug":"mercados","status":"publish","type":"page","link":"https:\/\/aspres-thuir.com\/es\/mercados\/","title":{"rendered":"Mercados"},"content":{"rendered":"<p>Encontrar\u00e1s los d\u00edas de mercado de los diferentes municipios de Aspres.<\/p>\n\n\n<div class=\"wp-block-divi-layout\">[et_pb_section fb_built=&#8221;1&#8243; admin_label=&#8221;section&#8221; _builder_version=&#8221;4.16&#8243; global_colors_info=&#8221;{}&#8221;][et_pb_row column_structure=&#8221;1_2,1_2&#8243; admin_label=&#8221;row&#8221; _builder_version=&#8221;4.16&#8243; background_size=&#8221;initial&#8221; background_position=&#8221;top_left&#8221; background_repeat=&#8221;repeat&#8221; global_colors_info=&#8221;{}&#8221;][et_pb_column type=&#8221;1_2&#8243; _builder_version=&#8221;4.17.3&#8243; _module_preset=&#8221;default&#8221; global_colors_info=&#8221;{}&#8221;][et_pb_image src=&#8221;https:\/\/aspres-thuir.com\/wp-content\/uploads\/2022\/05\/thuir.jpg&#8221; title_text=&#8221;thuir&#8221; _builder_version=&#8221;4.17.3&#8243; _module_preset=&#8221;default&#8221; border_radii=&#8221;on|12px|12px|12px|12px&#8221; box_shadow_style=&#8221;preset2&#8243; global_colors_info=&#8221;{}&#8221;][\/et_pb_image][et_pb_image src=&#8221;https:\/\/aspres-thuir.com\/wp-content\/uploads\/2022\/05\/image.jpg&#8221; title_text=&#8221;March\u00e9Thuir&#8221; _builder_version=&#8221;4.17.3&#8243; _module_preset=&#8221;default&#8221; border_radii=&#8221;on|12px|12px|12px|12px&#8221; box_shadow_style=&#8221;preset2&#8243; global_colors_info=&#8221;{}&#8221;][\/et_pb_image][et_pb_image src=&#8221;https:\/\/aspres-thuir.com\/wp-content\/uploads\/2022\/05\/image-1.jpg&#8221; title_text=&#8221;image (1)&#8221; _builder_version=&#8221;4.17.3&#8243; _module_preset=&#8221;default&#8221; border_radii=&#8221;on|12px|12px|12px|12px&#8221; box_shadow_style=&#8221;preset2&#8243; global_colors_info=&#8221;{}&#8221;][\/et_pb_image][et_pb_image src=&#8221;https:\/\/aspres-thuir.com\/wp-content\/uploads\/2022\/05\/image-2.jpg&#8221; title_text=&#8221;image (2)&#8221; _builder_version=&#8221;4.17.3&#8243; _module_preset=&#8221;default&#8221; border_radii=&#8221;on|12px|12px|12px|12px&#8221; box_shadow_style=&#8221;preset2&#8243; global_colors_info=&#8221;{}&#8221;][\/et_pb_image][\/et_pb_column][et_pb_column type=&#8221;1_2&#8243; _builder_version=&#8221;4.17.3&#8243; _module_preset=&#8221;default&#8221; global_colors_info=&#8221;{}&#8221;][et_pb_text _builder_version=&#8221;4.19.3&#8243; _module_preset=&#8221;default&#8221; global_colors_info=&#8221;{}&#8221;]<h1>Mercados de Thuir<\/h1>\n<h3>Mercado<\/h3>\n<p>THUIR es una ciudad de mercados.<\/p>\n<p>Todos los s\u00e1bados por la ma\u00f1ana, la Place de la R\u00e9publique y las calles adyacentes acogen el mercado tradicional, las calles cobran vida y est\u00e1n invadidas por muchos puestos coloridos.<\/p>\n<p>All\u00ed puedes encontrar de todo: frutas, verduras, carnes, pescados, mariscos, quesos, ropa, bisuter\u00eda, libros, decoraci\u00f3n\u2026.. as\u00ed como un gran n\u00famero de productores y artesanos locales.<\/p>\n<p>&nbsp;<\/p>\n<h3>El mercado gourmet de primavera :<\/h3>\n<p>El 1er domingo de mayo, unos sesenta productores y artesanos locales le dan la bienvenida y le ofrecen vinos, quesos, miel, grasa&#8230; joyer\u00eda, cer\u00e1mica&#8230;<\/p>\n<p>&nbsp;<\/p>\n<h3>Feria de grasa :<\/h3>\n<p>A principios de diciembre, el Foire au gras le permite hacer su mercado navide\u00f1o con los agricultores del departamento.<\/p>\n<p>Encontrar\u00e1s pato en todas sus formas: foie gras, magrets de pato, muslos, confitados, terrinas, platos cocinados, etc.<\/p>\n<p>Pero tambi\u00e9n aves de corral, gallinas, pintadas, avestruces, capones&#8230;<\/p>\n<p>Y m\u00e1s: miel, pan de jengibre, mermeladas, almendras, frutas, ternera Ros\u00e9e des Pyr\u00e9n\u00e9es, caracoles, cerdos, embutidos, zumos de frutas, siropes, quesos de vaca, cabra y oveja, aceite de oliva, vinos, ostras, patatas fritas, mostazas\u2026<\/p>\n<p>&nbsp;<\/p>\n<p><strong>Direcci\u00f3n :<\/strong><\/p>\n<p>Bulevar Le\u00f3n Jean Gregory<br \/>66300 &#8211; Thuir<\/p>\n<p>&nbsp;<\/p>[\/et_pb_text][\/et_pb_column][\/et_pb_row][et_pb_row _builder_version=&#8221;4.17.4&#8243; _module_preset=&#8221;default&#8221; global_colors_info=&#8221;{}&#8221;][et_pb_column type=&#8221;4_4&#8243; _builder_version=&#8221;4.17.4&#8243; _module_preset=&#8221;default&#8221; global_colors_info=&#8221;{}&#8221;][\/et_pb_column][\/et_pb_row][et_pb_row column_structure=&#8221;1_2,1_2&#8243; admin_label=&#8221;row&#8221; _builder_version=&#8221;4.17.3&#8243; background_size=&#8221;initial&#8221; background_position=&#8221;top_left&#8221; background_repeat=&#8221;repeat&#8221; global_colors_info=&#8221;{}&#8221;][et_pb_column type=&#8221;1_2&#8243; _builder_version=&#8221;4.17.3&#8243; _module_preset=&#8221;default&#8221; global_colors_info=&#8221;{}&#8221;][et_pb_text _builder_version=&#8221;4.19.3&#8243; _module_preset=&#8221;default&#8221; global_colors_info=&#8221;{}&#8221;]<h1>Mercados de Castelnou<\/h1>\n<h3>Peque\u00f1o mercado de agricultores y artesanos :<\/h3>\n<p>En peque\u00f1as casetas de madera, llenas de encanto, los propios productores te ofrecen todos sus excelentes productos de aqu\u00ed: Aceites de oliva ecol\u00f3gicos, caracoles, zumos de frutas, &#8220;rousquilles&#8221; y galletas catalanas, pan ecol\u00f3gico, mermeladas, frutas y verduras ecol\u00f3gicas, miel y pan de especias. , azafr\u00e1n, vinos org\u00e1nicos del Rosell\u00f3n, vinos dulces naturales org\u00e1nicos, quesos de cabra, terrinas y foie gras de pato\u2026 pero tambi\u00e9n artesan\u00eda con bisuter\u00eda, cuero\u2026<\/p>\n<p><strong>Fecha :<\/strong> martes de julio a mediados de septiembre<\/p>\n<p>&nbsp;<\/p>\n<h3>Mercado travieso :<\/h3>\n<p>Fecha: mediados de febrero<\/p>\n<p>&nbsp;<\/p>\n<h3><strong>Mercado zen :<\/strong><\/h3>\n<p><strong>Fecha :<\/strong> abril<\/p>\n<p>&nbsp;<\/p>\n<h3>Mercado del sabor del agricultor :<\/h3>\n<p>\u00a1Ven a pasar un d\u00eda excepcional compartiendo con productores y artesanos locales durante el March\u00e9 du Go\u00fbt Fermier!<\/p>\n<p>Paseos por el pueblo medieval, para conocer a sus artesanos y muchos descubrimientos. A partir de las 9 h: Apertura del mercado, una treintena de agricultores y artesanos locales te ofrecen lo mejor de su tierra: frutas y verduras de temporada, mermeladas, zumos de frutas, aceitunas y aceites de oliva, terrinas de pato, caracoles, quesos, mieles y otros dulces, panes, vinos y vinos dulces naturales.<\/p>\n<p>Pero tambi\u00e9n cer\u00e1mica, cester\u00eda, joyer\u00eda, marroquiner\u00eda&#8230; Luego ambiente musical Swing y canciones francesas con el grupo &#8220;Swing Sam Soul&#8221;.<\/p>\n<p>Y tambi\u00e9n la presencia del sensible Clown Tango que animar\u00e1 el mercado mezclando ingenuidad, ternura y humor.<\/p>\n<p><strong>Fecha :<\/strong> Octubre<\/p>\n<p>&nbsp;<\/p>\n<h3>Mercado navide\u00f1o para productores y artesanos :<\/h3>\n<p>Cada a\u00f1o en diciembre tiene lugar a los pies de la iglesia un Mercado de agricultores y artesanos locales que le ofrecer\u00e1n con motivo de las celebraciones de fin de a\u00f1o: productos agr\u00edcolas festivos, artesan\u00edas para sus regalos, vino caliente con especias y otros productos caracter\u00edsticos de nuestra regi\u00f3n. Ambiente musical. En el pueblo: Paseos por el pueblo medieval, tiendas de artesan\u00eda y restaurantes en el pueblo.<\/p>\n<p><strong>Fecha :<\/strong> principios de diciembre<\/p>\n<p>&nbsp;<\/p>\n<p><strong>Direcci\u00f3n :<\/strong><\/p>\n<p>Al pie de la iglesia<\/p>\n<p>66300 &#8211; Castelnou<\/p>[\/et_pb_text][\/et_pb_column][et_pb_column type=&#8221;1_2&#8243; _builder_version=&#8221;4.17.3&#8243; _module_preset=&#8221;default&#8221; global_colors_info=&#8221;{}&#8221;][et_pb_image src=&#8221;https:\/\/aspres-thuir.com\/wp-content\/uploads\/2022\/05\/Castelnou.jpg&#8221; title_text=&#8221;Castelnou&#8221; _builder_version=&#8221;4.17.3&#8243; _module_preset=&#8221;default&#8221; border_radii=&#8221;on|12px|12px|12px|12px&#8221; box_shadow_style=&#8221;preset2&#8243; global_colors_info=&#8221;{}&#8221;][\/et_pb_image][et_pb_image src=&#8221;https:\/\/aspres-thuir.com\/wp-content\/uploads\/2022\/04\/20180724-122039-scaled.jpg&#8221; title_text=&#8221;20180724-122039&#8243; _builder_version=&#8221;4.17.3&#8243; _module_preset=&#8221;default&#8221; border_radii=&#8221;on|12px|12px|12px|12px&#8221; box_shadow_style=&#8221;preset2&#8243; global_colors_info=&#8221;{}&#8221;][\/et_pb_image][et_pb_image src=&#8221;https:\/\/aspres-thuir.com\/wp-content\/uploads\/2022\/05\/Capture.png&#8221; title_text=&#8221;Capture&#8221; _builder_version=&#8221;4.17.3&#8243; _module_preset=&#8221;default&#8221; border_radii=&#8221;on|12px|12px|12px|12px&#8221; box_shadow_style=&#8221;preset2&#8243; global_colors_info=&#8221;{}&#8221;][\/et_pb_image][et_pb_image src=&#8221;https:\/\/aspres-thuir.com\/wp-content\/uploads\/2022\/05\/Capture.PNG-2.png&#8221; title_text=&#8221;Capture.PNG 2&#8243; _builder_version=&#8221;4.17.3&#8243; _module_preset=&#8221;default&#8221; border_radii=&#8221;on|12px|12px|12px|12px&#8221; box_shadow_style=&#8221;preset2&#8243; global_colors_info=&#8221;{}&#8221;][\/et_pb_image][\/et_pb_column][\/et_pb_row][et_pb_row _builder_version=&#8221;4.17.4&#8243; _module_preset=&#8221;default&#8221; global_colors_info=&#8221;{}&#8221;][et_pb_column type=&#8221;4_4&#8243; _builder_version=&#8221;4.17.4&#8243; _module_preset=&#8221;default&#8221; global_colors_info=&#8221;{}&#8221;][\/et_pb_column][\/et_pb_row][et_pb_row column_structure=&#8221;1_2,1_2&#8243; admin_label=&#8221;row&#8221; _builder_version=&#8221;4.16&#8243; background_size=&#8221;initial&#8221; background_position=&#8221;top_left&#8221; background_repeat=&#8221;repeat&#8221; hover_enabled=&#8221;0&#8243; global_colors_info=&#8221;{}&#8221; sticky_enabled=&#8221;0&#8243;][et_pb_column type=&#8221;1_2&#8243; _builder_version=&#8221;4.17.3&#8243; _module_preset=&#8221;default&#8221; global_colors_info=&#8221;{}&#8221;][et_pb_image src=&#8221;https:\/\/aspres-thuir.com\/wp-content\/uploads\/2022\/05\/marche-tresserre-30.jpg&#8221; title_text=&#8221;oznorCOQR_vivi&#8221; _builder_version=&#8221;4.17.3&#8243; _module_preset=&#8221;default&#8221; border_radii=&#8221;on|12px|12px|12px|12px&#8221; box_shadow_style=&#8221;preset2&#8243; global_colors_info=&#8221;{}&#8221;][\/et_pb_image][\/et_pb_column][et_pb_column type=&#8221;1_2&#8243; _builder_version=&#8221;4.17.3&#8243; _module_preset=&#8221;default&#8221; global_colors_info=&#8221;{}&#8221;][et_pb_text _builder_version=&#8221;4.17.4&#8243; _module_preset=&#8221;default&#8221; global_colors_info=&#8221;{}&#8221;]<h1>Mercado de Tressere<\/h1>\n<h3>Mercado<\/h3>\n<p>El mercado se instala todos los viernes por la ma\u00f1ana de 7h30 a 12h00 en el Espace des Oliviers.<\/p>\n<p>En caso de fuertes lluvias o fuertes r\u00e1fagas de viento, se desplazar\u00e1 por debajo del espacio habitual en el patio de la Cave aux Contes.<\/p>\n<p style=\"text-align: justify;\"><\/p>\n<h3 style=\"text-align: justify;\">March\u00e9s nocturnes<\/h3>\n<p>\u00a1 Este verano vuelven los mercados nocturnos de Tresserre !<\/p>\n<p>Un ambiente veraniego y festivo. Encontrar\u00e1s animaci\u00f3n musical, artesan\u00eda y restauraci\u00f3n.<\/p>\n<p>Todos los mi\u00e9rcoles, a partir del 6 de julio de 19h a 00h.<\/p>\n<p>&nbsp;<\/p>\n<p><strong>Direcci\u00f3n :<\/strong><\/p>\n<p>Plaza de los Olivos<\/p>\n<p>66300 &#8211; Tresserre<\/p>\n<p>&nbsp;<\/p>\n<p>&nbsp;<\/p>[\/et_pb_text][\/et_pb_column][\/et_pb_row][et_pb_row _builder_version=&#8221;4.17.4&#8243; _module_preset=&#8221;default&#8221; global_colors_info=&#8221;{}&#8221;][et_pb_column type=&#8221;4_4&#8243; _builder_version=&#8221;4.17.4&#8243; _module_preset=&#8221;default&#8221; global_colors_info=&#8221;{}&#8221;][\/et_pb_column][\/et_pb_row][et_pb_row column_structure=&#8221;1_2,1_2&#8243; admin_label=&#8221;row&#8221; _builder_version=&#8221;4.17.3&#8243; background_size=&#8221;initial&#8221; background_position=&#8221;top_left&#8221; background_repeat=&#8221;repeat&#8221; global_colors_info=&#8221;{}&#8221;][et_pb_column type=&#8221;1_2&#8243; _builder_version=&#8221;4.17.3&#8243; _module_preset=&#8221;default&#8221; global_colors_info=&#8221;{}&#8221;][et_pb_text _builder_version=&#8221;4.19.3&#8243; _module_preset=&#8221;default&#8221; hover_enabled=&#8221;0&#8243; global_colors_info=&#8221;{}&#8221; sticky_enabled=&#8221;0&#8243;]<h1>Mercado de Brouilla<\/h1>\n<p>Este mercado tiene lugar durante todo el a\u00f1o, los martes y jueves de 8h a 13h.<\/p>\n<p>El horario puede variar seg\u00fan el clima y la temporada.<\/p>\n<p>&nbsp;<\/p>\n<p><strong>Direcci\u00f3n :<\/strong><\/p>\n<p>Centro de la ciudad<\/p>\n<p>66620 &#8211; Brouilla<\/p>\n<p>&nbsp;<\/p>\n<p>&nbsp;<\/p>[\/et_pb_text][\/et_pb_column][et_pb_column type=&#8221;1_2&#8243; _builder_version=&#8221;4.17.3&#8243; _module_preset=&#8221;default&#8221; global_colors_info=&#8221;{}&#8221;][et_pb_image src=&#8221;https:\/\/aspres-thuir.com\/wp-content\/uploads\/2022\/05\/peter-wendt-r5KSMkyoSc-unsplash-3.jpg&#8221; title_text=&#8221;peter-wendt&#8211;r5KSMkyoSc-unsplash&#8221; _builder_version=&#8221;4.17.3&#8243; _module_preset=&#8221;default&#8221; border_radii=&#8221;on|12px|12px|12px|12px&#8221; box_shadow_style=&#8221;preset2&#8243; global_colors_info=&#8221;{}&#8221;][\/et_pb_image][\/et_pb_column][\/et_pb_row][et_pb_row _builder_version=&#8221;4.17.4&#8243; _module_preset=&#8221;default&#8221; global_colors_info=&#8221;{}&#8221;][et_pb_column type=&#8221;4_4&#8243; _builder_version=&#8221;4.17.4&#8243; _module_preset=&#8221;default&#8221; global_colors_info=&#8221;{}&#8221;][\/et_pb_column][\/et_pb_row][et_pb_row column_structure=&#8221;1_2,1_2&#8243; admin_label=&#8221;row&#8221; _builder_version=&#8221;4.16&#8243; background_size=&#8221;initial&#8221; background_position=&#8221;top_left&#8221; background_repeat=&#8221;repeat&#8221; global_colors_info=&#8221;{}&#8221;][et_pb_column type=&#8221;1_2&#8243; _builder_version=&#8221;4.17.3&#8243; _module_preset=&#8221;default&#8221; global_colors_info=&#8221;{}&#8221;][et_pb_image src=&#8221;https:\/\/aspres-thuir.com\/wp-content\/uploads\/2022\/05\/Marche\u0301PV\u00a9Cyril-TRICOT-692&#215;376-1.jpg&#8221; title_text=&#8221;Marche\u0301PV\u00a9Cyril-TRICOT-692&#215;376&#8243; _builder_version=&#8221;4.17.3&#8243; _module_preset=&#8221;default&#8221; border_radii=&#8221;on|12px|12px|12px|12px&#8221; box_shadow_style=&#8221;preset2&#8243; global_colors_info=&#8221;{}&#8221;][\/et_pb_image][\/et_pb_column][et_pb_column type=&#8221;1_2&#8243; _builder_version=&#8221;4.17.3&#8243; _module_preset=&#8221;default&#8221; global_colors_info=&#8221;{}&#8221;][et_pb_text _builder_version=&#8221;4.19.3&#8243; _module_preset=&#8221;default&#8221; hover_enabled=&#8221;0&#8243; global_colors_info=&#8221;{}&#8221; sticky_enabled=&#8221;0&#8243;]<h1>Mercado de Trouillas<\/h1>\n<h3>Mercado<\/h3>\n<p>Este mercado tiene lugar durante todo el a\u00f1o los martes, mi\u00e9rcoles y viernes de 8 a 13 horas.<\/p>\n<p>&nbsp;<\/p>\n<p><strong>Direcci\u00f3n :<\/strong><\/p>\n<p>Centro de la ciudad<\/p>\n<p>66300 &#8211; Trouillas<\/p>[\/et_pb_text][\/et_pb_column][\/et_pb_row][\/et_pb_section]<\/div>\n","protected":false},"excerpt":{"rendered":"<p>Encontrar\u00e1s los d\u00edas de mercado de los diferentes municipios de Aspres.<\/p>\n","protected":false},"author":5,"featured_media":34298,"parent":0,"menu_order":0,"comment_status":"closed","ping_status":"closed","template":"","meta":{"_acf_changed":false,"_et_pb_use_builder":"","_et_pb_old_content":"","_et_gb_content_width":"","footnotes":""},"class_list":["post-41109","page","type-page","status-publish","has-post-thumbnail","hentry"],"acf":[],"yoast_head":"<!-- This site is optimized with the Yoast SEO plugin v26.9 - https:\/\/yoast.com\/product\/yoast-seo-wordpress\/ -->\n<title>Mercados - Office de Tourisme Aspres-Thuir<\/title>\n<meta name=\"robots\" content=\"index, follow, max-snippet:-1, max-image-preview:large, max-video-preview:-1\" \/>\n<link rel=\"canonical\" href=\"https:\/\/aspres-thuir.com\/es\/mercados\/\" \/>\n<meta property=\"og:locale\" content=\"es_ES\" \/>\n<meta property=\"og:type\" content=\"article\" \/>\n<meta property=\"og:title\" content=\"Mercados - Office de Tourisme Aspres-Thuir\" \/>\n<meta property=\"og:description\" content=\"Encontrar\u00e1s los d\u00edas de mercado de los diferentes municipios de Aspres.\" \/>\n<meta property=\"og:site_name\" content=\"Office de Tourisme Aspres-Thuir\" \/>\n<meta property=\"article:modified_time\" content=\"2023-01-05T16:16:44+00:00\" \/>\n<meta property=\"og:image\" content=\"https:\/\/aspres-thuir.com\/wp-content\/uploads\/2022\/05\/taoh-nichols-fzaxWVt1qHw-unsplash-1-scaled.jpg\" \/>\n\t<meta property=\"og:image:width\" content=\"2880\" \/>\n\t<meta property=\"og:image:height\" content=\"2160\" \/>\n\t<meta property=\"og:image:type\" content=\"image\/jpeg\" \/>\n<meta name=\"twitter:card\" content=\"summary_large_image\" \/>\n<meta name=\"twitter:label1\" content=\"Est. reading time\" \/>\n\t<meta name=\"twitter:data1\" content=\"5 minutes\" \/>\n<script type=\"application\/ld+json\" class=\"yoast-schema-graph\">{\"@context\":\"https:\/\/schema.org\",\"@graph\":[{\"@type\":\"WebPage\",\"@id\":\"https:\/\/aspres-thuir.com\/es\/mercados\/\",\"url\":\"https:\/\/aspres-thuir.com\/es\/mercados\/\",\"name\":\"Mercados - Office de Tourisme Aspres-Thuir\",\"isPartOf\":{\"@id\":\"https:\/\/aspres-thuir.com\/es\/#website\"},\"primaryImageOfPage\":{\"@id\":\"https:\/\/aspres-thuir.com\/es\/mercados\/#primaryimage\"},\"image\":{\"@id\":\"https:\/\/aspres-thuir.com\/es\/mercados\/#primaryimage\"},\"thumbnailUrl\":\"https:\/\/aspres-thuir.com\/wp-content\/uploads\/2022\/05\/taoh-nichols-fzaxWVt1qHw-unsplash-1-scaled.jpg\",\"datePublished\":\"2022-05-05T15:36:13+00:00\",\"dateModified\":\"2023-01-05T16:16:44+00:00\",\"breadcrumb\":{\"@id\":\"https:\/\/aspres-thuir.com\/es\/mercados\/#breadcrumb\"},\"inLanguage\":\"es-ES\",\"potentialAction\":[{\"@type\":\"ReadAction\",\"target\":[\"https:\/\/aspres-thuir.com\/es\/mercados\/\"]}]},{\"@type\":\"ImageObject\",\"inLanguage\":\"es-ES\",\"@id\":\"https:\/\/aspres-thuir.com\/es\/mercados\/#primaryimage\",\"url\":\"https:\/\/aspres-thuir.com\/wp-content\/uploads\/2022\/05\/taoh-nichols-fzaxWVt1qHw-unsplash-1-scaled.jpg\",\"contentUrl\":\"https:\/\/aspres-thuir.com\/wp-content\/uploads\/2022\/05\/taoh-nichols-fzaxWVt1qHw-unsplash-1-scaled.jpg\",\"width\":2880,\"height\":2160},{\"@type\":\"BreadcrumbList\",\"@id\":\"https:\/\/aspres-thuir.com\/es\/mercados\/#breadcrumb\",\"itemListElement\":[{\"@type\":\"ListItem\",\"position\":1,\"name\":\"\",\"item\":\"https:\/\/aspres-thuir.com\/es\/\"},{\"@type\":\"ListItem\",\"position\":2,\"name\":\"Mercados\"}]},{\"@type\":\"WebSite\",\"@id\":\"https:\/\/aspres-thuir.com\/es\/#website\",\"url\":\"https:\/\/aspres-thuir.com\/es\/\",\"name\":\"Office de Tourisme Aspres-Thuir\",\"description\":\"\",\"potentialAction\":[{\"@type\":\"SearchAction\",\"target\":{\"@type\":\"EntryPoint\",\"urlTemplate\":\"https:\/\/aspres-thuir.com\/es\/?s={search_term_string}\"},\"query-input\":{\"@type\":\"PropertyValueSpecification\",\"valueRequired\":true,\"valueName\":\"search_term_string\"}}],\"inLanguage\":\"es-ES\"}]}<\/script>\n<!-- \/ Yoast SEO plugin. -->","yoast_head_json":{"title":"Mercados - Office de Tourisme Aspres-Thuir","robots":{"index":"index","follow":"follow","max-snippet":"max-snippet:-1","max-image-preview":"max-image-preview:large","max-video-preview":"max-video-preview:-1"},"canonical":"https:\/\/aspres-thuir.com\/es\/mercados\/","og_locale":"es_ES","og_type":"article","og_title":"Mercados - Office de Tourisme Aspres-Thuir","og_description":"Encontrar\u00e1s los d\u00edas de mercado de los diferentes municipios de Aspres.","og_site_name":"Office de Tourisme Aspres-Thuir","article_modified_time":"2023-01-05T16:16:44+00:00","og_image":[{"width":2880,"height":2160,"url":"https:\/\/aspres-thuir.com\/wp-content\/uploads\/2022\/05\/taoh-nichols-fzaxWVt1qHw-unsplash-1-scaled.jpg","type":"image\/jpeg"}],"twitter_card":"summary_large_image","twitter_misc":{"Est. reading time":"5 minutes"},"schema":{"@context":"https:\/\/schema.org","@graph":[{"@type":"WebPage","@id":"https:\/\/aspres-thuir.com\/es\/mercados\/","url":"https:\/\/aspres-thuir.com\/es\/mercados\/","name":"Mercados - Office de Tourisme Aspres-Thuir","isPartOf":{"@id":"https:\/\/aspres-thuir.com\/es\/#website"},"primaryImageOfPage":{"@id":"https:\/\/aspres-thuir.com\/es\/mercados\/#primaryimage"},"image":{"@id":"https:\/\/aspres-thuir.com\/es\/mercados\/#primaryimage"},"thumbnailUrl":"https:\/\/aspres-thuir.com\/wp-content\/uploads\/2022\/05\/taoh-nichols-fzaxWVt1qHw-unsplash-1-scaled.jpg","datePublished":"2022-05-05T15:36:13+00:00","dateModified":"2023-01-05T16:16:44+00:00","breadcrumb":{"@id":"https:\/\/aspres-thuir.com\/es\/mercados\/#breadcrumb"},"inLanguage":"es-ES","potentialAction":[{"@type":"ReadAction","target":["https:\/\/aspres-thuir.com\/es\/mercados\/"]}]},{"@type":"ImageObject","inLanguage":"es-ES","@id":"https:\/\/aspres-thuir.com\/es\/mercados\/#primaryimage","url":"https:\/\/aspres-thuir.com\/wp-content\/uploads\/2022\/05\/taoh-nichols-fzaxWVt1qHw-unsplash-1-scaled.jpg","contentUrl":"https:\/\/aspres-thuir.com\/wp-content\/uploads\/2022\/05\/taoh-nichols-fzaxWVt1qHw-unsplash-1-scaled.jpg","width":2880,"height":2160},{"@type":"BreadcrumbList","@id":"https:\/\/aspres-thuir.com\/es\/mercados\/#breadcrumb","itemListElement":[{"@type":"ListItem","position":1,"name":"","item":"https:\/\/aspres-thuir.com\/es\/"},{"@type":"ListItem","position":2,"name":"Mercados"}]},{"@type":"WebSite","@id":"https:\/\/aspres-thuir.com\/es\/#website","url":"https:\/\/aspres-thuir.com\/es\/","name":"Office de Tourisme Aspres-Thuir","description":"","potentialAction":[{"@type":"SearchAction","target":{"@type":"EntryPoint","urlTemplate":"https:\/\/aspres-thuir.com\/es\/?s={search_term_string}"},"query-input":{"@type":"PropertyValueSpecification","valueRequired":true,"valueName":"search_term_string"}}],"inLanguage":"es-ES"}]}},"_links":{"self":[{"href":"https:\/\/aspres-thuir.com\/es\/wp-json\/wp\/v2\/pages\/41109","targetHints":{"allow":["GET"]}}],"collection":[{"href":"https:\/\/aspres-thuir.com\/es\/wp-json\/wp\/v2\/pages"}],"about":[{"href":"https:\/\/aspres-thuir.com\/es\/wp-json\/wp\/v2\/types\/page"}],"author":[{"embeddable":true,"href":"https:\/\/aspres-thuir.com\/es\/wp-json\/wp\/v2\/users\/5"}],"replies":[{"embeddable":true,"href":"https:\/\/aspres-thuir.com\/es\/wp-json\/wp\/v2\/comments?post=41109"}],"version-history":[{"count":0,"href":"https:\/\/aspres-thuir.com\/es\/wp-json\/wp\/v2\/pages\/41109\/revisions"}],"wp:featuredmedia":[{"embeddable":true,"href":"https:\/\/aspres-thuir.com\/es\/wp-json\/wp\/v2\/media\/34298"}],"wp:attachment":[{"href":"https:\/\/aspres-thuir.com\/es\/wp-json\/wp\/v2\/media?parent=41109"}],"curies":[{"name":"wp","href":"https:\/\/api.w.org\/{rel}","templated":true}]}}