{"id":43593,"date":"2019-11-15T13:28:35","date_gmt":"2019-11-15T12:28:35","guid":{"rendered":"https:\/\/aspres-thuir.com\/privacy-policy\/"},"modified":"2023-01-05T17:17:28","modified_gmt":"2023-01-05T16:17:28","slug":"politica-de-privacidad","status":"publish","type":"page","link":"https:\/\/aspres-thuir.com\/es\/politica-de-privacidad\/","title":{"rendered":"Pol\u00edtica de privacidad"},"content":{"rendered":"<p>El Reglamento General de Protecci\u00f3n de Datos (RGPD) es, desde mayo de 2018, el marco europeo para el tratamiento y circulaci\u00f3n de datos personales. La protecci\u00f3n de datos personales tambi\u00e9n se rige por la Ley de Protecci\u00f3n de Datos No. 78-17 del 6 de enero de 1978 y sus modificaciones. Esta pol\u00edtica de protecci\u00f3n de datos personales le informa sobre c\u00f3mo la Oficina de Turismo de Aspres-Thuir procesa sus datos personales de acuerdo con el RGPD y la Ley de Protecci\u00f3n de Datos.<\/p>\n<h2>\u00bf A QUI\u00c9N SE TRANSMITEN SUS DATOS PERSONALES ?<\/h2>\n<p>Sus datos personales son procesados \u200b\u200bpor la Oficina de Turismo de Aspres-Thuir,<\/p>\n<p>Sus datos personales se hacen accesibles solo a las personas autorizadas para conocerlos con respecto a sus atribuciones. Sus datos personales se transmiten a los empleados de la Oficina de Turismo de Aspres-Thuir a cargo de la administraci\u00f3n del sitio y la gesti\u00f3n de los pedidos, as\u00ed como a los subcontratistas vinculados contractualmente al controlador de datos que son AttrapTemps, a quienes Aspres-Thuir La Oficina de Turismo utiliza los servicios para los fines mencionados a continuaci\u00f3n, por ejemplo, para la gesti\u00f3n, ejecuci\u00f3n, procesamiento, pago y log\u00edstica de pedidos, as\u00ed como para operaciones de marketing. Sus datos no se transmiten a nuestros socios comerciales sin que haya sido informado previamente y sin haber obtenido su consentimiento previo.<\/p>\n<h2><b>\u00bf POR QU\u00c9 NECESITAMOS TRATAR SUS DATOS PERSONALES ? <\/b><\/h2>\n<p>Sus datos personales son procesados \u200b\u200bpor la Oficina de Turismo de Aspres-Thuir para los siguientes prop\u00f3sitos:<\/p>\n<ul>\n<li>Gestionar los pedidos, el pago y la entrega de los productos ofrecidos en el sitio<br \/>\nUsted crea su cuenta de cliente en nuestro sitio<\/li>\n<li>Permitirle acceder y utilizar nuestro sitio, con la mejor experiencia posible y una navegaci\u00f3n en l\u00ednea de calidad.<\/li>\n<li>Tramitar sus consultas, quejas o solicitudes, y contactar con usted para dar respuesta a las mismas<\/li>\n<li>Tramitar sus solicitudes de vales de descuento, v\u00e1lidos en nuestros productos, que ponemos a su disposici\u00f3n en nuestro sitio.<\/li>\n<li>Gestionar la relaci\u00f3n entre usted y la Oficina de Turismo de Aspres-Thuir: tramitar la gesti\u00f3n de sus pedidos, su participaci\u00f3n en nuestros concursos, sorteos, actividades promocionales y cualquier otra solicitud<\/li>\n<li>Brindarle contenido y servicios personalizados, basados \u200b\u200ben su historial de navegaci\u00f3n, sus preferencias y \u00e1reas de inter\u00e9s<\/li>\n<li>Preguntarle sobre nuestros productos, e identificar y medir mejor sus puntos de inter\u00e9s y deseos de consumo para mejorar nuestras plataformas digitales (sitio web, redes sociales), nuestros m\u00e9todos de comunicaci\u00f3n y\/o desarrollar nuevos productos y servicios<\/li>\n<li>Desarrollar y mejorar nuestros productos, servicios, m\u00e9todos de comunicaci\u00f3n y la funcionalidad de nuestros sitios web, servicios<\/li>\n<\/ul>\n<p>La Oficina de Turismo de Aspres-Thuir se preocupa de recopilar y procesar solo los datos estrictamente necesarios para el prop\u00f3sito para el que se procesan.<\/p>\n<p>Este tratamiento tiene como base jur\u00eddica su consentimiento. Puede retirar su consentimiento de acuerdo con su derecho de retiro descrito a continuaci\u00f3n.<\/p>\n<h2>\u00bf QU\u00c9 DATOS PERSONALES SE RECOPILAN ?<\/h2>\n<p>Recogemos y tratamos en particular su apellido, nombre, direcci\u00f3n, direcci\u00f3n de correo electr\u00f3nico, contrase\u00f1a, n\u00famero de tel\u00e9fono, direcci\u00f3n IP, datos de conexi\u00f3n y datos de navegaci\u00f3n, historial de pedidos, preferencias y \u00e1reas de inter\u00e9s, productos consultados, incidencias de entregas, reclamaciones. El car\u00e1cter obligatorio de los datos se le indica durante la recopilaci\u00f3n con un asterisco.<\/p>\n<h2>\u00bf CU\u00c1NTO TIEMPO SE CONSERVAN SUS DATOS ?<\/h2>\n<p>Los datos necesarios para la gesti\u00f3n de pedidos y facturaci\u00f3n se conservan mientras dure la relaci\u00f3n comercial y diez (10) a\u00f1os para las obligaciones contables.<\/p>\n<p>Los datos que permiten la identificaci\u00f3n y la orientaci\u00f3n de las encuestas (correo electr\u00f3nico, perfil) se conservan hasta que se da de baja, despu\u00e9s de lo cual se eliminan definitivamente. Sin embargo, si su cuenta est\u00e1 inactiva durante un per\u00edodo de dos (2) a\u00f1os, la Oficina de Turismo de Aspres-Thuir le informar\u00e1 y si no reacciona dentro del plazo comunicado por la Oficina de Turismo de Aspres-Thuir, sus datos ser\u00e1n eliminados. .<\/p>\n<p>Las respuestas a las encuestas realizadas por la Oficina de Turismo de Aspres-Thuir se conservan durante un per\u00edodo de 3 a\u00f1os, transcurrido el cual se eliminan estos datos.<\/p>\n<p>Sin embargo, estos per\u00edodos de retenci\u00f3n pueden extenderse o acortarse si :<\/p>\n<ul>\n<li>Usted ejerce, en las condiciones que se establecen a continuaci\u00f3n, uno de los derechos que se le reconocen;<\/li>\n<li>Se autorice o se imponga un per\u00edodo de conservaci\u00f3n mayor en virtud de una disposici\u00f3n legal o reglamentaria o para garantizar la salvaguarda de nuestros derechos.<\/li>\n<\/ul>\n<p>La Oficina de Turismo de Aspres-Thuir no conserva los datos relativos a los medios de pago. Se recogen durante la transacci\u00f3n y se eliminan inmediatamente despu\u00e9s del pago de la compra.<\/p>\n<h2>\u00bf QU\u00c9 DERECHOS TIENES ?<\/h2>\n<p>T\u00fa tienes :<\/p>\n<ul>\n<li>Un derecho de acceso, que le permite obtener:\n<ul>\n<li>Confirmaci\u00f3n de que los datos que le conciernen est\u00e1n o no est\u00e1n siendo procesados;<\/li>\n<li>La comunicaci\u00f3n de una copia de todos los datos personales en poder del responsable del tratamiento.<\/li>\n<\/ul>\n<\/li>\n<\/ul>\n<p>Este derecho se refiere a todos los datos que pueden o no ser tratados por los responsables del tratamiento.<\/p>\n<ul>\n<li>Derecho a solicitar la portabilidad de determinados datos: te permite recuperar tus datos personales en un formato estructurado, de uso com\u00fan y lectura mec\u00e1nica. Se aplica solo a los datos proporcionados activamente, por ejemplo, al completar un formulario, al responder a una encuesta y que se procesan autom\u00e1ticamente.<\/li>\n<li>Derecho a retirar el consentimiento: la retirada de su consentimiento para el tratamiento de sus datos personales, dado cuando se registr\u00f3 en la plataforma, tiene como consecuencia su baja inmediata de la plataforma. Por lo tanto, ya no tendr\u00e1 acceso a la plataforma y todos sus datos personales se eliminar\u00e1n de inmediato.<\/li>\n<li>Derecho de rectificaci\u00f3n: le permite que se corrija la informaci\u00f3n que le concierne cuando sea obsoleta o err\u00f3nea. Tambi\u00e9n te permite tener informaci\u00f3n incompleta sobre ti completada.<\/li>\n<li>Derecho de supresi\u00f3n: le permite obtener la supresi\u00f3n de sus datos personales con sujeci\u00f3n a los plazos legales de conservaci\u00f3n. En particular, puede aplicarse en el caso de que sus datos ya no sean necesarios para el procesamiento.<\/li>\n<li>Derecho de limitaci\u00f3n: te permite limitar el tratamiento de tus datos en los siguientes casos:<\/li>\n<li>En caso de uso il\u00edcito de sus datos;<\/li>\n<li>Si disputa la exactitud de su informaci\u00f3n;<\/li>\n<li>Entonces dejar\u00e1n de ser objeto de tratamiento activo, y no podr\u00e1n ser modificados mientras dure el ejercicio de este derecho.<\/li>\n<\/ul>\n<p>Si es necesario que disponga de los datos para conocer, ejercer o defender sus derechos.<\/p>\n<p>Para obtener m\u00e1s detalles sobre sus derechos, puede comunicarse con el Delegado de Protecci\u00f3n de Datos cuyos datos de contacto se detallan a continuaci\u00f3n.<\/p>\n<p>Puede ejercer sus derechos en la siguiente direcci\u00f3n :<\/p>\n<p>Pour plus de d\u00e9tail sur vos droits, vous pouvez vous adresser au D\u00e9l\u00e9gu\u00e9 \u00e0 la protection des donn\u00e9es dont les coordonn\u00e9es figurent ci-apr\u00e8s.<\/p>\n<p>Vous pouvez exercer vos droits \u00e0 l\u2019adresse suivante :<\/p>\n<ul>\n<li>Direcci\u00f3n de la Oficina de Turismo de Aspres-ThuirEn apoyo de su solicitud, se le pedir\u00e1 que proporcione una prueba de su identidad.Puede definir directivas generales con un tercero de confianza, o espec\u00edficas con el controlador de datos con respecto al almacenamiento, borrado y comunicaci\u00f3n de sus datos personales despu\u00e9s de su muerte. Estas directivas pueden ser modificadas o revocadas en cualquier momento. Le recomendamos que se ponga en contacto con el Delegado de Protecci\u00f3n de Datos cuyos datos de contacto se indican a continuaci\u00f3n.\n<p>Si, despu\u00e9s de ponerse en contacto con nosotros, considera que no se respetan sus derechos de protecci\u00f3n de datos personales, tiene la posibilidad de recurrir a la Commission Nationale de l&#8217;Informatique et Libert\u00e9s. Los datos de contacto de la CNIL est\u00e1n disponibles en la siguiente direcci\u00f3n: https:\/\/cnil.fr\/<\/li>\n<\/ul>\n<h2>\u00bf C\u00d3MO CONTACTAR AL OFICIAL DE PROTECCI\u00d3N DE DATOS ?<\/h2>\n<p>Para cualquier informaci\u00f3n adicional, puede contactar con el Delegado de Protecci\u00f3n de Datos en la siguiente direcci\u00f3n :<\/p>\n<ul>\n<li>Gente en Oficina de Turismo de Aspres-Thuir<\/li>\n<\/ul>\n<h2>SEGURIDAD DE SUS DATOS<\/h2>\n<p>La Oficina de Turismo de Aspres-Thuir implementa las medidas t\u00e9cnicas y organizativas apropiadas para garantizar la seguridad de sus datos de acuerdo con la normativa aplicable. En este contexto, implementa las precauciones y medidas necesarias contra el acceso y uso no autorizado de los datos, la p\u00e9rdida o robo accidental de datos, la destrucci\u00f3n o alteraci\u00f3n de datos y, en general, contra cualquier da\u00f1o que pueda afectar a estos datos.<\/p>\n","protected":false},"excerpt":{"rendered":"<p>El Reglamento General de Protecci\u00f3n de Datos (RGPD) es, desde mayo de 2018, el marco europeo para el tratamiento y circulaci\u00f3n de datos personales. La protecci\u00f3n de datos personales tambi\u00e9n se rige por la Ley de Protecci\u00f3n de Datos No. 78-17 del 6 de enero de 1978 y sus modificaciones. Esta pol\u00edtica de protecci\u00f3n de [&hellip;]<\/p>\n","protected":false},"author":2,"featured_media":30228,"parent":0,"menu_order":0,"comment_status":"closed","ping_status":"closed","template":"","meta":{"_acf_changed":false,"_et_pb_use_builder":"","_et_pb_old_content":"","_et_gb_content_width":"","footnotes":""},"class_list":["post-43593","page","type-page","status-publish","has-post-thumbnail","hentry"],"acf":[],"yoast_head":"<!-- This site is optimized with the Yoast SEO plugin v26.9 - https:\/\/yoast.com\/product\/yoast-seo-wordpress\/ -->\n<title>Pol\u00edtica de privacidad - Office de Tourisme Aspres-Thuir<\/title>\n<meta name=\"robots\" content=\"index, follow, max-snippet:-1, max-image-preview:large, max-video-preview:-1\" \/>\n<link rel=\"canonical\" href=\"https:\/\/aspres-thuir.com\/es\/politica-de-privacidad\/\" \/>\n<meta property=\"og:locale\" content=\"es_ES\" \/>\n<meta property=\"og:type\" content=\"article\" \/>\n<meta property=\"og:title\" content=\"Pol\u00edtica de privacidad - Office de Tourisme Aspres-Thuir\" \/>\n<meta property=\"og:description\" content=\"El Reglamento General de Protecci\u00f3n de Datos (RGPD) es, desde mayo de 2018, el marco europeo para el tratamiento y circulaci\u00f3n de datos personales. La protecci\u00f3n de datos personales tambi\u00e9n se rige por la Ley de Protecci\u00f3n de Datos No. 78-17 del 6 de enero de 1978 y sus modificaciones. Esta pol\u00edtica de protecci\u00f3n de [&hellip;]\" \/>\n<meta property=\"og:site_name\" content=\"Office de Tourisme Aspres-Thuir\" \/>\n<meta property=\"article:modified_time\" content=\"2023-01-05T16:17:28+00:00\" \/>\n<meta property=\"og:image\" content=\"https:\/\/aspres-thuir.com\/wp-content\/uploads\/2022\/02\/windows-eGNLSgazDVU-unsplash-scaled-e1645542522216.jpg\" \/>\n\t<meta property=\"og:image:width\" content=\"2880\" \/>\n\t<meta property=\"og:image:height\" content=\"1920\" \/>\n\t<meta property=\"og:image:type\" content=\"image\/jpeg\" \/>\n<meta name=\"twitter:card\" content=\"summary_large_image\" \/>\n<meta name=\"twitter:label1\" content=\"Est. reading time\" \/>\n\t<meta name=\"twitter:data1\" content=\"7 minutes\" \/>\n<script type=\"application\/ld+json\" class=\"yoast-schema-graph\">{\"@context\":\"https:\/\/schema.org\",\"@graph\":[{\"@type\":\"WebPage\",\"@id\":\"https:\/\/aspres-thuir.com\/es\/politica-de-privacidad\/\",\"url\":\"https:\/\/aspres-thuir.com\/es\/politica-de-privacidad\/\",\"name\":\"Pol\u00edtica de privacidad - Office de Tourisme Aspres-Thuir\",\"isPartOf\":{\"@id\":\"https:\/\/aspres-thuir.com\/es\/#website\"},\"primaryImageOfPage\":{\"@id\":\"https:\/\/aspres-thuir.com\/es\/politica-de-privacidad\/#primaryimage\"},\"image\":{\"@id\":\"https:\/\/aspres-thuir.com\/es\/politica-de-privacidad\/#primaryimage\"},\"thumbnailUrl\":\"https:\/\/aspres-thuir.com\/wp-content\/uploads\/2022\/02\/windows-eGNLSgazDVU-unsplash-scaled-e1645542522216.jpg\",\"datePublished\":\"2019-11-15T12:28:35+00:00\",\"dateModified\":\"2023-01-05T16:17:28+00:00\",\"breadcrumb\":{\"@id\":\"https:\/\/aspres-thuir.com\/es\/politica-de-privacidad\/#breadcrumb\"},\"inLanguage\":\"es-ES\",\"potentialAction\":[{\"@type\":\"ReadAction\",\"target\":[\"https:\/\/aspres-thuir.com\/es\/politica-de-privacidad\/\"]}]},{\"@type\":\"ImageObject\",\"inLanguage\":\"es-ES\",\"@id\":\"https:\/\/aspres-thuir.com\/es\/politica-de-privacidad\/#primaryimage\",\"url\":\"https:\/\/aspres-thuir.com\/wp-content\/uploads\/2022\/02\/windows-eGNLSgazDVU-unsplash-scaled-e1645542522216.jpg\",\"contentUrl\":\"https:\/\/aspres-thuir.com\/wp-content\/uploads\/2022\/02\/windows-eGNLSgazDVU-unsplash-scaled-e1645542522216.jpg\",\"width\":2880,\"height\":1920},{\"@type\":\"BreadcrumbList\",\"@id\":\"https:\/\/aspres-thuir.com\/es\/politica-de-privacidad\/#breadcrumb\",\"itemListElement\":[{\"@type\":\"ListItem\",\"position\":1,\"name\":\"\",\"item\":\"https:\/\/aspres-thuir.com\/es\/\"},{\"@type\":\"ListItem\",\"position\":2,\"name\":\"Pol\u00edtica de privacidad\"}]},{\"@type\":\"WebSite\",\"@id\":\"https:\/\/aspres-thuir.com\/es\/#website\",\"url\":\"https:\/\/aspres-thuir.com\/es\/\",\"name\":\"Office de Tourisme Aspres-Thuir\",\"description\":\"\",\"potentialAction\":[{\"@type\":\"SearchAction\",\"target\":{\"@type\":\"EntryPoint\",\"urlTemplate\":\"https:\/\/aspres-thuir.com\/es\/?s={search_term_string}\"},\"query-input\":{\"@type\":\"PropertyValueSpecification\",\"valueRequired\":true,\"valueName\":\"search_term_string\"}}],\"inLanguage\":\"es-ES\"}]}<\/script>\n<!-- \/ Yoast SEO plugin. -->","yoast_head_json":{"title":"Pol\u00edtica de privacidad - Office de Tourisme Aspres-Thuir","robots":{"index":"index","follow":"follow","max-snippet":"max-snippet:-1","max-image-preview":"max-image-preview:large","max-video-preview":"max-video-preview:-1"},"canonical":"https:\/\/aspres-thuir.com\/es\/politica-de-privacidad\/","og_locale":"es_ES","og_type":"article","og_title":"Pol\u00edtica de privacidad - Office de Tourisme Aspres-Thuir","og_description":"El Reglamento General de Protecci\u00f3n de Datos (RGPD) es, desde mayo de 2018, el marco europeo para el tratamiento y circulaci\u00f3n de datos personales. La protecci\u00f3n de datos personales tambi\u00e9n se rige por la Ley de Protecci\u00f3n de Datos No. 78-17 del 6 de enero de 1978 y sus modificaciones. Esta pol\u00edtica de protecci\u00f3n de [&hellip;]","og_site_name":"Office de Tourisme Aspres-Thuir","article_modified_time":"2023-01-05T16:17:28+00:00","og_image":[{"width":2880,"height":1920,"url":"https:\/\/aspres-thuir.com\/wp-content\/uploads\/2022\/02\/windows-eGNLSgazDVU-unsplash-scaled-e1645542522216.jpg","type":"image\/jpeg"}],"twitter_card":"summary_large_image","twitter_misc":{"Est. reading time":"7 minutes"},"schema":{"@context":"https:\/\/schema.org","@graph":[{"@type":"WebPage","@id":"https:\/\/aspres-thuir.com\/es\/politica-de-privacidad\/","url":"https:\/\/aspres-thuir.com\/es\/politica-de-privacidad\/","name":"Pol\u00edtica de privacidad - Office de Tourisme Aspres-Thuir","isPartOf":{"@id":"https:\/\/aspres-thuir.com\/es\/#website"},"primaryImageOfPage":{"@id":"https:\/\/aspres-thuir.com\/es\/politica-de-privacidad\/#primaryimage"},"image":{"@id":"https:\/\/aspres-thuir.com\/es\/politica-de-privacidad\/#primaryimage"},"thumbnailUrl":"https:\/\/aspres-thuir.com\/wp-content\/uploads\/2022\/02\/windows-eGNLSgazDVU-unsplash-scaled-e1645542522216.jpg","datePublished":"2019-11-15T12:28:35+00:00","dateModified":"2023-01-05T16:17:28+00:00","breadcrumb":{"@id":"https:\/\/aspres-thuir.com\/es\/politica-de-privacidad\/#breadcrumb"},"inLanguage":"es-ES","potentialAction":[{"@type":"ReadAction","target":["https:\/\/aspres-thuir.com\/es\/politica-de-privacidad\/"]}]},{"@type":"ImageObject","inLanguage":"es-ES","@id":"https:\/\/aspres-thuir.com\/es\/politica-de-privacidad\/#primaryimage","url":"https:\/\/aspres-thuir.com\/wp-content\/uploads\/2022\/02\/windows-eGNLSgazDVU-unsplash-scaled-e1645542522216.jpg","contentUrl":"https:\/\/aspres-thuir.com\/wp-content\/uploads\/2022\/02\/windows-eGNLSgazDVU-unsplash-scaled-e1645542522216.jpg","width":2880,"height":1920},{"@type":"BreadcrumbList","@id":"https:\/\/aspres-thuir.com\/es\/politica-de-privacidad\/#breadcrumb","itemListElement":[{"@type":"ListItem","position":1,"name":"","item":"https:\/\/aspres-thuir.com\/es\/"},{"@type":"ListItem","position":2,"name":"Pol\u00edtica de privacidad"}]},{"@type":"WebSite","@id":"https:\/\/aspres-thuir.com\/es\/#website","url":"https:\/\/aspres-thuir.com\/es\/","name":"Office de Tourisme Aspres-Thuir","description":"","potentialAction":[{"@type":"SearchAction","target":{"@type":"EntryPoint","urlTemplate":"https:\/\/aspres-thuir.com\/es\/?s={search_term_string}"},"query-input":{"@type":"PropertyValueSpecification","valueRequired":true,"valueName":"search_term_string"}}],"inLanguage":"es-ES"}]}},"_links":{"self":[{"href":"https:\/\/aspres-thuir.com\/es\/wp-json\/wp\/v2\/pages\/43593","targetHints":{"allow":["GET"]}}],"collection":[{"href":"https:\/\/aspres-thuir.com\/es\/wp-json\/wp\/v2\/pages"}],"about":[{"href":"https:\/\/aspres-thuir.com\/es\/wp-json\/wp\/v2\/types\/page"}],"author":[{"embeddable":true,"href":"https:\/\/aspres-thuir.com\/es\/wp-json\/wp\/v2\/users\/2"}],"replies":[{"embeddable":true,"href":"https:\/\/aspres-thuir.com\/es\/wp-json\/wp\/v2\/comments?post=43593"}],"version-history":[{"count":0,"href":"https:\/\/aspres-thuir.com\/es\/wp-json\/wp\/v2\/pages\/43593\/revisions"}],"wp:featuredmedia":[{"embeddable":true,"href":"https:\/\/aspres-thuir.com\/es\/wp-json\/wp\/v2\/media\/30228"}],"wp:attachment":[{"href":"https:\/\/aspres-thuir.com\/es\/wp-json\/wp\/v2\/media?parent=43593"}],"curies":[{"name":"wp","href":"https:\/\/api.w.org\/{rel}","templated":true}]}}