{"id":43598,"date":"2021-10-05T12:49:15","date_gmt":"2021-10-05T11:49:15","guid":{"rendered":"https:\/\/aspres-thuir.com\/mentions-legales\/"},"modified":"2023-01-05T17:17:01","modified_gmt":"2023-01-05T16:17:01","slug":"notas-legales","status":"publish","type":"page","link":"https:\/\/aspres-thuir.com\/es\/notas-legales\/","title":{"rendered":"Notas legales"},"content":{"rendered":"<div class=\"et_pb_module et_pb_text et_pb_text_1_tb_body et_pb_text_align_left et_pb_bg_layout_light\">\n<div class=\"et_pb_text_inner\">\n<h3>Informaci\u00f3n<\/h3>\n<\/div>\n<\/div>\n<div class=\"et_pb_module et_pb_text et_pb_text_2_tb_body et_pb_text_align_left et_pb_bg_layout_light\">\n<p>El sitio web www.aspres-thuir.fr (en sus versiones http(s), con o sin www), pertenece a:<\/p>\n<\/div>\n<div><\/div>\n<div class=\"et_pb_module et_pb_text et_pb_text_2_tb_body et_pb_text_align_left et_pb_bg_layout_light\">OFICINA INTERCOMUNITARIA DE TURISMO ASPRES &#8211; THUIR<\/div>\n<div class=\"et_pb_module et_pb_text et_pb_text_2_tb_body et_pb_text_align_left et_pb_bg_layout_light\">BOULEVARD VIOLET<\/div>\n<div class=\"et_pb_module et_pb_text et_pb_text_2_tb_body et_pb_text_align_left et_pb_bg_layout_light\">66300 THUIR<\/div>\n<div><\/div>\n<div class=\"et_pb_module et_pb_text et_pb_text_2_tb_body et_pb_text_align_left et_pb_bg_layout_light\">T\u00e9l. +33 4 68 53 45 86<\/div>\n<div><\/div>\n<div class=\"et_pb_module et_pb_text et_pb_text_2_tb_body et_pb_text_align_left et_pb_bg_layout_light\">\n<div class=\"et_pb_text_inner\">\n<h3>Dise\u00f1ador y anfitri\u00f3n:<\/h3>\n<p>70 av Alfred Kastler \u2013 Perpignan<br \/>\n66100 Perpignan \u2013 France<\/p>\n<p>Cope APE \/ NAF 7311Z<br \/>\nSIRET 753 228 287<br \/>\nRCS 753 228 287 00045<br \/>\nAPE 7311Z N\u00famero de tel\u00e9fono : 04 68 38 55 63<\/p>\n<p>Gerentes : Cyrille Sabatier, Nathalie Civale et Cyrille Cojan<br \/>\ninfoattraptemps.fr<\/p>\n<h1><\/h1>\n<h3>INFORMACIONES T\u00c9CNICAS<\/h3>\n<\/div>\n<div><\/div>\n<div class=\"et_pb_text_inner\">El usuario de este sitio reconoce tener las habilidades y los medios necesarios para acceder y utilizar &#8220;https:\/\/aspres-thuir.com&#8221;. Reconoce haber comprobado que la configuraci\u00f3n inform\u00e1tica utilizada no contiene ning\u00fan virus y que se encuentra en perfecto estado de funcionamiento. El usuario reconoce haber sido informado de que este sitio es accesible las 24 horas del d\u00eda, los 7 d\u00edas de la semana, excepto en casos de fuerza mayor, dificultades relacionadas con la estructura de las redes de comunicaci\u00f3n o dificultades t\u00e9cnicas de mantenimiento, \u201cLa Intercomunal Tur\u00edstica Aspres-Thuir Office puede interrumpir el sitio y se esforzar\u00e1 en este caso para avisar a sus usuarios con antelaci\u00f3n. La Oficina de Turismo Intercomunal de Aspres-Thuir hace todo lo posible para proporcionar a los usuarios informaci\u00f3n y\/o herramientas disponibles y verificadas, pero no se hace responsable de los errores, la falta de disponibilidad de informaci\u00f3n y\/o la presencia de virus en su sitio.<\/p>\n<h2><\/h2>\n<h3>PROPIEDAD Y DERECHOS DE AUTOR<\/h3>\n<p>La estructura general, as\u00ed como el software, los textos, las im\u00e1genes animadas o no, su know-how y todos los dem\u00e1s componentes del sitio son propiedad exclusiva de la Oficina Intercomunal de Turismo de Aspres-Thuir. Cualquier representaci\u00f3n total o parcial de este sitio por cualquier medio, sin la autorizaci\u00f3n expresa de la Oficina de Turismo Intercomunal de Aspres-Thuir est\u00e1 prohibida y constituye una infracci\u00f3n sancionada por los art\u00edculos L.335-2 y siguientes del C\u00f3digo de propiedad intelectual. Lo mismo se aplica a las bases de datos que aparecen en el sitio web, que se encuentran protegidas por las disposiciones del C\u00f3digo de Propiedad Intelectual que transpone la Directiva Europea de 11 de marzo de 1996 sobre la protecci\u00f3n jur\u00eddica de las bases de datos, y de cuya producci\u00f3n es la Oficina Intercomunal de Turismo Aspres-Thuir. . Para cumplir con estas misiones, la Oficina de Turismo Intercomunal de Aspres-Thuir recopila y distribuye la informaci\u00f3n tur\u00edstica m\u00e1s completa posible, que puede consultar desde su sitio web www.aspres-thuir.com en el que puede navegar libremente.<\/p>\n<p>la Oficina de Turismo Intermunicipal de Aspres-Thuir se esfuerza por proporcionar informaci\u00f3n lo m\u00e1s precisa posible en el sitio www.aspres-thuir.com. La informaci\u00f3n que aparece en el sitio www.aspres-thuir.com. no son exhaustivas y las fotos no son contractuales. Esta informaci\u00f3n se proporciona sujeta a las modificaciones que se hayan realizado desde que se puso en l\u00ednea. La informaci\u00f3n proporcionada en el sitio web www.aspres-thuir.com. se proporcionan \u00fanicamente a t\u00edtulo informativo y pueden modificarse sin previo aviso.<\/p>\n<p>Las presentes condiciones del sitio www.aspres-thuir.com. se rigen por la legislaci\u00f3n francesa y cualquier controversia o litigio que pueda derivarse de la interpretaci\u00f3n o ejecuci\u00f3n de las mismas es competencia exclusiva de los tribunales de los que depende la sede de la Oficina Intercomunal de Turismo Aspres-Thuir. El idioma de referencia para la resoluci\u00f3n de eventuales litigios es el franc\u00e9s.<\/p>\n<h3>POL\u00cdTICA DE RESPETO DE DATOS PERSONALES<\/h3>\n<p>Queremos explicarle de manera transparente por qu\u00e9 recopilamos, almacenamos, compartimos y usamos sus datos personales. El registro y uso de sus datos personales es conforme al RGPD: Reglamento General de Protecci\u00f3n de Datos que entr\u00f3 en vigor el 25 de mayo de 2018.<\/p>\n<p>\u00bf En qu\u00e9 casos disponemos de sus datos ?<\/p>\n<p>Si disponemos de tus datos es porque nos has dado permiso cuando:<\/p>\n<ul>\n<li>Gesti\u00f3n y seguimiento de la creaci\u00f3n de cuentas y la relaci\u00f3n con los usuarios y clientes en general;<\/li>\n<li>Gesti\u00f3n y seguimiento de pedidos, pagos y relaciones con los clientes;<\/li>\n<li>Gesti\u00f3n de cuentas de clientes;<\/li>\n<li>Gesti\u00f3n comercial y de marketing;<\/li>\n<li>La medici\u00f3n de la calidad y la satisfacci\u00f3n;<\/li>\n<li>Prospecci\u00f3n comercial y personalizaci\u00f3n de ofertas;<\/li>\n<li>Gesti\u00f3n del espacio de opini\u00f3n de los usuarios;<\/li>\n<\/ul>\n<p>Lo que recopilamos<\/p>\n<ul>\n<li>Datos del formulario de contacto<\/li>\n<\/ul>\n<p>Recopilamos los datos que ingresa en los formularios de solicitud de informaci\u00f3n en nuestro sitio web.<\/p>\n<p>Por ejemplo, recopilamos su direcci\u00f3n de correo electr\u00f3nico cuando env\u00eda una solicitud para suscribirse a nuestro bolet\u00edn en la Oficina Intercomunal de Turismo Aspres-Thuir o cualquier otro valor de campo contenido en dicho formulario.<\/p>\n<ul>\n<li>Formularios de contacto con establecimientos tur\u00edsticos<\/li>\n<\/ul>\n<p>Tambi\u00e9n registramos las solicitudes que realiza desde los botones &#8220;CONT\u00c1CTENOS&#8221; presentes en las fichas que describen los establecimientos tur\u00edsticos a los que hacemos referencia en nuestro buscador. Guardamos todos los campos del formulario de contacto, incluido el periodo que nos indicas para tu estancia. Esta informaci\u00f3n tambi\u00e9n se env\u00eda a los responsables de los establecimientos tur\u00edsticos que pueden ponerse en contacto contigo directamente y enviarte sus mejores ofertas de vacaciones.<\/p>\n<ul>\n<li>Datos de navegaci\u00f3n por internet<\/li>\n<\/ul>\n<p>La Oficina de Turismo Intercomunal de Aspres-Thuir desea ofrecerle la mejor experiencia posible para que se beneficie de un mejor apoyo en la preparaci\u00f3n de su estancia hoy, ma\u00f1ana y en el futuro. Para lograrlo, necesitamos entender sus h\u00e1bitos de navegaci\u00f3n y as\u00ed poder ofrecerle una oferta de servicios m\u00e1s personalizada. Cumplimos misiones de servicio local para usted recopilando y luego distribuyendo en Internet, en particular, informaci\u00f3n tur\u00edstica sobre nuestro territorio. Registramos el contenido de su navegaci\u00f3n por Internet utilizando tecnolog\u00eda de cookies (ver art. 6 sobre el uso de cookies).<\/p>\n<ul>\n<li>Qu\u00e9 hacemos con sus datos personales<\/li>\n<\/ul>\n<p>Utilizamos sus datos con el prop\u00f3sito de:<\/p>\n<ul>\n<li>Administrar y monitorear las cuentas de los clientes,<\/li>\n<li>Gestionar la relaci\u00f3n con los clientes en general;<\/li>\n<li>Administrar y rastrear pedidos, pagos y relaciones con los clientes,<\/li>\n<li>Gestionar nuestra estrategia de ventas y marketing,<\/li>\n<li>Realizar prospecci\u00f3n comercial y personalizar nuestras ofertas.<\/li>\n<\/ul>\n<h3>Tiempo de almacenamiento de datos<\/h3>\n<p>El per\u00edodo de retenci\u00f3n de sus datos se determina de acuerdo con un objetivo espec\u00edfico de la Oficina de Turismo Intercomunal de Aspres-Thuir. Una vez logrado este objetivo, sus datos son archivados, eliminados o anonimizados. Por lo tanto, sus datos personales son conservados y accesibles por los servicios operativos solo durante el tiempo necesario para lograr el objetivo perseguido durante su recopilaci\u00f3n.<\/p>\n<p>Si hemos recopilado sus datos durante un per\u00edodo determinado pero no ha recibido ning\u00fan tipo de solicitud por su parte, eliminamos estos datos despu\u00e9s de 3 a\u00f1os.<\/p>\n<ul>\n<li>Transferencia de datos<\/li>\n<\/ul>\n<p>Los datos personales que tenemos se transmiten a los departamentos internos de nuestra empresa y a eventuales subcontratistas y socios.<\/p>\n<p>Sus datos tambi\u00e9n podr\u00e1n ser transmitidos en determinados casos a proveedores de servicios fuera del Espacio Econ\u00f3mico Europeo (EEE) garantizando el uso de los mismos est\u00e1ndares que nuestro sitio web.<\/p>\n<h3>Tus derechos<\/h3>\n<p>Sus datos son personales, por lo que tiene derecho a :<\/p>\n<ul>\n<li>Para acceder a sus datos mediante una solicitud por correo electr\u00f3nico a accueil@aspres-thuir.com y envi\u00e1ndonos una prueba de identidad,<\/li>\n<li>Para modificar, rectificar o completar sus datos personales,<\/li>\n<li>Para transmitir sus datos a otras empresas,<\/li>\n<li>Para limitar el acceso a sus datos a ciertas organizaciones,<\/li>\n<li>Para pedirnos que eliminemos la totalidad o parte de los datos que nos ha transmitido,<\/li>\n<li>Para obtener un \u201cderecho al olvido\u201d si nos lo solicita,<\/li>\n<li>Oponerse al tratamiento de sus datos por marketing directo.<\/li>\n<\/ul>\n<h3>Control y seguridad de sus datos<\/h3>\n<p>La confidencialidad y seguridad de sus datos personales es y seguir\u00e1 siendo una prioridad para nosotros. Sus datos personales se almacenan en servidores alojados en Francia por OVH. La infraestructura de alojamiento est\u00e1 subcontratada por nuestro proveedor de servicios de Internet www.raccourci.fr que garantiza la protecci\u00f3n de sus datos personales.<\/p>\n<p>Para mantener sus datos seguros, utilizamos varias medidas de seguridad inteligentes para proteger la informaci\u00f3n que recopilamos sobre usted. Cuando las p\u00e1ginas est\u00e1n en modo seguro HTTPS, el protocolo de seguridad encripta el contenido de los intercambios entre el navegador y los servidores de la base de datos. Esto evita que los datos personales introducidos y enviados a trav\u00e9s de los formularios contenidos en aspres-thuir.com puedan ser f\u00e1cilmente le\u00eddos por terceros durante su tr\u00e1nsito. Las medidas que implementamos lo protegen contra cualquier procesamiento ilegal de sus datos, as\u00ed como contra cualquier p\u00e9rdida, destrucci\u00f3n o da\u00f1o accidental.<\/p>\n<p>En caso de riesgo importante en aspres-thuir.com, informaremos a los interesados \u200b\u200bde las violaciones de datos que se hayan producido.<\/p>\n<p>Tambi\u00e9n implementamos salvaguardas adicionales para la protecci\u00f3n de informaci\u00f3n sensible (salud, orientaci\u00f3n sexual, raza, religi\u00f3n, opiniones pol\u00edticas, etc.).<\/p>\n<p>* Hemos enumerado qu\u00e9 tipos de informaci\u00f3n recopilamos, cu\u00e1ndo y hemos detallado los fines para los que usamos su informaci\u00f3n personal.<\/p>\n<p>* Te explicamos cu\u00e1ndo otros pueden ver tu identidad<\/p>\n<p>* Hemos enumerado claramente las situaciones en las que transferimos su informaci\u00f3n personal a cualquier persona y hemos incluido informaci\u00f3n sobre nuestros procesadores de informaci\u00f3n personal.<\/p>\n<p>* Hemos incluido informaci\u00f3n que le indica cu\u00e1nto tiempo conservamos su informaci\u00f3n personal, c\u00f3mo descargarla o corregirla<\/p>\n<p>* Los datos de contacto de nuestro responsable de la protecci\u00f3n de datos: dpo.ccaspres@lg-partenaires.fr. Esta direcci\u00f3n est\u00e1 a disposici\u00f3n de los visitantes del sitio para cualquier duda o reclamaci\u00f3n relativa a los datos personales.<\/p>\n<h3>\u00bfQu\u00e9 es un cookies ?<\/h3>\n<p>Las cookies son peque\u00f1os archivos de texto que se instalan autom\u00e1ticamente en su computadora o dispositivo cuando visita nuestros sitios web.<\/p>\n<ul>\n<li>Finalidad de las cookies<\/li>\n<\/ul>\n<p>Utilizamos cookies para que sus visitas y compras en nuestros sitios sean m\u00e1s eficientes. Las cookies tambi\u00e9n nos permiten mejorar la navegaci\u00f3n en nuestros sitios y comprender su comportamiento de compra.<\/p>\n<ul>\n<li>Nuestro uso de cookies<\/li>\n<\/ul>\n<p>Usamos cookies para:<\/p>\n<ul>\n<li>Recuerde su informaci\u00f3n de inicio de sesi\u00f3n,<\/li>\n<li>Identificarlo cuando inicia sesi\u00f3n en nuestros sitios web,<\/li>\n<li>Recordar los productos que ha colocado en su cesta cuando visita diferentes p\u00e1ginas durante una sesi\u00f3n de navegaci\u00f3n, cuando accede a la p\u00e1gina de pago o cuando finaliza su sesi\u00f3n antes de haber finalizado su compra.<\/li>\n<li>Recopilar informaci\u00f3n que pueda ayudarnos a enviarle publicidad adaptada a sus intereses.<\/li>\n<li>Recuerda tus preferencias de navegaci\u00f3n como tu idioma, tama\u00f1o de fuente, dise\u00f1o de p\u00e1gina o colores preferidos. Todo para permitirle navegar por nuestro sitio de manera m\u00e1s r\u00e1pida y sencilla.<\/li>\n<li>Recopilar informaci\u00f3n anal\u00edtica para, por ejemplo, contar el n\u00famero de visitantes a nuestros sitios web e identificar las p\u00e1ginas de nuestros sitios que visita con m\u00e1s frecuencia. Utilizamos los datos anal\u00edticos que recopilamos con fines de marketing y planificaci\u00f3n de recursos.<\/li>\n<li>Para determinar si nuestros clientes y visitantes se adaptan f\u00e1cilmente a los cambios que podemos realizar en nuestros sitios web.<\/li>\n<li>Informaci\u00f3n recopilada a trav\u00e9s de cookies<\/li>\n<\/ul>\n<p>Las cookies nos ayudan a recopilar informaci\u00f3n sobre c\u00f3mo utiliza nuestro sitio web, pero no almacenamos ninguna informaci\u00f3n de identificaci\u00f3n personal en nuestros datos de cookies sobre usted. Solo guardamos una ID de sesi\u00f3n \u00fanica que nos ayudar\u00e1 a encontrar un perfil de usuario y sus preferencias en su pr\u00f3xima visita.<\/p>\n<ul>\n<li>Tipos de cookies<\/li>\n<\/ul>\n<p>Cookies de sesi\u00f3n : Las cookies de este tipo se almacenan temporalmente en su ordenador o dispositivo durante una sesi\u00f3n de navegaci\u00f3n. Se borran de su computadora o dispositivo al final de la sesi\u00f3n de navegaci\u00f3n.<\/p>\n<p>Cookies permanentes : Las cookies de este tipo permanecen m\u00e1s tiempo en su ordenador. Las cookies persistentes nos ayudan a reconocerlo cuando necesitamos saber qui\u00e9n es usted durante m\u00e1s de una sesi\u00f3n de navegaci\u00f3n.<\/p>\n<ul>\n<li>Gesti\u00f3n de cookies<\/li>\n<\/ul>\n<p>Si lo desea, puede activar o desactivar el uso de cookies mediante la selecci\u00f3n de la configuraci\u00f3n adecuada de su software de navegaci\u00f3n (firefox, internet explorer, chrome, safari, etc.).<\/p>\n<p>El men\u00fa de la mayor\u00eda de los navegadores tiene opciones que le permiten administrar sus cookies ajustando o configurando su configuraci\u00f3n de cookies. Generalmente, el navegador le ofrece la posibilidad de :<\/p>\n<ul>\n<li>Mostrar sus cookies;<\/li>\n<li>Permitir cookies;<\/li>\n<li>Deshabilitar todas las cookies, o solo cookies espec\u00edficas;<\/li>\n<li>Para deshabilitar todas las cookies cuando cierra su navegador;<\/li>\n<li>Para bloquear las cookies;<\/li>\n<li>Ser informado cuando reciba una cookie.<\/li>\n<\/ul>\n<p>Tenga en cuenta que si elige bloquear nuestras cookies, la mayor parte de la funcionalidad de este sitio se desactivar\u00e1 (incluido el registro, la capacidad de publicar una rese\u00f1a o cualquier otra interacci\u00f3n) y su navegaci\u00f3n tambi\u00e9n puede verse afectada. Si configura las opciones de su navegador para eliminar todas las cookies, sus preferencias de navegaci\u00f3n se borrar\u00e1n cuando cierre su navegador.<\/p>\n<p>Tenga en cuenta que, a menos que haya ajustado la configuraci\u00f3n de su navegador para rechazar las cookies, nuestro sistema emitir\u00e1 cookies tan pronto como visite uno de nuestros sitios.<\/p>\n<ul>\n<li>Informaci\u00f3n adicional sobre las cookies<\/li>\n<\/ul>\n<p>La CNIL ha publicado varios art\u00edculos sobre la actualizaci\u00f3n del RGPD, en particular sobre las herramientas que le permiten controlar las cookies :<\/p>\n<p><a href=\"http:\/\/www.cnil.fr\/vos-libertes\/vos-traces\/les-cookies\/\">http:\/\/www.cnil.fr\/vos-libertes\/vos-traces\/les-cookies\/<\/a><\/p>\n<\/div>\n<\/div>\n<p><!--more--><\/p>\n<p><!--more--><\/p>\n<p><!--more--><\/p>\n<p><!--more--><\/p>\n<p><!--more--><\/p>\n","protected":false},"excerpt":{"rendered":"<p>Informaci\u00f3n El sitio web www.aspres-thuir.fr (en sus versiones http(s), con o sin www), pertenece a: OFICINA INTERCOMUNITARIA DE TURISMO ASPRES &#8211; THUIR BOULEVARD VIOLET 66300 THUIR T\u00e9l. +33 4 68 53 45 86 Dise\u00f1ador y anfitri\u00f3n: 70 av Alfred Kastler \u2013 Perpignan 66100 Perpignan \u2013 France Cope APE \/ NAF 7311Z SIRET 753 228 287 [&hellip;]<\/p>\n","protected":false},"author":2,"featured_media":30228,"parent":0,"menu_order":0,"comment_status":"closed","ping_status":"closed","template":"","meta":{"_acf_changed":false,"_et_pb_use_builder":"","_et_pb_old_content":"","_et_gb_content_width":"","footnotes":""},"class_list":["post-43598","page","type-page","status-publish","has-post-thumbnail","hentry"],"acf":[],"yoast_head":"<!-- This site is optimized with the Yoast SEO plugin v26.9 - https:\/\/yoast.com\/product\/yoast-seo-wordpress\/ -->\n<title>Notas legales - Office de Tourisme Aspres-Thuir<\/title>\n<meta name=\"robots\" content=\"index, follow, max-snippet:-1, max-image-preview:large, max-video-preview:-1\" \/>\n<link rel=\"canonical\" href=\"https:\/\/aspres-thuir.com\/es\/notas-legales\/\" \/>\n<meta property=\"og:locale\" content=\"es_ES\" \/>\n<meta property=\"og:type\" content=\"article\" \/>\n<meta property=\"og:title\" content=\"Notas legales - Office de Tourisme Aspres-Thuir\" \/>\n<meta property=\"og:description\" content=\"Informaci\u00f3n El sitio web www.aspres-thuir.fr (en sus versiones http(s), con o sin www), pertenece a: OFICINA INTERCOMUNITARIA DE TURISMO ASPRES &#8211; THUIR BOULEVARD VIOLET 66300 THUIR T\u00e9l. +33 4 68 53 45 86 Dise\u00f1ador y anfitri\u00f3n: 70 av Alfred Kastler \u2013 Perpignan 66100 Perpignan \u2013 France Cope APE \/ NAF 7311Z SIRET 753 228 287 [&hellip;]\" \/>\n<meta property=\"og:site_name\" content=\"Office de Tourisme Aspres-Thuir\" \/>\n<meta property=\"article:modified_time\" content=\"2023-01-05T16:17:01+00:00\" \/>\n<meta property=\"og:image\" content=\"https:\/\/aspres-thuir.com\/wp-content\/uploads\/2022\/02\/windows-eGNLSgazDVU-unsplash-scaled-e1645542522216.jpg\" \/>\n\t<meta property=\"og:image:width\" content=\"2880\" \/>\n\t<meta property=\"og:image:height\" content=\"1920\" \/>\n\t<meta property=\"og:image:type\" content=\"image\/jpeg\" \/>\n<meta name=\"twitter:card\" content=\"summary_large_image\" \/>\n<meta name=\"twitter:label1\" content=\"Est. reading time\" \/>\n\t<meta name=\"twitter:data1\" content=\"11 minutes\" \/>\n<script type=\"application\/ld+json\" class=\"yoast-schema-graph\">{\"@context\":\"https:\/\/schema.org\",\"@graph\":[{\"@type\":\"WebPage\",\"@id\":\"https:\/\/aspres-thuir.com\/es\/notas-legales\/\",\"url\":\"https:\/\/aspres-thuir.com\/es\/notas-legales\/\",\"name\":\"Notas legales - Office de Tourisme Aspres-Thuir\",\"isPartOf\":{\"@id\":\"https:\/\/aspres-thuir.com\/es\/#website\"},\"primaryImageOfPage\":{\"@id\":\"https:\/\/aspres-thuir.com\/es\/notas-legales\/#primaryimage\"},\"image\":{\"@id\":\"https:\/\/aspres-thuir.com\/es\/notas-legales\/#primaryimage\"},\"thumbnailUrl\":\"https:\/\/aspres-thuir.com\/wp-content\/uploads\/2022\/02\/windows-eGNLSgazDVU-unsplash-scaled-e1645542522216.jpg\",\"datePublished\":\"2021-10-05T11:49:15+00:00\",\"dateModified\":\"2023-01-05T16:17:01+00:00\",\"breadcrumb\":{\"@id\":\"https:\/\/aspres-thuir.com\/es\/notas-legales\/#breadcrumb\"},\"inLanguage\":\"es-ES\",\"potentialAction\":[{\"@type\":\"ReadAction\",\"target\":[\"https:\/\/aspres-thuir.com\/es\/notas-legales\/\"]}]},{\"@type\":\"ImageObject\",\"inLanguage\":\"es-ES\",\"@id\":\"https:\/\/aspres-thuir.com\/es\/notas-legales\/#primaryimage\",\"url\":\"https:\/\/aspres-thuir.com\/wp-content\/uploads\/2022\/02\/windows-eGNLSgazDVU-unsplash-scaled-e1645542522216.jpg\",\"contentUrl\":\"https:\/\/aspres-thuir.com\/wp-content\/uploads\/2022\/02\/windows-eGNLSgazDVU-unsplash-scaled-e1645542522216.jpg\",\"width\":2880,\"height\":1920},{\"@type\":\"BreadcrumbList\",\"@id\":\"https:\/\/aspres-thuir.com\/es\/notas-legales\/#breadcrumb\",\"itemListElement\":[{\"@type\":\"ListItem\",\"position\":1,\"name\":\"\",\"item\":\"https:\/\/aspres-thuir.com\/es\/\"},{\"@type\":\"ListItem\",\"position\":2,\"name\":\"Notas legales\"}]},{\"@type\":\"WebSite\",\"@id\":\"https:\/\/aspres-thuir.com\/es\/#website\",\"url\":\"https:\/\/aspres-thuir.com\/es\/\",\"name\":\"Office de Tourisme Aspres-Thuir\",\"description\":\"\",\"potentialAction\":[{\"@type\":\"SearchAction\",\"target\":{\"@type\":\"EntryPoint\",\"urlTemplate\":\"https:\/\/aspres-thuir.com\/es\/?s={search_term_string}\"},\"query-input\":{\"@type\":\"PropertyValueSpecification\",\"valueRequired\":true,\"valueName\":\"search_term_string\"}}],\"inLanguage\":\"es-ES\"}]}<\/script>\n<!-- \/ Yoast SEO plugin. -->","yoast_head_json":{"title":"Notas legales - Office de Tourisme Aspres-Thuir","robots":{"index":"index","follow":"follow","max-snippet":"max-snippet:-1","max-image-preview":"max-image-preview:large","max-video-preview":"max-video-preview:-1"},"canonical":"https:\/\/aspres-thuir.com\/es\/notas-legales\/","og_locale":"es_ES","og_type":"article","og_title":"Notas legales - Office de Tourisme Aspres-Thuir","og_description":"Informaci\u00f3n El sitio web www.aspres-thuir.fr (en sus versiones http(s), con o sin www), pertenece a: OFICINA INTERCOMUNITARIA DE TURISMO ASPRES &#8211; THUIR BOULEVARD VIOLET 66300 THUIR T\u00e9l. +33 4 68 53 45 86 Dise\u00f1ador y anfitri\u00f3n: 70 av Alfred Kastler \u2013 Perpignan 66100 Perpignan \u2013 France Cope APE \/ NAF 7311Z SIRET 753 228 287 [&hellip;]","og_site_name":"Office de Tourisme Aspres-Thuir","article_modified_time":"2023-01-05T16:17:01+00:00","og_image":[{"width":2880,"height":1920,"url":"https:\/\/aspres-thuir.com\/wp-content\/uploads\/2022\/02\/windows-eGNLSgazDVU-unsplash-scaled-e1645542522216.jpg","type":"image\/jpeg"}],"twitter_card":"summary_large_image","twitter_misc":{"Est. reading time":"11 minutes"},"schema":{"@context":"https:\/\/schema.org","@graph":[{"@type":"WebPage","@id":"https:\/\/aspres-thuir.com\/es\/notas-legales\/","url":"https:\/\/aspres-thuir.com\/es\/notas-legales\/","name":"Notas legales - Office de Tourisme Aspres-Thuir","isPartOf":{"@id":"https:\/\/aspres-thuir.com\/es\/#website"},"primaryImageOfPage":{"@id":"https:\/\/aspres-thuir.com\/es\/notas-legales\/#primaryimage"},"image":{"@id":"https:\/\/aspres-thuir.com\/es\/notas-legales\/#primaryimage"},"thumbnailUrl":"https:\/\/aspres-thuir.com\/wp-content\/uploads\/2022\/02\/windows-eGNLSgazDVU-unsplash-scaled-e1645542522216.jpg","datePublished":"2021-10-05T11:49:15+00:00","dateModified":"2023-01-05T16:17:01+00:00","breadcrumb":{"@id":"https:\/\/aspres-thuir.com\/es\/notas-legales\/#breadcrumb"},"inLanguage":"es-ES","potentialAction":[{"@type":"ReadAction","target":["https:\/\/aspres-thuir.com\/es\/notas-legales\/"]}]},{"@type":"ImageObject","inLanguage":"es-ES","@id":"https:\/\/aspres-thuir.com\/es\/notas-legales\/#primaryimage","url":"https:\/\/aspres-thuir.com\/wp-content\/uploads\/2022\/02\/windows-eGNLSgazDVU-unsplash-scaled-e1645542522216.jpg","contentUrl":"https:\/\/aspres-thuir.com\/wp-content\/uploads\/2022\/02\/windows-eGNLSgazDVU-unsplash-scaled-e1645542522216.jpg","width":2880,"height":1920},{"@type":"BreadcrumbList","@id":"https:\/\/aspres-thuir.com\/es\/notas-legales\/#breadcrumb","itemListElement":[{"@type":"ListItem","position":1,"name":"","item":"https:\/\/aspres-thuir.com\/es\/"},{"@type":"ListItem","position":2,"name":"Notas legales"}]},{"@type":"WebSite","@id":"https:\/\/aspres-thuir.com\/es\/#website","url":"https:\/\/aspres-thuir.com\/es\/","name":"Office de Tourisme Aspres-Thuir","description":"","potentialAction":[{"@type":"SearchAction","target":{"@type":"EntryPoint","urlTemplate":"https:\/\/aspres-thuir.com\/es\/?s={search_term_string}"},"query-input":{"@type":"PropertyValueSpecification","valueRequired":true,"valueName":"search_term_string"}}],"inLanguage":"es-ES"}]}},"_links":{"self":[{"href":"https:\/\/aspres-thuir.com\/es\/wp-json\/wp\/v2\/pages\/43598","targetHints":{"allow":["GET"]}}],"collection":[{"href":"https:\/\/aspres-thuir.com\/es\/wp-json\/wp\/v2\/pages"}],"about":[{"href":"https:\/\/aspres-thuir.com\/es\/wp-json\/wp\/v2\/types\/page"}],"author":[{"embeddable":true,"href":"https:\/\/aspres-thuir.com\/es\/wp-json\/wp\/v2\/users\/2"}],"replies":[{"embeddable":true,"href":"https:\/\/aspres-thuir.com\/es\/wp-json\/wp\/v2\/comments?post=43598"}],"version-history":[{"count":0,"href":"https:\/\/aspres-thuir.com\/es\/wp-json\/wp\/v2\/pages\/43598\/revisions"}],"wp:featuredmedia":[{"embeddable":true,"href":"https:\/\/aspres-thuir.com\/es\/wp-json\/wp\/v2\/media\/30228"}],"wp:attachment":[{"href":"https:\/\/aspres-thuir.com\/es\/wp-json\/wp\/v2\/media?parent=43598"}],"curies":[{"name":"wp","href":"https:\/\/api.w.org\/{rel}","templated":true}]}}