{"id":45092,"date":"2023-01-04T11:21:16","date_gmt":"2023-01-04T10:21:16","guid":{"rendered":"https:\/\/aspres-thuir.com\/label-accueil-velo\/"},"modified":"2023-01-05T17:15:46","modified_gmt":"2023-01-05T16:15:46","slug":"etiqueta-accueil-velo","status":"publish","type":"page","link":"https:\/\/aspres-thuir.com\/es\/etiqueta-accueil-velo\/","title":{"rendered":"Etiqueta Accueil V\u00e9lo"},"content":{"rendered":"\n<div class=\"wp-block-divi-layout\">[et_pb_section fb_built=&#8221;1&#8243; _builder_version=&#8221;4.19.4&#8243; _module_preset=&#8221;default&#8221; background_color=&#8221;#D8D8D8&#8243; border_radii=&#8221;on|36px|36px|36px|36px&#8221; global_colors_info=&#8221;{}&#8221;][et_pb_row _builder_version=&#8221;4.19.4&#8243; _module_preset=&#8221;default&#8221; global_colors_info=&#8221;{}&#8221;][et_pb_column type=&#8221;4_4&#8243; _builder_version=&#8221;4.19.4&#8243; _module_preset=&#8221;default&#8221; global_colors_info=&#8221;{}&#8221;][et_pb_image src=&#8221;https:\/\/aspres-thuir.com\/wp-content\/uploads\/2023\/01\/B7F86CA6-A55A-487B-82F9-631DC87D5F4A.png&#8221; title_text=&#8221;B7F86CA6-A55A-487B-82F9-631DC87D5F4A&#8221; _builder_version=&#8221;4.19.4&#8243; _module_preset=&#8221;default&#8221; width=&#8221;15%&#8221; module_alignment=&#8221;center&#8221; global_colors_info=&#8221;{}&#8221;][\/et_pb_image][\/et_pb_column][\/et_pb_row][et_pb_row _builder_version=&#8221;4.19.4&#8243; _module_preset=&#8221;default&#8221; global_colors_info=&#8221;{}&#8221;][et_pb_column type=&#8221;4_4&#8243; _builder_version=&#8221;4.19.4&#8243; _module_preset=&#8221;default&#8221; global_colors_info=&#8221;{}&#8221;][et_pb_text _builder_version=&#8221;4.19.4&#8243; _module_preset=&#8221;default&#8221; hover_enabled=&#8221;0&#8243; global_colors_info=&#8221;{}&#8221; sticky_enabled=&#8221;0&#8243;]<p>La marca nacional que garantiza una acogida de calidad y servicios adaptados a los cicloturistas a lo largo de las rutas ciclistas.<\/p>\n<p>El cicloturismo est\u00e1 en auge en cuanto a oferta y demanda.<\/p>\n<p>Para responder a las expectativas espec\u00edficas de este mercado tur\u00edstico franc\u00e9s, H\u00e9rault Tourisme y sus socios est\u00e1n desplegando la marca nacional Accueil V\u00e9lo\u00a9. Francia es el segundo destino mundial para el cicloturismo.<\/p>[\/et_pb_text][\/et_pb_column][\/et_pb_row][et_pb_row _builder_version=&#8221;4.19.4&#8243; _module_preset=&#8221;default&#8221; global_colors_info=&#8221;{}&#8221;][et_pb_column type=&#8221;4_4&#8243; _builder_version=&#8221;4.19.4&#8243; _module_preset=&#8221;default&#8221; global_colors_info=&#8221;{}&#8221;][et_pb_button button_url=&#8221;https:\/\/www.francevelotourisme.com\/accueil-velo&#8221; button_text=&#8221;Descubre la marca&#8221; button_alignment=&#8221;center&#8221; _builder_version=&#8221;4.19.4&#8243; _module_preset=&#8221;default&#8221; hover_enabled=&#8221;0&#8243; global_colors_info=&#8221;{}&#8221; sticky_enabled=&#8221;0&#8243;][\/et_pb_button][\/et_pb_column][\/et_pb_row][\/et_pb_section][et_pb_section fb_built=&#8221;1&#8243; _builder_version=&#8221;4.19.4&#8243; _module_preset=&#8221;default&#8221; global_colors_info=&#8221;{}&#8221;][et_pb_row _builder_version=&#8221;4.19.4&#8243; _module_preset=&#8221;default&#8221; global_colors_info=&#8221;{}&#8221;][et_pb_column type=&#8221;4_4&#8243; _builder_version=&#8221;4.19.4&#8243; _module_preset=&#8221;default&#8221; global_colors_info=&#8221;{}&#8221;][et_pb_text _builder_version=&#8221;4.19.4&#8243; _module_preset=&#8221;default&#8221; hover_enabled=&#8221;0&#8243; global_colors_info=&#8221;{}&#8221; sticky_enabled=&#8221;0&#8243;]<h3 class=\"text                            text--uppercase                            text--sans-extra                            text--md                            text--m-bottom-15\">ITINERARIO RECOMENDADO PARA LLEGAR AL CARRIL BICI<\/h3>\n<p>Para acceder en bicicleta a la Oficina de Turismo Intercomunal de Aspres-Thuir desde el carril bici, recomendamos esta ruta :<\/p>[\/et_pb_text][\/et_pb_column][\/et_pb_row][et_pb_row _builder_version=&#8221;4.19.4&#8243; _module_preset=&#8221;default&#8221; global_colors_info=&#8221;{}&#8221;][et_pb_column type=&#8221;4_4&#8243; _builder_version=&#8221;4.19.4&#8243; _module_preset=&#8221;default&#8221; global_colors_info=&#8221;{}&#8221;][et_pb_image src=&#8221;https:\/\/aspres-thuir.com\/wp-content\/uploads\/2023\/01\/Espagnol.png&#8221; title_text=&#8221;Espagnol&#8221; _builder_version=&#8221;4.19.4&#8243; _module_preset=&#8221;default&#8221; hover_enabled=&#8221;0&#8243; global_colors_info=&#8221;{}&#8221; sticky_enabled=&#8221;0&#8243;][\/et_pb_image][\/et_pb_column][\/et_pb_row][\/et_pb_section]<\/div>\n","protected":false},"excerpt":{"rendered":"","protected":false},"author":5,"featured_media":45083,"parent":0,"menu_order":0,"comment_status":"closed","ping_status":"closed","template":"","meta":{"_acf_changed":false,"_et_pb_use_builder":"","_et_pb_old_content":"","_et_gb_content_width":"","footnotes":""},"class_list":["post-45092","page","type-page","status-publish","has-post-thumbnail","hentry"],"acf":[],"yoast_head":"<!-- This site is optimized with the Yoast SEO plugin v26.9 - https:\/\/yoast.com\/product\/yoast-seo-wordpress\/ -->\n<title>Etiqueta Accueil V\u00e9lo - Office de Tourisme Aspres-Thuir<\/title>\n<meta name=\"robots\" content=\"index, follow, max-snippet:-1, max-image-preview:large, max-video-preview:-1\" \/>\n<link rel=\"canonical\" href=\"https:\/\/aspres-thuir.com\/es\/etiqueta-accueil-velo\/\" \/>\n<meta property=\"og:locale\" content=\"es_ES\" \/>\n<meta property=\"og:type\" content=\"article\" \/>\n<meta property=\"og:title\" content=\"Etiqueta Accueil V\u00e9lo - Office de Tourisme Aspres-Thuir\" \/>\n<meta property=\"og:site_name\" content=\"Office de Tourisme Aspres-Thuir\" \/>\n<meta property=\"article:modified_time\" content=\"2023-01-05T16:15:46+00:00\" \/>\n<meta property=\"og:image\" content=\"https:\/\/aspres-thuir.com\/wp-content\/uploads\/2023\/01\/CEBD284C-311C-413C-8B32-12484F6565A0-scaled.jpeg\" \/>\n\t<meta property=\"og:image:width\" content=\"2880\" \/>\n\t<meta property=\"og:image:height\" content=\"1115\" \/>\n\t<meta property=\"og:image:type\" content=\"image\/jpeg\" \/>\n<meta name=\"twitter:card\" content=\"summary_large_image\" \/>\n<meta name=\"twitter:label1\" content=\"Est. reading time\" \/>\n\t<meta name=\"twitter:data1\" content=\"1 minute\" \/>\n<script type=\"application\/ld+json\" class=\"yoast-schema-graph\">{\"@context\":\"https:\/\/schema.org\",\"@graph\":[{\"@type\":\"WebPage\",\"@id\":\"https:\/\/aspres-thuir.com\/es\/etiqueta-accueil-velo\/\",\"url\":\"https:\/\/aspres-thuir.com\/es\/etiqueta-accueil-velo\/\",\"name\":\"Etiqueta Accueil V\u00e9lo - Office de Tourisme Aspres-Thuir\",\"isPartOf\":{\"@id\":\"https:\/\/aspres-thuir.com\/es\/#website\"},\"primaryImageOfPage\":{\"@id\":\"https:\/\/aspres-thuir.com\/es\/etiqueta-accueil-velo\/#primaryimage\"},\"image\":{\"@id\":\"https:\/\/aspres-thuir.com\/es\/etiqueta-accueil-velo\/#primaryimage\"},\"thumbnailUrl\":\"https:\/\/aspres-thuir.com\/wp-content\/uploads\/2023\/01\/CEBD284C-311C-413C-8B32-12484F6565A0-scaled.jpeg\",\"datePublished\":\"2023-01-04T10:21:16+00:00\",\"dateModified\":\"2023-01-05T16:15:46+00:00\",\"breadcrumb\":{\"@id\":\"https:\/\/aspres-thuir.com\/es\/etiqueta-accueil-velo\/#breadcrumb\"},\"inLanguage\":\"es-ES\",\"potentialAction\":[{\"@type\":\"ReadAction\",\"target\":[\"https:\/\/aspres-thuir.com\/es\/etiqueta-accueil-velo\/\"]}]},{\"@type\":\"ImageObject\",\"inLanguage\":\"es-ES\",\"@id\":\"https:\/\/aspres-thuir.com\/es\/etiqueta-accueil-velo\/#primaryimage\",\"url\":\"https:\/\/aspres-thuir.com\/wp-content\/uploads\/2023\/01\/CEBD284C-311C-413C-8B32-12484F6565A0-scaled.jpeg\",\"contentUrl\":\"https:\/\/aspres-thuir.com\/wp-content\/uploads\/2023\/01\/CEBD284C-311C-413C-8B32-12484F6565A0-scaled.jpeg\",\"width\":2880,\"height\":1115},{\"@type\":\"BreadcrumbList\",\"@id\":\"https:\/\/aspres-thuir.com\/es\/etiqueta-accueil-velo\/#breadcrumb\",\"itemListElement\":[{\"@type\":\"ListItem\",\"position\":1,\"name\":\"\",\"item\":\"https:\/\/aspres-thuir.com\/es\/\"},{\"@type\":\"ListItem\",\"position\":2,\"name\":\"Etiqueta Accueil V\u00e9lo\"}]},{\"@type\":\"WebSite\",\"@id\":\"https:\/\/aspres-thuir.com\/es\/#website\",\"url\":\"https:\/\/aspres-thuir.com\/es\/\",\"name\":\"Office de Tourisme Aspres-Thuir\",\"description\":\"\",\"potentialAction\":[{\"@type\":\"SearchAction\",\"target\":{\"@type\":\"EntryPoint\",\"urlTemplate\":\"https:\/\/aspres-thuir.com\/es\/?s={search_term_string}\"},\"query-input\":{\"@type\":\"PropertyValueSpecification\",\"valueRequired\":true,\"valueName\":\"search_term_string\"}}],\"inLanguage\":\"es-ES\"}]}<\/script>\n<!-- \/ Yoast SEO plugin. -->","yoast_head_json":{"title":"Etiqueta Accueil V\u00e9lo - Office de Tourisme Aspres-Thuir","robots":{"index":"index","follow":"follow","max-snippet":"max-snippet:-1","max-image-preview":"max-image-preview:large","max-video-preview":"max-video-preview:-1"},"canonical":"https:\/\/aspres-thuir.com\/es\/etiqueta-accueil-velo\/","og_locale":"es_ES","og_type":"article","og_title":"Etiqueta Accueil V\u00e9lo - Office de Tourisme Aspres-Thuir","og_site_name":"Office de Tourisme Aspres-Thuir","article_modified_time":"2023-01-05T16:15:46+00:00","og_image":[{"width":2880,"height":1115,"url":"https:\/\/aspres-thuir.com\/wp-content\/uploads\/2023\/01\/CEBD284C-311C-413C-8B32-12484F6565A0-scaled.jpeg","type":"image\/jpeg"}],"twitter_card":"summary_large_image","twitter_misc":{"Est. reading time":"1 minute"},"schema":{"@context":"https:\/\/schema.org","@graph":[{"@type":"WebPage","@id":"https:\/\/aspres-thuir.com\/es\/etiqueta-accueil-velo\/","url":"https:\/\/aspres-thuir.com\/es\/etiqueta-accueil-velo\/","name":"Etiqueta Accueil V\u00e9lo - Office de Tourisme Aspres-Thuir","isPartOf":{"@id":"https:\/\/aspres-thuir.com\/es\/#website"},"primaryImageOfPage":{"@id":"https:\/\/aspres-thuir.com\/es\/etiqueta-accueil-velo\/#primaryimage"},"image":{"@id":"https:\/\/aspres-thuir.com\/es\/etiqueta-accueil-velo\/#primaryimage"},"thumbnailUrl":"https:\/\/aspres-thuir.com\/wp-content\/uploads\/2023\/01\/CEBD284C-311C-413C-8B32-12484F6565A0-scaled.jpeg","datePublished":"2023-01-04T10:21:16+00:00","dateModified":"2023-01-05T16:15:46+00:00","breadcrumb":{"@id":"https:\/\/aspres-thuir.com\/es\/etiqueta-accueil-velo\/#breadcrumb"},"inLanguage":"es-ES","potentialAction":[{"@type":"ReadAction","target":["https:\/\/aspres-thuir.com\/es\/etiqueta-accueil-velo\/"]}]},{"@type":"ImageObject","inLanguage":"es-ES","@id":"https:\/\/aspres-thuir.com\/es\/etiqueta-accueil-velo\/#primaryimage","url":"https:\/\/aspres-thuir.com\/wp-content\/uploads\/2023\/01\/CEBD284C-311C-413C-8B32-12484F6565A0-scaled.jpeg","contentUrl":"https:\/\/aspres-thuir.com\/wp-content\/uploads\/2023\/01\/CEBD284C-311C-413C-8B32-12484F6565A0-scaled.jpeg","width":2880,"height":1115},{"@type":"BreadcrumbList","@id":"https:\/\/aspres-thuir.com\/es\/etiqueta-accueil-velo\/#breadcrumb","itemListElement":[{"@type":"ListItem","position":1,"name":"","item":"https:\/\/aspres-thuir.com\/es\/"},{"@type":"ListItem","position":2,"name":"Etiqueta Accueil V\u00e9lo"}]},{"@type":"WebSite","@id":"https:\/\/aspres-thuir.com\/es\/#website","url":"https:\/\/aspres-thuir.com\/es\/","name":"Office de Tourisme Aspres-Thuir","description":"","potentialAction":[{"@type":"SearchAction","target":{"@type":"EntryPoint","urlTemplate":"https:\/\/aspres-thuir.com\/es\/?s={search_term_string}"},"query-input":{"@type":"PropertyValueSpecification","valueRequired":true,"valueName":"search_term_string"}}],"inLanguage":"es-ES"}]}},"_links":{"self":[{"href":"https:\/\/aspres-thuir.com\/es\/wp-json\/wp\/v2\/pages\/45092","targetHints":{"allow":["GET"]}}],"collection":[{"href":"https:\/\/aspres-thuir.com\/es\/wp-json\/wp\/v2\/pages"}],"about":[{"href":"https:\/\/aspres-thuir.com\/es\/wp-json\/wp\/v2\/types\/page"}],"author":[{"embeddable":true,"href":"https:\/\/aspres-thuir.com\/es\/wp-json\/wp\/v2\/users\/5"}],"replies":[{"embeddable":true,"href":"https:\/\/aspres-thuir.com\/es\/wp-json\/wp\/v2\/comments?post=45092"}],"version-history":[{"count":0,"href":"https:\/\/aspres-thuir.com\/es\/wp-json\/wp\/v2\/pages\/45092\/revisions"}],"wp:featuredmedia":[{"embeddable":true,"href":"https:\/\/aspres-thuir.com\/es\/wp-json\/wp\/v2\/media\/45083"}],"wp:attachment":[{"href":"https:\/\/aspres-thuir.com\/es\/wp-json\/wp\/v2\/media?parent=45092"}],"curies":[{"name":"wp","href":"https:\/\/api.w.org\/{rel}","templated":true}]}}